{"id":1979,"date":"2026-02-28T00:57:06","date_gmt":"2026-02-28T03:57:06","guid":{"rendered":"https:\/\/bibliotecajuridicavirtual.cl\/?post_type=product&#038;p=1979"},"modified":"2026-02-28T00:57:21","modified_gmt":"2026-02-28T03:57:21","slug":"proteccion-integral-de-menores-analisis-de-la-ley-n21-430-rodrigo-silva-montes-enero-ano-2025-pag-321","status":"publish","type":"product","link":"https:\/\/bibliotecajuridicavirtual.cl\/index.php\/product\/proteccion-integral-de-menores-analisis-de-la-ley-n21-430-rodrigo-silva-montes-enero-ano-2025-pag-321\/","title":{"rendered":"Protecci\u00f3n Integral de Menores &#8211; An\u00e1lisis de la Ley N\u00b021.430 \/ Rodrigo Silva Montes &#8211; enero a\u00f1o 2025, P\u00e1g. 321"},"content":{"rendered":"<p style=\"font-weight: 400;\">La protecci\u00f3n de los ni\u00f1os y adolescentes es una tarea que nos incumbe a todos como sociedad. Entonces, \u00bfc\u00f3mo los protegemos? \u00bfEs acaso s\u00f3lo el Estado quien debe hacerse cargo de ello? \u00bfCu\u00e1l es el rol de las familias? \u00bfCu\u00e1l es el aporte de los establecimientos educacionales, de tos centros deportivos, de los legisladores; en fin, de los diferentes actores sociales?<\/p>\n<p style=\"font-weight: 400;\">Los ni\u00f1os requieren protecci\u00f3n adicional, el ordenamiento jur\u00eddico ordinario no es suficiente; necesitan que nos hagamos cargo de darles una educaci\u00f3n de calidad desde los primeros a\u00f1os ense\u00f1\u00e1ndoles habilidades y destrezas fundamentales para su desenvolvimiento en la vida. Nos exigen, a los adultos, que seamos consecuentes entre lo que decimos y hacemos, que seamos referentes de actitudes \u00e9ticas y ejemplos de responsabilidad, lealtad y esfuerzo, puesto que ellos repetir\u00e1n esos modelos cuando sean maduros.<\/p>\n<p style=\"font-weight: 400;\">La familia es la primera llamada a proteger a los ni\u00f1os. Hoy existen diferentes tipos de familias, y cualquiera que sea su composici\u00f3n debe hacerlo conociendo los mecanismos de protecci\u00f3n que existen en el pa\u00eds, ya sea por legislaci\u00f3n propia o por el cumplimiento de acuerdos internacionales suscritos, ratificados y que est\u00e9n vigentes.<\/p>\n<p style=\"font-weight: 400;\">La \u00e9poca de &#8220;gobernar, es educar&#8221;, eje fundamental del gobierno del presidente Pedro Aguirre Cerda, junto con otros que le siguieron, ampli\u00f3 la cobertura en la instrucci\u00f3n p\u00fablica, primaria y secundaria.<\/p>\n<p style=\"font-weight: 400;\">En los \u00faltimos a\u00f1os algunos padres y apoderados de las nuevas generaciones, en su af\u00e1n por proteger a sus hijos, tienden a pensar que una forma de hacerlo es ir delante de ellos quit\u00e1ndoles los obst\u00e1culos del camino, impidi\u00e9ndoles tomar decisiones. que se hagan responsables de sus actos y aprendan de sus errores. Esto se ha traducido. incluso, en pedir a los establecimientos educacionales que disminuyan sus exigencias acad\u00e9micas, en justificar acciones que realizan, a pesar de estar re\u00f1idas con la sana convivencia o con valores que siempre hemos considerado universales.<\/p>\n<p style=\"font-weight: 400;\">Es frecuente que los menores sean v\u00edctimas de violencia intrafamiliar, moneda de cambio en dolorosos procesos de divorcio y negociaciones de pensiones alimenticias, involucr\u00e1ndolos en situaciones que les hacen da\u00f1o, llegando incluso a dificultar que vean a uno de sus padres.<\/p>\n<p style=\"font-weight: 400;\">No les podemos fallar a los menores, el profesor Silva Montes se hace cargo de recorrer una serie de cuerpos normativos que buscan proteger a los menores, entre ellos Convenci\u00f3n de los Derechos del Ni\u00f1o, Defensor\u00eda de tos Derechos de la Ni\u00f1ez, C\u00f3digo Civil, Constituci\u00f3n Pol\u00edtica de la Rep\u00fablica, tratados internacionales ratificados por Chile y leyes espec\u00edficas para velar por sus derechos, entre otros.<\/p>\n<p style=\"font-weight: 400;\">\n","protected":false},"excerpt":{"rendered":"<p>Buscas un libro Jur\u00eddico.? Lo puedes encontrar en nuestra tienda virtual.<br \/>\nContamos con prestigiosos autores y muchas alternativas en sus diferentes materias al igual que grandes descuentos.!<br \/>\nVis\u00edtanos en www.bibliotecajuridicavirtual.cl<br \/>\nEscr\u00edbenos al +56930565235 \/ <a class=\"UCscCatRDSWOVGPsBHtBFxutMeBcJczyetPkw \" href=\"mailto:ventaslegallexglobal@gmail.com\" target=\"_self\" data-test-app-aware-link=\"\">ventaslegallexglobal@gmail.com<\/a><br \/>\nHacemos env\u00edos a todo Chile \u2013 Starken o Correos Chile \/ Te esperamos.<\/p>\n","protected":false},"featured_media":2009,"comment_status":"open","ping_status":"closed","template":"","meta":{"inline_featured_image":false,"_joinchat":[]},"product_brand":[],"product_cat":[29],"product_tag":[],"class_list":{"0":"post-1979","1":"product","2":"type-product","3":"status-publish","4":"has-post-thumbnail","6":"product_cat-familia-y-del-menor","8":"first","9":"instock","10":"shipping-taxable","11":"purchasable","12":"product-type-simple"},"_links":{"self":[{"href":"https:\/\/bibliotecajuridicavirtual.cl\/index.php\/wp-json\/wp\/v2\/product\/1979","targetHints":{"allow":["GET"]}}],"collection":[{"href":"https:\/\/bibliotecajuridicavirtual.cl\/index.php\/wp-json\/wp\/v2\/product"}],"about":[{"href":"https:\/\/bibliotecajuridicavirtual.cl\/index.php\/wp-json\/wp\/v2\/types\/product"}],"replies":[{"embeddable":true,"href":"https:\/\/bibliotecajuridicavirtual.cl\/index.php\/wp-json\/wp\/v2\/comments?post=1979"}],"wp:featuredmedia":[{"embeddable":true,"href":"https:\/\/bibliotecajuridicavirtual.cl\/index.php\/wp-json\/wp\/v2\/media\/2009"}],"wp:attachment":[{"href":"https:\/\/bibliotecajuridicavirtual.cl\/index.php\/wp-json\/wp\/v2\/media?parent=1979"}],"wp:term":[{"taxonomy":"product_brand","embeddable":true,"href":"https:\/\/bibliotecajuridicavirtual.cl\/index.php\/wp-json\/wp\/v2\/product_brand?post=1979"},{"taxonomy":"product_cat","embeddable":true,"href":"https:\/\/bibliotecajuridicavirtual.cl\/index.php\/wp-json\/wp\/v2\/product_cat?post=1979"},{"taxonomy":"product_tag","embeddable":true,"href":"https:\/\/bibliotecajuridicavirtual.cl\/index.php\/wp-json\/wp\/v2\/product_tag?post=1979"}],"curies":[{"name":"wp","href":"https:\/\/api.w.org\/{rel}","templated":true}]}}