{"id":1980,"date":"2026-02-28T00:57:06","date_gmt":"2026-02-28T03:57:06","guid":{"rendered":"https:\/\/bibliotecajuridicavirtual.cl\/?post_type=product&#038;p=1980"},"modified":"2026-02-28T00:57:23","modified_gmt":"2026-02-28T03:57:23","slug":"destrezas-legales-en-el-litigio-arbitral-alfredo-bullard-gonzalez-peru-edicion-ano-2018-288-paginas","status":"publish","type":"product","link":"https:\/\/bibliotecajuridicavirtual.cl\/index.php\/product\/destrezas-legales-en-el-litigio-arbitral-alfredo-bullard-gonzalez-peru-edicion-ano-2018-288-paginas\/","title":{"rendered":"Destrezas Legales en el Litigio Arbitral &#8211; Alfredo Bullard Gonz\u00e1lez (Per\u00fa) edici\u00f3n a\u00f1o 2018 &#8211; 288 P\u00e1ginas"},"content":{"rendered":"<p style=\"font-weight: 400;\">Los trabajos que se recogen en este libro abordan, desde distintas perspectivas, la relevancia del arbitraje en acci\u00f3n y no solo a partir de los textos normativos.<\/p>\n<p style=\"font-weight: 400;\">Esta pr\u00e1ctica intensa del arbitraje en nuestro contexto ha permitido el desarrollo de una cierta t\u00e9cnica arbitral que ha sido valorada positivamente en su contacto con otras experiencias comparadas. Los trabajos de los autores y autoras nacionales dan cuenta de este desarrollo y, en conjunto, el volumen pone al alcance de abogados y \u00e1rbitros una serie de t\u00e9cnicas, habilidades y destrezas que no es posible adquirir sino a partir de una amplia experiencia y trayectoria en el \u00e1mbito del arbitraje.<\/p>\n<p style=\"font-weight: 400;\"><b><strong>1.QUE GANE EL MEJOR: \u00bfC\u00d3MO GANAR UN LITIGIO ARBITRAL?<\/strong><\/b><br \/>\nAlfredo Bullard, Hu\u00e1scar Ezcurra<\/p>\n<ol>\n<li style=\"font-weight: 400;\">\u00bfY para qui\u00e9n estamos cocinando?<\/li>\n<li style=\"font-weight: 400;\">Primer ingrediente: honestidad<\/li>\n<\/ol>\n<p style=\"font-weight: 400;\">2.1. Honestidad contigo mismo<br \/>\n2.2. Honestidad con tu cliente<br \/>\n2.3. Honestidad con el Tribunal arbitral<\/p>\n<p style=\"font-weight: 400;\">III. Segundo ingrediente: conoce a tu audiencia<\/p>\n<p style=\"font-weight: 400;\">3.1. Se busca un \u00e1rbitro<br \/>\n3.2. Psicolog\u00eda arbitral<\/p>\n<ol>\n<li style=\"font-weight: 400;\">Tercer ingrediente: prep\u00e1rate a profundidad<\/li>\n<\/ol>\n<p style=\"font-weight: 400;\">4.1. Trabaja duro<br \/>\n4.2. Incorpora a tu cliente en el equipo<br \/>\n4.3. Diagnostica, haz predicciones, planea: identifica el evento decisivo<\/p>\n<ol>\n<li style=\"font-weight: 400;\">Cuarto ingrediente: define tu meta y asume el control para tu cliente<\/li>\n<li style=\"font-weight: 400;\">Quinto ingrediente: conc\u00e9ntrate en los hechos<\/li>\n<\/ol>\n<p style=\"font-weight: 400;\">VII. Sexto ingrediente: escribe como un publicista<\/p>\n<p style=\"font-weight: 400;\">7.1. \u00bfCu\u00e1l es la gran idea? \u00bfCu\u00e1l es mi slogan?<br \/>\n7.2. \u00bfC\u00f3mo presentar la idea de forma interesante?<br \/>\n7.3. Estudia el producto y la industria que quieres vender<\/p>\n<p style=\"font-weight: 400;\">VIII. S\u00e9ptimo ingrediente: pinta un cuadro con tu presentaci\u00f3n oral<\/p>\n<ol>\n<li style=\"font-weight: 400;\">Recomendaciones finales<\/li>\n<li style=\"font-weight: 400;\"><b><strong> EL \u201cARTE\u201d DE ENTREVISTAR Y DE ACONSEJAR<\/strong><\/b><br \/>\nShoschana Zusman T.<\/li>\n<li style=\"font-weight: 400;\">El valor de \u201cadelantar la experiencia\u201dII. La importancia de la primera entrevista\n<p>III. Objetivo de la primera entrevista<\/li>\n<li style=\"font-weight: 400;\">Preparaci\u00f3n de la entrevista<\/li>\n<\/ol>\n<p style=\"font-weight: 400;\">4.1. El ambiente<br \/>\n4.2. Preparaci\u00f3n personal<br \/>\n4.3. Los aspectos emocionales<\/p>\n<p>V. El desarrollo de la entrevista<\/p>\n<p style=\"font-weight: 400;\">5.1. La bienvenida<br \/>\n5.2. Adquisici\u00f3n de informaci\u00f3n<br \/>\n5.3. El resumen de los hechos<br \/>\n5.4. El consejo<br \/>\n5.5. El final de la entrevista: la despedida<\/p>\n<p>VI. Resumiendo lo aprendido<\/p>\n<p style=\"font-weight: 400;\">6.1. \u00bfQu\u00e9 hacer y qu\u00e9 no hacer?<br \/>\n6.2. Las trece tareas de Sherr<\/p>\n<ol start=\"3\">\n<li style=\"font-weight: 400;\"><b><strong> MEDIATION ADVOCACY: DESTREZAS (\u00bfLEGALES?) EN UN CONTEXTO NO ADVERSARIAL<\/strong><\/b><br \/>\nSebastian Soltau Salazar<\/li>\n<li style=\"font-weight: 400;\">Introducci\u00f3n<\/li>\n<li style=\"font-weight: 400;\">\u00bfEs necesaria la presencia de abogados en una mediaci\u00f3n?<\/li>\n<\/ol>\n<p style=\"font-weight: 400;\">III. Del abogado \u201cgladiador\u201d al abogado solucionador de problemas<\/p>\n<ol>\n<li style=\"font-weight: 400;\">Estructura t\u00edpica de una mediaci\u00f3n<\/li>\n<\/ol>\n<p style=\"font-weight: 400;\">4.1. Etapa I: Selecci\u00f3n de mediaci\u00f3n<br \/>\n4.2. Etapa II: Interacciones previas a la reuni\u00f3n de mediaci\u00f3n<br \/>\n4.3. Etapa III: Reuni\u00f3n de mediaci\u00f3n<\/p>\n<ol>\n<li style=\"font-weight: 400;\">Retos de persuasi\u00f3n y destrezas en la mediaci\u00f3n<\/li>\n<\/ol>\n<p style=\"font-weight: 400;\">5.1. Retos en la interacci\u00f3n con el cliente<br \/>\n5.2. Retos en la interacci\u00f3n con los tomadores de decisiones de la contraparte<br \/>\n5.3. Retos en la interacci\u00f3n con los abogados externos de la contraparte<br \/>\n5.4. Retos en la interacci\u00f3n con el mediador<\/p>\n<ol>\n<li style=\"font-weight: 400;\">Reflexi\u00f3n final<\/li>\n<li style=\"font-weight: 400;\"><b><strong> REVISITANDO EL M\u00c9TODO TRADICIONAL DE DESIGNACI\u00d3N DE \u00c1RBITROS<\/strong><\/b><br \/>\nPablo Mori Bregante<\/li>\n<li style=\"font-weight: 400;\">Introducci\u00f3n: \u00bfrealmente estamos descontentos con el panorama actual?<br \/>\nII. Buscando otras alternativas<br \/>\nIII. Conclusi\u00f3n<\/li>\n<li style=\"font-weight: 400;\"><b><strong> DIFERENCIAS CULTURALES EN TRIBUNALES ARBITRALES<\/strong><\/b><br \/>\nRicardo Ampuero Llerena<\/li>\n<li style=\"font-weight: 400;\">Selecci\u00f3n de los \u00e1rbitros<br \/>\nII. Comunicaci\u00f3n con el tribunal<\/li>\n<li style=\"font-weight: 400;\"><b><strong> \u00bfC\u00d3MO ELEGIR AL MEJOR \u00c1RBITRO?<\/strong><\/b><br \/>\nAlejandra Flecha Corvetto<\/li>\n<li style=\"font-weight: 400;\">Introducci\u00f3n<\/li>\n<li style=\"font-weight: 400;\">\u00bfQu\u00e9 caracter\u00edsticas debe tener nuestro candidato?<\/li>\n<\/ol>\n<p style=\"font-weight: 400;\">2.1. El \u00e1rbitro y el caso concreto<br \/>\n2.2. Otras caracter\u00edsticas a tener en cuenta<\/p>\n<p style=\"font-weight: 400;\">III. \u00c1rbitros extranjeros en arbitrajes locales<\/p>\n<p style=\"font-weight: 400;\">3.1. Primera raz\u00f3n: ya no tenemos de d\u00f3nde escoger<br \/>\n3.2. Segunda raz\u00f3n: se reduce el riesgo de parcialidad<br \/>\n3.3. Tercera raz\u00f3n: el proceso suele ser m\u00e1s r\u00e1pido<br \/>\n3.4. Cuarta raz\u00f3n: experiencia<br \/>\n3.5. Quinta raz\u00f3n: damos a conocer el arbitraje local<br \/>\n36. Sexta raz\u00f3n: tenemos mucho que aprender<\/p>\n<ol>\n<li style=\"font-weight: 400;\">Conclusiones<\/li>\n<li style=\"font-weight: 400;\"><b><strong> EL M\u00c9TODO IRAC PARA LA CONSTRUCCI\u00d3N DE LA TEOR\u00cdA DEL CASO<\/strong><\/b><br \/>\nAndr\u00e9s Talavera Cano<\/li>\n<li style=\"font-weight: 400;\">El I.R.A.C. como herramienta del litigante arbitral<\/li>\n<\/ol>\n<p style=\"font-weight: 400;\">1.1. El I.R.A.C. como herramienta del litigante arbitral<br \/>\n1.2. Rule: E Derecho detr\u00e1s de los hechos<br \/>\n1.3. Application: El derecho interpretando los hechos<br \/>\n1.4. Conclusion: La Teor\u00eda del Caso y el \u00bfDe qu\u00e9 trata este caso?<\/p>\n<ol>\n<li style=\"font-weight: 400;\">Reflexi\u00f3n final<\/li>\n<li style=\"font-weight: 400;\"><b><strong> T\u00c9CNICAS DE TEATRO APLICADAS AL DISCURSO<\/strong><\/b><br \/>\nR\u00f3mulo Assereto<\/li>\n<li style=\"font-weight: 400;\">Como hablamos, somos<br \/>\nII. Con la palabra no se dice, se hace<\/li>\n<li style=\"font-weight: 400;\"><b><strong> DECISIONES VISCERALES: PERSUASI\u00d3N ENCUBIERTA Y EMOCIONES<\/strong><\/b><br \/>\nJos\u00e9 Mar\u00eda de la Jara<\/li>\n<li style=\"font-weight: 400;\">Decisiones bajo la lluvia<br \/>\nII. Decisiones sin (tanto) az\u00facar<br \/>\nIII. Decisiones sangrientas<br \/>\nIV. Persuasi\u00f3n encubierta y emociones<\/li>\n<li style=\"font-weight: 400;\"><b><strong> EXPECTATIVAS IRRACIONALES EN EL ESPECTRO NEGOCIACI\u00d3N-ARBITRAJE<\/strong><\/b><br \/>\nJos\u00e9 Mar\u00eda de la Jara, Luc\u00eda Varillas<\/li>\n<li style=\"font-weight: 400;\">Turbulencia cognitiva en el espectro negociaci\u00f3n-arbitraje<br \/>\nII. T\u00e9cnicas contra sesgos para conducir el espectro negociaci\u00f3n-arbitraje<\/li>\n<li style=\"font-weight: 400;\"><b><strong> EL ARTE DEL INTERROGATORIO<\/strong><\/b><br \/>\nFrancisco Gonz\u00e1lez de Coss\u00edo<\/li>\n<li style=\"font-weight: 400;\">Objetivos<\/li>\n<li style=\"font-weight: 400;\">M\u00e9todos<\/li>\n<\/ol>\n<p style=\"font-weight: 400;\">2.1. Examinaci\u00f3n directa<br \/>\n2.2. Examinaci\u00f3n cruzada<br \/>\n2.3.\u00a0\u00a0Examinaci\u00f3n Redirecta (repreguntas)<br \/>\n2.4. Examinaci\u00f3n recruzada<br \/>\n2.5. Objeciones<\/p>\n<p style=\"font-weight: 400;\">III. Comentario final<\/p>\n<ol start=\"12\">\n<li style=\"font-weight: 400;\"><b><strong> PERSUASI\u00d3N Y LITIGIO ARBITRAL: \u00bfC\u00d3MO APROVECHAR LA PRUEBA TESTIMONIAL PARA PERSUADIR A LA AUTORIDAD ARBITRAL DE NUESTRA VERDAD?<\/strong><\/b><br \/>\nHu\u00e1scar Ezcurra Rivero<\/li>\n<li style=\"font-weight: 400;\">Dos verdades en competencia<\/li>\n<li style=\"font-weight: 400;\">\u00bfCu\u00e1les son las ventajas de la prueba testimonial? \u00bfpor qu\u00e9 es importante para probar una historia?<\/li>\n<\/ol>\n<p style=\"font-weight: 400;\">III. El valor de la palabra y el uso de la prueba testimonial en el arbitraje<\/p>\n<ol>\n<li style=\"font-weight: 400;\">El direct examination de nuestro testigo<\/li>\n<\/ol>\n<p style=\"font-weight: 400;\">4.1. Elijan bien a su testigo<br \/>\n4.2. Mantengan el interrogatorio simple, visual e interesante<br \/>\n4.3. Enf\u00f3quense en los hechos claves<br \/>\n4.4. El testigo es el protagonista<br \/>\n4.5. La imagen importa<br \/>\n4.6. Prep\u00e1rense a profundidad<\/p>\n<ol>\n<li style=\"font-weight: 400;\">El cross examination al testigo presentado por su contraparte<\/li>\n<\/ol>\n<p style=\"font-weight: 400;\">5.1. \u00bfEs aconsejable hacer un contrainterrogatorio?<br \/>\n5.2. \u00bfCu\u00e1l es el objetivo de un contrainterrogatorio?<br \/>\n5.3. Pregunten solo si conocen la respuesta<br \/>\n5.4. Ustedes mandan<\/p>\n<ol>\n<li style=\"font-weight: 400;\">Regla de oro: honestidad<\/li>\n<li style=\"font-weight: 400;\"><b><strong> EL INTERROGATORIO DIRECTO DE TESTIGOS: UNA OPORTUNIDAD PARA QUE EL ABOGADO PASE DESAPERCIBIDO<\/strong><\/b><br \/>\nNicol\u00e1s de la Flor<\/li>\n<li style=\"font-weight: 400;\">El interrogatorio como medio de prueba<\/li>\n<li style=\"font-weight: 400;\">\u00bfPor qu\u00e9 es importante incorporar testigos en tu caso?<\/li>\n<\/ol>\n<p style=\"font-weight: 400;\">III. \u00bfCu\u00e1ntos testigos interrogo y a qui\u00e9n escojo?<\/p>\n<p style=\"font-weight: 400;\">3.1. \u00bfCu\u00e1ntos testigos interrogar?<br \/>\n3.2. \u00bfC\u00f3mo escoger al testigo?<\/p>\n<ol>\n<li style=\"font-weight: 400;\">\u00bfC\u00f3mo preparar y c\u00f3mo interrogar al testigo?<\/li>\n<\/ol>\n<p style=\"font-weight: 400;\">4.1. Preparaci\u00f3n<br \/>\n4.2. \u00bfC\u00f3mo interrogar al testigo en el interrogatorio directo?<\/p>\n<ol>\n<li style=\"font-weight: 400;\">Conclusiones<\/li>\n<\/ol>\n<p style=\"font-weight: 400;\"><b><strong>14.VALORACI\u00d3N DE LA PRUEBA EN EL ARBITRAJE INTERNACIONAL<\/strong><\/b><br \/>\nElina Mereminskaya<\/p>\n<ol>\n<li style=\"font-weight: 400;\">Introducci\u00f3n<br \/>\nII. Fondo o forma<br \/>\nIII. La carga de la prueba<br \/>\nIV. Facultades inquisitivas de los tribunales arbitrales<br \/>\nV. En qu\u00e9 consiste la valoraci\u00f3n de la prueba<br \/>\nVI. Regulaci\u00f3n espec\u00edfica de la valoraci\u00f3n de la prueba<br \/>\nVII. Limitaciones a la discreci\u00f3n<br \/>\nVIII. Relaci\u00f3n con la obligaci\u00f3n de emitir un laudo razonado<br \/>\nIX. Conclusiones<\/li>\n<li style=\"font-weight: 400;\"><b><strong> LA ELABORACI\u00d3N DE UN LAUDO ARBITRAL<\/strong><\/b><br \/>\nRoque J. Caivano<\/li>\n<li style=\"font-weight: 400;\">La deliberaci\u00f3n del tribunal<\/li>\n<\/ol>\n<p style=\"font-weight: 400;\">1.1. \u00bfPor qu\u00e9 deliberar?<br \/>\n1.2. \u00bfC\u00f3mo se delibera?<\/p>\n<ol>\n<li style=\"font-weight: 400;\">La redacci\u00f3n del laudo y la motivaci\u00f3n<\/li>\n<\/ol>\n<p style=\"font-weight: 400;\">2.1. La redacci\u00f3n<br \/>\n2.2. La motivaci\u00f3n<\/p>\n<p style=\"font-weight: 400;\">III. Conclusi\u00f3n<\/p>\n<ol start=\"16\">\n<li style=\"font-weight: 400;\"><b><strong> LITIGIO DE ALTO IMPACTO: LA LUCHA POR EL ACCESO IGUALITARIO DE LA INSTITUCI\u00d3N CIVIL DEL MATRIMONIO Y SU INCIDENCIA POL\u00cdTICO, LEGAL, SOCIAL Y EMOCIONAL<\/strong><\/b><br \/>\nHerman M. Duarte<\/li>\n<li style=\"font-weight: 400;\">Contextualizando a la bestia<\/li>\n<\/ol>\n<p style=\"font-weight: 400;\">1.1. \u00bfRealidades o apariencias?: Cr\u00edmenes de odio, corrupci\u00f3n y algo m\u00e1s<br \/>\n1.2. El g\u00e9nesis de todo mal: la apolog\u00eda del odio<br \/>\n1.3. Abandonar aqu\u00ed toda esperanza: la homofobia institucional e impunidad<\/p>\n<ol>\n<li style=\"font-weight: 400;\">\u00bfPor qu\u00e9 tiene sentido litigar a favor de minor\u00edas en un Estado como El Salvador?<\/li>\n<\/ol>\n<p style=\"font-weight: 400;\">III. Consejos para defensores de derechos humanos<\/p>\n<p style=\"font-weight: 400;\">3.1. Claridad del objetivo<br \/>\n3.2. Cuesti\u00f3n legal<br \/>\n3.3. Cuesti\u00f3n pol\u00edtica<br \/>\n3.4. Cuesti\u00f3n social y emocional<\/p>\n<ol start=\"17\">\n<li style=\"font-weight: 400;\"><b><strong> \u00a1CORTEN! EMPECEMOS DESDE UN NUEVO \u00c1NGULO: \u00bfC\u00d3MO APORTA EL CINE A LA ENSE\u00d1ANZA DEL DERECHO?<\/strong><\/b><br \/>\nFernando Sam Chec<\/li>\n<li style=\"font-weight: 400;\">Planificando el encuadre: un riguroso conocimiento jur\u00eddico es base indispensable<\/li>\n<li style=\"font-weight: 400;\">Adaptando el guion: el cine en las aulas de Derecho no es solo cine sobre Derecho<\/li>\n<\/ol>\n<p style=\"font-weight: 400;\">III. Editando nuestro aprendizaje: la articulaci\u00f3n de herramientas aportadas por el cine<\/p>\n<p style=\"font-weight: 400;\">3.1. Encontrar un perfecto antagonista<br \/>\n3.2. Entender y crear suspenso, shock o misterio<br \/>\n3.3. Juego de luces y sombras: cu\u00e1ndo acudir al \u00e9nfasis natural y cu\u00e1ndo al artificial<br \/>\n3.4. Estableciendo el soundtrack de la vida<\/p>\n<ol>\n<li style=\"font-weight: 400;\">La postproducci\u00f3n: conclusiones respecto de la ense\u00f1anza del cine y Derecho<\/li>\n<\/ol>\n","protected":false},"excerpt":{"rendered":"<p>Buscas un libro Jur\u00eddico.? Lo puedes encontrar en nuestra tienda virtual.<br \/>\nContamos con prestigiosos autores y muchas alternativas en sus diferentes materias al igual que grandes descuentos.! Vis\u00edtanos en <a class=\"THGLZiYzqWGWKdttMOgKMIHkarZmDticds \" href=\"https:\/\/lnkd.in\/eiAG7jdZ\" target=\"_blank\" rel=\"noopener\" data-test-app-aware-link=\"\">https:\/\/lnkd.in\/eiAG7jdZ<\/a><br \/>\nEscr\u00edbenos al +56930565235 \/ <a class=\"THGLZiYzqWGWKdttMOgKMIHkarZmDticds \" href=\"mailto:ventaslegallexglobal@gmail.com\" target=\"_self\" data-test-app-aware-link=\"\">ventaslegallexglobal@gmail.com<\/a><br \/>\nHacemos env\u00edos a todo Chile<\/p>\n","protected":false},"featured_media":2010,"comment_status":"open","ping_status":"closed","template":"","meta":{"inline_featured_image":false,"_joinchat":[]},"product_brand":[],"product_cat":[27,46],"product_tag":[],"class_list":{"0":"post-1980","1":"product","2":"type-product","3":"status-publish","4":"has-post-thumbnail","6":"product_cat-civil","7":"product_cat-derecho-arbitral","9":"first","10":"instock","11":"shipping-taxable","12":"purchasable","13":"product-type-simple"},"_links":{"self":[{"href":"https:\/\/bibliotecajuridicavirtual.cl\/index.php\/wp-json\/wp\/v2\/product\/1980","targetHints":{"allow":["GET"]}}],"collection":[{"href":"https:\/\/bibliotecajuridicavirtual.cl\/index.php\/wp-json\/wp\/v2\/product"}],"about":[{"href":"https:\/\/bibliotecajuridicavirtual.cl\/index.php\/wp-json\/wp\/v2\/types\/product"}],"replies":[{"embeddable":true,"href":"https:\/\/bibliotecajuridicavirtual.cl\/index.php\/wp-json\/wp\/v2\/comments?post=1980"}],"wp:featuredmedia":[{"embeddable":true,"href":"https:\/\/bibliotecajuridicavirtual.cl\/index.php\/wp-json\/wp\/v2\/media\/2010"}],"wp:attachment":[{"href":"https:\/\/bibliotecajuridicavirtual.cl\/index.php\/wp-json\/wp\/v2\/media?parent=1980"}],"wp:term":[{"taxonomy":"product_brand","embeddable":true,"href":"https:\/\/bibliotecajuridicavirtual.cl\/index.php\/wp-json\/wp\/v2\/product_brand?post=1980"},{"taxonomy":"product_cat","embeddable":true,"href":"https:\/\/bibliotecajuridicavirtual.cl\/index.php\/wp-json\/wp\/v2\/product_cat?post=1980"},{"taxonomy":"product_tag","embeddable":true,"href":"https:\/\/bibliotecajuridicavirtual.cl\/index.php\/wp-json\/wp\/v2\/product_tag?post=1980"}],"curies":[{"name":"wp","href":"https:\/\/api.w.org\/{rel}","templated":true}]}}