{"id":1982,"date":"2026-02-28T00:57:06","date_gmt":"2026-02-28T03:57:06","guid":{"rendered":"https:\/\/bibliotecajuridicavirtual.cl\/?post_type=product&#038;p=1982"},"modified":"2026-02-28T00:57:24","modified_gmt":"2026-02-28T03:57:24","slug":"razonamientos-jurisprudenciales-arrendamiento-de-inmuebles-urbanos-rafael-vargas-miranda-1-edicion-actualizada-595-pag","status":"publish","type":"product","link":"https:\/\/bibliotecajuridicavirtual.cl\/index.php\/product\/razonamientos-jurisprudenciales-arrendamiento-de-inmuebles-urbanos-rafael-vargas-miranda-1-edicion-actualizada-595-pag\/","title":{"rendered":"Razonamientos Jurisprudenciales &#8211; Arrendamiento de Inmuebles Urbanos &#8211; Rafael Vargas Miranda, 1\u00b0 edici\u00f3n actualizada &#8211; 595 P\u00e1g."},"content":{"rendered":"<p>El Contrato de Arrendamiento de inmuebles urbanos es un acto jur\u00eddico que cuenta con una trascendencia que supera el mero inter\u00e9s legal.<br \/>\nEs una convenci\u00f3n de vital importancia social y econ\u00f3mica.<br \/>\nEn Chile la escasez y dificultad al acceso de la vivienda, sumado a una poblaci\u00f3n migrante cada d\u00eda mayor, nos lleva a tales conclusiones.<br \/>\nEn este trabajo adem\u00e1s, hemos incluido el arrendamiento de locales comerciales, pues aporta en la actualidad, una importante cantidad de jurisprudencia.<br \/>\nLa intenci\u00f3n de esta compilaci\u00f3n es lograr el precedente, sin olvidar los pronunciamientos de la dogm\u00e1tica jurisprudencial, encontrar el caso similar al que busca \u00a0el operador jur\u00eddico. El c\u00f3mo se resolvi\u00f3 en determinada situaci\u00f3n.<br \/>\nNuestra nueva Serie Razonamientos Jurisprudenciales se centra en ello, en el caso espec\u00edfico, \u00a0apostamos por los hechos que delimitan \u00a0el juicio que hemos destacado.<br \/>\nDe esta manera, intentamos desarrollar una herramienta verdaderamente \u00fatil, incorporando casos completos, desde la demanda, su contestaci\u00f3n y lo ocurrido ante las Cortes superiores de justicia. As\u00ed, \u00a0contribuiremos a resolver las necesidades de nuestros lectores. Esperamos que esta nueva serie, pueda emular el excelente resultado que tuvo la anterior \u201cSerie Doctrina &amp; Jurisprudencia\u201d, la cual, en sus nueve temas y diecisiete vol\u00famenes, se convirti\u00f3 en una publicaci\u00f3n muy apreciada y ampliamente solicitada, por muchos operadores jur\u00eddicos de las diferentes \u00e1reas del Derecho en nuestro pa\u00eds.<\/p>\n<p>CAP\u00cdTULO PRIMERO<br \/>\nCausas presentadas bajo la reforma de la Ley N\u00b0 21.461<br \/>\n\u201cArriagada Leal\/Carvajal Arenas (LTE)\u201d<br \/>\nCorte Suprema, Rol N\u00b0 241.771-2023 &#8230;&#8230;&#8230;&#8230;&#8230;&#8230;&#8230;&#8230;&#8230;&#8230;&#8230;&#8230;&#8230;&#8230;&#8230;&#8230;&#8230;13<br \/>\n\u201cKrebs\/Corday\u201d<br \/>\nCorte Suprema, Rol N\u00b0 238.185-2023 &#8230;&#8230;&#8230;&#8230;&#8230;&#8230;&#8230;&#8230;&#8230;&#8230;&#8230;&#8230;&#8230;&#8230;&#8230;&#8230;&#8230;22<br \/>\n\u201cRodr\u00edguez\/Z\u00fa\u00f1iga\u201d<br \/>\nCorte Suprema, Rol N\u00b0 64.683-2023 &#8230;&#8230;&#8230;&#8230;&#8230;&#8230;&#8230;&#8230;&#8230;&#8230;&#8230;&#8230;&#8230;&#8230;&#8230;&#8230;&#8230;..29<br \/>\n\u201cRentas Massu Ltda.\/Optilentes\u201d<br \/>\nCorte Suprema, Rol N\u00b0 215.075-2023 &#8230;&#8230;&#8230;&#8230;&#8230;&#8230;&#8230;&#8230;&#8230;&#8230;&#8230;&#8230;&#8230;&#8230;&#8230;&#8230;&#8230;37<br \/>\n\u201cL\u00f3pez\/Valencia\u201d<br \/>\n(Corte Suprema, Rol N\u00b0 5375-2024) &#8230;&#8230;&#8230;&#8230;&#8230;&#8230;&#8230;&#8230;&#8230;&#8230;&#8230;&#8230;&#8230;&#8230;&#8230;&#8230;&#8230;..45<br \/>\nCAP\u00cdTULO SEGUNDO<br \/>\nCausas por terminaci\u00f3n del contrato de arrendamiento<br \/>\n\u201cMaritano\/G\u00f3mez\u201d<br \/>\nCorte Suprema, Rol N\u00b0 149.558-2023 &#8230;&#8230;&#8230;&#8230;&#8230;&#8230;&#8230;&#8230;&#8230;&#8230;&#8230;&#8230;&#8230;&#8230;&#8230;&#8230;&#8230;53<br \/>\n10 \u2013 Editorial Metropolitana<br \/>\nArrendAmiento de inmuebles urbAnos<br \/>\n\u201cInmobiliaria Conosur Ltda.\/FONASA\u201d<br \/>\nCorte Suprema, Rol N\u00b0 223124-2023 &#8230;&#8230;&#8230;&#8230;&#8230;&#8230;&#8230;&#8230;&#8230;&#8230;&#8230;&#8230;&#8230;&#8230;&#8230;&#8230;&#8230;.77<br \/>\n\u201cVortex S.A.\/Orrego\u201d<br \/>\nCorte Suprema, Rol N\u00b0 16877 &#8211; 2024 &#8230;&#8230;&#8230;&#8230;&#8230;&#8230;&#8230;&#8230;&#8230;&#8230;&#8230;&#8230;&#8230;&#8230;&#8230;&#8230;..108<br \/>\n\u201cMontecino\/Gonz\u00e1lez\u201d<br \/>\nCorte Suprema, Rol N\u00b0 247991-2023 &#8230;&#8230;&#8230;&#8230;&#8230;&#8230;&#8230;&#8230;&#8230;&#8230;&#8230;&#8230;&#8230;&#8230;&#8230;&#8230;..134<br \/>\n\u201cMadesal S.A.\/Importadora Costabal y Eche\u00f1ique S.A. (S)\u201d<br \/>\nCorte Suprema, Rol N\u00b0 46631-2022 &#8230;&#8230;&#8230;&#8230;&#8230;&#8230;&#8230;&#8230;&#8230;&#8230;&#8230;&#8230;&#8230;&#8230;&#8230;&#8230;&#8230;.141<br \/>\n\u201cLanger\/Sociedad Gastron\u00f3mica Rapid Market Ltda.\u201d<br \/>\nCorte Suprema, Rol N\u00b0 60-2022 &#8230;&#8230;&#8230;&#8230;&#8230;&#8230;&#8230;&#8230;&#8230;&#8230;&#8230;&#8230;&#8230;&#8230;&#8230;&#8230;&#8230;&#8230;&#8230;.172<br \/>\n\u201cLeigh Pacciarini\/Roma Chile SPA (S)\u201d<br \/>\nCorte Suprema, Rol N\u00b0 85755-2021 &#8230;&#8230;&#8230;&#8230;&#8230;&#8230;&#8230;&#8230;&#8230;&#8230;&#8230;&#8230;&#8230;&#8230;&#8230;&#8230;&#8230;.197<br \/>\n\u201cRedlich\/Sociedad Comercial Santa Blanca Ltda.\u201d<br \/>\nCorte Suprema, Rol N\u00b0 4066-2021 &#8230;&#8230;&#8230;&#8230;&#8230;&#8230;&#8230;&#8230;&#8230;&#8230;&#8230;&#8230;&#8230;&#8230;&#8230;&#8230;&#8230;&#8230;228<br \/>\n\u201cRedlich\/Sociedad Comercial Santa Blanca Ltda.\u201d<br \/>\nCorte Suprema, Rol N\u00b0 4069-2021 &#8230;&#8230;&#8230;&#8230;&#8230;&#8230;&#8230;&#8230;&#8230;&#8230;&#8230;&#8230;&#8230;&#8230;&#8230;&#8230;&#8230;&#8230;246<br \/>\n\u201cRedlich\/Sociedad Comercial Santa Blanca Ltda.\u201d<br \/>\nCorte Suprema, Rol N\u00b0 4070-2021 &#8230;&#8230;&#8230;&#8230;&#8230;&#8230;&#8230;&#8230;&#8230;&#8230;&#8230;&#8230;&#8230;&#8230;&#8230;&#8230;&#8230;&#8230;264<br \/>\n\u201cInmobiliaria Doncos Ltda.\/Escanilla Figueroa\u201d<br \/>\nCorte Suprema, Rol N\u00b0 69.607-2022 &#8230;&#8230;&#8230;&#8230;&#8230;&#8230;&#8230;&#8230;&#8230;&#8230;&#8230;&#8230;&#8230;&#8230;&#8230;&#8230;&#8230;279<br \/>\n\u201cInmobiliaria Rentas II SPA.\/MAPFRE Compa\u00f1\u00eda de Seguros Generales de Chile S.A.\u201d<br \/>\nCorte Suprema, Rol N\u00b0 3509-2022 &#8230;&#8230;&#8230;&#8230;&#8230;&#8230;&#8230;&#8230;&#8230;&#8230;&#8230;&#8230;&#8230;&#8230;&#8230;&#8230;&#8230;&#8230;308<br \/>\n\u201cMorales D\u00edaz\/Isaso Contreras (S)\u201d<br \/>\nCorte Suprema, Rol N\u00b0 135.382-2022 &#8230;&#8230;&#8230;&#8230;&#8230;&#8230;&#8230;&#8230;&#8230;&#8230;&#8230;&#8230;&#8230;&#8230;&#8230;&#8230;.333<br \/>\n\u201cOrden Provincial Capuchinos de Chile con Montalba y otros\u201d<br \/>\nCorte Suprema, Rol N\u00b0 83.739-2023 &#8230;&#8230;&#8230;&#8230;&#8230;&#8230;&#8230;&#8230;&#8230;&#8230;&#8230;&#8230;&#8230;&#8230;&#8230;&#8230;&#8230;349<br \/>\nRazonamientos Jurisprudenciales\u2013 11<br \/>\nArrendAmiento de inmuebles urbAnos<br \/>\n\u201cInmobiliaria Arizt\u00eda Nueva York S.A.\/Comercial y Gastron\u00f3mica Rupanco S.A.\u201d<br \/>\nCorte Suprema, Rol N\u00b0 149473-2023 &#8230;&#8230;&#8230;&#8230;&#8230;&#8230;&#8230;&#8230;&#8230;&#8230;&#8230;&#8230;&#8230;&#8230;&#8230;&#8230;..373<br \/>\n\u201cPellegrini\/Servicios de Chile\u201d<br \/>\nCorte Suprema, Rol N\u00b0 201.541-2023 &#8230;&#8230;&#8230;&#8230;&#8230;&#8230;&#8230;&#8230;&#8230;&#8230;&#8230;&#8230;&#8230;&#8230;&#8230;&#8230;.390<br \/>\n\u201cFar\u00edas\/Lara\u201d<br \/>\nCorte Suprema, Rol N\u00b0 241.107-2023 &#8230;&#8230;&#8230;&#8230;&#8230;&#8230;&#8230;&#8230;&#8230;&#8230;&#8230;&#8230;&#8230;&#8230;&#8230;&#8230;.411<br \/>\n\u201cMorales\/Latrach\u201d<br \/>\nCorte Suprema, Rol N\u00b0 248589-2023 &#8230;&#8230;&#8230;&#8230;&#8230;&#8230;&#8230;&#8230;&#8230;&#8230;&#8230;&#8230;&#8230;&#8230;&#8230;&#8230;..418<br \/>\n\u201cInmobiliaria Braman Limitada\/Jadue\u201d<br \/>\nCorte Suprema, Rol N\u00b0 19.162-2024 &#8230;&#8230;&#8230;&#8230;&#8230;&#8230;&#8230;&#8230;&#8230;&#8230;&#8230;&#8230;&#8230;&#8230;&#8230;&#8230;&#8230;436<br \/>\nCAP\u00cdTULO TERCERO<br \/>\nOtros casos<br \/>\n\u201cParques de Chile S.A.\/Seguros de Vida SURA S.A.\u201d<br \/>\nCorte Suprema, Rol N\u00b0 249.259-2023 &#8230;&#8230;&#8230;&#8230;&#8230;&#8230;&#8230;&#8230;&#8230;&#8230;&#8230;&#8230;&#8230;&#8230;&#8230;&#8230;.449<br \/>\n\u201cLV- Patio Renta Inmobiliaria I SPA.\/WSP Chile S.A.\u201d<br \/>\nCorte Suprema, Rol N\u00b0 213.249-2023 &#8230;&#8230;&#8230;&#8230;&#8230;&#8230;&#8230;&#8230;&#8230;&#8230;&#8230;&#8230;&#8230;&#8230;&#8230;&#8230;.463<br \/>\n\u201cCastro Parra\/Aguayo Bertoni LTE\u201d<br \/>\nCorte Suprema, Rol N\u00b0 146.814-2023 &#8230;&#8230;&#8230;&#8230;&#8230;&#8230;&#8230;&#8230;&#8230;&#8230;&#8230;&#8230;&#8230;&#8230;&#8230;&#8230;.487<br \/>\n\u201cPierre\/26\u00b0 Juzgado Civil de Santiago\u201d<br \/>\nCorte Suprema, Rol N\u00b0 62128-2023 &#8230;&#8230;&#8230;&#8230;&#8230;&#8230;&#8230;&#8230;&#8230;&#8230;&#8230;&#8230;&#8230;&#8230;&#8230;&#8230;&#8230;.494<br \/>\n\u201cInmobiliaria Mall Vi\u00f1a del Mar S.A.\/Inmobiliaria Rentas II SPA LTE\u201d<br \/>\nCorte Suprema, Rol N\u00b0 80.434-2023 &#8230;&#8230;&#8230;&#8230;&#8230;&#8230;&#8230;&#8230;&#8230;&#8230;&#8230;&#8230;&#8230;&#8230;&#8230;&#8230;&#8230;503<br \/>\n\u201cSandoval\/Valdivia\u201d<br \/>\nCorte Suprema, Rol N\u00b0 235.665-2023 &#8230;&#8230;&#8230;&#8230;&#8230;&#8230;&#8230;&#8230;&#8230;&#8230;&#8230;&#8230;&#8230;&#8230;&#8230;&#8230;.520<br \/>\nArrendAmiento de inmuebles urbAnos<br \/>\n\u201cFactorone S.A.\/Renta e Inversiones Las Lisitas SPA (S)\u201d<br \/>\nCorte Suprema, Rol N\u00b0 51.702-2023 &#8230;&#8230;&#8230;&#8230;&#8230;&#8230;&#8230;&#8230;&#8230;&#8230;&#8230;&#8230;&#8230;&#8230;&#8230;&#8230;&#8230;547<\/p>\n","protected":false},"excerpt":{"rendered":"<p>Buscas un libro Jur\u00eddico.? Lo puedes encontrar en nuestra tienda virtual.<br \/>\nContamos con prestigiosos autores y muchas alternativas en sus diferentes materias al igual que grandes descuentos.!<br \/>\nVis\u00edtanos en www.bibliotecajuridicavirtual.cl<br \/>\nEscr\u00edbenos al +56930565235 \/ <a class=\"zIcAzKdyBxATZYJQoeJUJgsFIQGjWDrXhTrsxj \" href=\"mailto:ventaslegallexglobal@gmail.com\" target=\"_self\" data-test-app-aware-link=\"\">ventaslegallexglobal@gmail.com<\/a><br \/>\nHacemos env\u00edos a todo Chile \u2013 Starken o Correos Chile \/ Te esperamos.<\/p>\n","protected":false},"featured_media":2012,"comment_status":"open","ping_status":"closed","template":"","meta":{"inline_featured_image":false,"_joinchat":[]},"product_brand":[],"product_cat":[27,26],"product_tag":[],"class_list":{"0":"post-1982","1":"product","2":"type-product","3":"status-publish","4":"has-post-thumbnail","6":"product_cat-civil","7":"product_cat-derecho","9":"first","10":"instock","11":"shipping-taxable","12":"purchasable","13":"product-type-simple"},"_links":{"self":[{"href":"https:\/\/bibliotecajuridicavirtual.cl\/index.php\/wp-json\/wp\/v2\/product\/1982","targetHints":{"allow":["GET"]}}],"collection":[{"href":"https:\/\/bibliotecajuridicavirtual.cl\/index.php\/wp-json\/wp\/v2\/product"}],"about":[{"href":"https:\/\/bibliotecajuridicavirtual.cl\/index.php\/wp-json\/wp\/v2\/types\/product"}],"replies":[{"embeddable":true,"href":"https:\/\/bibliotecajuridicavirtual.cl\/index.php\/wp-json\/wp\/v2\/comments?post=1982"}],"wp:featuredmedia":[{"embeddable":true,"href":"https:\/\/bibliotecajuridicavirtual.cl\/index.php\/wp-json\/wp\/v2\/media\/2012"}],"wp:attachment":[{"href":"https:\/\/bibliotecajuridicavirtual.cl\/index.php\/wp-json\/wp\/v2\/media?parent=1982"}],"wp:term":[{"taxonomy":"product_brand","embeddable":true,"href":"https:\/\/bibliotecajuridicavirtual.cl\/index.php\/wp-json\/wp\/v2\/product_brand?post=1982"},{"taxonomy":"product_cat","embeddable":true,"href":"https:\/\/bibliotecajuridicavirtual.cl\/index.php\/wp-json\/wp\/v2\/product_cat?post=1982"},{"taxonomy":"product_tag","embeddable":true,"href":"https:\/\/bibliotecajuridicavirtual.cl\/index.php\/wp-json\/wp\/v2\/product_tag?post=1982"}],"curies":[{"name":"wp","href":"https:\/\/api.w.org\/{rel}","templated":true}]}}