{"id":1984,"date":"2026-02-28T00:57:06","date_gmt":"2026-02-28T03:57:06","guid":{"rendered":"https:\/\/bibliotecajuridicavirtual.cl\/?post_type=product&#038;p=1984"},"modified":"2026-02-28T00:57:32","modified_gmt":"2026-02-28T03:57:32","slug":"elogio-de-los-jueces-eduardo-couture-libro-homenaje-a-piero-calamandrei-edicion-ano-2023-334-paginas","status":"publish","type":"product","link":"https:\/\/bibliotecajuridicavirtual.cl\/index.php\/product\/elogio-de-los-jueces-eduardo-couture-libro-homenaje-a-piero-calamandrei-edicion-ano-2023-334-paginas\/","title":{"rendered":"Elogio de los Jueces &#8211; Eduardo Couture &#8211; Libro Homenaje a Piero Calamandrei \/ edici\u00f3n a\u00f1o 2023 &#8211; 334 P\u00e1ginas"},"content":{"rendered":"<p>No es este un libro, sino dos. Si el lector se tomara el trabajo de desglosar de esta edici\u00f3n del\u00a0<i>Elogio dei giudici scritto da un avvocato<\/i>, todos aquellos breves ensayos que aparecen se\u00f1alados con un asterisco, es decir, los que no se hallaban en las ediciones anteriores, podr\u00edan formar un libro distinto de aquel que constituy\u00f3 su redacci\u00f3n original.<\/p>\n<p>Aparecer\u00e1n as\u00ed ante sus ojos dos obras marcadas por un signo hist\u00f3rico diverso. El autor que escribi\u00f3 el segundo libro parece persona distinta\u00a0\u00a0del que escribi\u00f3 el primero. Os dos libros, el de hace un cuarto de siglo y el de la experiencia m\u00e1s reciente, podr\u00e1 aparecer unidos por algunos elementos comunes, pero son tan profundos los caracteres diferenciales, que cada uno de ellos reclamar\u00eda una distinta presentaci\u00f3n.<\/p>\n<p>Elogio dei giudici no tiene, virtualmente, parang\u00f3n en la literatura jur\u00eddica. Ninguno de los famosos libros sobre la abogac\u00eda, como el de Henri Robert, ni sobre la magistratura, como el de Stammler, con ser ambos obras primorosas, pueden admitir parang\u00f3n con la gracia, elegancia, iron\u00eda, el sprit de finsse que caracteriz\u00f3 desde el primer instante esa obra. Para encontrarle paralelo, habr\u00eda que acudir a quienes no son juristas: Quevedo Moli\u00e9re, Dickens. Ellos supieron ver a luz de sus intuiciones geniales los aspectos rid\u00edculos de las diversas profesiones. Pero ni el poeta castellano, ni el comedi\u00f3grafo franc\u00e9s, si el novelista ingl\u00e9s, pusieron en su cr\u00edtica ir\u00f3nica la gota de ternura humana que se encuentra en el fondo \u00faltimo de todas y cada una de las p\u00e1ginas del libro de Calamandrei.<\/p>\n<p>Luego de haber le\u00eddo este primer libro, el que fuera redactado hace m\u00e1s de un cuarto de siglo, se extrae una curiosa y dulce expresi\u00f3n consoladora de los abogados y de los jueces. En cierto modo, Calamandrei hizo no solo el elogio de los jueces escrito por un abogado, sino el elogio de los abogados escrito por uno de sus pares.<\/p>\n<p>El segundo Elogio dei giudici es un posterior canto a la comprensi\u00f3n y a la bondad humana. En \u00faltimo t\u00e9rmino, sabidur\u00eda y misericordia son las dos grandes formas del entendimiento humano.<\/p>\n<p>He aqu\u00ed el secreto de este libro. Dos autores en una misa envoltura lo han escrito. El primero ven\u00eda de la primera; el segundo, del invierno. Un peque\u00f1o esfuerzo permitir\u00e1 discernir lo que uno tiene de vida y el otro tiene de muerte. El primero admite con ternura las peque\u00f1as debilidades humanas, al ni\u00f1o que cada uno de nosotros lleva consigo; el segundo cubre con una l\u00e1grima de misericordia el engendro diab\u00f3lico, la sat\u00e1nica presa que se esconde en el alma de la especie.<\/p>\n<p>Calamandrei puede dar testimonio de las \u201cdos m\u00e1scaras\u201d del alma humana.<\/p>\n<p>Este libro, con sus dos partes claramente perceptibles, est\u00e1 m\u00e1s ac\u00e1 y m\u00e1s all\u00e1 de las debilidades humanas; m\u00e1s ac\u00e1 y m\u00e1s all\u00e1 de las tempestades; m\u00e1s ac\u00e1 y m\u00e1s all\u00e1 de la justicia del Estado: con su lenguaje llano y su grano de sal de poes\u00eda, sus p\u00e1ginas valen como un testimonio de nuestro tiempo.<\/p>\n<p>CONTENIDO<\/p>\n<p>I.DE LA FE EN LOS JUECES, PRIMER REQUISITO DEL ABOGADO<br \/>\nII. DE LA URBANIDAD (O DE LA DISCRECI\u00d3N) EN LOS JUECES<br \/>\nIII. DE CIERTAS SEMEJANZAS Y DE CIERTAS DIFERENCIAS ENTRE JUECES Y ABOGADOS<br \/>\nIV. DE LA DENOMINACI\u00d3N ORATORIA FORENSE<br \/>\nV. DE CIERTA INMOVILIDAD DE LOS JUECES EN LA AUDIENCIA P\u00daBLICA<br \/>\nVI. DE CIERTAS RELACIONES ENTRE LOS ABOGADOS Y LA VERDAD, O BIEN DE LA OBLIGADA PARCIALIDAD DEL DEFENSOR<br \/>\nVII. DE CIERTAS ABERRACIONES DE LOS CLIENTES QUE LOS JUECES DEBEN RECORDAR EN DISCULPA DE LOS ABOGADOS<br \/>\nVIII. CONSIDERACIONES SOBRE LA DENOMINADA LITIGIOSIDAD<br \/>\nIX. DE LAS PREDILECCIONES DE ABOGADOS Y JUECES POR LAS CUESTIONES DE DERECHO O POR LAS DE HECHO<br \/>\nX. DEL SENTIMIENTO Y DE LA L\u00d3GICA EN LAS SENTENCIAS<br \/>\nXI. DEL AMOR DE LOS ABOGADOS POR LOS JUECES Y VICEVERSA<br \/>\nXII. DE LAS RELACIONES (BUENAS O MALAS) ENTRE LA JUSTICIA Y LA POL\u00cdTICA. C\u00d3MO FUERON AYER Y C\u00d3MO SON HOY<br \/>\nXIII. DEL SENTIDO DE RESPONSABILIDAD Y DEL AMOR A LA VIDA TRANQUILA O DEL ORDEN JUDICIAL QUE NO ES UNA RAMA DE LA BUROCRACIA SINO UNA ORDEN RELIGIOSA<br \/>\nXIV. DE LA INDEPENDENCIA O DEL CONFORMISMO Y, EN GENERAL, DEL CAR\u00c1CTER DE LOS JUECES<br \/>\nXV. DE CIERTAS SERVIDUMBRES F\u00cdSICAS, COMUNES A TODOS LOS MORTALES, A LAS QUE TAMPOCO LOS MAGISTRADOS PUEDEN SUSTRAERSE<br \/>\nXVI. DE LA ARQUITECTURA Y DEL MOBLAJE FORENSE<br \/>\nXVII. DE CIERTAS TRISTEZAS Y DE CIERTOS HERO\u00cdSMOS DE LA VIDA DE LOS JUECES<br \/>\nXVIII. DE CIERTAS TRISTEZAS Y DE CIERTOS HERO\u00cdSMOS DE LA VIDA DE LOS ABOGADOS<br \/>\nXIX. DE UNA CIERTA COINCIDENCIA ENTRE LOS DESTINOS DE LOS JUECES Y DE LOS ABOGADOS<\/p>\n","protected":false},"excerpt":{"rendered":"<p>Buscas un libro Jur\u00eddico.? Lo puedes encontrar en nuestra tienda virtual.<br \/>\nContamos con prestigiosos autores y muchas alternativas en sus diferentes materias al igual que grandes descuentos.! Vis\u00edtanos en <a class=\"zIcAzKdyBxATZYJQoeJUJgsFIQGjWDrXhTrsxj \" href=\"https:\/\/lnkd.in\/eiAG7jdZ\" target=\"_blank\" rel=\"noopener\" data-test-app-aware-link=\"\">https:\/\/lnkd.in\/eiAG7jdZ<\/a><br \/>\nEscr\u00edbenos al +56930565235 \/ <a class=\"zIcAzKdyBxATZYJQoeJUJgsFIQGjWDrXhTrsxj \" href=\"mailto:ventaslegallexglobal@gmail.com\" target=\"_self\" data-test-app-aware-link=\"\">ventaslegallexglobal@gmail.com<\/a><br \/>\nHacemos env\u00edos a todo Chile \u2013 Starken o Correos Chile \/ Te esperamos<\/p>\n","protected":false},"featured_media":2014,"comment_status":"open","ping_status":"closed","template":"","meta":{"inline_featured_image":false,"_joinchat":[]},"product_brand":[],"product_cat":[26,44],"product_tag":[],"class_list":{"0":"post-1984","1":"product","2":"type-product","3":"status-publish","4":"has-post-thumbnail","6":"product_cat-derecho","7":"product_cat-filosofia-del-derecho-y-introduccion","9":"first","10":"instock","11":"shipping-taxable","12":"purchasable","13":"product-type-simple"},"_links":{"self":[{"href":"https:\/\/bibliotecajuridicavirtual.cl\/index.php\/wp-json\/wp\/v2\/product\/1984","targetHints":{"allow":["GET"]}}],"collection":[{"href":"https:\/\/bibliotecajuridicavirtual.cl\/index.php\/wp-json\/wp\/v2\/product"}],"about":[{"href":"https:\/\/bibliotecajuridicavirtual.cl\/index.php\/wp-json\/wp\/v2\/types\/product"}],"replies":[{"embeddable":true,"href":"https:\/\/bibliotecajuridicavirtual.cl\/index.php\/wp-json\/wp\/v2\/comments?post=1984"}],"wp:featuredmedia":[{"embeddable":true,"href":"https:\/\/bibliotecajuridicavirtual.cl\/index.php\/wp-json\/wp\/v2\/media\/2014"}],"wp:attachment":[{"href":"https:\/\/bibliotecajuridicavirtual.cl\/index.php\/wp-json\/wp\/v2\/media?parent=1984"}],"wp:term":[{"taxonomy":"product_brand","embeddable":true,"href":"https:\/\/bibliotecajuridicavirtual.cl\/index.php\/wp-json\/wp\/v2\/product_brand?post=1984"},{"taxonomy":"product_cat","embeddable":true,"href":"https:\/\/bibliotecajuridicavirtual.cl\/index.php\/wp-json\/wp\/v2\/product_cat?post=1984"},{"taxonomy":"product_tag","embeddable":true,"href":"https:\/\/bibliotecajuridicavirtual.cl\/index.php\/wp-json\/wp\/v2\/product_tag?post=1984"}],"curies":[{"name":"wp","href":"https:\/\/api.w.org\/{rel}","templated":true}]}}