{"id":1987,"date":"2026-02-28T00:57:07","date_gmt":"2026-02-28T03:57:07","guid":{"rendered":"https:\/\/bibliotecajuridicavirtual.cl\/?post_type=product&#038;p=1987"},"modified":"2026-02-28T00:57:39","modified_gmt":"2026-02-28T03:57:39","slug":"derecho-administrativo-tomo-iii-la-responsabilidad-del-estado-eduardo-soto-kloss-enero-ano-2025-780-paginas","status":"publish","type":"product","link":"https:\/\/bibliotecajuridicavirtual.cl\/index.php\/product\/derecho-administrativo-tomo-iii-la-responsabilidad-del-estado-eduardo-soto-kloss-enero-ano-2025-780-paginas\/","title":{"rendered":"Derecho Administrativo tomo III &#8211; La Responsabilidad del Estado \/ Eduardo Soto Kloss &#8211; Enero a\u00f1o 2025 &#8211; 780 P\u00e1ginas"},"content":{"rendered":"<p style=\"font-weight: 400;\">En este tomo, el autor explora la compleja noci\u00f3n de la responsabilidad del Estado dentro del marco del Derecho p\u00fablico, destacando su importancia como pilar del Estado de Derecho. El libro ofrece una reflexi\u00f3n cr\u00edtica sobre c\u00f3mo el Derecho, sin la gu\u00eda de la historia y la filosof\u00eda, puede convertirse en un mero juego de normas, perdiendo su esencia de proteger los derechos fundamentales de las personas.<\/p>\n<p style=\"font-weight: 400;\">La obra destaca c\u00f3mo la responsabilidad del Estado debe centrarse en la v\u00edctima, m\u00e1s que en el autor del da\u00f1o, promoviendo la restituci\u00f3n y compensaci\u00f3n por da\u00f1os sufridos. Esto se fundamenta en la Constituci\u00f3n, que prioriza la protecci\u00f3n de los derechos individuales sobre la simple sanci\u00f3n de culpables. A lo largo del texto, se analizan conceptos como la \u201cfalta de servicio\u201d y el \u201cfactor de imputaci\u00f3n\u201d, subrayando la necesidad de una perspectiva objetiva que atienda al resarcimiento de la v\u00edctima.<\/p>\n<p style=\"font-weight: 400;\">El autor tambi\u00e9n aborda la prescripci\u00f3n de acciones procesales y cuestiona la aplicaci\u00f3n de normas de Derecho civil en casos de responsabilidad estatal, enfatizando la necesidad de un enfoque basado en el Derecho p\u00fablico. A trav\u00e9s de un extenso an\u00e1lisis jurisprudencial, que abarca m\u00e1s de un siglo de fallos en Chile, se presenta un homenaje a los jueces que han trabajado por hacer justicia.<\/p>\n<p style=\"font-weight: 400;\"><b><strong>LA RESPONSABILIDAD DEL ESTADO<\/strong><\/b><\/p>\n<ol>\n<li style=\"font-weight: 400;\">La responsabilidad del Estado, una relaci\u00f3n jur\u00eddica<\/li>\n<li style=\"font-weight: 400;\">La responsabilidad del Estado: un retorno a la idea cl\u00e1sica de \u201crestituci\u00f3n\u201d<\/li>\n<li style=\"font-weight: 400;\">La idea de reparaci\u00f3n de un da\u00f1o como restituci\u00f3n de una situaci\u00f3n injusta sufrida por una v\u00edctima<br \/>\n2. La noci\u00f3n de responsabilidad como sanci\u00f3n a una conducta il\u00edcita (la irrupci\u00f3n de una noci\u00f3n moral)<br \/>\n3. La reparaci\u00f3n de da\u00f1os producidos por la actividad del Estado: or\u00edgenes. Un enfoque civilista<br \/>\n4. Nuestra tesis: Una visi\u00f3n propiamente jur\u00eddica<br \/>\nAnexo I. Una introducci\u00f3n hist\u00f3rica (indispensable para su debido entendimiento)<br \/>\nAnexo II. Los C\u00e1taros, un invitado insospechado en el tema de la responsabilidad del Estado<\/li>\n<\/ol>\n<p style=\"font-weight: 400;\">III. La responsabilidad del Estado, un principio general del derecho p\u00fablico chileno<\/p>\n<ol>\n<li style=\"font-weight: 400;\">La responsabilidad del Estado, un principio general del derecho chileno<\/li>\n<li style=\"font-weight: 400;\">Bases para una teor\u00eda general de la responsabilidad del Estado-Administraci\u00f3n en el derecho chileno.<\/li>\n<li style=\"font-weight: 400;\">El principio general<br \/>\n2. Normas constitucionales que lo concretan o actualizan<br \/>\n3. Tribunal competente<br \/>\n4. El derecho aplicable<\/li>\n<li style=\"font-weight: 400;\">El r\u00e9gimen chileno de responsabilidad del Estado-Administraci\u00f3n, un r\u00e9gimen constitucional1. Su fundamentaci\u00f3n y su operatividad<br \/>\n2. El art\u00edculo 38 inciso 2o de la Constituci\u00f3n, base fundante del r\u00e9gimen de la responsabilidad del Estado\/Administraci\u00f3n, su origen<\/li>\n<li style=\"font-weight: 400;\">La responsabilidad del Estado: caracter\u00edsticas<\/li>\n<\/ol>\n<p style=\"font-weight: 400;\">Anexo. Domic Bezic y otros c\/Fisco<\/p>\n<p style=\"font-weight: 400;\">VII. Falta de servicio del Estado-Administraci\u00f3n<\/p>\n<ol>\n<li style=\"font-weight: 400;\">Sobre la idea, noci\u00f3n o concepto de \u201cfalta de servicio\u201d en Chile<br \/>\n1.1. Un breve recuento hist\u00f3rico<br \/>\n1.2. La idea de \u201cfalta de servicio\u201d<br \/>\n1.3. El art\u00edculo 44\/42 de la Ley No 18.575\/1986<\/li>\n<li style=\"font-weight: 400;\">Falta de servicio. \u00bfR\u00e9gimen general de la responsabilidad del Estado-Administraci\u00f3n en Chile? El derecho \u00bfarte de magia?<br \/>\n2.1. \u00bfLa responsabilidad del Estado no tendr\u00eda sustento en la Constituci\u00f3n?<br \/>\n2.2. \u00bfLa regulaci\u00f3n de la responsabilidad del Estado la habr\u00eda reenviado la Constituci\u00f3n a la ley?<br \/>\n2.3. \u00bfLa ley habr\u00eda configurado la regulaci\u00f3n de la responsabilidad del Estado-Administraci\u00f3n sobre la idea de la falta de servicio?<br \/>\nAnexo. \u00bfEs la \u201cfalta del servicio\u201d el r\u00e9gimen franc\u00e9s de la responsabilidad del Estado-Administraci\u00f3n? (a prop\u00f3sito de Seguel Cares, Fern\u00e1ndez Rodr\u00edguez y Delorenzo Galilea)<\/li>\n<\/ol>\n<p style=\"font-weight: 400;\">VIII. Falta de servicio \u00bffactor de imputaci\u00f3n de la responsabilidad del Estado-Administraci\u00f3n? En busca de la coherencia perdida. Tertium non datur<br \/>\nAnexo. Hern\u00e1ndez Espinoza c\/Servicio de Salud de Concepci\u00f3n<\/p>\n<ol>\n<li style=\"font-weight: 400;\">La responsabilidad del Estado-Administraci\u00f3n y su imprescriptibilidad en el derecho chileno<\/li>\n<li style=\"font-weight: 400;\">La responsabilidad del Estado \u00bfResulta operativa s\u00f3lo en virtud de la Ley No 18.575 de 1986?<br \/>\n2. Fallos recientes de la Corte Suprema (4a sala): aplicaci\u00f3n del C\u00f3digo Civil<br \/>\n3. \u00bfEs la responsabilidad del Estado una responsabilidad \u201cextracontractual\u201d como para aplicarle las normas reguladoras del C\u00f3digo Civil en la materia?<br \/>\n4. Conclusiones<\/li>\n<\/ol>\n<p style=\"font-weight: 400;\">Anexo I. Ochoa c\/Fisco<br \/>\nAnexo II. Portales y otros c\/Fisco<br \/>\nAnexo III. Hexag\u00f3n Limitada c\/Servicio de Impuestos Internos<br \/>\nAnexo IV. Aedo Alarc\u00f3n c\/Fisco<\/p>\n<p style=\"font-weight: 400;\"><b><strong>LA JURISPRUDENCIA SUPREMA<\/strong><\/b><br \/>\n<b><strong>RESPONSABILIDAD DEL ESTADO FISCO<\/strong><\/b><\/p>\n<ol>\n<li style=\"font-weight: 400;\">Da\u00f1os producidos a particulares en raz\u00f3n del bien com\u00fan<\/li>\n<li style=\"font-weight: 400;\">\u00c1balos c\/Fisco<br \/>\n2. Sociedad Fuchs y Plath c\/Fisco<br \/>\n3. Comunidad Galletu\u00e9 c\/Fisco<br \/>\n4. Productos Fern\u00e1ndez S.A. c\/Fisco<\/li>\n<li style=\"font-weight: 400;\">Da\u00f1os producidos por Fuerzas Armadas<\/li>\n<li style=\"font-weight: 400;\">Ej\u00e9rcito de Chile<\/li>\n<li style=\"font-weight: 400;\">Chile bajo dos Gobiernos y dos administraciones<br \/>\n2. Armada de Chile<br \/>\n3. Fuerza A\u00e9rea de Chile<\/li>\n<\/ol>\n<p style=\"font-weight: 400;\">III. Da\u00f1os producidos por Fuerzas de Orden y Seguridad<\/p>\n<ol>\n<li style=\"font-weight: 400;\">Carabineros de Chile<br \/>\n2. Gendarmer\u00eda de Chile<br \/>\n3. Polic\u00eda de Investigaciones de Chile<\/li>\n<li style=\"font-weight: 400;\">Da\u00f1os producidos por Servicios P\u00fablicos<\/li>\n<li style=\"font-weight: 400;\">Servicio de Registro Civil e Identificaci\u00f3n<br \/>\n2. Servicio M\u00e9dico Legal<br \/>\n3. Servicios de Salud<\/li>\n<\/ol>\n<p style=\"font-weight: 400;\">Anexo I. Parada Toloza y otros c\/Servicio de Salud de Concepci\u00f3n<br \/>\nAnexo II. Cort\u00e9s Cort\u00e9s c\/Servicio de Salud de Vi\u00f1a del Mar-Quillota<br \/>\nAnexo III. Baeza Rojas c\/Servicio de Salud de Antofagasta<br \/>\nAnexo IV. Torres Vel\u00e1squez y otros c\/Servicio de Salud de Talcahuano<br \/>\nAnexo V. Urra Reyes c\/Fisco (Hospital Naval)<\/p>\n<ol>\n<li style=\"font-weight: 400;\">Da\u00f1os producidos por Municipalidades<\/li>\n<\/ol>\n<p style=\"font-weight: 400;\">Anexo I. An\u00e1lisis jurisprudencial<br \/>\nAnexo II. Arenera Price Ltda. c\/Municipalidad de Hualp\u00e9n<\/p>\n<p style=\"font-weight: 400;\">Art\u00edculos Monogr\u00e1ficos y Comentarios Jurisprudenciales sobre responsabilidad del Estado-Administraci\u00f3n del autor<\/p>\n","protected":false},"excerpt":{"rendered":"<p>Buscas un libro Jur\u00eddico.? Lo puedes encontrar en nuestra tienda virtual.<br \/>\nContamos con prestigiosos autores y muchas alternativas en sus diferentes materias al igual que grandes descuentos.! Vis\u00edtanos en <a class=\"YYDYAPmgJNiHoOtGRjnLDnVQkrxYpXVJuwxY \" href=\"https:\/\/lnkd.in\/eiAG7jdZ\" target=\"_blank\" rel=\"noopener\" data-test-app-aware-link=\"\">https:\/\/lnkd.in\/eiAG7jdZ<\/a><br \/>\nEscr\u00edbenos al +56930565235 \/ <a class=\"YYDYAPmgJNiHoOtGRjnLDnVQkrxYpXVJuwxY \" href=\"mailto:ventaslegallexglobal@gmail.com\" target=\"_self\" data-test-app-aware-link=\"\">ventaslegallexglobal@gmail.com<\/a><br \/>\nHacemos env\u00edos a todo Chile \u2013 Starken o Correos Chile \/ Te esperamos<\/p>\n","protected":false},"featured_media":2039,"comment_status":"open","ping_status":"closed","template":"","meta":{"inline_featured_image":false,"_joinchat":[]},"product_brand":[],"product_cat":[45,26],"product_tag":[],"class_list":{"0":"post-1987","1":"product","2":"type-product","3":"status-publish","4":"has-post-thumbnail","6":"product_cat-administrativo","7":"product_cat-derecho","9":"first","10":"instock","11":"shipping-taxable","12":"purchasable","13":"product-type-simple"},"_links":{"self":[{"href":"https:\/\/bibliotecajuridicavirtual.cl\/index.php\/wp-json\/wp\/v2\/product\/1987","targetHints":{"allow":["GET"]}}],"collection":[{"href":"https:\/\/bibliotecajuridicavirtual.cl\/index.php\/wp-json\/wp\/v2\/product"}],"about":[{"href":"https:\/\/bibliotecajuridicavirtual.cl\/index.php\/wp-json\/wp\/v2\/types\/product"}],"replies":[{"embeddable":true,"href":"https:\/\/bibliotecajuridicavirtual.cl\/index.php\/wp-json\/wp\/v2\/comments?post=1987"}],"wp:featuredmedia":[{"embeddable":true,"href":"https:\/\/bibliotecajuridicavirtual.cl\/index.php\/wp-json\/wp\/v2\/media\/2039"}],"wp:attachment":[{"href":"https:\/\/bibliotecajuridicavirtual.cl\/index.php\/wp-json\/wp\/v2\/media?parent=1987"}],"wp:term":[{"taxonomy":"product_brand","embeddable":true,"href":"https:\/\/bibliotecajuridicavirtual.cl\/index.php\/wp-json\/wp\/v2\/product_brand?post=1987"},{"taxonomy":"product_cat","embeddable":true,"href":"https:\/\/bibliotecajuridicavirtual.cl\/index.php\/wp-json\/wp\/v2\/product_cat?post=1987"},{"taxonomy":"product_tag","embeddable":true,"href":"https:\/\/bibliotecajuridicavirtual.cl\/index.php\/wp-json\/wp\/v2\/product_tag?post=1987"}],"curies":[{"name":"wp","href":"https:\/\/api.w.org\/{rel}","templated":true}]}}