{"id":1988,"date":"2026-02-28T00:57:07","date_gmt":"2026-02-28T03:57:07","guid":{"rendered":"https:\/\/bibliotecajuridicavirtual.cl\/?post_type=product&#038;p=1988"},"modified":"2026-02-28T00:57:41","modified_gmt":"2026-02-28T03:57:41","slug":"estudios-de-derecho-del-consumo-actas-de-las-xii-jornadas-nacionales-de-derecho-del-consumo-esteban-pereira-fredes-alberto-pino-emhart","status":"publish","type":"product","link":"https:\/\/bibliotecajuridicavirtual.cl\/index.php\/product\/estudios-de-derecho-del-consumo-actas-de-las-xii-jornadas-nacionales-de-derecho-del-consumo-esteban-pereira-fredes-alberto-pino-emhart\/","title":{"rendered":"Estudios de Derecho del Consumo, Actas de las XII Jornadas Nacionales de Derecho del Consumo &#8211; Esteban Pereira Fredes, Alberto Pino Emhart"},"content":{"rendered":"<p class=\"thomsonreuterscl-dynamic-description-0-x-dynamicDescriptionItem\">\u00abEste libro re\u00fane las ponencias expuestas en las XII Jornadas Nacionales de Derecho del Consumo, organizadas por la Universidad Adolfo Ib\u00e1\u00f1ez en su campus Vi\u00f1a del Mar, los d\u00edas 3 y 4 de noviembre del a\u00f1o 2022, con el respaldo de un consorcio de universidades, integrado por las Facultades de Derecho de las Universidades Alberto Hurtado, Andr\u00e9s Bello, Arturo Prat, Aut\u00f3noma de Chile, Cat\u00f3lica de Valpara\u00edso, Cat\u00f3lica del Norte, de Chile, de Talca, Diego Portales y Adolfo Ib\u00e1\u00f1ez, la anfitriona de esta oportunidad.<\/p>\n<p class=\"thomsonreuterscl-dynamic-description-0-x-dynamicDescriptionItem\">En esta ocasi\u00f3n, las 26 exposiciones, todas preparadas y realizadas por profesoras y profesores expertos en esta materia, se centraron en temas tan variados e importantes como: transporte a\u00e9reo, procedimiento de acciones colectivas, responsabilidad civil y consumo, cl\u00e1usulas abusivas, derecho a retracto y garant\u00eda legal, vulnerabilidad y protecci\u00f3n del consumidor, inteligencia artificial en el derecho de consumo, comercio electr\u00f3nico y consumo, protecci\u00f3n del consumidor financiero y, por \u00faltimo, cuestiones generales.\u00bb<\/p>\n<nav class=\"navbar\">\n<div class=\"hamb\">\n<div class=\"menu\">\n<div class=\"content\">\n<div id=\"inicio\" class=\"palette\">Comience a leer la obra<\/div>\n<\/div>\n<\/div>\n<\/div>\n<\/nav>\n<section id=\"indice\">\n<div id=\"container\">\n<p id=\"tomoI\" class=\"IG_IndiceGeneral\">\u00cdndice general<\/p>\n<p class=\"IG_CapituloNumero\" lang=\"es-ES\">Transporte a\u00e9reo<\/p>\n<p class=\"IG_1\" lang=\"es-ES\">Estatutos de responsabilidad civil de las aerol\u00edneas por da\u00f1os causados al consumidor<\/p>\n<p class=\"IG_Autor\" lang=\"es-ES\">Cristian Aedo Barrena<\/p>\n<p class=\"IG_1\" lang=\"es-ES\">Nociones sobre la aplicaci\u00f3n de topes indemnizatorios en caso de destrucci\u00f3n, p\u00e9rdida o aver\u00eda del equipaje a\u00e9reo<\/p>\n<p class=\"IG_Autor\" lang=\"es-ES\">Macarena D\u00edaz de Vald\u00e9s Haase<\/p>\n<p class=\"IG_CapituloNumero\" lang=\"es-ES\">Aspectos probatorios en el derecho del consumo<\/p>\n<p class=\"IG_1\" lang=\"es-ES\">Cuando el remedio es peor que la enfermedad: las cargas din\u00e1micas de la prueba en el derecho del consumo<\/p>\n<p class=\"IG_Autor\" lang=\"es-ES\">Carlos Correa Robles<\/p>\n<p class=\"IG_1\" lang=\"es-ES\">La carga din\u00e1mica de la prueba en los juicios de inter\u00e9s individual del consumidor<\/p>\n<p class=\"IG_Autor\" lang=\"es-ES\">Isabel Warnier Readi<\/p>\n<p class=\"IG_CapituloNumero\" lang=\"es-ES\">Cuestiones generales<\/p>\n<p class=\"IG_1\" lang=\"es-ES\">A prop\u00f3sito de la materia: dos aplicaciones del principio de especialidad normativa en la LPC<\/p>\n<p class=\"IG_Autor\" lang=\"es-ES\">\u00cd\u00f1igo de la Maza Gazmuri<\/p>\n<p class=\"IG_1\" lang=\"es-ES\">Consagraci\u00f3n impl\u00edcita de los derechos del consumidor como garant\u00eda fundamental en la Constituci\u00f3n<\/p>\n<p class=\"IG_Autor\" lang=\"es-ES\">Ana Marchant Jorquera<\/p>\n<p class=\"IG_1\" lang=\"es-ES\">Micro y peque\u00f1as empresas en su rol de consumidoras. Un estatuto con m\u00e1s dudas que certezas<\/p>\n<p class=\"IG_Autor\" lang=\"es-ES\">Eduardo Reveco Soto<\/p>\n<p class=\"IG_1\" lang=\"es-ES\">Gratuidad de los certificados de educaci\u00f3n superior: sobre su justificaci\u00f3n y problem\u00e1tico alcance<\/p>\n<p class=\"IG_Autor\" lang=\"es-ES\">Camilo Santelices Vergara<\/p>\n<p class=\"IG_CapituloNumero ParaOverride-1\" lang=\"es-ES\">Procedimiento de acciones colectivas<\/p>\n<p class=\"IG_1\" lang=\"es-ES\">Protecci\u00f3n de Datos Personales y Responsabilidad Civil: un Enfoque hacia las Acciones Colectivas<\/p>\n<p class=\"IG_Autor\" lang=\"es-ES\">Carlos Andr\u00e9s Dom\u00ednguez Scheid \u2013 Leonardo Javier Castillo C\u00e1rdenas<\/p>\n<p class=\"IG_1\" lang=\"es-ES\">An\u00e1lisis de una d\u00e9cada de acciones colectivas por interrupci\u00f3n de servicios continuos<\/p>\n<p class=\"IG_Autor\" lang=\"es-ES\">Stella Mu\u00f1oz Schiattino \u2013 Constanza Fuentes L\u00f3pez \u2013 An\u00edbal Korn Agusti<\/p>\n<p class=\"IG_1\" lang=\"es-ES\">La incidencia del procedimiento concursal de reorganizaci\u00f3n de la empresa deudora en los procedimientos voluntarios colectivos<\/p>\n<p class=\"IG_Autor\" lang=\"es-ES\">Lourdes Marcela Soria Cardozo<\/p>\n<p class=\"IG_CapituloNumero ParaOverride-2\" lang=\"es-ES\">Responsabilidad civil y consumo<\/p>\n<p class=\"IG_1\" lang=\"es-ES\">La causalidad olvidada en el derecho del consumo<\/p>\n<p class=\"IG_Autor\" lang=\"es-ES\">Fabi\u00e1n Gonz\u00e1lez Cazorla<\/p>\n<p class=\"IG_1\" lang=\"es-ES\">Sobre el recurso a la LPC en el \u00e1mbito de da\u00f1os derivados de la calidad de prestaciones de salud<\/p>\n<p class=\"IG_Autor\" lang=\"es-ES\">Renzo Munita Marambio<\/p>\n<p class=\"IG_1\" lang=\"es-ES\">La responsabilidad de las autopistas concesionadas y el deber de seguridad<\/p>\n<p class=\"IG_Autor\" lang=\"es-ES\">Alberto Pino Emhart<\/p>\n<p class=\"IG_CapituloNumero\" lang=\"es-ES\">Cl\u00e1usulas abusivas<\/p>\n<p class=\"IG_1\" lang=\"es-ES\">La regla de interpretaci\u00f3n\u00a0<span class=\"TextoI\" lang=\"\">contra<\/span>\u00a0<span class=\"TextoI\" lang=\"\">proferentem<\/span>\u00a0y los controles de incorporaci\u00f3n y de contenido. Criterios de preferencia y delimitaci\u00f3n<\/p>\n<p class=\"IG_Autor\" lang=\"es-ES\">Sebasti\u00e1n Nicol\u00e1s Campos Micin<\/p>\n<p class=\"IG_1\" lang=\"es-ES\">La influencia europea en la regulaci\u00f3n de las cl\u00e1usulas abusivas en algunos pa\u00edses latinoamericanos<\/p>\n<p class=\"IG_Autor\" lang=\"es-ES\">Mar\u00eda Elisa Morales Ortiz<\/p>\n<p class=\"IG_CapituloNumero\" lang=\"es-ES\">Derecho a retracto y garant\u00eda legal<\/p>\n<p class=\"IG_1\" lang=\"es-ES\">An\u00e1lisis cr\u00edtico del derecho a retracto en los contratos celebrados por medios electr\u00f3nicos: modificaciones introducidas por la Ley N\u00ba 21.398<\/p>\n<p class=\"IG_Autor\" lang=\"es-ES\">Ruperto Pinochet Olave<\/p>\n<p class=\"IG_1\" lang=\"es-ES\">La garant\u00eda legal de los servicios y su necesidad de establecer el \u201cderecho de opci\u00f3n\u201d<\/p>\n<p class=\"IG_Autor\" lang=\"es-ES\">Andr\u00e9s Salas Retamal<\/p>\n<p class=\"IG_CapituloNumero\" lang=\"es-ES\">Vulnerabilidad y protecci\u00f3n del consumidor<\/p>\n<p class=\"IG_1\" lang=\"es-ES\">La tutela del adulto mayor en tanto consumidor hipervulnerable ante la publicidad enga\u00f1osa<\/p>\n<p class=\"IG_Autor\" lang=\"es-ES\">Nicol\u00e1s Malla Castell\u00f3<\/p>\n<p class=\"IG_1\" lang=\"es-ES\">La vulnerabilidad como categor\u00eda en las relaciones contractuales y de consumo<\/p>\n<p class=\"IG_Autor\" lang=\"es-ES\">Esteban Pereira Fredes<\/p>\n<p class=\"IG_CapituloNumero\" lang=\"es-ES\">Inteligencia artificial en el derecho de consumo<\/p>\n<p class=\"IG_1\" lang=\"es-ES\">Sistemas de inteligencia artificial en las relaciones contractuales de consumo. Deberes y desaf\u00edos<\/p>\n<p class=\"IG_Autor\" lang=\"es-ES\">Mar\u00eda Magdalena Bustos D\u00edaz<\/p>\n<p class=\"IG_1\" lang=\"es-ES\">Responsabilidad respecto de los da\u00f1os provocados por dispositivos m\u00e9dicos basados en inteligencia artificial. Argumentos para su tratamiento en sede de consumo<\/p>\n<p class=\"IG_Autor\" lang=\"es-ES\">Edison Ramiro Calahorrano Latorre<\/p>\n<p class=\"IG_CapituloNumero\" lang=\"es-ES\">Comercio electr\u00f3nico y consumo<\/p>\n<p class=\"IG_1\" lang=\"es-ES\">La influencia de la organizaci\u00f3n para la cooperaci\u00f3n y el desarrollo econ\u00f3mico, OCDE, en las reglas chilenas de protecci\u00f3n al consumidor en comercio electr\u00f3nico<\/p>\n<p class=\"IG_Autor\" lang=\"es-ES\">Betty Mart\u00ednez-C\u00e1rdenas<\/p>\n<p class=\"IG_1\" lang=\"es-ES\">La tutela del consumidor electr\u00f3nico en el derecho chileno: justificaci\u00f3n, alcance y desaf\u00edos pendientes<\/p>\n<p class=\"IG_Autor\" lang=\"es-ES\">Patricia Ver\u00f3nica L\u00f3pez D\u00edaz<\/p>\n<p class=\"IG_CapituloNumero\" lang=\"es-ES\">Protecci\u00f3n del consumidor financiero<\/p>\n<p class=\"IG_1\" lang=\"es-ES\">Debido conocimiento del cliente. M\u00e1s all\u00e1 del est\u00e1ndar promedio de cuidado<\/p>\n<p class=\"IG_Autor\" lang=\"es-ES\">Miguel Ernesto Arias Mora \u2013 Patricio Ariel Cornejo Gonz\u00e1lez<\/p>\n<p class=\"IG_1\" lang=\"es-ES\">La delimitaci\u00f3n del cobro de comisiones en el marco de las operaciones de cr\u00e9dito de dinero: una primera lectura cr\u00edtica del art\u00edculo 19 ter de la Ley N\u00ba 18.010 y de la Norma de Car\u00e1cter General N\u00ba 484 de la Comisi\u00f3n para el Mercado Financiero<\/p>\n<p class=\"IG_Autor\" lang=\"es-ES\">Juan Luis Goldenberg Serrano<\/p>\n<\/div>\n<\/section>\n","protected":false},"excerpt":{"rendered":"<p>1\u00b0 edici\u00f3n a\u00f1o\u00a0 2025 \/ 488 P\u00e1ginas<\/p>\n<p>Buscas un libro Jur\u00eddico.? Lo puedes encontrar en nuestra tienda virtual.<br \/>\nContamos con prestigiosos autores y muchas alternativas en sus diferentes materias al igual que grandes descuentos.! Vis\u00edtanos en <a class=\"YYDYAPmgJNiHoOtGRjnLDnVQkrxYpXVJuwxY \" href=\"https:\/\/lnkd.in\/eiAG7jdZ\" target=\"_blank\" rel=\"noopener\" data-test-app-aware-link=\"\">https:\/\/lnkd.in\/eiAG7jdZ<\/a><br \/>\nEscr\u00edbenos al +56930565235 \/ <a class=\"YYDYAPmgJNiHoOtGRjnLDnVQkrxYpXVJuwxY \" href=\"mailto:ventaslegallexglobal@gmail.com\" target=\"_self\" data-test-app-aware-link=\"\">ventaslegallexglobal@gmail.com<\/a><br \/>\nHacemos env\u00edos a todo Chile \u2013 Starken o Correos Chile \/ Te esperamos<\/p>\n","protected":false},"featured_media":2040,"comment_status":"open","ping_status":"closed","template":"","meta":{"inline_featured_image":false,"_joinchat":[]},"product_brand":[],"product_cat":[27,26],"product_tag":[],"class_list":{"0":"post-1988","1":"product","2":"type-product","3":"status-publish","4":"has-post-thumbnail","6":"product_cat-civil","7":"product_cat-derecho","9":"first","10":"instock","11":"shipping-taxable","12":"purchasable","13":"product-type-simple"},"_links":{"self":[{"href":"https:\/\/bibliotecajuridicavirtual.cl\/index.php\/wp-json\/wp\/v2\/product\/1988","targetHints":{"allow":["GET"]}}],"collection":[{"href":"https:\/\/bibliotecajuridicavirtual.cl\/index.php\/wp-json\/wp\/v2\/product"}],"about":[{"href":"https:\/\/bibliotecajuridicavirtual.cl\/index.php\/wp-json\/wp\/v2\/types\/product"}],"replies":[{"embeddable":true,"href":"https:\/\/bibliotecajuridicavirtual.cl\/index.php\/wp-json\/wp\/v2\/comments?post=1988"}],"wp:featuredmedia":[{"embeddable":true,"href":"https:\/\/bibliotecajuridicavirtual.cl\/index.php\/wp-json\/wp\/v2\/media\/2040"}],"wp:attachment":[{"href":"https:\/\/bibliotecajuridicavirtual.cl\/index.php\/wp-json\/wp\/v2\/media?parent=1988"}],"wp:term":[{"taxonomy":"product_brand","embeddable":true,"href":"https:\/\/bibliotecajuridicavirtual.cl\/index.php\/wp-json\/wp\/v2\/product_brand?post=1988"},{"taxonomy":"product_cat","embeddable":true,"href":"https:\/\/bibliotecajuridicavirtual.cl\/index.php\/wp-json\/wp\/v2\/product_cat?post=1988"},{"taxonomy":"product_tag","embeddable":true,"href":"https:\/\/bibliotecajuridicavirtual.cl\/index.php\/wp-json\/wp\/v2\/product_tag?post=1988"}],"curies":[{"name":"wp","href":"https:\/\/api.w.org\/{rel}","templated":true}]}}