{"id":1989,"date":"2026-02-28T00:57:07","date_gmt":"2026-02-28T03:57:07","guid":{"rendered":"https:\/\/bibliotecajuridicavirtual.cl\/?post_type=product&#038;p=1989"},"modified":"2026-02-28T00:57:42","modified_gmt":"2026-02-28T03:57:42","slug":"doblemente-discriminado-el-fenomeno-de-la-interseccionalidad-dominnique-luan-ramos-1edicion-ano-2025-511-pag","status":"publish","type":"product","link":"https:\/\/bibliotecajuridicavirtual.cl\/index.php\/product\/doblemente-discriminado-el-fenomeno-de-la-interseccionalidad-dominnique-luan-ramos-1edicion-ano-2025-511-pag\/","title":{"rendered":"Doblemente Discriminado, El Fen\u00f3meno de la Interseccionalidad &#8211; Dominnique Luan Ramos \/ 1\u00b0edici\u00f3n a\u00f1o 2025 &#8211; 511 P\u00e1g."},"content":{"rendered":"<p class=\"thomsonreuterscl-dynamic-description-0-x-dynamicDescriptionItem\">Esta obra retrata los avances en materias de igualdad y no discriminaci\u00f3n realizando una compilaci\u00f3n de las categor\u00edas contempor\u00e1neas de esta.<\/p>\n<p class=\"thomsonreuterscl-dynamic-description-0-x-dynamicDescriptionItem\">De igual forma, analiza la vulnerabilidad humana como condici\u00f3n propia de esta y la situaci\u00f3n de exclusi\u00f3n social en que se encuentran los denominados grupos en situaci\u00f3n de vulnerabilidad.<\/p>\n<p class=\"thomsonreuterscl-dynamic-description-0-x-dynamicDescriptionItem\">A su vez, se realiza una distinci\u00f3n doctrinal entre dos de las categor\u00edas contempor\u00e1neas de discriminaci\u00f3n, la discriminaci\u00f3n m\u00faltiple e interseccional, analizando los or\u00edgenes de esta \u00faltima y verificando las etapas de su evoluci\u00f3n y asentamiento como principio del Derecho, siendo ya reconocido como tal por los Comit\u00e9s de Expertos de Naciones Unidas, adem\u00e1s de su incorporaci\u00f3n a los criterios jurisprudenciales de los Tribunales regionales de los sistemas europeo, interamericano y africano, demostrando as\u00ed su nivel de transversalidad, lo que reafirma su calidad de principio.<\/p>\n<nav class=\"navbar\">\n<div class=\"hamb\">\n<div class=\"menu\">\n<div class=\"content\">\n<div id=\"inicio\" class=\"palette\">Presentaci\u00f3n<\/div>\n<\/div>\n<\/div>\n<\/div>\n<\/nav>\n<section id=\"indice\">\n<div id=\"container\">\n<p id=\"tomoI\" class=\"IG_IndiceGeneral\">\u00cdndice general<\/p>\n<p class=\"IG_1\" lang=\"es-ES\">Agradecimientos<\/p>\n<p class=\"IG_1\" lang=\"es-ES\">Presentaci\u00f3n<\/p>\n<p class=\"IG_1\" lang=\"es-ES\">Introducci\u00f3n<\/p>\n<p class=\"IG_CapituloNumero\" lang=\"es-ES\"><span class=\"CharOverride-1\" lang=\"\">Cap\u00edtulo I<\/span><\/p>\n<p class=\"IG_Capitulo\" lang=\"es-ES\"><span class=\"CharOverride-1\" lang=\"\">Igualdad y no discriminaci\u00f3n: evoluci\u00f3n, desarrollo y contenido<\/span><\/p>\n<p class=\"IG_1\" lang=\"es-ES\">1. La igualdad<\/p>\n<p class=\"IG_2\" lang=\"es-ES\">1.1. Algunas nociones introductorias sobre la igualdad<\/p>\n<p class=\"IG_2\" lang=\"es-ES\">1.2. La denominada igualdad formal<\/p>\n<p class=\"IG_2\" lang=\"es-ES\">1.3. Igualdad formal, \u00bfigualdad material?<\/p>\n<p class=\"IG_2\" lang=\"es-ES\">1.4. Algunas reflexiones sobre la denominada igualdad sustantiva \u00bfes lo mismo que la igualdad material?<\/p>\n<p class=\"IG_1\" lang=\"es-ES\">2. Principio de no discriminaci\u00f3n, cl\u00e1usulas de prohibici\u00f3n de discriminaci\u00f3n, criterios prohibidos y categor\u00edas sospechosas de discriminaci\u00f3n, tipolog\u00eda<\/p>\n<p class=\"IG_2\" lang=\"es-ES\">2.1. Principio de no discriminaci\u00f3n, algunas nociones introductorias<\/p>\n<p class=\"IG_2\" lang=\"es-ES\">2.2. Cl\u00e1usulas de no discriminaci\u00f3n<\/p>\n<p class=\"IG_3\" lang=\"es-ES\">2.2.1. Cl\u00e1usulas subordinadas, incorporadas y aut\u00f3nomas<\/p>\n<p class=\"IG_4\" lang=\"es-ES\">2.2.1.1. Cl\u00e1usulas subordinadas<\/p>\n<p class=\"IG_4\" lang=\"es-ES\">2.2.1.2. Cl\u00e1usulas aut\u00f3nomas<\/p>\n<p class=\"IG_4\" lang=\"es-ES\">2.2.1.3. Cl\u00e1usulas incorporadas<\/p>\n<p class=\"IG_4\" lang=\"es-ES\">2.2.1.4. Cl\u00e1usulas abiertas y cerradas<\/p>\n<p class=\"IG_2\" lang=\"es-ES\">2.3. Categor\u00edas prohibidas y criterios sospechosos de discriminaci\u00f3n<\/p>\n<p class=\"IG_3\" lang=\"es-ES\">2.3.1. Categor\u00edas prohibidas de discriminaci\u00f3n<\/p>\n<p class=\"IG_3\" lang=\"es-ES\">2.3.2. Criterios sospechosos discriminaci\u00f3n<\/p>\n<p class=\"IG_2\" lang=\"es-ES\">2.4. Tipolog\u00eda de la discriminaci\u00f3n<\/p>\n<p class=\"IG_3\" lang=\"es-ES\">2.4.1. Discriminaci\u00f3n directa e indirecta<\/p>\n<p class=\"IG_4\" lang=\"es-ES\">2.4.1.1. Discriminaci\u00f3n directa<\/p>\n<p class=\"IG_4\" lang=\"es-ES\">2.4.1.2. Discriminaci\u00f3n indirecta<\/p>\n<p class=\"IG_3\" lang=\"es-ES\">2.4.2. Discriminaci\u00f3n por indiferenciaci\u00f3n y otras clasificaciones contempor\u00e1neas<\/p>\n<p class=\"IG_4\" lang=\"es-ES\">2.4.2.1. Discriminaci\u00f3n por indiferenciaci\u00f3n<\/p>\n<p class=\"IG_4\" lang=\"es-ES\">2.4.2.2. Discriminaci\u00f3n por acoso y por instrucci\u00f3n de discriminar<\/p>\n<p class=\"IG_4\" lang=\"es-ES\">2.4.2.3. Discriminaci\u00f3n por asociaci\u00f3n<\/p>\n<p class=\"IG_4\" lang=\"es-ES\">2.4.2.4. Discriminaci\u00f3n por percepci\u00f3n<\/p>\n<p class=\"IG_3\" lang=\"es-ES\">2.4.3. Discriminaci\u00f3n estructural<\/p>\n<p class=\"IG_CapituloNumero\" lang=\"es-ES\"><span class=\"CharOverride-1\" lang=\"\">Cap\u00edtulo II<\/span><\/p>\n<p class=\"IG_Capitulo\" lang=\"es-ES\"><span class=\"CharOverride-1\" lang=\"\">Grupos vulnerables, discriminaci\u00f3n m\u00faltiple e interseccionalidad<\/span><\/p>\n<p class=\"IG_1\" lang=\"es-ES\">Algunas reflexiones introductorias<\/p>\n<p class=\"IG_1\" lang=\"es-ES\">1. Vulnerabilidad y grupos vulnerables<\/p>\n<p class=\"IG_2\" lang=\"es-ES\">1.1. La vulnerabilidad humana<\/p>\n<p class=\"IG_2\" lang=\"es-ES\">1.2. Grupos vulnerables<\/p>\n<p class=\"IG_3\" lang=\"es-ES\">1.2.1. Tratamiento del\u00a0<span class=\"TextoI\" lang=\"\">hard law<\/span>\u00a0a los grupos vulnerables<\/p>\n<p class=\"IG_3\" lang=\"es-ES\">1.2.2. Tratamiento del\u00a0<span class=\"TextoI\" lang=\"\">soft law<\/span>\u00a0a los grupos vulnerables<\/p>\n<p class=\"IG_1\" lang=\"es-ES\">2. Discriminaciones m\u00faltiples<\/p>\n<p class=\"IG_2\" lang=\"es-ES\">2.1. Discriminaci\u00f3n m\u00faltiple e interseccional, aclaraci\u00f3n conceptual<\/p>\n<p class=\"IG_3\" lang=\"es-ES\">2.1.1. Discriminaci\u00f3n m\u00faltiple<\/p>\n<p class=\"IG_2\" lang=\"es-ES\">2.2. Tratamiento de las discriminaciones m\u00faltiples en el derecho internacional<\/p>\n<p class=\"IG_3\" lang=\"es-ES\">2.2.1. Tratamiento de la discriminaci\u00f3n m\u00faltiple a nivel de\u00a0<span class=\"TextoI\" lang=\"\">hard law<\/span><\/p>\n<p class=\"IG_3\" lang=\"es-ES\">2.2.2. Tratamiento de la discriminaci\u00f3n m\u00faltiple a nivel de\u00a0<span class=\"TextoI\" lang=\"\">soft law<\/span><\/p>\n<p class=\"IG_1\" lang=\"es-ES\">3. Discriminaci\u00f3n interseccional: or\u00edgenes, contenido y desarrollo<\/p>\n<p class=\"IG_2\" lang=\"es-ES\">3.1. Discriminaci\u00f3n interseccional, or\u00edgenes<\/p>\n<p class=\"IG_2\" lang=\"es-ES\">3.2. Su aplicaci\u00f3n a las mujeres y su extensi\u00f3n a otros grupos vulnerables<\/p>\n<p class=\"IG_3\" lang=\"es-ES\">3.2.1. Discriminaci\u00f3n interseccional en resoluciones de \u00d3rganos de Tratados y Naciones Unidas<\/p>\n<p class=\"IG_CapituloNumero\" lang=\"es-ES\"><span class=\"CharOverride-1\" lang=\"\">Cap\u00edtulo III<\/span><\/p>\n<p class=\"IG_Capitulo\" lang=\"es-ES\"><span class=\"CharOverride-1\" lang=\"\">Asentamiento de la discriminaci\u00f3n interseccional a nivel de jurisprudencia internacional<\/span><\/p>\n<p class=\"IG_1\" lang=\"es-ES\">1. Discriminaci\u00f3n interseccional en la jurisdicci\u00f3n internacional<\/p>\n<p class=\"IG_2\" lang=\"es-ES\">1.1. Discriminaci\u00f3n interseccional en \u00f3rganos de tratados<\/p>\n<p class=\"IG_3\" lang=\"es-ES\">1.1.1. G\u00e9nero y religi\u00f3n<\/p>\n<p class=\"IG_3\" lang=\"es-ES\">1.1.2. G\u00e9nero y origen \u00e9tnico<\/p>\n<p class=\"IG_3\" lang=\"es-ES\">1.1.3. G\u00e9nero y otras vulnerabilidades<\/p>\n<p class=\"IG_3\" lang=\"es-ES\">1.1.4. Vulnerabilidades distintas al g\u00e9nero<\/p>\n<p class=\"IG_1\" lang=\"es-ES\">2. Discriminaci\u00f3n interseccional en la jurisprudencia regional de derechos humanos<\/p>\n<p class=\"IG_2\" lang=\"es-ES\">2.1. Discriminaci\u00f3n interseccional en la jurisprudencia de la Corte Europea de Derechos Humanos<\/p>\n<p class=\"IG_3\" lang=\"es-ES\">2.1.1. G\u00e9nero y origen \u00e9tnico<\/p>\n<p class=\"IG_3\" lang=\"es-ES\">2.1.2. Condici\u00f3n de salud y otras vulnerabilidades<\/p>\n<p class=\"IG_2\" lang=\"es-ES\">2.2. Discriminaci\u00f3n interseccional en el sistema africano de protecci\u00f3n<\/p>\n<p class=\"IG_2\" lang=\"es-ES\">2.3. Est\u00e1ndares interamericanos relacionados con la discriminaci\u00f3n interseccional<\/p>\n<p class=\"IG_3\" lang=\"es-ES\">2.3.1. G\u00e9nero, sexo, o identidad de g\u00e9nero<\/p>\n<p class=\"IG_3\" lang=\"es-ES\">2.3.2. Ni\u00f1os, ni\u00f1as y adolescentes<\/p>\n<p class=\"IG_3\" lang=\"es-ES\">2.3.3. Actividad laboral o social<\/p>\n<p class=\"IG_3\" lang=\"es-ES\">2.3.4. Posici\u00f3n econ\u00f3mica de las v\u00edctimas<\/p>\n<p class=\"IG_3\" lang=\"es-ES\">2.3.5. Condici\u00f3n de salud de las v\u00edctimas<\/p>\n<p class=\"IG_1\" lang=\"es-ES\">Conclusiones<\/p>\n<p class=\"IG_1\" lang=\"es-ES\">Bibliograf\u00eda<\/p>\n<p class=\"IG_2\" lang=\"es-ES\">Tratados y declaraciones<\/p>\n<p class=\"IG_2\" lang=\"es-ES\">Jurisprudencia<\/p>\n<p class=\"IG_2\" lang=\"es-ES\">Opiniones consultivas<\/p>\n<p class=\"IG_2\" lang=\"es-ES\">Resoluciones organismos internacionales<\/p>\n<\/div>\n<\/section>\n","protected":false},"excerpt":{"rendered":"<p>Buscas un libro Jur\u00eddico.? Lo puedes encontrar en nuestra tienda virtual.<br \/>\nContamos con prestigiosos autores y muchas alternativas en sus diferentes materias al igual que grandes descuentos.! Vis\u00edtanos en <a class=\"YYDYAPmgJNiHoOtGRjnLDnVQkrxYpXVJuwxY \" href=\"https:\/\/lnkd.in\/eiAG7jdZ\" target=\"_blank\" rel=\"noopener\" data-test-app-aware-link=\"\">https:\/\/lnkd.in\/eiAG7jdZ<\/a><br \/>\nEscr\u00edbenos al +56930565235 \/ <a class=\"YYDYAPmgJNiHoOtGRjnLDnVQkrxYpXVJuwxY \" href=\"mailto:ventaslegallexglobal@gmail.com\" target=\"_self\" data-test-app-aware-link=\"\">ventaslegallexglobal@gmail.com<\/a><br \/>\nHacemos env\u00edos a todo Chile \u2013 Starken o Correos Chile \/ Te esperamos<\/p>\n","protected":false},"featured_media":2041,"comment_status":"open","ping_status":"closed","template":"","meta":{"inline_featured_image":false,"_joinchat":[]},"product_brand":[],"product_cat":[27,26],"product_tag":[],"class_list":{"0":"post-1989","1":"product","2":"type-product","3":"status-publish","4":"has-post-thumbnail","6":"product_cat-civil","7":"product_cat-derecho","9":"first","10":"instock","11":"shipping-taxable","12":"purchasable","13":"product-type-simple"},"_links":{"self":[{"href":"https:\/\/bibliotecajuridicavirtual.cl\/index.php\/wp-json\/wp\/v2\/product\/1989","targetHints":{"allow":["GET"]}}],"collection":[{"href":"https:\/\/bibliotecajuridicavirtual.cl\/index.php\/wp-json\/wp\/v2\/product"}],"about":[{"href":"https:\/\/bibliotecajuridicavirtual.cl\/index.php\/wp-json\/wp\/v2\/types\/product"}],"replies":[{"embeddable":true,"href":"https:\/\/bibliotecajuridicavirtual.cl\/index.php\/wp-json\/wp\/v2\/comments?post=1989"}],"wp:featuredmedia":[{"embeddable":true,"href":"https:\/\/bibliotecajuridicavirtual.cl\/index.php\/wp-json\/wp\/v2\/media\/2041"}],"wp:attachment":[{"href":"https:\/\/bibliotecajuridicavirtual.cl\/index.php\/wp-json\/wp\/v2\/media?parent=1989"}],"wp:term":[{"taxonomy":"product_brand","embeddable":true,"href":"https:\/\/bibliotecajuridicavirtual.cl\/index.php\/wp-json\/wp\/v2\/product_brand?post=1989"},{"taxonomy":"product_cat","embeddable":true,"href":"https:\/\/bibliotecajuridicavirtual.cl\/index.php\/wp-json\/wp\/v2\/product_cat?post=1989"},{"taxonomy":"product_tag","embeddable":true,"href":"https:\/\/bibliotecajuridicavirtual.cl\/index.php\/wp-json\/wp\/v2\/product_tag?post=1989"}],"curies":[{"name":"wp","href":"https:\/\/api.w.org\/{rel}","templated":true}]}}