{"id":1990,"date":"2026-02-28T00:57:07","date_gmt":"2026-02-28T03:57:07","guid":{"rendered":"https:\/\/bibliotecajuridicavirtual.cl\/?post_type=product&#038;p=1990"},"modified":"2026-02-28T00:57:43","modified_gmt":"2026-02-28T03:57:43","slug":"derecho-procesal-de-familia-para-litigantes-philipe-llulle-y-patricia-arevalo-ayala-edicion-actualizada-ano-2025-409-pag","status":"publish","type":"product","link":"https:\/\/bibliotecajuridicavirtual.cl\/index.php\/product\/derecho-procesal-de-familia-para-litigantes-philipe-llulle-y-patricia-arevalo-ayala-edicion-actualizada-ano-2025-409-pag\/","title":{"rendered":"Derecho Procesal de Familia para Litigantes &#8211; Philipe Llulle y Patricia Arevalo Ayala &#8211; edici\u00f3n actualizada a\u00f1o 2025, 409 P\u00e1g."},"content":{"rendered":"<p>El presente libro est\u00e1 pensado para los abogados litigantes de familia, siendo absolutamente pr\u00e1cticos, prescindimos de estudiar la parte org\u00e1nica de los tribunales de Familia, incluyendo su competencia absoluta.<br \/>\nEn vez de lo anterior, estimamos mucho m\u00e1s \u00fatil saber con qu\u00e9 letra<br \/>\nnosotros los abogados litigantes debemos ingresar nuestra demanda o<br \/>\nsolicitud al poder judicial para iniciar efectivamente el procedimiento<br \/>\nque queremos.<br \/>\nPor otro lado, como es habitual esperar pasar por mediaci\u00f3n<br \/>\npara demandar, abordamos el estudio de la mediaci\u00f3n familiar, pero<br \/>\ncongruente con lo expresado en el primer p\u00e1rrafo, no abordamos su parte relativa a la persona misma del mediador, sino m\u00e1s bien estudiamos aquella parte perteneciente al procedimiento o din\u00e1mica misma de la mediaci\u00f3n. Adem\u00e1s, no nos atrae la mediaci\u00f3n en s\u00ed ya que m\u00e1s<br \/>\nque un mal necesario, la consideramos un mal prescindible. Muchas<br \/>\nveces sirve s\u00f3lo para encarecer los costos de un juicio, o bien, para dilatar demandas cuando se sabe de antemano que no existe posibilidad alguna de acuerdo.<\/p>\n","protected":false},"excerpt":{"rendered":"<p>EL NUEVO PROCEDIMIENTO DE VIOLENCIA DE G\u00c9NERO \/ Pr\u00e1ctica Forense Relevante<\/p>\n<p>Buscas un libro Jur\u00eddico.? Lo puedes encontrar en nuestra tienda virtual.<br \/>\nContamos con prestigiosos autores y muchas alternativas en sus diferentes materias al igual que grandes descuentos.! Vis\u00edtanos en <a class=\"YYDYAPmgJNiHoOtGRjnLDnVQkrxYpXVJuwxY \" href=\"https:\/\/lnkd.in\/eiAG7jdZ\" target=\"_blank\" rel=\"noopener\" data-test-app-aware-link=\"\">https:\/\/lnkd.in\/eiAG7jdZ<\/a><br \/>\nEscr\u00edbenos al +56930565235 \/ <a class=\"YYDYAPmgJNiHoOtGRjnLDnVQkrxYpXVJuwxY \" href=\"mailto:ventaslegallexglobal@gmail.com\" target=\"_self\" data-test-app-aware-link=\"\">ventaslegallexglobal@gmail.com<\/a><br \/>\nHacemos env\u00edos a todo Chile \u2013 Starken o Correos Chile \/ Te esperamos<\/p>\n","protected":false},"featured_media":2042,"comment_status":"open","ping_status":"closed","template":"","meta":{"inline_featured_image":false,"_joinchat":[]},"product_brand":[],"product_cat":[29,39],"product_tag":[],"class_list":{"0":"post-1990","1":"product","2":"type-product","3":"status-publish","4":"has-post-thumbnail","6":"product_cat-familia-y-del-menor","7":"product_cat-procesal-civil","9":"first","10":"instock","11":"shipping-taxable","12":"purchasable","13":"product-type-simple"},"_links":{"self":[{"href":"https:\/\/bibliotecajuridicavirtual.cl\/index.php\/wp-json\/wp\/v2\/product\/1990","targetHints":{"allow":["GET"]}}],"collection":[{"href":"https:\/\/bibliotecajuridicavirtual.cl\/index.php\/wp-json\/wp\/v2\/product"}],"about":[{"href":"https:\/\/bibliotecajuridicavirtual.cl\/index.php\/wp-json\/wp\/v2\/types\/product"}],"replies":[{"embeddable":true,"href":"https:\/\/bibliotecajuridicavirtual.cl\/index.php\/wp-json\/wp\/v2\/comments?post=1990"}],"wp:featuredmedia":[{"embeddable":true,"href":"https:\/\/bibliotecajuridicavirtual.cl\/index.php\/wp-json\/wp\/v2\/media\/2042"}],"wp:attachment":[{"href":"https:\/\/bibliotecajuridicavirtual.cl\/index.php\/wp-json\/wp\/v2\/media?parent=1990"}],"wp:term":[{"taxonomy":"product_brand","embeddable":true,"href":"https:\/\/bibliotecajuridicavirtual.cl\/index.php\/wp-json\/wp\/v2\/product_brand?post=1990"},{"taxonomy":"product_cat","embeddable":true,"href":"https:\/\/bibliotecajuridicavirtual.cl\/index.php\/wp-json\/wp\/v2\/product_cat?post=1990"},{"taxonomy":"product_tag","embeddable":true,"href":"https:\/\/bibliotecajuridicavirtual.cl\/index.php\/wp-json\/wp\/v2\/product_tag?post=1990"}],"curies":[{"name":"wp","href":"https:\/\/api.w.org\/{rel}","templated":true}]}}