{"id":1992,"date":"2026-02-28T00:57:07","date_gmt":"2026-02-28T03:57:07","guid":{"rendered":"https:\/\/bibliotecajuridicavirtual.cl\/?post_type=product&#038;p=1992"},"modified":"2026-02-28T00:57:44","modified_gmt":"2026-02-28T03:57:44","slug":"codigo-de-procedimiento-civil-edicion-estudiante-ano-2025-actualizado-enj-200-pag","status":"publish","type":"product","link":"https:\/\/bibliotecajuridicavirtual.cl\/index.php\/product\/codigo-de-procedimiento-civil-edicion-estudiante-ano-2025-actualizado-enj-200-pag\/","title":{"rendered":"C\u00f3digo de Procedimiento Civil, edici\u00f3n estudiante a\u00f1o 2025, actualizado &#8211; ENJ \/ 200 P\u00e1g."},"content":{"rendered":"<p>Texto completo del C\u00f3digo de Procedimiento Civil m\u00e1s un Ap\u00e9ndice con las siguientes normas:<\/p>\n<p>Ley N\u00b0 18.120, Establece normas sobre comparecencia\u00a0 en juicio.<\/p>\n<p>Auto Acordado de la Corte Suprema sobre forma de las sentencias.<\/p>\n<p>Ley N\u00b0 20.066, Establece Ley de Violencia Intrafamiliar.<\/p>\n<p>Ley N\u00b0 19.968, crea los Tribunales de Familia.<\/p>\n<p>Ley N\u00b0 20.886, Modifica el C\u00f3digo de Procedimiento Civil, para establecer la tramitaci\u00f3n digital de los procedimientos judiciales.<\/p>\n<p>Ley N\u00b0 21.120, Reconoce y da protecci\u00f3n al derecho a la identidad de g\u00e9nero.<\/p>\n<p>\u00cdNDICE \/ leer mas&#8230;Consulte!<\/p>\n","protected":false},"excerpt":{"rendered":"<p>Buscas un libro Jur\u00eddico.? Lo puedes encontrar en nuestra tienda virtual.<br \/>\nContamos con prestigiosos autores y muchas alternativas en sus diferentes materias al igual que grandes descuentos.! Vis\u00edtanos en <a class=\"YYDYAPmgJNiHoOtGRjnLDnVQkrxYpXVJuwxY \" href=\"https:\/\/lnkd.in\/eiAG7jdZ\" target=\"_blank\" rel=\"noopener\" data-test-app-aware-link=\"\">https:\/\/lnkd.in\/eiAG7jdZ<\/a><br \/>\nEscr\u00edbenos al +56930565235 \/ <a class=\"YYDYAPmgJNiHoOtGRjnLDnVQkrxYpXVJuwxY \" href=\"mailto:ventaslegallexglobal@gmail.com\" target=\"_self\" data-test-app-aware-link=\"\">ventaslegallexglobal@gmail.com<\/a><br \/>\nHacemos env\u00edos a todo Chile \u2013 Starken o Correos Chile \/ Te esperamos<\/p>\n","protected":false},"featured_media":2044,"comment_status":"open","ping_status":"closed","template":"","meta":{"inline_featured_image":false,"_joinchat":[]},"product_brand":[],"product_cat":[26,39],"product_tag":[],"class_list":{"0":"post-1992","1":"product","2":"type-product","3":"status-publish","4":"has-post-thumbnail","6":"product_cat-derecho","7":"product_cat-procesal-civil","9":"first","10":"instock","11":"shipping-taxable","12":"purchasable","13":"product-type-simple"},"_links":{"self":[{"href":"https:\/\/bibliotecajuridicavirtual.cl\/index.php\/wp-json\/wp\/v2\/product\/1992","targetHints":{"allow":["GET"]}}],"collection":[{"href":"https:\/\/bibliotecajuridicavirtual.cl\/index.php\/wp-json\/wp\/v2\/product"}],"about":[{"href":"https:\/\/bibliotecajuridicavirtual.cl\/index.php\/wp-json\/wp\/v2\/types\/product"}],"replies":[{"embeddable":true,"href":"https:\/\/bibliotecajuridicavirtual.cl\/index.php\/wp-json\/wp\/v2\/comments?post=1992"}],"wp:featuredmedia":[{"embeddable":true,"href":"https:\/\/bibliotecajuridicavirtual.cl\/index.php\/wp-json\/wp\/v2\/media\/2044"}],"wp:attachment":[{"href":"https:\/\/bibliotecajuridicavirtual.cl\/index.php\/wp-json\/wp\/v2\/media?parent=1992"}],"wp:term":[{"taxonomy":"product_brand","embeddable":true,"href":"https:\/\/bibliotecajuridicavirtual.cl\/index.php\/wp-json\/wp\/v2\/product_brand?post=1992"},{"taxonomy":"product_cat","embeddable":true,"href":"https:\/\/bibliotecajuridicavirtual.cl\/index.php\/wp-json\/wp\/v2\/product_cat?post=1992"},{"taxonomy":"product_tag","embeddable":true,"href":"https:\/\/bibliotecajuridicavirtual.cl\/index.php\/wp-json\/wp\/v2\/product_tag?post=1992"}],"curies":[{"name":"wp","href":"https:\/\/api.w.org\/{rel}","templated":true}]}}