{"id":2016,"date":"2026-02-28T00:57:33","date_gmt":"2026-02-28T03:57:33","guid":{"rendered":"https:\/\/bibliotecajuridicavirtual.cl\/?post_type=product&#038;p=2016"},"modified":"2026-02-28T00:57:45","modified_gmt":"2026-02-28T03:57:45","slug":"normativa-tributaria-de-precios-de-transferencia-herman-bennett-c-edicion-actualizada-febrero-ano-2025-350-pag","status":"publish","type":"product","link":"https:\/\/bibliotecajuridicavirtual.cl\/index.php\/product\/normativa-tributaria-de-precios-de-transferencia-herman-bennett-c-edicion-actualizada-febrero-ano-2025-350-pag\/","title":{"rendered":"Normativa Tributaria de Precios de Transferencia &#8211; Herman Bennett C. \/ edici\u00f3n actualizada febrero a\u00f1o 2025 &#8211; 350 P\u00e1g."},"content":{"rendered":"<p>Esta obra aborda la normativa tributaria que afecta a los llamados precios de transferencia. Explica el problema tributario que causan estos precios, ilustra c\u00f3mo son usados por las multinacionales para desplazar la base imponible entre pa\u00edses y analiza la regulaci\u00f3n que busca resolver esta situaci\u00f3n, examinando tanto la norma chilena como la de otros pa\u00edses. El autor despliega en su an\u00e1lisis una mirada moderna y multidisciplinaria, complementando la normativa con la literatura actual y con casos recientes de tribunales chilenos e internacionales. Asimismo, integra los principales aspectos legales y econ\u00f3micos que subyacen en esta \u00e1rea del derecho tributario, buscando un texto accesible para los diversos actores que se relacionan con ella, incluyendo abogados, contadores, ingenieros y economistas. La obra tambi\u00e9n crea espacios que invitan a reflexionar sobre los principales desaf\u00edos regulatorios en el escenario nacional y global, entre ellos las reformas Pillar 1 y Pillar 2 que se est\u00e1n elaborando a nivel mundial. A trav\u00e9s de todo el an\u00e1lisis, se intercalan ejemplos que ilustran y ayudan a capturar la esencia de los temas tratados. Un libro indispensable en materia de precios de transferencia, que sin duda ampliar\u00e1 la vista de los lectores.<\/p>\n<p>\u00cdndice<br \/>\nAgradecimientos\u00a0\u00a0 \u00a0\u00a0\u00a0 \u00a011<br \/>\nRese\u00f1a del autor\u00a0\u00a0 \u00a0\u00a0\u00a0 \u00a013<br \/>\nAbreviaturas, acr\u00f3nimos y otros t\u00e9rminos\u00a0\u00a0 \u00a0\u00a0\u00a0 \u00a015<br \/>\nEnfoque y estructura del libro\u00a0\u00a0 \u00a0\u00a0\u00a0 \u00a019<br \/>\nCap\u00edtulo 1<br \/>\nConceptos generales<br \/>\n1.\u00a0\u00a0 \u00a0DEFINICI\u00d3N B\u00c1SICA\u00a0\u00a0 \u00a0\u00a0\u00a0 \u00a023<br \/>\n2.\u00a0\u00a0 \u00a0CONTEXTO \u00a0\u00a0 \u00a0\u00a0\u00a0 \u00a023<br \/>\n3.\u00a0\u00a0 \u00a0DESPLAZAMIENTO DE LA BASE IMPONIBLE Y PT\u00a0\u00a0 \u00a0\u00a0\u00a0 \u00a027<br \/>\n4.\u00a0\u00a0 \u00a0NPT\u00a0\u00a0 \u00a0\u00a0\u00a0 \u00a038<br \/>\n5.\u00a0\u00a0 \u00a0EL PROBLEMA TRIBUTARIO DE LOS PT EN OPERACIONES DOM\u00c9STICAS\u00a0\u00a0 \u00a0\u00a0\u00a0 \u00a044<br \/>\n6.\u00a0\u00a0 \u00a0APPLE: DESPLAZAMIENTOS, PT Y NPT\u00a0\u00a0 \u00a0\u00a0\u00a0 \u00a047<br \/>\nCap\u00edtulo 2<br \/>\nEl problema tributario que crean los PT<br \/>\n1.\u00a0\u00a0 \u00a0EJEMPLO FUENTEGRACIA\u00a0\u00a0 \u00a0\u00a0\u00a0 \u00a057<br \/>\n2.\u00a0\u00a0 \u00a0EJEMPLO CARMEN\u00a0\u00a0 \u00a0\u00a0\u00a0 \u00a066<br \/>\n3.\u00a0\u00a0 \u00a0RIO TINTO\u00a0\u00a0 \u00a0\u00a0\u00a0 \u00a074<br \/>\n4.\u00a0\u00a0 \u00a0CONSIDERACIONES ADICIONALES\u00a0\u00a0 \u00a0\u00a0\u00a0 \u00a076<br \/>\nCap\u00edtulo 3<br \/>\nNPT: una soluci\u00f3n imperfecta<br \/>\n1.\u00a0\u00a0 \u00a0EL PRINCIPIO ARM\u2019S LENGTH\u00a0\u00a0 \u00a0\u00a0\u00a0 \u00a080<br \/>\n2.\u00a0\u00a0 \u00a0F\u00c1CIL DECIRLO, DIF\u00cdCIL HACERLO \u00a0\u00a0 \u00a0\u00a0\u00a0 \u00a093<br \/>\n3.\u00a0\u00a0 \u00a0ASPECTOS FUNDAMENTALES DE LOS M\u00c9TODOS DE PT \u00a0\u00a0 \u00a0\u00a0\u00a0 \u00a0105<br \/>\n4.\u00a0\u00a0 \u00a0T\u00c9RMINOS CONTRACTUALES NO DE MERCADO\u00a0\u00a0 \u00a0\u00a0\u00a0 \u00a0122<br \/>\n5.\u00a0\u00a0 \u00a0ROL DE LA OECD\u00a0\u00a0 \u00a0\u00a0\u00a0 \u00a0135<br \/>\n6.\u00a0\u00a0 \u00a0BORDE ENTRE RELACIONADAS Y NO RELACIONADAS \u00a0\u00a0 \u00a0\u00a0\u00a0 \u00a0145<br \/>\n7.\u00a0\u00a0 \u00a0FUTURO DEL PRINCIPIO AL\u00a0\u00a0 \u00a0\u00a0\u00a0 \u00a0149<br \/>\nANEXO 1\u00a0\u00a0 \u00a0\u00a0\u00a0 \u00a0154<br \/>\nANEXO 2\u00a0\u00a0 \u00a0\u00a0\u00a0 \u00a0164<br \/>\nCap\u00edtulo 4<br \/>\nNPT: situaciones espec\u00edficas<br \/>\n1.\u00a0\u00a0 \u00a0ACTIVOS INTANGIBLES \u00a0\u00a0 \u00a0\u00a0\u00a0 \u00a0169<br \/>\n2.\u00a0\u00a0 \u00a0REESTRUCTURACIONES EMPRESARIALES \u00a0\u00a0 \u00a0\u00a0\u00a0 \u00a0191<br \/>\n3.\u00a0\u00a0 \u00a0P\u00c9RDIDAS Y BAJA RENTABILIDAD\u00a0\u00a0 \u00a0\u00a0\u00a0 \u00a0203<br \/>\n4.\u00a0\u00a0 \u00a0SINERGIAS\u00a0\u00a0 \u00a0\u00a0\u00a0 \u00a0206<br \/>\n5.\u00a0\u00a0 \u00a0SERVICIOS RUTINARIOS INTRAGRUPO \u00a0\u00a0 \u00a0\u00a0\u00a0 \u00a0209<br \/>\nCap\u00edtulo 5<br \/>\nLos m\u00e9todos de PT<br \/>\n1.\u00a0\u00a0 \u00a0LA INCLUSI\u00d3N DE LOS M\u00c9TODOS A LO LARGO DE LA HISTORIA\u00a0\u00a0 \u00a0\u00a0\u00a0 \u00a0216<br \/>\n2.\u00a0\u00a0 \u00a0EJEMPLOS Y CASOS DE CADA M\u00c9TODO \u00a0\u00a0 \u00a0\u00a0\u00a0 \u00a0226<br \/>\n2.1.\u00a0\u00a0 \u00a0M\u00e9todo de precio comparable no controlado (m\u00e9todo 1) \u00a0\u00a0 \u00a0\u00a0\u00a0 \u00a0226<br \/>\n2.2.\u00a0\u00a0 \u00a0M\u00e9todo de precio de reventa (m\u00e9todo 2)\u00a0\u00a0 \u00a0\u00a0\u00a0 \u00a0231<br \/>\n2.3.\u00a0\u00a0 \u00a0M\u00e9todo de costo m\u00e1s margen (m\u00e9todo 3)\u00a0\u00a0 \u00a0\u00a0\u00a0 \u00a0239<br \/>\n2.4.\u00a0\u00a0 \u00a0M\u00e9todo de divisi\u00f3n de utilidades (m\u00e9todo 4)\u00a0\u00a0 \u00a0\u00a0\u00a0 \u00a0243<br \/>\n2.5.\u00a0\u00a0 \u00a0M\u00e9todo transaccional de m\u00e1rgenes netos (m\u00e9todo 5)\u00a0\u00a0 \u00a0\u00a0\u00a0 \u00a0247<br \/>\nCap\u00edtulo 6<br \/>\nEl contexto mayor<br \/>\n1.\u00a0\u00a0 \u00a0LA DIFICULTAD ORIGINAL\u00a0\u00a0 \u00a0\u00a0\u00a0 \u00a0258<br \/>\n2.\u00a0\u00a0 \u00a0EL CASO DE LA UNIFICACI\u00d3N ALEMANA DEL SIGLO XIX \u00a0\u00a0 \u00a0\u00a0\u00a0 \u00a0271<br \/>\nCap\u00edtulo 7<br \/>\nLa NPT chilena desde otra perspectiva<br \/>\n1.\u00a0\u00a0 \u00a0BREVE HISTORIA\u00a0\u00a0 \u00a0\u00a0\u00a0 \u00a0281<br \/>\n2.\u00a0\u00a0 \u00a0LA NPT CHILENA (A MARZO 2024)\u00a0\u00a0 \u00a0\u00a0\u00a0 \u00a0285<br \/>\n2.1.\u00a0\u00a0 \u00a0Normas de relaci\u00f3n\u00a0\u00a0 \u00a0\u00a0\u00a0 \u00a0287<br \/>\n2.2.\u00a0\u00a0 \u00a0M\u00e9todos de PT\u00a0\u00a0 \u00a0\u00a0\u00a0 \u00a0288<br \/>\n2.3.\u00a0\u00a0 \u00a0Estudios o informes de PT\u00a0\u00a0 \u00a0\u00a0\u00a0 \u00a0293<br \/>\n2.4.\u00a0\u00a0 \u00a0Ajustes de PT \u00a0\u00a0 \u00a0\u00a0\u00a0 \u00a0293<br \/>\n2.5.\u00a0\u00a0 \u00a0Ajustes de PT y Reclamaci\u00f3n\u00a0\u00a0 \u00a0\u00a0\u00a0 \u00a0293<br \/>\n2.6.\u00a0\u00a0 \u00a0Declaraci\u00f3n\u00a0\u00a0 \u00a0\u00a0\u00a0 \u00a0294<br \/>\n2.7.\u00a0\u00a0 \u00a0Acuerdos anticipados\u00a0\u00a0 \u00a0\u00a0\u00a0 \u00a0296<br \/>\n2.8.\u00a0\u00a0 \u00a0Ajuste correspondiente\u00a0\u00a0 \u00a0\u00a0\u00a0 \u00a0297<br \/>\n2.9.\u00a0\u00a0 \u00a0Art\u00edculo 38\u00a0\u00a0 \u00a0\u00a0\u00a0 \u00a0298<br \/>\nANEXO 1\u00a0\u00a0 \u00a0\u00a0\u00a0 \u00a0299<br \/>\nANEXO 2\u00a0\u00a0 \u00a0\u00a0\u00a0 \u00a0311<br \/>\nCap\u00edtulo 8<br \/>\nAn\u00e1lisis del incentivo a desplazar con el nivel 2<br \/>\n1.\u00a0\u00a0 \u00a0NIVELES 1 Y 2\u00a0\u00a0 \u00a0\u00a0\u00a0 \u00a0314<br \/>\n2.\u00a0\u00a0 \u00a0INCENTIVO A DESPLAZAR\u00a0\u00a0 \u00a0\u00a0\u00a0 \u00a0320<br \/>\nReferencias citadas en el libro\u00a0\u00a0 \u00a0\u00a0\u00a0 \u00a0329<br \/>\nBIBLIOGRAF\u00cdA \u00a0\u00a0 \u00a0\u00a0\u00a0 \u00a0329<br \/>\nLISTA DE LEYES, REGLAMENTOS, ACUERDOS INTERNACIONALES, HISTORIAS DE LEY Y PROYECTOS DE LEY\u00a0\u00a0 \u00a0\u00a0\u00a0 \u00a0343<br \/>\nLISTA DE SENTENCIAS JUDICIALES Y DECISIONES ADMINISTRATIVAS (M\u00c1S FUENTES CONSULTADAS) \u00a0\u00a0 \u00a0\u00a0\u00a0 \u00a0347<\/p>\n","protected":false},"excerpt":{"rendered":"<p>Buscas un libro Jur\u00eddico.? Lo puedes encontrar en nuestra tienda virtual.<br \/>\nContamos con prestigiosos autores y muchas alternativas en sus diferentes materias al igual que grandes descuentos.! Vis\u00edtanos en <a class=\"WcRvzJTaEdcTWnOLcEpRJjmseBruSnnDRXsNZM \" href=\"https:\/\/lnkd.in\/eiAG7jdZ\" target=\"_blank\" rel=\"noopener\" data-test-app-aware-link=\"\">https:\/\/lnkd.in\/eiAG7jdZ<\/a><br \/>\nEscr\u00edbenos al +56930565235 \/ <a class=\"WcRvzJTaEdcTWnOLcEpRJjmseBruSnnDRXsNZM \" href=\"mailto:ventaslegallexglobal@gmail.com\" target=\"_self\" data-test-app-aware-link=\"\">ventaslegallexglobal@gmail.com<\/a><br \/>\nHacemos env\u00edos a todo Chile \u2013 Starken o Correos Chile \/ Te esperamos<\/p>\n","protected":false},"featured_media":2046,"comment_status":"open","ping_status":"closed","template":"","meta":{"inline_featured_image":false,"_joinchat":[]},"product_brand":[],"product_cat":[26,28],"product_tag":[],"class_list":{"0":"post-2016","1":"product","2":"type-product","3":"status-publish","4":"has-post-thumbnail","6":"product_cat-derecho","7":"product_cat-tributario","9":"first","10":"instock","11":"shipping-taxable","12":"purchasable","13":"product-type-simple"},"_links":{"self":[{"href":"https:\/\/bibliotecajuridicavirtual.cl\/index.php\/wp-json\/wp\/v2\/product\/2016","targetHints":{"allow":["GET"]}}],"collection":[{"href":"https:\/\/bibliotecajuridicavirtual.cl\/index.php\/wp-json\/wp\/v2\/product"}],"about":[{"href":"https:\/\/bibliotecajuridicavirtual.cl\/index.php\/wp-json\/wp\/v2\/types\/product"}],"replies":[{"embeddable":true,"href":"https:\/\/bibliotecajuridicavirtual.cl\/index.php\/wp-json\/wp\/v2\/comments?post=2016"}],"wp:featuredmedia":[{"embeddable":true,"href":"https:\/\/bibliotecajuridicavirtual.cl\/index.php\/wp-json\/wp\/v2\/media\/2046"}],"wp:attachment":[{"href":"https:\/\/bibliotecajuridicavirtual.cl\/index.php\/wp-json\/wp\/v2\/media?parent=2016"}],"wp:term":[{"taxonomy":"product_brand","embeddable":true,"href":"https:\/\/bibliotecajuridicavirtual.cl\/index.php\/wp-json\/wp\/v2\/product_brand?post=2016"},{"taxonomy":"product_cat","embeddable":true,"href":"https:\/\/bibliotecajuridicavirtual.cl\/index.php\/wp-json\/wp\/v2\/product_cat?post=2016"},{"taxonomy":"product_tag","embeddable":true,"href":"https:\/\/bibliotecajuridicavirtual.cl\/index.php\/wp-json\/wp\/v2\/product_tag?post=2016"}],"curies":[{"name":"wp","href":"https:\/\/api.w.org\/{rel}","templated":true}]}}