{"id":2018,"date":"2026-02-28T00:57:33","date_gmt":"2026-02-28T03:57:33","guid":{"rendered":"https:\/\/bibliotecajuridicavirtual.cl\/?post_type=product&#038;p=2018"},"modified":"2026-02-28T00:57:48","modified_gmt":"2026-02-28T03:57:48","slug":"derecho-procesal-organico-y-civil-preparacion-examen-de-grado-4edicion-actualizada-ano-2025-eric-andres-chavez-chavez","status":"publish","type":"product","link":"https:\/\/bibliotecajuridicavirtual.cl\/index.php\/product\/derecho-procesal-organico-y-civil-preparacion-examen-de-grado-4edicion-actualizada-ano-2025-eric-andres-chavez-chavez\/","title":{"rendered":"Derecho Procesal Org\u00e1nico y Civil, Preparaci\u00f3n Examen de Grado, 4\u00b0edici\u00f3n actualizada a\u00f1o 2025 \/ Eric Andr\u00e9s Ch\u00e1vez Ch\u00e1vez"},"content":{"rendered":"<p>Ediciones Jur\u00eddicas de Santiago, viene a presentar la 4\u00b0 edici\u00f3n 2024, de la obra Derecho Procesal Org\u00e1nico y Civil. Preparaci\u00f3n Examen de Grado, del autor Eric Andr\u00e9s Ch\u00e1vez Ch\u00e1vez, destinada a los egresados de derecho que se preparan a rendir su examen de grado, a los aspirantes a los diferentes cargos p\u00fablicos del pa\u00eds a los servicios p\u00fablicos, judicatura o estudios jur\u00eddicos privados.<\/p>\n<p>La obra estudia las materias e instituciones m\u00e1s tradicionales del Derecho Procesal Org\u00e1nico y Civil, en una forma did\u00e1ctica, que permite repasar\u00a0 los conceptos, requisitos y desarrollo del tema de una forma que permita recordar y en su caso profundizar el tema, en las llamadas obras cl\u00e1sicas del Derecho Procesal Civil o la materia de los diferentes\u00a0 profesores de la c\u00e1tedra y por tanto asentar este conocimiento o resaltarlo en la memoria.<\/p>\n<p>INDICE<\/p>\n<p>&nbsp;<\/p>\n","protected":false},"excerpt":{"rendered":"<p>Buscas un libro Jur\u00eddico.? Lo puedes encontrar en nuestra tienda virtual.<br \/>\nContamos con prestigiosos autores y muchas alternativas en sus diferentes materias al igual que grandes descuentos.! Vis\u00edtanos en <a class=\"WcRvzJTaEdcTWnOLcEpRJjmseBruSnnDRXsNZM \" href=\"https:\/\/lnkd.in\/eiAG7jdZ\" target=\"_blank\" rel=\"noopener\" data-test-app-aware-link=\"\">https:\/\/lnkd.in\/eiAG7jdZ<\/a><br \/>\nEscr\u00edbenos al +56930565235 \/ <a class=\"WcRvzJTaEdcTWnOLcEpRJjmseBruSnnDRXsNZM \" href=\"mailto:ventaslegallexglobal@gmail.com\" target=\"_self\" data-test-app-aware-link=\"\">ventaslegallexglobal@gmail.com<\/a><br \/>\nHacemos env\u00edos a todo Chile \u2013 Starken o Correos Chile \/ Te esperamos<\/p>\n","protected":false},"featured_media":2048,"comment_status":"open","ping_status":"closed","template":"","meta":{"inline_featured_image":false,"_joinchat":[]},"product_brand":[],"product_cat":[27,50,39],"product_tag":[],"class_list":{"0":"post-2018","1":"product","2":"type-product","3":"status-publish","4":"has-post-thumbnail","6":"product_cat-civil","7":"product_cat-procedimientos-civiles","8":"product_cat-procesal-civil","10":"first","11":"instock","12":"shipping-taxable","13":"purchasable","14":"product-type-simple"},"_links":{"self":[{"href":"https:\/\/bibliotecajuridicavirtual.cl\/index.php\/wp-json\/wp\/v2\/product\/2018","targetHints":{"allow":["GET"]}}],"collection":[{"href":"https:\/\/bibliotecajuridicavirtual.cl\/index.php\/wp-json\/wp\/v2\/product"}],"about":[{"href":"https:\/\/bibliotecajuridicavirtual.cl\/index.php\/wp-json\/wp\/v2\/types\/product"}],"replies":[{"embeddable":true,"href":"https:\/\/bibliotecajuridicavirtual.cl\/index.php\/wp-json\/wp\/v2\/comments?post=2018"}],"wp:featuredmedia":[{"embeddable":true,"href":"https:\/\/bibliotecajuridicavirtual.cl\/index.php\/wp-json\/wp\/v2\/media\/2048"}],"wp:attachment":[{"href":"https:\/\/bibliotecajuridicavirtual.cl\/index.php\/wp-json\/wp\/v2\/media?parent=2018"}],"wp:term":[{"taxonomy":"product_brand","embeddable":true,"href":"https:\/\/bibliotecajuridicavirtual.cl\/index.php\/wp-json\/wp\/v2\/product_brand?post=2018"},{"taxonomy":"product_cat","embeddable":true,"href":"https:\/\/bibliotecajuridicavirtual.cl\/index.php\/wp-json\/wp\/v2\/product_cat?post=2018"},{"taxonomy":"product_tag","embeddable":true,"href":"https:\/\/bibliotecajuridicavirtual.cl\/index.php\/wp-json\/wp\/v2\/product_tag?post=2018"}],"curies":[{"name":"wp","href":"https:\/\/api.w.org\/{rel}","templated":true}]}}