{"id":2019,"date":"2026-02-28T00:57:33","date_gmt":"2026-02-28T03:57:33","guid":{"rendered":"https:\/\/bibliotecajuridicavirtual.cl\/?post_type=product&#038;p=2019"},"modified":"2026-02-28T00:57:48","modified_gmt":"2026-02-28T03:57:48","slug":"derecho-penal-francisco-munoz-conde-parte-especial-25a-edicion-revisada-y-puesta-al-dia-con-la-colaboracion-de-carmen-lopez-peregrin","status":"publish","type":"product","link":"https:\/\/bibliotecajuridicavirtual.cl\/index.php\/product\/derecho-penal-francisco-munoz-conde-parte-especial-25a-edicion-revisada-y-puesta-al-dia-con-la-colaboracion-de-carmen-lopez-peregrin\/","title":{"rendered":"Derecho Penal &#8211; Francisco Mu\u00f1oz Conde &#8211; Parte Especial 25\u00aa edici\u00f3n, revisada y puesta al d\u00eda con la colaboraci\u00f3n de Carmen L\u00f3pez Peregr\u00edn"},"content":{"rendered":"<p>Derecho Penal<\/p>\n<p>Parte especial<\/p>\n<p>25\u00aa Edici\u00f3n, revisada y puesta al d\u00eda con la colaboraci\u00f3n de Carmen L\u00f3pez Peregr\u00edn conforme a las LLOO 13\/2022, 14\/2022, 1\/2023 y 4\/2023<\/p>\n<p>\u00cdndice General<br \/>\nPrimera parte<br \/>\nDelitos contra las personas<br \/>\nSecci\u00f3n primera<br \/>\nDelitos contra los valores de la personalidad<br \/>\nDelitos contra la vida humana Independiente<br \/>\nCap\u00edtulo I.\u00a0\u00a0 \u00a0Homicidio. Asesinato\u00a0\u00a0 \u00a0\u00a0\u00a0 \u00a027<br \/>\nCap\u00edtulo II.\u00a0\u00a0 \u00a0Inducci\u00f3n al suicidio. Cooperaci\u00f3n necesaria al suicidio. Cooperaci\u00f3n ejecutiva al suicidio. Especial consideraci\u00f3n de la eutanasia. Excurso: Provocaci\u00f3n al suicidio a trav\u00e9s de internet y otros medios de comunicaci\u00f3n\u00a0\u00a0 \u00a0\u00a0\u00a0 \u00a069<br \/>\nDelitos contra la vida humana dependiente<br \/>\nCap\u00edtulo III.\u00a0\u00a0 \u00a0Consideraciones generales y pol\u00edtico-criminales. Aborto\u00a0\u00a0 \u00a0\u00a0\u00a0 \u00a089<br \/>\nDelitos contra la salud y la integridad corporal<br \/>\nCap\u00edtulo IV.\u00a0\u00a0 \u00a0Lesiones. El consentimiento del lesionado. Excurso: Provocaci\u00f3n a las autolesiones a trav\u00e9s de internet y otros medios de comunicaci\u00f3n. La exposici\u00f3n voluntaria a actividades peligrosas. El tratamiento m\u00e9dico. Participaci\u00f3n en ri\u00f1a. Tr\u00e1fico de \u00f3rganos\u00a0\u00a0 \u00a0\u00a0\u00a0 \u00a0109<br \/>\nCap\u00edtulo V.\u00a0\u00a0 \u00a0Lesiones al feto. Delitos relativos a la manipulaci\u00f3n gen\u00e9tica\u00a0\u00a0 \u00a0\u00a0\u00a0 \u00a0143<br \/>\nDelitos contra la libertad<br \/>\nCap\u00edtulo VI.\u00a0\u00a0 \u00a0Amenazas. Coacciones. Otras formas de coacciones y amenazas. Detenciones ilegales y secuestros\u00a0\u00a0 \u00a0\u00a0\u00a0 \u00a0155<br \/>\nDelitos contra la integridad moral<br \/>\nCap\u00edtulo VII.\u00a0\u00a0 \u00a0Delitos contra la integridad moral: Atentados gen\u00e9ricos contra la integridad moral. El ejercicio habitual de violencia contra persona vinculada al agresor (remisi\u00f3n). Especial consideraci\u00f3n de la tortura. Trata de seres humanos\u00a0\u00a0 \u00a0\u00a0\u00a0 \u00a0191<br \/>\nVIOLENCIA DE G\u00c9NERO, DOM\u00c9STICA Y ASISTENCIAL<br \/>\nCap\u00edtulo VIII.\u00a0\u00a0 \u00a0Violencia de g\u00e9nero, dom\u00e9stica y asistencial. Lesiones a persona vinculada al agresor. Delitos contra la libertad en casos de violencia de g\u00e9nero, dom\u00e9stica o asistencial. Otros delitos relacionados con la violencia de g\u00e9nero, dom\u00e9stica o asistencial. El delito de violencia habitual contra personas vinculadas al agresor\u00a0\u00a0 \u00a0\u00a0\u00a0 \u00a0211<br \/>\nDelitos contra LA libertad SEXUAL<br \/>\nCap\u00edtulo IX.\u00a0\u00a0 \u00a0El bien jur\u00eddico protegido en el T\u00edtulo VIII. Agresiones sexuales. Agresiones sexuales a menores de diecis\u00e9is a\u00f1os. Acoso sexual\u00a0\u00a0 \u00a0\u00a0\u00a0 \u00a0227<br \/>\nCap\u00edtulo X.\u00a0\u00a0 \u00a0Delitos de exhibicionismo y provocaci\u00f3n sexual. Delitos relativos a la prostituci\u00f3n y a la explotaci\u00f3n sexual y corrupci\u00f3n de menores. Excurso: Provocaci\u00f3n a la comisi\u00f3n de delitos sexuales a trav\u00e9s de internet y otros medios de comunicaci\u00f3n. Disposiciones comunes al T\u00edtulo VIII\u00a0\u00a0 \u00a0\u00a0\u00a0 \u00a0273<br \/>\nDELITOS CONTRA LA INTIMIDAD, EL DERECHO A LA PROPIA IMAGEN Y LA INVIOLABILIDAD DEL DOMICILIO<br \/>\nCap\u00edtulo XI.\u00a0\u00a0 \u00a0Descubrimiento y revelaci\u00f3n de secretos. Especial consideraci\u00f3n del quebrantamiento del secreto profesional. Allanamiento de morada\u00a0\u00a0 \u00a0\u00a0\u00a0 \u00a0301<br \/>\nDelitos contra el honor<br \/>\nCap\u00edtulo XII.\u00a0\u00a0 \u00a0Injuria. Calumnia. Disposiciones comunes\u00a0\u00a0 \u00a0\u00a0\u00a0 \u00a0329<br \/>\nDelitos contra las relaciones familiares<br \/>\nCap\u00edtulo XIII.\u00a0\u00a0 \u00a0A) Delitos contra el estado civil familiar: Matrimonios ilegales. Suposici\u00f3n de parto y alteraci\u00f3n de la paternidad, estado o condici\u00f3n del menor. Usurpaci\u00f3n del estado civil\u00a0\u00a0 \u00a0\u00a0\u00a0 \u00a0343<br \/>\nCap\u00edtulo XIV.\u00a0\u00a0 \u00a0B) Delitos contra los derechos y deberes familiares: Quebrantamiento de los deberes de custodia e inducci\u00f3n al abandono de domicilio. Sustracci\u00f3n de menores. Abandono de familia. Impago de prestaciones acordadas judicialmente. Abandono de menores o personas con discapacidad necesitadas de especial protecci\u00f3n. Utilizaci\u00f3n para la mendicidad de menores o personas con discapacidad necesitadas de especial protecci\u00f3n. Excurso: Omisi\u00f3n del deber de socorro y denegaci\u00f3n y abandono de asistencia sanitaria\u00a0\u00a0 \u00a0\u00a0\u00a0 \u00a0353<br \/>\nDELITOS CONTRA LOS DERECHOS DE LOS TRABAJADORES Y CONTRA LOS DERECHOS DE LOS CIUDADANOS EXTRANJEROS<br \/>\nCap\u00edtulo XV.\u00a0\u00a0 \u00a0Delitos contra los derechos de los trabajadores: Imposici\u00f3n y mantenimiento de condiciones ilegales de trabajo o de Seguridad Social. Empleo ilegal. Tr\u00e1fico ilegal de mano de obra. Emigraciones fraudulentas. Discriminaci\u00f3n laboral. Delitos contra la libertad sindical y el derecho de huelga. Delitos contra la seguridad e higiene en el trabajo. Delitos contra los derechos de los ciudadanos extranjeros\u00a0\u00a0 \u00a0\u00a0\u00a0 \u00a0381<br \/>\nSecci\u00f3n segunda<br \/>\nDelitos contra los valores patrimoniales y socioEcon\u00f3micos<br \/>\nDelitos contra el patrimonio<br \/>\nCap\u00edtulo XVI.\u00a0\u00a0 \u00a0El T\u00edtulo XIII: delitos contra el patrimonio y contra el orden socioecon\u00f3mico. Bien jur\u00eddico protegido: el concepto de patrimonio y su contenido. Disposiciones comunes. Clasificaci\u00f3n. I. Delitos patrimoniales de enriquecimiento. A) De apoderamiento: Hurto. Robo. Robo con fuerza en las cosas\u00a0\u00a0 \u00a0\u00a0\u00a0 \u00a0399<br \/>\nCap\u00edtulo XVII.\u00a0\u00a0 \u00a0Robo con violencia o intimidaci\u00f3n en las personas. Extorsi\u00f3n\u00a0\u00a0 \u00a0\u00a0\u00a0 \u00a0431<br \/>\nCap\u00edtulo XVIII.\u00a0\u00a0 \u00a0Robo y hurto de uso de veh\u00edculos. Usurpaci\u00f3n\u00a0\u00a0 \u00a0\u00a0\u00a0 \u00a0441<br \/>\nCap\u00edtulo XIX.\u00a0\u00a0 \u00a0B) Defraudaciones: Estafa. Apropiaci\u00f3n indebida. Administraci\u00f3n desleal. Defraudaciones del fluido el\u00e9ctrico y an\u00e1logas\u00a0\u00a0 \u00a0\u00a0\u00a0 \u00a0449<br \/>\nCap\u00edtulo XX.\u00a0\u00a0 \u00a0Alzamiento de bienes y frustraci\u00f3n de la ejecuci\u00f3n. Insolvencias punibles y figuras afines\u00a0\u00a0 \u00a0\u00a0\u00a0 \u00a0481<br \/>\nCap\u00edtulo XXI.\u00a0\u00a0 \u00a0II. Delitos patrimoniales sin enriquecimiento: Da\u00f1os. Da\u00f1os en cosa propia\u00a0\u00a0 \u00a0\u00a0\u00a0 \u00a0497<br \/>\nDelitos contra el orden socioecon\u00f3mico<br \/>\nCap\u00edtulo XXII.\u00a0\u00a0 \u00a0Consideraciones generales sobre los delitos contra el orden socioecon\u00f3mico. Delitos relativos a la propiedad intelectual e industrial\u00a0\u00a0 \u00a0\u00a0\u00a0 \u00a0507<br \/>\nCap\u00edtulo XXIII.\u00a0\u00a0 \u00a0Delitos relativos al mercado y a los consumidores. Disposiciones comunes \u00a0\u00a0 \u00a0\u00a0\u00a0 \u00a0525<br \/>\nCap\u00edtulo XXIV.\u00a0\u00a0 \u00a0Delitos societarios. Receptaci\u00f3n. Blanqueo de capitales. Excurso: Financiaci\u00f3n ilegal de los partidos pol\u00edticos\u00a0\u00a0 \u00a0\u00a0\u00a0 \u00a0559<br \/>\nSegunda parte<br \/>\nDelitos contra la sociedad<br \/>\nSecci\u00f3n primera<br \/>\nDelitos contra los valores sociales supraestatales<br \/>\nDelitos relativos a la ordenaci\u00f3n del territorio y el urbanismo, Y la protecci\u00f3n del patrimonio hist\u00f3rico y del medio ambiente<br \/>\nCap\u00edtulo XXV.\u00a0\u00a0 \u00a0Delitos relativos a la ordenaci\u00f3n del territorio y el urbanismo. Delitos relativos a la protecci\u00f3n del patrimonio hist\u00f3rico\u00a0\u00a0 \u00a0\u00a0\u00a0 \u00a0587<br \/>\nCap\u00edtulo XXVI.\u00a0\u00a0 \u00a0La protecci\u00f3n penal del medio ambiente: A) Delitos contra los recursos naturales y el medio ambiente. B) Delitos contra la flora y la fauna. Disposiciones comunes al T\u00edtulo XVI. C) Delitos contra los animales\u00a0\u00a0 \u00a0\u00a0\u00a0 \u00a0603<br \/>\nDelitos contra la seguridad colectiva<br \/>\nCap\u00edtulo XXVII.\u00a0\u00a0 \u00a0A) Delitos de riesgo catastr\u00f3fico: Delitos relativos a la energ\u00eda nuclear y a las radiaciones ionizantes. Estragos. Otros delitos de riesgo. B) Incendios\u00a0\u00a0 \u00a0\u00a0\u00a0 \u00a0633<br \/>\nCap\u00edtulo XXVIII.\u00a0\u00a0 \u00a0C) Delitos contra la salud p\u00fablica. Delitos sobre materias cuya ingesti\u00f3n o uso produce da\u00f1os en la salud: \u00a01) Sustancias nocivas para la salud o productos qu\u00edmicos que pueden causar estragos. Excurso I: Provocaci\u00f3n al consumo de productos peligrosos a trav\u00e9s de internet y otros medios de comunicaci\u00f3n. 2) Medicamentos y productos sanitarios. Excurso II: El delito de dopaje. 3) Bebidas, comestibles y g\u00e9neros corrompidos\u00a0\u00a0 \u00a0\u00a0\u00a0 \u00a0663<br \/>\nCap\u00edtulo XXIX.\u00a0\u00a0 \u00a0Delitos contra la salud p\u00fablica (continuaci\u00f3n). El delito de tr\u00e1fico de drogas\u00a0\u00a0 \u00a0\u00a0\u00a0 \u00a0687<br \/>\nCap\u00edtulo XXX.\u00a0\u00a0 \u00a0D) Delitos contra la seguridad vial. Delitos contra la seguridad vial que consisten en conducir. Delitos contra la seguridad vial que no consisten en conducir. Disposici\u00f3n general\u00a0\u00a0 \u00a0\u00a0\u00a0 \u00a0705<br \/>\nDelitos contra la fe p\u00fablica<br \/>\nCap\u00edtulo XXXI.\u00a0\u00a0 \u00a0El bien jur\u00eddico protegido en el T\u00edtulo XVIII. Falsificaci\u00f3n de moneda. Falsificaci\u00f3n de sellos de correos y efectos timbrados. Falsificaci\u00f3n documental. Falsificaci\u00f3n de certificados. Falsificaci\u00f3n de tarjetas de cr\u00e9dito o d\u00e9bito, cheques de viaje u otros instrumentos de pago. Disposiciones comunes. Excurso: Las llamadas \u00abfalsedades personales\u00bb: usurpaci\u00f3n de funciones p\u00fablicas, uso indebido de traje o insignia e intrusismo\u00a0\u00a0 \u00a0\u00a0\u00a0 \u00a0731<br \/>\nSecci\u00f3n segunda<br \/>\nDelitos contra el Estado<br \/>\nDelitos contra la comunidad internacional<br \/>\nCap\u00edtulo XXXII.\u00a0\u00a0 \u00a0Delitos contra el Derecho de Gentes. Genocidio. Delitos de lesa humanidad. Delitos contra las personas y bienes protegidos en caso de conflicto armado. Disposiciones comunes. Pirater\u00eda\u00a0\u00a0 \u00a0\u00a0\u00a0 \u00a0771<br \/>\nCap\u00edtulo XXXIII.\u00a0\u00a0 \u00a0Traici\u00f3n. Delitos que comprometen la paz o la independencia del Estado. Delitos relativos a la defensa nacional. Disposici\u00f3n com\u00fan a todos los delitos del T\u00edtulo XXIII\u00a0\u00a0 \u00a0\u00a0\u00a0 \u00a0783<br \/>\nDelitos contra la constituci\u00f3n<br \/>\nCap\u00edtulo XXXIV.\u00a0\u00a0 \u00a0A) Rebeli\u00f3n. Delitos contra la Corona. Delitos contra las Instituciones del Estado. Delitos contra la divisi\u00f3n de poderes\u00a0\u00a0 \u00a0\u00a0\u00a0 \u00a0797<br \/>\nCap\u00edtulo XXXV.\u00a0\u00a0 \u00a0B) Delitos relativos al ejercicio de los derechos fundamentales y libertades p\u00fablicas: 1) Delitos cometidos con ocasi\u00f3n del ejercicio de los derechos fundamentales y de las libertades p\u00fablicas garantizados por la Constituci\u00f3n: Delitos de discriminaci\u00f3n. Reuniones o manifestaciones il\u00edcitas. Asociaciones il\u00edcitas. 2) Delitos contra la libertad de conciencia, los sentimientos religiosos y el respeto a los difuntos\u00a0\u00a0 \u00a0\u00a0\u00a0 \u00a0817<br \/>\nCap\u00edtulo XXXVI.\u00a0\u00a0 \u00a0C) Delitos cometidos por los funcionarios p\u00fablicos contra las garant\u00edas constitucionales: Delitos contra el libre ejercicio de derechos c\u00edvicos. Obstaculizaci\u00f3n del derecho a la asistencia de abogado. Delitos contra las libertades de expresi\u00f3n, reuni\u00f3n y asociaci\u00f3n. Expropiaci\u00f3n ilegal. Delitos cometidos contra la libertad individual. Delitos contra la inviolabilidad domiciliaria y dem\u00e1s garant\u00edas de la intimidad. Excurso I: Ultrajes a Espa\u00f1a. Excurso II: Delitos electorales\u00a0\u00a0 \u00a0\u00a0\u00a0 \u00a0843<br \/>\nDelitos contra el orden p\u00fablico<br \/>\nCap\u00edtulo XXXVII.\u00a0\u00a0 \u00a0Atentado y resistencia grave. Resistencia y desobediencia grave. Des\u00f3rdenes p\u00fablicos. Disposici\u00f3n com\u00fan\u00a0\u00a0 \u00a0\u00a0\u00a0 \u00a0865<br \/>\nCap\u00edtulo XXXVIII.\u00a0\u00a0 \u00a0Tenencia, tr\u00e1fico y dep\u00f3sito de armas, municiones o explosivos. Organizaciones y grupos criminales. Organizaciones y grupos terroristas. Delitos de terrorismo. Disposiciones comunes al Cap\u00edtulo VII\u00a0\u00a0 \u00a0\u00a0\u00a0 \u00a0889<br \/>\nDelitos contra la administraci\u00f3n de justicia<br \/>\nCap\u00edtulo XXXIX.\u00a0\u00a0 \u00a0Prevaricaci\u00f3n judicial. Acusaci\u00f3n y denuncia falsas. Simulaci\u00f3n de delito. Falso testimonio. Obstrucci\u00f3n a la Justicia y deslealtad profesional\u00a0\u00a0 \u00a0\u00a0\u00a0 \u00a0927<br \/>\nCap\u00edtulo XL.\u00a0\u00a0 \u00a0Omisi\u00f3n del deber de impedir determinados delitos o de promover su persecuci\u00f3n. Encubrimiento. Realizaci\u00f3n arbitraria del propio derecho. Quebrantamiento de condena. Delitos contra la Administraci\u00f3n de Justicia de la Corte Penal Internacional\u00a0\u00a0 \u00a0\u00a0\u00a0 \u00a0953<br \/>\nDelitos contra la administraci\u00f3n p\u00fablica<br \/>\nCap\u00edtulo XLI.\u00a0\u00a0 \u00a0Cuestiones previas. Prevaricaci\u00f3n y otros comportamientos injustos. Abandono de destino y omisi\u00f3n del deber de perseguir determinados delitos. Desobediencia y denegaci\u00f3n de auxilio. Infidelidad en la custodia de documentos. Violaci\u00f3n de secretos y uso indebido de informaci\u00f3n privilegiada. Ataques a la libertad sexual\u00a0\u00a0 \u00a0\u00a0\u00a0 \u00a0967<br \/>\nCap\u00edtulo XLII.\u00a0\u00a0 \u00a0Cohecho. Tr\u00e1fico de influencias. Malversaci\u00f3n del patrimonio p\u00fablico. Fraudes y exacciones ilegales. Enriquecimiento il\u00edcito. Negociaciones prohibidas a los funcionarios\u00a0\u00a0 \u00a0\u00a0\u00a0 \u00a0999<br \/>\nDelitos contra el orden p\u00fablico econ\u00f3mico<br \/>\nCap\u00edtulo XLIII.\u00a0\u00a0 \u00a0Delitos contra la Hacienda P\u00fablica. Delitos contra la Seguridad Social. Disposiciones comunes al T\u00edtulo XIV. Excurso: Delitos de contrabando\u00a0\u00a0 \u00a0\u00a0\u00a0 \u00a01035<\/p>\n","protected":false},"excerpt":{"rendered":"<p><span class=\"date fecha-publicacion\">edici\u00f3n actualizada a Septiembre a\u00f1o 2023 \/ <\/span>1.064 p\u00e1gs. \/ ed. R\u00fastica \/ SOLO RESERVAS CON ENTREGA APROX. 15 D\u00cdAS H\u00c1BILES<\/p>\n<p>Buscas un libro Jur\u00eddico.? Lo puedes encontrar en nuestra tienda virtual.<br \/>\nContamos con prestigiosos autores y muchas alternativas en sus diferentes materias al igual que grandes descuentos.! Vis\u00edtanos en <a class=\"WcRvzJTaEdcTWnOLcEpRJjmseBruSnnDRXsNZM \" href=\"https:\/\/lnkd.in\/eiAG7jdZ\" target=\"_blank\" rel=\"noopener\" data-test-app-aware-link=\"\">https:\/\/lnkd.in\/eiAG7jdZ<\/a><br \/>\nEscr\u00edbenos al +56930565235 \/ <a class=\"WcRvzJTaEdcTWnOLcEpRJjmseBruSnnDRXsNZM \" href=\"mailto:ventaslegallexglobal@gmail.com\" target=\"_self\" data-test-app-aware-link=\"\">ventaslegallexglobal@gmail.com<\/a><br \/>\nHacemos env\u00edos a todo Chile \u2013 Starken o Correos Chile \/ Te esperamos<\/p>\n","protected":false},"featured_media":2049,"comment_status":"open","ping_status":"closed","template":"","meta":{"inline_featured_image":false,"_joinchat":[]},"product_brand":[],"product_cat":[26,30],"product_tag":[],"class_list":{"0":"post-2019","1":"product","2":"type-product","3":"status-publish","4":"has-post-thumbnail","6":"product_cat-derecho","7":"product_cat-penal","9":"first","10":"instock","11":"shipping-taxable","12":"purchasable","13":"product-type-simple"},"_links":{"self":[{"href":"https:\/\/bibliotecajuridicavirtual.cl\/index.php\/wp-json\/wp\/v2\/product\/2019","targetHints":{"allow":["GET"]}}],"collection":[{"href":"https:\/\/bibliotecajuridicavirtual.cl\/index.php\/wp-json\/wp\/v2\/product"}],"about":[{"href":"https:\/\/bibliotecajuridicavirtual.cl\/index.php\/wp-json\/wp\/v2\/types\/product"}],"replies":[{"embeddable":true,"href":"https:\/\/bibliotecajuridicavirtual.cl\/index.php\/wp-json\/wp\/v2\/comments?post=2019"}],"wp:featuredmedia":[{"embeddable":true,"href":"https:\/\/bibliotecajuridicavirtual.cl\/index.php\/wp-json\/wp\/v2\/media\/2049"}],"wp:attachment":[{"href":"https:\/\/bibliotecajuridicavirtual.cl\/index.php\/wp-json\/wp\/v2\/media?parent=2019"}],"wp:term":[{"taxonomy":"product_brand","embeddable":true,"href":"https:\/\/bibliotecajuridicavirtual.cl\/index.php\/wp-json\/wp\/v2\/product_brand?post=2019"},{"taxonomy":"product_cat","embeddable":true,"href":"https:\/\/bibliotecajuridicavirtual.cl\/index.php\/wp-json\/wp\/v2\/product_cat?post=2019"},{"taxonomy":"product_tag","embeddable":true,"href":"https:\/\/bibliotecajuridicavirtual.cl\/index.php\/wp-json\/wp\/v2\/product_tag?post=2019"}],"curies":[{"name":"wp","href":"https:\/\/api.w.org\/{rel}","templated":true}]}}