{"id":2020,"date":"2026-02-28T00:57:33","date_gmt":"2026-02-28T03:57:33","guid":{"rendered":"https:\/\/bibliotecajuridicavirtual.cl\/?post_type=product&#038;p=2020"},"modified":"2026-02-28T00:57:49","modified_gmt":"2026-02-28T03:57:49","slug":"el-deber-de-ejecutar-los-contratos-de-buena-fe-interpretacion-como-imputacion-normativa-ricardo-quezada-fuentes-1-edicion-actualizada-ano-2025-356-pag","status":"publish","type":"product","link":"https:\/\/bibliotecajuridicavirtual.cl\/index.php\/product\/el-deber-de-ejecutar-los-contratos-de-buena-fe-interpretacion-como-imputacion-normativa-ricardo-quezada-fuentes-1-edicion-actualizada-ano-2025-356-pag\/","title":{"rendered":"El Deber de Ejecutar los Contratos de Buena Fe. Interpretaci\u00f3n como imputaci\u00f3n normativa \/ Ricardo Quezada Fuentes, 1\u00b0 edici\u00f3n actualizada a\u00f1o 2025 &#8211; 356 P\u00e1g."},"content":{"rendered":"<p>El autor aborda la buena fe contractual desde una perspectiva novedosa y original. Precisando el problema pr\u00e1ctico en que encuentra fundamento, sostiene que su funci\u00f3n es la protecci\u00f3n de la expectativa de satisfacci\u00f3n de los contratantes. Con base en su concepci\u00f3n de la interpretaci\u00f3n como imputaci\u00f3n normativa y la integraci\u00f3n como distribuci\u00f3n din\u00e1mica de riesgos, el autor analiza problemas relevantes y vigentes, entre ellos, en qu\u00e9 casos el juez puede ir en contra de la voluntad expresada por las partes; de qu\u00e9 manera el sentido, racionalidad y l\u00f3gica econ\u00f3mica del contrato define la mayor o menor extensi\u00f3n del poder normativo de la buena fe; y la reconversi\u00f3n o terminaci\u00f3n del contrato ante la excesiva onerosidad sobreviniente.<\/p>\n<p>PR\u00d3LOGO\u00a0\u00a0 \u00a013<br \/>\nPREFACIO\u00a0\u00a0 \u00a019<br \/>\nCAP\u00cdTULO PRIMERO:<br \/>\nEL CONTRATO COMO EXPRESI\u00d3N JUR\u00cdDICA DE LA COOPERACI\u00d3N Y EL FUNDAMENTO DE SU FUERZA OBLIGATORIA\u00a0\u00a0 \u00a029<br \/>\nI.\u00a0\u00a0 \u00a0LA BUENA FE CONTRACTUAL OPERA LOS EFECTOS QUE LE SON PROPIOS MEDIANTE LA INTERPRETA- CI\u00d3N E INTEGRACI\u00d3N DEL CONTRATO: RELEVAN-<br \/>\nCIA DEL ESTUDIO DE LA NOCI\u00d3N DE CONTRATO \u00a0 29<br \/>\nII.\u00a0\u00a0 \u00a0LA NOCI\u00d3N DE CONTRATO A LA LUZ DE LA IM- PORTANCIA DEL PROBLEMA PR\u00c1CTICO EN EL AN\u00c1LISIS JUR\u00cdDICO\u00a0\u00a0 \u00a032<br \/>\nIII.\u00a0\u00a0 \u00a0EL HECHO SOCIAL DE LA COOPERACI\u00d3N REC\u00cdPRO- CA Y EL CONTRATO COMO EXPRESI\u00d3N JUR\u00cdDICA<br \/>\nDE LA COOPERACI\u00d3N\u00a0\u00a0 \u00a033<br \/>\nIV.\u00a0\u00a0 \u00a0LA TUTELA JUR\u00cdDICA DE LA COOPERACI\u00d3N RE- C\u00cdPROCA: \u00bfPOR QU\u00c9 OBLIGAN LOS CONTRATOS?\u00a0\u00a0 \u00a037<br \/>\nV.\u00a0\u00a0 \u00a0DESMITIFICACI\u00d3N DEL DOGMA DE LA VOLUNTAD<br \/>\nEN LA CODIFICACI\u00d3N CIVIL DEL SIGLO XIX\u00a0\u00a0 \u00a044<br \/>\nVI.\u00a0\u00a0 \u00a0EL SOLIDARISMO CONTRACTUAL Y LA NOCI\u00d3N POSMODERNA DEL CONTRATO\u00a0\u00a0 \u00a050<br \/>\nCAP\u00cdTULO SEGUNDO:<br \/>\nEL DEBER DE EJECUTAR LOS CONTRATOS DE BUENA FE SEG\u00daN EL PROBLEMA PR\u00c1CTICO QUE EL DERECHO CI- VIL RESUELVE POR SU INTERMEDIO: SUPERACI\u00d3N DE LA<br \/>\nDESCONFIANZA ANTE RIESGOS IMPREVISTOS\u00a0\u00a0 \u00a057<br \/>\nVII.\u00a0\u00a0 \u00a0LAS VICISITUDES DE LA COOPERACI\u00d3N REC\u00cdPROCA Y EL CONFLICTO DE INTERESES QUE SURGE EN- TRE LOS CONTRATANTES COMO CONSECUENCIA<br \/>\nDE LOS RIESGOS DE INSATISFACCI\u00d3N\u00a0\u00a0 \u00a057<br \/>\nVIII.\u00a0\u00a0 \u00a0EL PROBLEMA PR\u00c1CTICO DE LA DESCONFIANZA QUE JUSTIFICA LA NECESIDAD DE PROTEGER JUR\u00cd- DICAMENTE LA CONFIANZA EN LA EXPECTATIVA<br \/>\nDE SATISFACCI\u00d3N DE LOS CONTRATANTES\u00a0\u00a0 \u00a059<br \/>\nIX.\u00a0\u00a0 \u00a0EL DERECHO CIVIL Y LA SUPERACI\u00d3N DE LA DES- CONFIANZA EN LA EXPECTATIVA DE SATISFAC- CI\u00d3N: LA FUERZA OBLIGATORIA DE LOS CON-<br \/>\nTRATOS EXPRESADA EN LA LEY DEL CONTRATO \u00a0 63<br \/>\nX.\u00a0\u00a0 \u00a0EXTENSI\u00d3N DEL EFECTO OBLIGATORIO DE LOS CONTRATOS: REGLAS CONVENCIONALES Y FUEN-<br \/>\nTES HETER\u00d3NOMAS\u00a0\u00a0 \u00a068<br \/>\nXI.\u00a0\u00a0 \u00a0LA LEY DEL CONTRATO: REGLAS CONVENCIO- NALES; REGLAS LEGALES DE CONTENIDO DE- TERMINADO; Y REGLAS LEGALES DE CONTENI- DO DETERMINABLE ANTE LA IMPOSIBILIDAD E<br \/>\nINEFICIENCIA DE PREVISI\u00d3N PERFECTA\u00a0\u00a0 \u00a070<br \/>\nXII.\u00a0\u00a0 \u00a0SENTIDO Y ALCANCE DE LA BUENA FE CONTRAC- TUAL: LA DESCONFIANZA ANTE LOS RIESGOS DE INSATISFACCI\u00d3N IMPREVISTOS SE PUEDE SUPERAR MEDIANTE EL DEBER DE EJECUTAR LOS CONTRA-<br \/>\nTOS DE BUENA FE\u00a0\u00a0 \u00a079<br \/>\nXIII.\u00a0\u00a0 \u00a0LA BUENA FE CONTRACTUAL COMO CL\u00c1USULA GENERAL Y EL PATR\u00d3N DE CONDUCTA DEL CON- TRATANTE DIGNO DE CONFIANZA\u00a0\u00a0 \u00a084<br \/>\nCAP\u00cdTULO TERCERO:<br \/>\nEL DEBER DE EJECUTAR LOS CONTRATOS DE BUENA FE SEG\u00daN SU FORMULACI\u00d3N HIST\u00d3RICA Y EL ART\u00cd-<br \/>\nCULO 1546 DEL C\u00d3DIGO CIVIL DE CHILE\u00a0\u00a0 \u00a095<br \/>\nSECCI\u00d3N PRIMERA:<br \/>\nCOMPROBACI\u00d3N EMP\u00cdRICA DEL SENTIDO Y ALCAN- CE DEL DEBER DE EJECUTAR LOS CONTRATOS DE<br \/>\nBUENA FE SEG\u00daN SU FORMULACI\u00d3N HIST\u00d3RICA\u00a0\u00a0 \u00a095<br \/>\nXIV.\u00a0\u00a0 \u00a0LA \u201cBONA FIDES\u201d ROMANA Y PRIMERAMENTE DE LA \u201cFIDES\u201d COMO CONFIANZA DE HECHO O<br \/>\n\u201cCR\u00c9DITO SOCIOJUR\u00cdDICO\u201d\u00a0\u00a0 \u00a095<br \/>\nXV.\u00a0\u00a0 \u00a0EL NACIMIENTO DE LA \u201cBONA FIDES\u201d COMO ME- DIO DE PROTECCI\u00d3N JUR\u00cdDICA DE LA EXPECTATI- VA DE SATISFACCI\u00d3N ANTE LA INEXISTENCIA DE CONFIANZA DE HECHO Y LA INAPLICABILIDAD<br \/>\nDE REGLAS ESPECIALES\u00a0\u00a0 \u00a0101<br \/>\nXVI.\u00a0\u00a0 \u00a0LA DISTINCI\u00d3N ENTRE \u201cCONTRATOS DE BUENA FE\u201d Y \u201cCONTRATOS DE DERECHO ESTRICTO\u201d Y LA<br \/>\nF\u00d3RMULA \u201cOPORTERE EX FIDE BONA\u201d\u00a0\u00a0 \u00a0103<br \/>\nXVII.\u00a0\u00a0 \u00a0LA BONA FIDES ROMANA OPERA, EN LOS CONTRA- TOS DE BUENA FE, A TRAV\u00c9S DE LA INTERPRETA-<br \/>\nCI\u00d3N E INTEGRACI\u00d3N CONTRACTUAL\u00a0\u00a0 \u00a0108<br \/>\nXVIII.\u00a0\u00a0 \u00a0EL TR\u00c1NSITO DE LA BONA FIDES DESDE EL DERE- CHO ROMANO CL\u00c1SICO HASTA LA CODIFICACI\u00d3N<br \/>\nCIVIL DEL SIGLO XIX\u00a0\u00a0 \u00a0114<br \/>\nXIX.\u00a0\u00a0 \u00a0LAS VENTAJAS DE LA BUENA FE QUE LE PERMITEN SUBSISTIR TRAS LA CODIFICACI\u00d3N DEL SIGLO XIX\u00a0\u00a0 \u00a0120<br \/>\nSECCI\u00d3N SEGUNDA:<br \/>\nEL SENTIDO Y ALCANCE DEL ART\u00cdCULO 1546<br \/>\nDEL C\u00d3DIGO CIVIL DE CHILE\u00a0\u00a0 \u00a0122<br \/>\nXX.\u00a0\u00a0 \u00a0UNA CREACI\u00d3N ORIGINAL DE ANDR\u00c9S BELLO\u00a0\u00a0 \u00a0122<br \/>\nXXI.\u00a0\u00a0 \u00a0LA SUPUESTA INSPIRACI\u00d3N DE ANDRES BELLO EN<br \/>\nEL C\u00d3DIGO CIVIL FRANC\u00c9S\u00a0\u00a0 \u00a0124<br \/>\nXXII.\u00a0\u00a0 \u00a0ROL QUE DESEMPE\u00d1AN LOS ART\u00cdCULOS 1545 Y 1546 DEL C\u00d3DIGO CIVIL DE CHILE Y 1134 Y 1135 DEL C\u00d3DIGO CIVIL FRANC\u00c9S: PACTA SUNT SER- VANDA Y EXTENSI\u00d3N DEL EFECTO OBLIGATORIO<br \/>\nA FUENTES HETER\u00d3NOMAS\u00a0\u00a0 \u00a0127<br \/>\nXXIII.\u00a0\u00a0 \u00a0LOS COMPROMISOS NO EXPRESADOS QUE SE SI- GUEN DE LAS CONVENCIONES SEG\u00daN LAS EXPLI-<br \/>\nCACIONES DE DOMAT EN LES LOIX CIVILES\u00a0\u00a0 \u00a0129<br \/>\nXXIV.\u00a0\u00a0 \u00a0EN EL CUMPLIMIENTO DE LOS CONTRATOS, LA AEQUITAS MEDIEVAL SUSTITUYE A LA BONA FIDES<br \/>\nY LA EQUIDAD CL\u00c1SICAS\u00a0\u00a0 \u00a0135<br \/>\nXXV.\u00a0\u00a0 \u00a0ACOGIDA DEL PENSAMIENTO DE DOMAT EN EL INCISO TERCERO DEL ART\u00cdCULO 1134 Y EL ART\u00cd-<br \/>\nCULO 1135 DEL C\u00d3DIGO CIVIL FRANC\u00c9S\u00a0\u00a0 \u00a0143<br \/>\nXXVI.\u00a0\u00a0 \u00a0EL ART\u00cdCULO 1546 DEL CODIGO CIVIL DE CHILE DESECHA LA EQUIDAD Y RESTABLECE LA BONA FIDES CL\u00c1SICA EN FUNCI\u00d3N DE LA NATURA CONTRACTUS\u00a0\u00a0 \u00a0148<br \/>\nXXVII.\u00a0\u00a0 \u00a0EN EL ART\u00cdCULO 1546 DEL C\u00d3DIGO CIVIL, NO CABE DUDA DE QUE LO EXPRESADO EN EL CONTRATO NO PRIMA NECESARIAMENTE SOBRE LAS COSAS QUE<br \/>\nEMANAN DE LA NATURALEZA DE LA OBLIGACI\u00d3N \u00a0155<br \/>\nXXVIII.\u00a0\u00a0 \u00a0SEG\u00daN EL ART\u00cdCULO 1546 DEL C\u00d3DIGO CIVIL, DE LA NATURALEZA DE LA OBLIGACI\u00d3N EMANAN \u201cCOSAS\u201d Y NO \u201cCONSECUENCIAS\u201d: INTEGRACI\u00d3N<br \/>\nDEL CONTENIDO Y LOS EFECTOS DEL CONTRATO 159<br \/>\nXXIX.\u00a0\u00a0 \u00a0EL ART\u00cdCULO 1546 SEPARA LAS COSAS QUE EMA- NAN \u201cPRECISAMENTE\u201d DE LA NATURALEZA DE LA OBLIGACI\u00d3N; Y LAS COSAS QUE POR LA LEY<br \/>\nO LA COSTUMBRE \u201cPERTENECEN\u201d A ELLA\u00a0\u00a0 \u00a0161<br \/>\nCAP\u00cdTULO CUARTO:<br \/>\nLA BUENA FE CONTRACTUAL COMO CRITERIO DE IN- TERPRETACI\u00d3N E INTEGRACI\u00d3N DEL CONTRATO\u00a0\u00a0 \u00a0165<br \/>\nXXX.\u00a0\u00a0 \u00a0INTRODUCCI\u00d3N: GENERALIDADES SOBRE LA IN- TERPRETACI\u00d3N E INTEGRACION NECESARIAS PARA ESTABLECER EL CONTENIDO Y EFECTOS CONCRE-<br \/>\nTOS DE LA LEY DEL CONTRATO\u00a0\u00a0 \u00a0165<br \/>\nSECCI\u00d3N PRIMERA:<br \/>\nLA INTERPRETACI\u00d3N DE LOS CONTRATOS SEG\u00daN<br \/>\nEL CRITERIO DE LA BUENA FE\u00a0\u00a0 \u00a0175<br \/>\nXXXI.\u00a0\u00a0 \u00a0GENERALIDADES SOBRE LOS SISTEMAS DE INTER- PRETACI\u00d3N DE LOS CONTRATOS\u00a0\u00a0 \u00a0175<br \/>\nXXXII.\u00a0\u00a0 \u00a0CRITICA A LA FORMULACI\u00d3N TRADICIONAL DEL SISTEMA SUBJETIVO Y LA NECESIDAD DE CRITE- RIOS NORMATIVOS PARA ESTABLECER LA INTEN-<br \/>\nCI\u00d3N COM\u00daN\u00a0\u00a0 \u00a0178<br \/>\nXXXIII.\u00a0\u00a0 \u00a0LA INTENCI\u00d3N COM\u00daN NORMATIVAMENTE ATRI- BUIDA OTORGA UN SIGNIFICADO OBJETIVO A LA MANIFESTACI\u00d3N DE VOLUNTAD\u00a0\u00a0 \u00a0189<br \/>\nXXXIV.\u00a0\u00a0 \u00a0EL CRITERIO NORMATIVO DE LA BUENA FE COMO FACTOR DE IMPUTACI\u00d3N DE LA INTENCI\u00d3N CO-<br \/>\nM\u00daN: RESPONSABILIDAD Y CONFIANZA\u00a0\u00a0 \u00a0193<br \/>\nXXXV.\u00a0\u00a0 \u00a0LAS REGLAS DE INTERPRETACI\u00d3N DEL C\u00d3DIGO CIVIL SE BASAN EN CRITERIOS NORMATIVOS DE<br \/>\nIMPUTACI\u00d3N DE LA INTENCI\u00d3N COM\u00daN\u00a0\u00a0 \u00a0200<br \/>\nSECCI\u00d3N SEGUNDA:<br \/>\nLA INTEGRACI\u00d3N CONTRACTUAL SEG\u00daN EL CRITE-<br \/>\nRIO DE LA BUENA FE\u00a0\u00a0 \u00a0209<br \/>\nXXXVI.\u00a0\u00a0 \u00a0EL DEBER DE EJECUTAR LOS CONTRATOS DE BUE- NA FE COMO CRITERIO DE INTEGRACI\u00d3N CON- TRACTUAL: GENERALIDADES SOBRE SU FUNCI\u00d3N<br \/>\nEN EL DERECHO DE CONTRATOS\u00a0\u00a0 \u00a0209<br \/>\nXXXVII.\u00a0\u00a0 \u00a0LA INTEGRACI\u00d3N OPERA TANTO RESPECTO DEL CONTENIDO COMO DE LOS EFECTOS<br \/>\nDEL CONTRATO\u00a0\u00a0 \u00a0213<br \/>\nXXXVIII.\u00a0\u00a0 \u00a0LA NATURALEZA DEL CONTRATO Y LA RELEVAN- CIA DE LA CAUSA COMO FINALIDAD CONCRETA<br \/>\nDEL CONTRATO\u00a0\u00a0 \u00a0217<br \/>\nXXXIX.\u00a0\u00a0 \u00a0LA NATURALEZA DEL CONTRATO Y EN QU\u00c9 MEDI- DA LAS FINALIDADES INDIVIDUALES CONFORMAN<br \/>\nEL FIN DEL CONTRATO\u00a0\u00a0 \u00a0224<br \/>\nXL.\u00a0\u00a0 \u00a0LA CARACTERIZACI\u00d3N DE LA NATURALEZA DEL CONTRATO COMPRENDE TAMBI\u00c9N LA PARTICU- LAR ORGANIZACI\u00d3N DE LOS MEDIOS, ES DECIR,<br \/>\nLA L\u00d3GICA ECON\u00d3MICA DEL CONTRATO\u00a0\u00a0 \u00a0229<br \/>\nXLI. \u00a0EL SUPUESTO DE APLICACI\u00d3N DE LA INTEGRA- CI\u00d3N CONTRACTUAL DE ACUERDO CON EL CRI- TERIO DE LA BUENA FE ES LA IMPREVISI\u00d3N: RIES- GOS MATERIALMENTE IMPREVISTOS Y RIESGOS<br \/>\nNORMATIVAMENTE IMPREVISTOS\u00a0\u00a0 \u00a0234<br \/>\nXLII. JUSTIFICACI\u00d3N DE LA INAPLICABILIDAD DE RE- GLAS CONVENCIONALES EXPRESAS Y POR QU\u00c9 LA BUENA FE CONTRACTUAL, EN CUANTO CRITERIO DE INTEGRACI\u00d3N, RECIBE APLICACI\u00d3N EN LA<br \/>\nFASE DE EJECUCI\u00d3N DEL CONTRATO\u00a0\u00a0 \u00a0239<br \/>\nXLIII. LA INTERPRETACI\u00d3N INTEGRADORA CONTRA TEXTO CONTRACTUAL EXPRESO, ANTE RIESGOS DE INSATISFACCI\u00d3N NORMATIVAMENTE IMPRE- VISTOS, SEG\u00daN LOS ART\u00cdCULOS 1561 Y 1546 DEL<br \/>\nC\u00d3DIGO CIVIL\u00a0\u00a0 \u00a0246<br \/>\nXLIV. \u00a0EXCESIVA ONEROSIDAD SOBREVINIENTE: SUPE- RACI\u00d3N DE LA TEOR\u00cdA DE LA IMPREVISI\u00d3N\u00a0\u00a0 \u00a0255<br \/>\nXLV. LA TERMINACI\u00d3N O RECONVERSI\u00d3N DEL CON- TRATO POR EXCESIVA ONEROSIDAD CONSECUEN- CIAL A UN RIESGO MATERIAL O NORMATIVAMEN- TE IMPREVISTO: ALEA ANORMAL O DESTRUCCI\u00d3N<br \/>\nDE LA RELACI\u00d3N DE EQUIVALENCIA\u00a0\u00a0 \u00a0271<br \/>\nXLVI. LIMITES A LA INTEGRACI\u00d3N CONTRACTUAL SE- G\u00daN EL CRITERIO DE LA BUENA FE Y LA IMPOR- TANCIA DEL DEBER DE JUSTIFICACI\u00d3N DE LAS<br \/>\nSENTENCIAS EN LOS JUICIOS DE BUENA FE\u00a0\u00a0 \u00a0283<br \/>\nSECCI\u00d3N TERCERA:<br \/>\nAN\u00c1LISIS DE CASOS REPRESENTATIVOS SOBRE INTERPRE- TACI\u00d3N E INTEGRACI\u00d3N CONTRACTUAL DE ACUERDO<br \/>\nCON EL CRITERIO DE LA BUENA FE\u00a0\u00a0 \u00a0296<br \/>\nXLVII.\u00a0\u00a0 \u00a0EL CASO TRANEX CON ANGLOAMERICAN: LA BUENA FE CONTRACTUAL Y LA EFICACIA DE LA FACULTAD PARA TERMINAR EL CONTRATO UNI- LATERALMENTE Y SIN EXPRESI\u00d3N DE CAUSA\u00a0\u00a0 \u00a0297<br \/>\nXLVIII. EL CASO ELDU CON ELETRANS: ERRADA INVOCA- CI\u00d3N DEL DEBER DE EJECUTAR LOS CONTRATOS<br \/>\nDE BUENA FE\u00a0\u00a0 \u00a0313<br \/>\nXLIX. EL CASO NUEVO PUDAHUEL CON MINISTERIO DE OBRAS P\u00daBLICAS: RESTABLECIMIENTO DE LA CON- MUTATIVIDAD DEL CONTRATO ANTE LA EXCESIVA ONEROSIDAD SOBREVINIENTE CONSTITUTIVA DE<br \/>\nUN ALEA ANORMAL\u00a0\u00a0 \u00a0330<br \/>\nBIBLIOGRAF\u00cdA\u00a0\u00a0 \u00a0347<\/p>\n","protected":false},"excerpt":{"rendered":"<p>Buscas un libro Jur\u00eddico.? Lo puedes encontrar en nuestra tienda virtual.<br \/>\nContamos con prestigiosos autores y muchas alternativas en sus diferentes materias al igual que grandes descuentos.! Vis\u00edtanos en <a class=\"ooskVwSdGfOgAuxqYtWpPvzJCLSPRHmAa \" href=\"https:\/\/lnkd.in\/eiAG7jdZ\" target=\"_blank\" rel=\"noopener\" data-test-app-aware-link=\"\">https:\/\/lnkd.in\/eiAG7jdZ<\/a><br \/>\nEscr\u00edbenos al +56930565235 \/ <a class=\"ooskVwSdGfOgAuxqYtWpPvzJCLSPRHmAa \" href=\"mailto:ventaslegallexglobal@gmail.com\" target=\"_self\" data-test-app-aware-link=\"\">ventaslegallexglobal@gmail.com<\/a><br \/>\nHacemos env\u00edos a todo Chile \u2013 Starken o Correos Chile \/ Te esperamos<\/p>\n","protected":false},"featured_media":2050,"comment_status":"open","ping_status":"closed","template":"","meta":{"inline_featured_image":false,"_joinchat":[]},"product_brand":[],"product_cat":[27,26],"product_tag":[],"class_list":{"0":"post-2020","1":"product","2":"type-product","3":"status-publish","4":"has-post-thumbnail","6":"product_cat-civil","7":"product_cat-derecho","9":"first","10":"instock","11":"shipping-taxable","12":"purchasable","13":"product-type-simple"},"_links":{"self":[{"href":"https:\/\/bibliotecajuridicavirtual.cl\/index.php\/wp-json\/wp\/v2\/product\/2020","targetHints":{"allow":["GET"]}}],"collection":[{"href":"https:\/\/bibliotecajuridicavirtual.cl\/index.php\/wp-json\/wp\/v2\/product"}],"about":[{"href":"https:\/\/bibliotecajuridicavirtual.cl\/index.php\/wp-json\/wp\/v2\/types\/product"}],"replies":[{"embeddable":true,"href":"https:\/\/bibliotecajuridicavirtual.cl\/index.php\/wp-json\/wp\/v2\/comments?post=2020"}],"wp:featuredmedia":[{"embeddable":true,"href":"https:\/\/bibliotecajuridicavirtual.cl\/index.php\/wp-json\/wp\/v2\/media\/2050"}],"wp:attachment":[{"href":"https:\/\/bibliotecajuridicavirtual.cl\/index.php\/wp-json\/wp\/v2\/media?parent=2020"}],"wp:term":[{"taxonomy":"product_brand","embeddable":true,"href":"https:\/\/bibliotecajuridicavirtual.cl\/index.php\/wp-json\/wp\/v2\/product_brand?post=2020"},{"taxonomy":"product_cat","embeddable":true,"href":"https:\/\/bibliotecajuridicavirtual.cl\/index.php\/wp-json\/wp\/v2\/product_cat?post=2020"},{"taxonomy":"product_tag","embeddable":true,"href":"https:\/\/bibliotecajuridicavirtual.cl\/index.php\/wp-json\/wp\/v2\/product_tag?post=2020"}],"curies":[{"name":"wp","href":"https:\/\/api.w.org\/{rel}","templated":true}]}}