{"id":2027,"date":"2026-02-28T00:57:34","date_gmt":"2026-02-28T03:57:34","guid":{"rendered":"https:\/\/bibliotecajuridicavirtual.cl\/?post_type=product&#038;p=2027"},"modified":"2026-02-28T00:58:03","modified_gmt":"2026-02-28T03:58:03","slug":"la-prueba-ilicita-en-el-proceso-penal-carlos-correa-robles-351-paginas-edicion-actualizada-ano-diciembre-2024","status":"publish","type":"product","link":"https:\/\/bibliotecajuridicavirtual.cl\/index.php\/product\/la-prueba-ilicita-en-el-proceso-penal-carlos-correa-robles-351-paginas-edicion-actualizada-ano-diciembre-2024\/","title":{"rendered":"La Prueba Il\u00edcita en el Proceso Penal &#8211; Carlos Correa Robles, 351 P\u00e1ginas &#8211; edici\u00f3n actualizada a\u00f1o Diciembre 2024"},"content":{"rendered":"<p style=\"font-weight: 400;\">La prueba il\u00edcita en el proceso penal ha sido un tema de especial inter\u00e9s para la jurisprudencia de los tribunales chilenos. D\u00eda a d\u00eda, la Corte Suprema acoge o rechaza recursos de nulidad, en los cuales se alega una vulneraci\u00f3n de garant\u00edas fundamentales en base a una obtenci\u00f3n y\/o valoraci\u00f3n de prueba de cargo il\u00edcitamente obtenida; Jueces de Garant\u00eda resuelven las recurrentes solicitudes de exclusi\u00f3n de prueba que las defensas plantean durante la audiencia de preparaci\u00f3n del juicio oral y las Cortes de Apelaciones conocen de las impugnaciones al auto de apertura por prueba err\u00f3neamente excluida.<\/p>\n<p style=\"font-weight: 400;\">A pesar de su enorme\u00a0relevancia pr\u00e1ctica, en Chile, los cimientos dogm\u00e1ticos del tema son a\u00fan\u00a0fr\u00e1giles. Este libro busca llenar ese vac\u00edo.\u00a0En esta obra, el lector encontrar\u00e1 la respuesta a diversos problemas\u00a0de prueba il\u00edcita relevantes para la pr\u00e1ctica profesional, aportando las\u00a0herramientas que permitan a jueces y abogados aplicar racionalmente\u00a0las distintas instituciones vinculadas al tema objeto de este trabajo. Se\u00a0analiza el tratamiento dogm\u00e1tico de las excepciones m\u00e1s importantes a\u00a0la regla de exclusi\u00f3n de prueba que nuestra jurisprudencia ha reconocido,\u00a0as\u00ed como el tratamiento de la prueba il\u00edcita fuera de la etapa intermedia\u00a0y su incidencia en el recurso de nulidad. Asimismo, se estudian las ra\u00edces\u00a0hist\u00f3ricas de la instituci\u00f3n y su posicionamiento en el marco del derecho\u00a0internacional de los Derecho Humanos.<\/p>\n<p style=\"font-weight: 400;\"><b><strong>CAP\u00cdTULO I<\/strong><\/b><br \/>\n<b><strong>LA FUNCI\u00d3N DE LA EXCLUSI\u00d3N DE LA PRUEBA IL\u00cdCITA EN EL PROCESO PENAL Y SUS CONSECUENCIAS: UN ESTUDIO COMPARADO<\/strong><\/b><\/p>\n<ol>\n<li style=\"font-weight: 400;\">Introducci\u00f3n<\/li>\n<li style=\"font-weight: 400;\">Razones para un estudio comparado<br \/>\n2.1. Tres ordenamientos: distintos modelos<br \/>\n2.2. La recepci\u00f3n de elementos propios de los sistemas estadounidense y alem\u00e1n al derecho chileno<\/li>\n<li style=\"font-weight: 400;\">La funci\u00f3n de a regla de exclusi\u00f3n en en el sistema estadounidense: la disuasi\u00f3n policial<\/li>\n<li style=\"font-weight: 400;\">La funci\u00f3n de las prohibiciones probatorias en el derecho alem\u00e1n<br \/>\n4.1. El resguardo de la verdad en el proceso penal<br \/>\n4.2. La defensa de la superioridad moral del Estado<br \/>\n4.3. La disuasi\u00f3n policial como funci\u00f3n de la prueba il\u00edcita en el proceso penal alem\u00e1n<br \/>\n4.4. El resguardo de fines propios de la sanci\u00f3n penal<br \/>\nA) Protecci\u00f3n de los fines preventivo-especiales de la pena<br \/>\nB) Resguardo de los fines preventivo-generales de la pena<br \/>\n4.5. La protecci\u00f3n de garant\u00edas individuales<br \/>\n4.6. La estabilizaci\u00f3n de normas vulneradas<\/li>\n<li style=\"font-weight: 400;\">La funci\u00f3n de las prohibiciones de prueba en el derecho chileno<br \/>\n5.1. La protecci\u00f3n de la integridad del ordenamiento jur\u00eddico y de la funci\u00f3n \u00e9tica del actuar estatal<br \/>\n5.2. La disuasi\u00f3n policial como funci\u00f3n de la prueba il\u00edcita en el proceso penal chileno<br \/>\n5.3. El resguardo de las garant\u00edas fundamentales y procesales como fundamentos de la prueba il\u00edcita<br \/>\n5.4. Las posturas mixtas<\/li>\n<li style=\"font-weight: 400;\">Posici\u00f3n<br \/>\n6.1. Fundamentos insatisfactorios de la regla de exclusi\u00f3n de prueba<br \/>\n6.2. La protecci\u00f3n de garant\u00edas fundamentales como fundamentos de la regla de exclusi\u00f3n<\/li>\n<li style=\"font-weight: 400;\">Consecuencias<br \/>\n7.1. No toda infracci\u00f3n a reglas de obtenci\u00f3n traer\u00e1 como consecuencia una exclusi\u00f3n de prueba<br \/>\n7.2. Legitimidad de las prohibiciones de valoraci\u00f3n de prueba en el proceso penal chileno<br \/>\n7.3. Sobre la procedencia de la excepci\u00f3n de buena fe del agente en el derecho chileno<br \/>\n7.4. La obtenci\u00f3n de la prueba il\u00edcita por particulares<\/li>\n<\/ol>\n<p style=\"font-weight: 400;\"><b><strong>CAP\u00cdTULO II<\/strong><\/b><br \/>\n<b><strong>M\u00c1S ALL\u00c1 DE LA REGLA DE EXCLUSI\u00d3N: PROHIBICIONES PROBATORIAS EN EL DERECHO CHILENO, CON ESPECIAL REFERENCIA AL DERECHO ALEM\u00c1N<\/strong><\/b><\/p>\n<ol>\n<li style=\"font-weight: 400;\">Introducci\u00f3n<\/li>\n<li style=\"font-weight: 400;\">Las prohibiciones de prueba en el derecho alem\u00e1n<br \/>\n2.1. Prohibiciones de obtenci\u00f3n y prohibiciones de valoraci\u00f3n de prueba en el derecho alem\u00e1n<br \/>\n2.2. La denominada \u201cconcepci\u00f3n unitaria\u201d de las prohibiciones de prueba en el derecho alem\u00e1n<\/li>\n<li style=\"font-weight: 400;\">La regla de exclusi\u00f3n contenida en el art\u00edculo 276 inciso 3\u00ba segunda hip\u00f3tesis del C\u00f3digo Procesal Penal chileno<br \/>\n3.1. El car\u00e1cter ineludible de la exclusi\u00f3n de prueba<br \/>\n3.2. Oportunidad procesal en la cual procede aplicar la regla de exclusi\u00f3n<\/li>\n<li style=\"font-weight: 400;\">Tratamiento de la prueba obtenida con infracci\u00f3n de garant\u00edas fundamentales en la etapa de investigaci\u00f3n<br \/>\n4.1. La funci\u00f3n perseguida por la regla de exclusi\u00f3n de prueba<br \/>\n4.2. La coherencia interna del ordenamiento jur\u00eddico<\/li>\n<li style=\"font-weight: 400;\">La exclusi\u00f3n de prueba en el juicio oral<br \/>\n5.1. \u00bfExclusi\u00f3n de prueba err\u00f3neamente incorporada al autor de apertura del juicio oral?<br \/>\n5.2. Prohibiciones de valoraci\u00f3n de prueba en la audiencia de juicio oral<\/li>\n<li style=\"font-weight: 400;\">Fundamento legal de las prohibiciones probatorias en el derecho chileno<br \/>\n6.1. Insuficiencia del recurso de nulidad como remedio procesal respecto de la prueba err\u00f3neamente admitida<br \/>\n6.2. Criterio material de determinaci\u00f3n de prohibiciones de valoraci\u00f3n de prueba en el derecho chileno<br \/>\n6.3. \u00bfRenovaci\u00f3n de la discusi\u00f3n sobre exclusi\u00f3n de prueba? Dificultades pr\u00e1cticas para cuestionar la obtenci\u00f3n probatoria en la audiencia de juicio oral<br \/>\n7. Conclusiones<\/li>\n<\/ol>\n<p style=\"font-weight: 400;\"><b><strong>CAP\u00cdTULO III<\/strong><\/b><br \/>\n<b><strong>LA LLAMADA VALORACI\u00d3N NEGATIVA DE LA PRUEBA EN LA DOCTRINA Y LA JURISPRUDENCIA<\/strong><\/b><\/p>\n<ol>\n<li style=\"font-weight: 400;\">Introducci\u00f3n<\/li>\n<li style=\"font-weight: 400;\">Concepto y alcance de la llamada valoraci\u00f3n negativa de a prueba<\/li>\n<li style=\"font-weight: 400;\">La valoraci\u00f3n negativa de la prueba en la doctrina<br \/>\n3.1. La posici\u00f3n a favor de la valoraci\u00f3n negativa de la prueba en la literatura<br \/>\n3.2. La posici\u00f3n en contra de la valoraci\u00f3n negativa de la prueba en la literatura<\/li>\n<li style=\"font-weight: 400;\">La valoraci\u00f3n negativa de a prueba en a jurisprudencia de los tribunales superiores<br \/>\n4.1. Sentencias que han aceptado una valoraci\u00f3n negativa de la prueba<br \/>\n4.2. Sentencias que han rechazado la posibilidad de valorar negativamente la prueba<\/li>\n<li style=\"font-weight: 400;\">El reconocimiento de las garant\u00edas fundamentales en el proceso penal chileno y sus mecanismos de resguardo<\/li>\n<li style=\"font-weight: 400;\">Mecanismos de control de licitud probatoria consagrados en el C\u00f3digo Procesal Penal<\/li>\n<li style=\"font-weight: 400;\">Las prohibiciones de valoraci\u00f3n de prueba como mecanismo residual de<\/li>\n<\/ol>\n<p style=\"font-weight: 400;\">control de garant\u00edas en matera de obtenci\u00f3n probatoria<\/p>\n<ol start=\"8\">\n<li style=\"font-weight: 400;\">Prohibiciones de valoraci\u00f3n de prueba en la audiencia de juicio oral: la amada valoraci\u00f3n negativa de la prueba<\/li>\n<li style=\"font-weight: 400;\">Fundamento legal de la existencia de prohibiciones probatorias en el derecho chileno<\/li>\n<li style=\"font-weight: 400;\">\u00bfReiteraci\u00f3n de una discusi\u00f3n zanjada? No necesariamente<\/li>\n<li style=\"font-weight: 400;\">Valoraci\u00f3n negativa y exclusi\u00f3n de prueba: \u00bfUn fraude de etiquetas?<\/li>\n<li style=\"font-weight: 400;\">La supuesta compensaci\u00f3n probatoria como argumento en contra de la valoraci\u00f3n negativa<\/li>\n<li style=\"font-weight: 400;\">Consecuencias indeseadas: la contaminaci\u00f3n del tribunal de juicio oral<\/li>\n<li style=\"font-weight: 400;\">Conclusiones<\/li>\n<\/ol>\n<p style=\"font-weight: 400;\"><b><strong>CAP\u00cdTULO IV<\/strong><\/b><br \/>\n<b><strong>LAS PROHIBICIONES PROBATORIAS EN LA OBRA DE ERNST BELING: DETERMINANDO SU ALCANCE E INCIDENCIA EN EL SISTEMA PROCESAL PENAL CHILENO<\/strong><\/b><\/p>\n<ol>\n<li style=\"font-weight: 400;\">Introducci\u00f3n<\/li>\n<li style=\"font-weight: 400;\">Origen y contenido de la teor\u00eda de las prohibiciones probatorias de Ernst Beling<\/li>\n<li style=\"font-weight: 400;\">La falsa concepci\u00f3n ilimitada de la tesis de Beling<\/li>\n<li style=\"font-weight: 400;\">Los cambios en a concepci\u00f3n de proceso penal y su incidencia en la teor\u00eda de las prohibiciones probatorias<\/li>\n<li style=\"font-weight: 400;\">Recepci\u00f3n de la teor\u00eda de las prohibiciones probatorias en Chile<br \/>\n5.1. Las prohibiciones probatorias y el sistema de enjuiciamiento consagrado en el C\u00f3digo de Procedimiento Penal: un intento frustrado de recepci\u00f3n<br \/>\n5.2. La recepci\u00f3n de la teor\u00eda de las prohibiciones probatorias en el sistema consagrado en el C\u00f3digo Procesal Penal: una propuesta de completitud6. Conclusiones<\/li>\n<\/ol>\n<p style=\"font-weight: 400;\"><b><strong>CAP\u00cdTULO V<\/strong><\/b><br \/>\n<b><strong>LA JURISPRUDENCIA DE LA CORTE EUROPEA DE DERECHOS HUMANOS EN RELACI\u00d3N A LA PRUEBA OBTENIDA CON INFRACCI\u00d3N DE GARANT\u00cdAS FUNDAMENTALES Y EL DERECHO A UN PROCEDIMIENTO EQUITATIVO, CON ESPECIAL REFERENCIA A LA DOCTRINA Y JURISPRUDENCIA ALEMANAS<\/strong><\/b><\/p>\n<ol>\n<li style=\"font-weight: 400;\">Introducci\u00f3n<br \/>\n2. Requisitos para acreditar una infracci\u00f3n a art\u00edculo 6\u00ba inciso 1\u00ba: Schenk C. Suiza<br \/>\n3. Vulneraciones al art\u00edculo 3 de la CEDH y su relaci\u00f3n con la garant\u00eda establecida en el art\u00edculo 6 inciso 1\u00ba: Jalloh C. Alemania y G\u00e4fgen C. Alemania<br \/>\n4. Incitaci\u00f3n policial para cometer un delito: Teixeira de Castro C. Portugal<br \/>\n5. Infracciones al principio de no autoincriminaci\u00f3n: Allen C. Reino Unido<br \/>\n6. Infracci\u00f3n a derecho a la vida privada (art\u00edculo 8 inciso 2\u00ba): Kahn C. Reino Unido y Bykov V. Federaci\u00f3n Rusa<br \/>\n7. Conclusiones<\/li>\n<\/ol>\n<p style=\"font-weight: 400;\"><b><strong>SEGUNDA SECCI\u00d3N<\/strong><\/b><br \/>\n<b><strong>L\u00cdMITES Y EXCEPCIONES A LA EXCLUSI\u00d3N DE PRUEBA POR ILICITUD<\/strong><\/b><\/p>\n<p style=\"font-weight: 400;\"><b><strong>CAP\u00cdTULO VI<\/strong><\/b><br \/>\n<b><strong>EFECTOS REFLEJOS DE LA REGLA DE EXCLUSI\u00d3N DE PRUEBA IL\u00cdCITA: UNA CONCLUSI\u00d3N (NO TAN) OBVIA<\/strong><\/b><\/p>\n<ol>\n<li style=\"font-weight: 400;\">Introducci\u00f3n<\/li>\n<li style=\"font-weight: 400;\">El efecto reflejo de la regla de exclusi\u00f3n de prueba en los Estados Unidos: La \u201cFruit of the poisonous tree doctrine\u201d<\/li>\n<li style=\"font-weight: 400;\">El efecto reflejo de las prohibiciones de prueba en el derecho alem\u00e1n: una interminable discusi\u00f3n<br \/>\n3.1. Posturas contrarias al reconocimiento de un efecto reflejo<br \/>\n3.2. Posiciones a favor del reconocimiento de un efecto reflejo a las prohibiciones de prueba<br \/>\n3.3. Las posturas intermedias<br \/>\n3.4. La jurisprudencia alemana sobre la prueba il\u00edcita derivada<\/li>\n<li style=\"font-weight: 400;\">La exclusi\u00f3n de prueba derivada en a doctrina chilena<\/li>\n<li style=\"font-weight: 400;\">El efecto reflejo de a regla de exclusi\u00f3n en la jurisprudencia chilena<\/li>\n<li style=\"font-weight: 400;\">Discusi\u00f3n: una cr\u00edtica a las posturas extremas<\/li>\n<li style=\"font-weight: 400;\">La justificaci\u00f3n de reconocimiento de un efecto reflejo en el tratamiento de la prueba il\u00edcita<\/li>\n<li style=\"font-weight: 400;\">Los l\u00edmites a la exclusi\u00f3n de a prueba il\u00edcita derivada<\/li>\n<li style=\"font-weight: 400;\">A modo de conclusi\u00f3n: El esquema de prueba del efecto reflejo de la prueba<\/li>\n<\/ol>\n<p style=\"font-weight: 400;\"><b><strong>CAP\u00cdTULO VII<\/strong><\/b><br \/>\n<b><strong>RELACI\u00d3N CAUSAL Y EXCLUSI\u00d3N DE PRUEBA<\/strong><\/b><\/p>\n<ol>\n<li style=\"font-weight: 400;\">Introducci\u00f3n<\/li>\n<li style=\"font-weight: 400;\">El origen y contenido de a regla de exclusi\u00f3n en el derecho estadounidense<br \/>\n2.1. La excepci\u00f3n de la fuente independiente<br \/>\n2.2. Intereses contrapuestos y la aplicaci\u00f3n de la excepci\u00f3n de la fuente independiente<\/li>\n<li style=\"font-weight: 400;\">La relaci\u00f3n causal y su relevancia en el sistema de prohibiciones de valoraci\u00f3n probatoria dependientes en el derecho alem\u00e1n<\/li>\n<li style=\"font-weight: 400;\">La relaci\u00f3n de causalidad y la excusi\u00f3n probatoria en el derecho chileno<br \/>\n4.1. La relaci\u00f3n de causalidad y la exclusi\u00f3n probatoria en la jurisprudencia de los tribunales superiores chilenos<br \/>\n4.2. La ausencia de v\u00ednculo causal en el derecho chileno<\/li>\n<li style=\"font-weight: 400;\">Conclusiones preliminares<\/li>\n<li style=\"font-weight: 400;\">La teor\u00eda de la equivalencia de las condiciones como criterio para determinar la existencia de un v\u00ednculo de causalidad<\/li>\n<li style=\"font-weight: 400;\">El problema de a llamada \u201ccausalidad alternativa\u201d y su tratamiento procesal<\/li>\n<li style=\"font-weight: 400;\">Algunos lineamentos para a simplificaci\u00f3n de la prueba de la relaci\u00f3n causal<\/li>\n<li style=\"font-weight: 400;\">La relaci\u00f3n causal y su incidencia en el recurso de nulidad por la causal establecida en el art\u00edculo 373 letra a) del C\u00f3digo Procesal Penal<\/li>\n<li style=\"font-weight: 400;\">Conclusiones<\/li>\n<\/ol>\n<p style=\"font-weight: 400;\"><b><strong>CAP\u00cdTULO VIII<\/strong><\/b><br \/>\n<b><strong>LA EXCEPCI\u00d3N DEL V\u00cdNCULO ATENUADO Y LA LECTURA DE DERECHOS CUALIFICADA COMO MECANISMOS DE SANEAMIENTOS DE VICIOS PROCESALES<\/strong><\/b><\/p>\n<ol>\n<li style=\"font-weight: 400;\">Introducci\u00f3n<\/li>\n<li style=\"font-weight: 400;\">Or\u00edgenes y consolaciones de la excepci\u00f3n del v\u00ednculo atenuado<\/li>\n<li style=\"font-weight: 400;\">\u00c1mbito de aplicaci\u00f3n de la excepci\u00f3n del v\u00ednculo de aplicaci\u00f3n<br \/>\n3.1. Mecanismos de actuaci\u00f3n de la excepci\u00f3n del v\u00ednculo atenuado<br \/>\n3.2. Procedencia de la excepci\u00f3n del v\u00ednculo atenuado en un caso concreto: criterios para considerar<br \/>\nA) El transcurso del tiempo<br \/>\nB) La existencia de una acci\u00f3n libre (y no influenciada por el vicio procesal) de parte del imputado o del testigo<br \/>\nC) La relevancia de la infracci\u00f3n cometida<\/li>\n<li style=\"font-weight: 400;\">Derecho chileno<br \/>\n4.1. Los requisitos contenidos en el \u201cOficio FN N\u00ba 284\/2010\u201d para la determinaci\u00f3n de la excepci\u00f3n del v\u00ednculo atenuado<br \/>\n4.2. Problemas subyacentes a la nueva declaraci\u00f3n y su saneamiento: la llamada \u201clectura de derechos cualificada\u201d<br \/>\n5. Conclusiones<\/li>\n<\/ol>\n<p style=\"font-weight: 400;\"><b><strong>CAP\u00cdTULO IX<\/strong><\/b><br \/>\n<b><strong>LA EXCEPCI\u00d3N DEL DESCUBRIMIENTO INEVITABLE: CONTENIDO Y L\u00cdMITES<\/strong><\/b><\/p>\n<ol>\n<li style=\"font-weight: 400;\">Introducci\u00f3n<\/li>\n<li style=\"font-weight: 400;\">La excepci\u00f3n del descubrimiento inevitable en el derecho estadounidense<\/li>\n<li style=\"font-weight: 400;\">Los cursos causales hipot\u00e9ticos y su incidencia en las prohibiciones de valoraci\u00f3n de prueba en el derecho alem\u00e1n<\/li>\n<li style=\"font-weight: 400;\">La excepci\u00f3n de descubrimiento inevitable en la doctrina y jurisprudencia chilena<br \/>\n4.1. Una defensa a la procedencia de la excepci\u00f3n del descubrimiento inevitable en el derecho chileno<\/li>\n<li style=\"font-weight: 400;\">\u00bfC\u00f3mo act\u00faan los cursos causales hipot\u00e9ticos en la estructura de la prueba il\u00edcita?<\/li>\n<li style=\"font-weight: 400;\">L\u00edmites<\/li>\n<li style=\"font-weight: 400;\">El contenido material de las hip\u00f3tesis conforme a derecho<br \/>\n7.1. Construyendo los cursos causales hipot\u00e9ticos: \u00bfhip\u00f3tesis concretas o abstractas?<br \/>\n7.2. Est\u00e1ndar de prueba aplicable para la acreditaci\u00f3n de la excepci\u00f3n del descubrimiento inevitable<br \/>\n7.3. Presupuestos de acreditaci\u00f3n de la excepci\u00f3n del descubrimiento inevitable 295<\/li>\n<li style=\"font-weight: 400;\">Conclusiones<\/li>\n<\/ol>\n<p style=\"font-weight: 400;\"><b><strong>CAP\u00cdTULO X<\/strong><\/b><br \/>\n<b><strong>LA BUENA FE DEL AGENTE COMO EXCEPCI\u00d3N A LA APLICACI\u00d3N DE LA REGLA DE EXCLUSI\u00d3N<\/strong><\/b><\/p>\n<ol>\n<li style=\"font-weight: 400;\">Introducci\u00f3n<br \/>\n2. La regla de exclusi\u00f3n y a doctrina de los frutos del \u00e1rbol envenenado en el derecho estadounidense y sus excepciones. Nociones generales<br \/>\n3. Origen y contenido de la excepci\u00f3n de la buena fe como l\u00edmite a la aplicaci\u00f3n de la regla de exclusi\u00f3n de prueba en el derecho estadounidense<br \/>\n4. Justificaci\u00f3n material de la excepci\u00f3n de la buena fe en el derecho estadounidense<br \/>\n5. La excepci\u00f3n de buena fe en la jurisprudencia chilena<br \/>\n6. La excepci\u00f3n de buena fe en la doctrina chilena<br \/>\n7. Contenido material de la excepci\u00f3n de buena fe del agente en el derecho chileno<br \/>\n8. La doctrina de la buena fe del agente y su v\u00ednculo con la finalidad perseguida por la regla de exclusi\u00f3n probatoria<\/li>\n<\/ol>\n","protected":false},"excerpt":{"rendered":"<p>Buscas un libro Jur\u00eddico.? Lo puedes encontrar en nuestra tienda virtual.<br \/>\nContamos con prestigiosos autores y muchas alternativas en sus diferentes materias al igual que grandes descuentos.! Vis\u00edtanos en <a class=\"LoJdmTsykuKzNNXmKqlWKHuaZBApZAOCkc \" href=\"https:\/\/lnkd.in\/eiAG7jdZ\" target=\"_blank\" rel=\"noopener\" data-test-app-aware-link=\"\">https:\/\/lnkd.in\/eiAG7jdZ<\/a><br \/>\nEscr\u00edbenos al +56930565235 \/ <a class=\"LoJdmTsykuKzNNXmKqlWKHuaZBApZAOCkc \" href=\"mailto:ventaslegallexglobal@gmail.com\" target=\"_self\" data-test-app-aware-link=\"\">ventaslegallexglobal@gmail.com<\/a><br \/>\nHacemos env\u00edos a todo Chile \u2013 Starken o Correos Chile \/ Te esperamos<\/p>\n","protected":false},"featured_media":2074,"comment_status":"open","ping_status":"closed","template":"","meta":{"inline_featured_image":false,"_joinchat":[]},"product_brand":[],"product_cat":[30,34],"product_tag":[],"class_list":{"0":"post-2027","1":"product","2":"type-product","3":"status-publish","4":"has-post-thumbnail","6":"product_cat-penal","7":"product_cat-procesal-penal","9":"first","10":"instock","11":"shipping-taxable","12":"purchasable","13":"product-type-simple"},"_links":{"self":[{"href":"https:\/\/bibliotecajuridicavirtual.cl\/index.php\/wp-json\/wp\/v2\/product\/2027","targetHints":{"allow":["GET"]}}],"collection":[{"href":"https:\/\/bibliotecajuridicavirtual.cl\/index.php\/wp-json\/wp\/v2\/product"}],"about":[{"href":"https:\/\/bibliotecajuridicavirtual.cl\/index.php\/wp-json\/wp\/v2\/types\/product"}],"replies":[{"embeddable":true,"href":"https:\/\/bibliotecajuridicavirtual.cl\/index.php\/wp-json\/wp\/v2\/comments?post=2027"}],"wp:featuredmedia":[{"embeddable":true,"href":"https:\/\/bibliotecajuridicavirtual.cl\/index.php\/wp-json\/wp\/v2\/media\/2074"}],"wp:attachment":[{"href":"https:\/\/bibliotecajuridicavirtual.cl\/index.php\/wp-json\/wp\/v2\/media?parent=2027"}],"wp:term":[{"taxonomy":"product_brand","embeddable":true,"href":"https:\/\/bibliotecajuridicavirtual.cl\/index.php\/wp-json\/wp\/v2\/product_brand?post=2027"},{"taxonomy":"product_cat","embeddable":true,"href":"https:\/\/bibliotecajuridicavirtual.cl\/index.php\/wp-json\/wp\/v2\/product_cat?post=2027"},{"taxonomy":"product_tag","embeddable":true,"href":"https:\/\/bibliotecajuridicavirtual.cl\/index.php\/wp-json\/wp\/v2\/product_tag?post=2027"}],"curies":[{"name":"wp","href":"https:\/\/api.w.org\/{rel}","templated":true}]}}