{"id":2029,"date":"2026-02-28T00:57:34","date_gmt":"2026-02-28T03:57:34","guid":{"rendered":"https:\/\/bibliotecajuridicavirtual.cl\/?post_type=product&#038;p=2029"},"modified":"2026-02-28T00:58:08","modified_gmt":"2026-02-28T03:58:08","slug":"codigo-tributario-2025-vigesima-quinta-edicion-christian-nicolas-aste-mejias-director-1-340-pag","status":"publish","type":"product","link":"https:\/\/bibliotecajuridicavirtual.cl\/index.php\/product\/codigo-tributario-2025-vigesima-quinta-edicion-christian-nicolas-aste-mejias-director-1-340-pag\/","title":{"rendered":"C\u00f3digo Tributario 2025. Vig\u00e9sima Quinta edici\u00f3n &#8211; Christian Nicolas Aste Mej\u00edas (Director) 1.340 P\u00e1g."},"content":{"rendered":"<p class=\"thomsonreuterscl-dynamic-description-0-x-dynamicDescriptionItem\">C\u00d3DIGOS PROFESIONALES<\/p>\n<p class=\"thomsonreuterscl-dynamic-description-0-x-dynamicDescriptionItem\">CUMPLIMOS LAS BODAS DE PLATA LIDERANDO LA PUBLICACI\u00d3N DE C\u00d3DIGOS<\/p>\n<p class=\"thomsonreuterscl-dynamic-description-0-x-dynamicDescriptionItem\">Durante los \u00faltimos 25 a\u00f1os, nuestro equipo \u2013casi inalterado\u2013 ha actualizado, mejorado y editado, con el mayor nivel de excelencia nuestra colecci\u00f3n de c\u00f3digos, siendo ampliamente reconocido por los profesionales del derecho.<\/p>\n<p class=\"thomsonreuterscl-dynamic-description-0-x-dynamicDescriptionItem\">Fijamos el standard en cuanto a valor agregado, con:<\/p>\n<p class=\"thomsonreuterscl-dynamic-description-0-x-dynamicDescriptionItem\">\u2714 Respaldo de un Director. Cada c\u00f3digo cuenta con la supervisi\u00f3n de un destacado abogado en la materia, quien revisa las normas que componen el ap\u00e9ndice, concordancias, t\u00edtulos de art\u00edculos e \u00edndice tem\u00e1tico.<\/p>\n<p class=\"thomsonreuterscl-dynamic-description-0-x-dynamicDescriptionItem\">\u2714 Ap\u00e9ndice normativo. Compilaci\u00f3n y sistematizaci\u00f3n de normas complementarias al c\u00f3digo, indispensables para el ejercicio profesional.<\/p>\n<p class=\"thomsonreuterscl-dynamic-description-0-x-dynamicDescriptionItem\">\u2714 T\u00edtulos en cada art\u00edculo del c\u00f3digo y del ap\u00e9ndice. Representan una breve descripci\u00f3n de su contenido.<\/p>\n<p class=\"thomsonreuterscl-dynamic-description-0-x-dynamicDescriptionItem\">\u2714 Concordancias. Correlacionan art\u00edculos del mismo c\u00f3digo o con otras normas, cuando tratan materias similares.<\/p>\n<p class=\"thomsonreuterscl-dynamic-description-0-x-dynamicDescriptionItem\">\u2714 \u00cdndice tem\u00e1tico. Relaciona t\u00e9rminos jur\u00eddicos, contenidos en este c\u00f3digo, con el n\u00famero del art\u00edculo en que se encuentra tratado el concepto.<\/p>\n<p class=\"thomsonreuterscl-dynamic-description-0-x-dynamicDescriptionItem\">\u2714 Articulado y ap\u00e9ndice actualizados. Todos los art\u00edculos est\u00e1n actualizados hasta la fecha de cierre de la edici\u00f3n de este c\u00f3digo.<\/p>\n<p class=\"thomsonreuterscl-dynamic-description-0-x-dynamicDescriptionItem\">Las modificaciones han sido incorporadas en los art\u00edculos y el sentido de estas, se explican en detalle en las notas al pie de p\u00e1gina.<\/p>\n<p class=\"thomsonreuterscl-dynamic-description-0-x-dynamicDescriptionItem\">En los casos de modificaciones con vigencia diferida, el nuevo texto se incluye en la nota del art\u00edculo correspondiente, contando el lector con la versi\u00f3n actual y con la futura.<\/p>\n<p class=\"thomsonreuterscl-dynamic-description-0-x-dynamicDescriptionItem\">\u2714 Listado hist\u00f3rico de modificaciones. Se presentan todos los cambios normativos, detallando la norma modificatoria, la modificada, y los art\u00edculos correspondientes.<\/p>\n<p class=\"thomsonreuterscl-dynamic-description-0-x-dynamicDescriptionItem\">Contempla las modificaciones introducidas desde el 1 de febrero del 2002 al 3 de enero de 2025.<\/p>\n<p class=\"thomsonreuterscl-dynamic-description-0-x-dynamicDescriptionItem\">\u2714 Versi\u00f3n digital. El contenido del c\u00f3digo impreso, con todo su valor tambi\u00e9n lo contiene su versi\u00f3n digital, a trav\u00e9s de Proview.<\/p>\n<p class=\"thomsonreuterscl-dynamic-description-0-x-dynamicDescriptionItem\">El despacho de ambos formatos (eBook y Papel) se realizar\u00e1 de manera simult\u00e1nea y est\u00e1 previsto para finales de febrero.<\/p>\n","protected":false},"excerpt":{"rendered":"<p>Buscas un libro Jur\u00eddico.? Lo puedes encontrar en nuestra tienda virtual.<br \/>\nContamos con prestigiosos autores y muchas alternativas en sus diferentes materias al igual que grandes descuentos.! Vis\u00edtanos en <a class=\"XbwqACPBFrKQplIQjzxnRzncpXOFrlEIVg \" href=\"https:\/\/lnkd.in\/eiAG7jdZ\" target=\"_blank\" rel=\"noopener\" data-test-app-aware-link=\"\">https:\/\/lnkd.in\/eiAG7jdZ<\/a><br \/>\nEscr\u00edbenos al +56930565235 \/ <a class=\"XbwqACPBFrKQplIQjzxnRzncpXOFrlEIVg \" href=\"mailto:ventaslegallexglobal@gmail.com\" target=\"_self\" data-test-app-aware-link=\"\">ventaslegallexglobal@gmail.com<\/a><br \/>\nHacemos env\u00edos a todo Chile \u2013 Starken o Correos Chile \/ Te esperamos<\/p>\n","protected":false},"featured_media":2076,"comment_status":"open","ping_status":"closed","template":"","meta":{"inline_featured_image":false,"_joinchat":[]},"product_brand":[],"product_cat":[51,28],"product_tag":[],"class_list":{"0":"post-2029","1":"product","2":"type-product","3":"status-publish","4":"has-post-thumbnail","6":"product_cat-codigos-de-la-republica-de-chile-ano-2025","7":"product_cat-tributario","9":"first","10":"instock","11":"shipping-taxable","12":"purchasable","13":"product-type-simple"},"_links":{"self":[{"href":"https:\/\/bibliotecajuridicavirtual.cl\/index.php\/wp-json\/wp\/v2\/product\/2029","targetHints":{"allow":["GET"]}}],"collection":[{"href":"https:\/\/bibliotecajuridicavirtual.cl\/index.php\/wp-json\/wp\/v2\/product"}],"about":[{"href":"https:\/\/bibliotecajuridicavirtual.cl\/index.php\/wp-json\/wp\/v2\/types\/product"}],"replies":[{"embeddable":true,"href":"https:\/\/bibliotecajuridicavirtual.cl\/index.php\/wp-json\/wp\/v2\/comments?post=2029"}],"wp:featuredmedia":[{"embeddable":true,"href":"https:\/\/bibliotecajuridicavirtual.cl\/index.php\/wp-json\/wp\/v2\/media\/2076"}],"wp:attachment":[{"href":"https:\/\/bibliotecajuridicavirtual.cl\/index.php\/wp-json\/wp\/v2\/media?parent=2029"}],"wp:term":[{"taxonomy":"product_brand","embeddable":true,"href":"https:\/\/bibliotecajuridicavirtual.cl\/index.php\/wp-json\/wp\/v2\/product_brand?post=2029"},{"taxonomy":"product_cat","embeddable":true,"href":"https:\/\/bibliotecajuridicavirtual.cl\/index.php\/wp-json\/wp\/v2\/product_cat?post=2029"},{"taxonomy":"product_tag","embeddable":true,"href":"https:\/\/bibliotecajuridicavirtual.cl\/index.php\/wp-json\/wp\/v2\/product_tag?post=2029"}],"curies":[{"name":"wp","href":"https:\/\/api.w.org\/{rel}","templated":true}]}}