{"id":2033,"date":"2026-02-28T00:57:34","date_gmt":"2026-02-28T03:57:34","guid":{"rendered":"https:\/\/bibliotecajuridicavirtual.cl\/?post_type=product&#038;p=2033"},"modified":"2026-02-28T00:58:16","modified_gmt":"2026-02-28T03:58:16","slug":"las-acciones-posesorias-carlos-hidalgo-munoz-edicion-actualizada-ano-2022-270-paginas","status":"publish","type":"product","link":"https:\/\/bibliotecajuridicavirtual.cl\/index.php\/product\/las-acciones-posesorias-carlos-hidalgo-munoz-edicion-actualizada-ano-2022-270-paginas\/","title":{"rendered":"Las Acciones Posesorias &#8211; Carlos Hidalgo Mu\u00f1oz &#8211; edici\u00f3n actualizada a\u00f1o 2022, 270 p\u00e1ginas"},"content":{"rendered":"<p>Las acciones posesorias constituyen el medio particular otorgado por la ley al poseedor de bienes inmueble y de derechos reales constituidos en ellos, para hacerse mantener en la posesi\u00f3n cuando esta es perturbada y para recuperarla cuando ha sido despose\u00eddo, independientemente de que tenga o no derecho a poseer.<\/p>\n<p>Entre nosotros, las acciones posesorias se encuentran tratadas en los T\u00edtulos XIII y XIV del Libro II del C\u00f3digo Civil (art\u00edculos 916 a 950). De tales preceptos resulta el reconocimiento de la acci\u00f3n posesoria de conservaci\u00f3n, perturbaci\u00f3n o amparo; restituci\u00f3n, recuperaci\u00f3n o despojo; restablecimiento; denuncia de obra nueva; y denuncia de obra ruinosa.<\/p>\n<p>La obra que se presenta se adentra a los presupuestos de estas acciones, analiz\u00e1ndolos con especial \u00e9nfasis en su aplicaci\u00f3n pr\u00e1ctica. Aborda, adem\u00e1s, otros aspectos relevantes como la legitimaci\u00f3n, la prescripci\u00f3n y la indemnizaci\u00f3n de perjuicios.<\/p>\n<p>En definitiva, se pretende ofrecer al lector un estudio sistem\u00e1tico de esta instituci\u00f3n, con especial \u00e9nfasis en la visi\u00f3n aportada por la doctrina nacional y extranjera y, adem\u00e1s, con importante jurisprudencia de los \u00faltimos a\u00f1os. Por eso mismo, est\u00e1 dirigido fundamentalmente a los abogados, jueces y estudiantes.<\/p>\n<p><b><strong>CAP\u00cdTULO I<\/strong><\/b><br \/>\n<b><strong>NOCIONES GENERALES<\/strong><\/b><\/p>\n<ol>\n<li><b><strong>Conocimientos b\u00e1sicos fundamentales<\/strong><\/b><\/li>\n<li>Propiedad, posesi\u00f3n y tenencia<br \/>\n2. Relaci\u00f3n entre posesi\u00f3n y mera tenencia<br \/>\n3. Relaci\u00f3n entre posesi\u00f3n y dominio<\/li>\n<li><b><strong>La protecci\u00f3n de la posesi\u00f3n<\/strong><\/b><\/li>\n<li><b><strong>Definici\u00f3n<\/strong><\/b><\/li>\n<li><b><strong>Antecedentes hist\u00f3ricos<\/strong><\/b><\/li>\n<li>Derecho romano<br \/>\na) Noci\u00f3n de interdicto<br \/>\nb) Origen del interdicto<br \/>\nc) Procedimiento<br \/>\nd) Interdictos posesorios romanos<br \/>\nd.1) Los interdictos recuperandae possessionis<br \/>\nd.2) Los interdictos retinendae possessionis<br \/>\nd.3) Interdictos adipiscendae possessionis<br \/>\nd.4) Interdictos tan adipiscendae quam recuperandae<br \/>\n2. Derecho can\u00f3nico<br \/>\n3. Derecho franc\u00e9s<br \/>\n4. Derecho espa\u00f1ol<br \/>\n5. Proyecto de C\u00f3digo Civil de Andr\u00e9s Bello<\/li>\n<li><b><strong>Justificaci\u00f3n de las acciones posesorias<\/strong><\/b><\/li>\n<li>Teor\u00edas relativas<br \/>\na) La interdicci\u00f3n de la violencia<br \/>\nb) Teor\u00eda de Thibaut<br \/>\nc) Teor\u00eda de R\u00f6der<br \/>\nd) Teor\u00eda de la probabilidad de la propiedad<br \/>\ne) Teor\u00eda de Gans<br \/>\n2. Teor\u00edas absolutas<br \/>\na) Teor\u00eda de la voluntad<br \/>\nb) Teor\u00eda de Stahl<br \/>\nc) Teor\u00eda de Jhering<br \/>\n3. Doctrina del C\u00f3digo Civil chileno<\/li>\n<li><b><strong>Objeto de las acciones posesorias<\/strong><\/b><\/li>\n<li><b><strong>Caracter\u00edsticas de las acciones posesorias<\/strong><\/b><\/li>\n<li><b><strong>R\u00e9gimen legal en Chile<\/strong><\/b><\/li>\n<\/ol>\n<p><b><strong>CAP\u00cdTULO II<br \/>\nREGLAS COMUNES A LAS ACCIONES POSESORIAS<\/strong><\/b><\/p>\n<ol>\n<li><b><strong>Personas que pueden entablar las acciones posesorias (legitimaci\u00f3n activa)<\/strong><\/b><\/li>\n<li>El poseedor<br \/>\n2. El coposeedor<br \/>\na) Acci\u00f3n frente a los actos de un tercero<br \/>\nb) Acci\u00f3n frente a los actos de otro coposeedor<br \/>\nb.1) Tesis negativa<br \/>\nb.2) Tesis positiva<br \/>\n3. El coposeedor en la copropiedad inmobiliaria<br \/>\n4. Los herederos del poseedor<br \/>\n5. El mero tenedor<br \/>\n6. El usufructuario, el usuario y el habitador<br \/>\n7. El titular de servidumbre continua y aparente<br \/>\n8. Los concesionarios del derecho de uso y goce sobre dependencias del dominio p\u00fablico<br \/>\n9. Fisco de Chile<\/li>\n<li><b><strong>Personas contra quienes pueden entablarse las acciones posesorias (legitimaci\u00f3n pasiva)<\/strong><\/b><\/li>\n<li>El autor de los actos de perturbaci\u00f3n o despojo<br \/>\n2. El mero tenedor<br \/>\n3. El sucesor universal por causa de muerte<br \/>\n4. El actual poseedor que adquiri\u00f3 la cosa del usurpador a t\u00edtulo particular<br \/>\n5. El mero tenedor que detenta la cosa a nombre del usurpador<br \/>\n6. Autoridades administrativas<br \/>\n7. Autoridades judiciales<\/li>\n<li><b><strong>Cosas que pueden dar lugar a las acciones posesorias<\/strong><\/b><\/li>\n<li>Bienes ra\u00edces<br \/>\n2. Derechos reales constituidos en inmuebles<br \/>\na) Usufructo, uso y habitaci\u00f3n<br \/>\nb) Servidumbres<br \/>\nb.1) Generalidades<br \/>\nb.2) Servidumbres susceptibles de protecci\u00f3n posesoria<br \/>\n3. Derechos reales de garant\u00eda<br \/>\n4. Derecho real de herencia<br \/>\n5. Concesiones de uso en los bienes p\u00fablicos<br \/>\n6. Lugar de sepultaci\u00f3n<\/li>\n<li><b><strong>Cosas que no pueden dar lugar a las acciones posesorias<\/strong><\/b><\/li>\n<li>Cosas muebles<br \/>\n2. Cosas imprescriptibles<br \/>\n3. Bienes nacionales de uso p\u00fablico<br \/>\n4. Universalidades de hecho<\/li>\n<li><b><strong>Condiciones que debe reunir la posesi\u00f3n para dar lugar las acciones posesorias<\/strong><\/b><\/li>\n<li>Primera condici\u00f3n: anualidad de la posesi\u00f3n<br \/>\na) Origen<br \/>\nb) Fundamento de la anualidad<br \/>\nc) C\u00f3mputo<br \/>\nd) Accesi\u00f3n de posesiones<br \/>\n2. Segunda condici\u00f3n: posesi\u00f3n tranquila<br \/>\na) Posesi\u00f3n violenta<br \/>\nb) Posesi\u00f3n clandestina<br \/>\n3. Tercera condici\u00f3n: posesi\u00f3n no interrumpida<\/li>\n<li><b><strong>La prueba en materia de acciones posesorias<\/strong><\/b><\/li>\n<li>Prueba de que el demandante es poseedor del inmueble o de derecho real en \u00e9l constituido<br \/>\n2. Prueba de la lesi\u00f3n a la posesi\u00f3n<\/li>\n<li><b><strong>Plazo de la pretensi\u00f3n de protecci\u00f3n posesoria<\/strong><\/b><\/li>\n<li>Plazo anual<br \/>\n2. El plazo anual es de prescripci\u00f3n y no de caducidad<br \/>\n3. Interrupci\u00f3n del plazo de prescripci\u00f3n<br \/>\n4. Suspensi\u00f3n del plazo<\/li>\n<li><b><strong>Efecto de las acciones posesorias<\/strong><\/b><\/li>\n<li><b><strong>La acci\u00f3n posesoria y la citaci\u00f3n de evicci\u00f3n<\/strong><\/b><\/li>\n<\/ol>\n<p><b><strong>CAP\u00cdTULO III<\/strong><\/b><br \/>\n<b><strong>LAS ACCIONES POSESORIAS EN PARTICULAR<\/strong><\/b><\/p>\n<ol>\n<li><b><strong>Acciones conservatorias de la posesi\u00f3n<\/strong><\/b><\/li>\n<li>Querella de amparo<\/li>\n<li>Concepto<br \/>\n2. Finalidad<br \/>\n3. Legitimaci\u00f3n activa<br \/>\n4. Legitimaci\u00f3n pasiva<br \/>\n5. Requisitos de procedencia<br \/>\n6. Turbaci\u00f3n o embarazo<br \/>\na) Concepto<br \/>\nb) Clasificaci\u00f3n<br \/>\nb.1) Perturbaci\u00f3n de hecho<br \/>\nb.2) Perturbaci\u00f3n de derecho<br \/>\nc) Condiciones que debe suponer la perturbaci\u00f3n<br \/>\nc.1) Ausencia de voluntad del poseedor<br \/>\nc.2) Intenci\u00f3n de poseer del perturbador<br \/>\nc.3) Falta de exclusi\u00f3n absoluta de la posesi\u00f3n del demandante<br \/>\n7. Plazo para el ejercicio de la acci\u00f3n<br \/>\n8. Carga probatoria<br \/>\n9. Efectos de la acci\u00f3n<\/li>\n<li><b><strong>Acciones recuperadoras de la posesi\u00f3n<\/strong><\/b><\/li>\n<li>Querella de restituci\u00f3n<\/li>\n<li>Concepto<br \/>\n2. Finalidad<br \/>\n3. Legitimaci\u00f3n activa<br \/>\n4. Legitimaci\u00f3n pasiva<br \/>\n5. Requisitos de procedencia<br \/>\n6. El despojo<br \/>\n7. Plazo para el ejercicio de la acci\u00f3n<br \/>\n8. La acumulaci\u00f3n de las acciones de amparo y restituci\u00f3n<br \/>\n9. De la perturbaci\u00f3n a la desposesi\u00f3n<br \/>\n10. Carga probatoria<br \/>\n11. Efectos de la querella de restituci\u00f3n<\/li>\n<li>Querella de restablecimiento<\/li>\n<li>Concepto<br \/>\n2. Naturaleza particular de la querella de restablecimiento<br \/>\n3. Finalidad<br \/>\n4. Legitimaci\u00f3n activa<br \/>\n5. Legitimaci\u00f3n pasiva<br \/>\n6. Requisitos de procedencia<br \/>\na) Posesi\u00f3n o tenencia de una cosa inmueble<br \/>\nb) Despojo total o parcial de la cosa, con violencia<br \/>\n7. Plazo para el ejercicio de la acci\u00f3n<br \/>\n8. Carga probatoria<br \/>\n9. Efecto de la querella de restablecimiento<br \/>\n10. Bienes muebles<br \/>\n11. Cosa juzgada<\/li>\n<\/ol>\n<p><b><strong>CAP\u00cdTULO IV<br \/>\nLAS ACCIONES POSESORIAS ESPECIALES<\/strong><\/b><\/p>\n<ol>\n<li><b><strong>Denuncia de obra nueva<\/strong><\/b><\/li>\n<li>Antecedentes hist\u00f3ricos<br \/>\n2. Concepto<br \/>\n3. Naturaleza jur\u00eddica<br \/>\n4. Finalidad del interdicto de obra nueva<br \/>\n5. Requisitos legales<br \/>\na) Noci\u00f3n de \u201cobra nueva\u201d<br \/>\nb) Obra no terminada<br \/>\nb.1) Situaci\u00f3n de una obra paralizada<br \/>\nb.2) Situaci\u00f3n de una obra deshecha<br \/>\nc) Menoscabo en la posesi\u00f3n<br \/>\nc.1) Cuando se realizan trabajos u obras en el inmueble que otra persona posee<br \/>\nc.2) Cuando las obras o trabajos se realizan en suelo propio, pero que, por la naturaleza o situaci\u00f3n de los lugares, perturban la posesi\u00f3n de un inmueble vecino<br \/>\n6. Legitimaci\u00f3n<br \/>\na) Legitimaci\u00f3n activa<br \/>\nb) Legitimaci\u00f3n pasiva<br \/>\n7. Plazo en que debe interponerse la denuncia de obra nueva<br \/>\n8. Obras nuevas no denunciables<br \/>\n9. Actos de las autoridades administrativas<br \/>\n10. Responsabilidad por el interdicto de obra nueva improcedente<br \/>\n11. Cosa juzgada<br \/>\n12. Indemnizaci\u00f3n de perjuicios<\/li>\n<li><b><strong>Denuncia de obra ruinosa<\/strong><\/b><\/li>\n<li>Antecedentes hist\u00f3ricos<br \/>\n2. Naturaleza jur\u00eddica<br \/>\n3. Concepto<br \/>\n4. Finalidad<br \/>\n5. Requisitos legales<br \/>\na) Estado de ruina<br \/>\nb) Amenaza de da\u00f1os para la persona o bienes del demandante<br \/>\n6. Legitimaci\u00f3n<br \/>\na) Legitimaci\u00f3n activa<br \/>\nb) Legitimaci\u00f3n pasiva<br \/>\n7. Indemnizaci\u00f3n de perjuicios<br \/>\n8. Plazo de prescripci\u00f3n<br \/>\n9. Situaci\u00f3n de los monumentos hist\u00f3ricos<br \/>\n10. Cosa juzgada<\/li>\n<\/ol>\n<p><b><strong>CAP\u00cdTULO V<br \/>\nEL RECURSO DE PROTECCI\u00d3N COMO V\u00cdA DE DEFENSA POSESORIA<\/strong><\/b><\/p>\n<p><b><strong>CAP\u00cdTULO VI<br \/>\nEL DELITO DE USURPACI\u00d3N Y SU RELACI\u00d3N CON LAS ACCIONES POSESORIAS<\/strong><\/b><\/p>\n<p><b><strong>CAP\u00cdTULO VII<br \/>\nLAS ACCIONES POSESORIAS COMO V\u00cdA DE DEFENSA FRENTE A LAS INMISIONES<\/strong><\/b><\/p>\n<ol>\n<li><b><strong>Teor\u00eda de prohibici\u00f3n de los actos de emulaci\u00f3n<br \/>\nII. Teor\u00eda del uso normal<br \/>\nIII. Teor\u00eda de la necesidad social<\/strong><\/b><\/li>\n<\/ol>\n","protected":false},"excerpt":{"rendered":"<p>Buscas un libro Jur\u00eddico.? Lo puedes encontrar en nuestra tienda virtual.<br \/>\nContamos con prestigiosos autores y muchas alternativas en sus diferentes materias al igual que grandes descuentos.! Vis\u00edtanos en <a class=\"CQQIoigTNjZggqjzffxuaJIOPtoBFBVeCw \" href=\"https:\/\/lnkd.in\/eiAG7jdZ\" target=\"_blank\" rel=\"noopener\" data-test-app-aware-link=\"\">https:\/\/lnkd.in\/eiAG7jdZ<\/a><br \/>\nEscr\u00edbenos al +56930565235 \/ <a class=\"CQQIoigTNjZggqjzffxuaJIOPtoBFBVeCw \" href=\"mailto:ventaslegallexglobal@gmail.com\" target=\"_self\" data-test-app-aware-link=\"\">ventaslegallexglobal@gmail.com<\/a><br \/>\nHacemos env\u00edos a todo Chile \u2013 Starken o Correos Chile \/ Te esperamos<\/p>\n","protected":false},"featured_media":2080,"comment_status":"open","ping_status":"closed","template":"","meta":{"inline_featured_image":false,"_joinchat":[]},"product_brand":[],"product_cat":[27,26],"product_tag":[],"class_list":{"0":"post-2033","1":"product","2":"type-product","3":"status-publish","4":"has-post-thumbnail","6":"product_cat-civil","7":"product_cat-derecho","9":"first","10":"instock","11":"sale","12":"shipping-taxable","13":"purchasable","14":"product-type-simple"},"_links":{"self":[{"href":"https:\/\/bibliotecajuridicavirtual.cl\/index.php\/wp-json\/wp\/v2\/product\/2033","targetHints":{"allow":["GET"]}}],"collection":[{"href":"https:\/\/bibliotecajuridicavirtual.cl\/index.php\/wp-json\/wp\/v2\/product"}],"about":[{"href":"https:\/\/bibliotecajuridicavirtual.cl\/index.php\/wp-json\/wp\/v2\/types\/product"}],"replies":[{"embeddable":true,"href":"https:\/\/bibliotecajuridicavirtual.cl\/index.php\/wp-json\/wp\/v2\/comments?post=2033"}],"wp:featuredmedia":[{"embeddable":true,"href":"https:\/\/bibliotecajuridicavirtual.cl\/index.php\/wp-json\/wp\/v2\/media\/2080"}],"wp:attachment":[{"href":"https:\/\/bibliotecajuridicavirtual.cl\/index.php\/wp-json\/wp\/v2\/media?parent=2033"}],"wp:term":[{"taxonomy":"product_brand","embeddable":true,"href":"https:\/\/bibliotecajuridicavirtual.cl\/index.php\/wp-json\/wp\/v2\/product_brand?post=2033"},{"taxonomy":"product_cat","embeddable":true,"href":"https:\/\/bibliotecajuridicavirtual.cl\/index.php\/wp-json\/wp\/v2\/product_cat?post=2033"},{"taxonomy":"product_tag","embeddable":true,"href":"https:\/\/bibliotecajuridicavirtual.cl\/index.php\/wp-json\/wp\/v2\/product_tag?post=2033"}],"curies":[{"name":"wp","href":"https:\/\/api.w.org\/{rel}","templated":true}]}}