{"id":2034,"date":"2026-02-28T00:57:34","date_gmt":"2026-02-28T03:57:34","guid":{"rendered":"https:\/\/bibliotecajuridicavirtual.cl\/?post_type=product&#038;p=2034"},"modified":"2026-02-28T00:58:17","modified_gmt":"2026-02-28T03:58:17","slug":"instituciones-del-proceso-civil-3-volumenes-francesco-carnelutti-edicion-ano-1997-1-370-paginas","status":"publish","type":"product","link":"https:\/\/bibliotecajuridicavirtual.cl\/index.php\/product\/instituciones-del-proceso-civil-3-volumenes-francesco-carnelutti-edicion-ano-1997-1-370-paginas\/","title":{"rendered":"Instituciones del Proceso Civil &#8211; 3 Vol\u00famenes \/ Francesco Carnelutti &#8211; edici\u00f3n a\u00f1o 1997, 1.370 p\u00e1ginas"},"content":{"rendered":"<p>Principales temas a tratar.<\/p>\n<p>Volumen I.<\/p>\n<ul>\n<li>\n<ul>\n<li>De la Funci\u00f3n del Proceso Civil<\/li>\n<li>Del Proceso Contencioso o del Proceso Voluntario.<\/li>\n<li>Del Proceso de Cognici\u00f3n o de Ejecuci\u00f3n.<\/li>\n<li>Del Proceso Definitivo o Cautelar.<\/li>\n<li>Del Proceso Singular o del Proceso Colectivo.<\/li>\n<li>De los equivalentes del Proceso Civil<\/li>\n<li>Del Proceso ante \u00e1rbitros.<\/li>\n<li>Del Proceso Extranjero.<\/li>\n<li>Del Proceso Eclesi\u00e1stico.<\/li>\n<li>De los efectos del Proceso de Cognici\u00f3n.<\/li>\n<li>De los Efectos del Proceso Ejecutivo.<\/li>\n<li>De los Efectos del Proceso de Inyunci\u00f3n.<\/li>\n<li>De los Efectos del Proceso Cautelar<\/li>\n<li>De los Efectos del Proceso Voluntario.<\/li>\n<li>De los Efectos del Proceso Penal.<\/li>\n<li>De la Estructura del Proceso.<\/li>\n<li>De la Est\u00e1tica Procesal.<\/li>\n<li>De los Ex\u00e1menes del proceso.<\/li>\n<li>De las Partes y de los Defensores.<\/li>\n<li>Del Oficio Judicial.<\/li>\n<\/ul>\n<\/li>\n<\/ul>\n<p>Volumen II<\/p>\n<ul>\n<li>\n<ul>\n<li>\n<ul>\n<li>Del Procedimiento de Cognici\u00f3n.<\/li>\n<li>De las Fases del Procedimiento.<\/li>\n<li>De las Crisis del Procedimiento.<\/li>\n<li>De la Renovaci\u00f3n del Procedimiento.<\/li>\n<li>Del Procedimiento en materia de Trabajo<\/li>\n<li>Del Procedimiento Arbitral<\/li>\n<\/ul>\n<\/li>\n<\/ul>\n<p>Volumen III<\/li>\n<li>Del Procedimiento de Ejecuci\u00f3n.<\/li>\n<li>De la Oposici\u00f3n al Procedimiento Ejecutivo.<\/li>\n<li>De las Crisis del Procedimiento Ejecutivo<\/li>\n<li>Del Procedimiento de Inyunci\u00f3n<\/li>\n<li>Del Procedimiento de Desalojo.<\/li>\n<li>Del Procedimiento Cautelar.<\/li>\n<li>Del Procedimiento Cautelar en Sentido Estricto.<\/li>\n<li>Del Procedimiento Posesorio.<\/li>\n<li>Del Procedimiento Voluntario en General<\/li>\n<li>El Procedimiento Voluntario<\/li>\n<li>Del Procedimiento Voluntario en Materia de Personas<\/li>\n<li>Del Procedimiento Voluntario en materia de Bienes<\/li>\n<li>El Procedimiento Voluntario en materia de Actos.<\/li>\n<\/ul>\n","protected":false},"excerpt":{"rendered":"<p>Buscas un libro Jur\u00eddico.? Lo puedes encontrar en nuestra tienda virtual.<br \/>\nContamos con prestigiosos autores y muchas alternativas en sus diferentes materias al igual que grandes descuentos.! Vis\u00edtanos en <a class=\"CQQIoigTNjZggqjzffxuaJIOPtoBFBVeCw \" href=\"https:\/\/lnkd.in\/eiAG7jdZ\" target=\"_blank\" rel=\"noopener\" data-test-app-aware-link=\"\">https:\/\/lnkd.in\/eiAG7jdZ<\/a><br \/>\nEscr\u00edbenos al +56930565235 \/ <a class=\"CQQIoigTNjZggqjzffxuaJIOPtoBFBVeCw \" href=\"mailto:ventaslegallexglobal@gmail.com\" target=\"_self\" data-test-app-aware-link=\"\">ventaslegallexglobal@gmail.com<\/a><br \/>\nHacemos env\u00edos a todo Chile \u2013 Starken o Correos Chile \/ Te esperamos<\/p>\n","protected":false},"featured_media":2081,"comment_status":"open","ping_status":"closed","template":"","meta":{"inline_featured_image":false,"_joinchat":[]},"product_brand":[],"product_cat":[26,39],"product_tag":[],"class_list":{"0":"post-2034","1":"product","2":"type-product","3":"status-publish","4":"has-post-thumbnail","6":"product_cat-derecho","7":"product_cat-procesal-civil","9":"first","10":"instock","11":"shipping-taxable","12":"purchasable","13":"product-type-simple"},"_links":{"self":[{"href":"https:\/\/bibliotecajuridicavirtual.cl\/index.php\/wp-json\/wp\/v2\/product\/2034","targetHints":{"allow":["GET"]}}],"collection":[{"href":"https:\/\/bibliotecajuridicavirtual.cl\/index.php\/wp-json\/wp\/v2\/product"}],"about":[{"href":"https:\/\/bibliotecajuridicavirtual.cl\/index.php\/wp-json\/wp\/v2\/types\/product"}],"replies":[{"embeddable":true,"href":"https:\/\/bibliotecajuridicavirtual.cl\/index.php\/wp-json\/wp\/v2\/comments?post=2034"}],"wp:featuredmedia":[{"embeddable":true,"href":"https:\/\/bibliotecajuridicavirtual.cl\/index.php\/wp-json\/wp\/v2\/media\/2081"}],"wp:attachment":[{"href":"https:\/\/bibliotecajuridicavirtual.cl\/index.php\/wp-json\/wp\/v2\/media?parent=2034"}],"wp:term":[{"taxonomy":"product_brand","embeddable":true,"href":"https:\/\/bibliotecajuridicavirtual.cl\/index.php\/wp-json\/wp\/v2\/product_brand?post=2034"},{"taxonomy":"product_cat","embeddable":true,"href":"https:\/\/bibliotecajuridicavirtual.cl\/index.php\/wp-json\/wp\/v2\/product_cat?post=2034"},{"taxonomy":"product_tag","embeddable":true,"href":"https:\/\/bibliotecajuridicavirtual.cl\/index.php\/wp-json\/wp\/v2\/product_tag?post=2034"}],"curies":[{"name":"wp","href":"https:\/\/api.w.org\/{rel}","templated":true}]}}