{"id":2035,"date":"2026-02-28T00:57:34","date_gmt":"2026-02-28T03:57:34","guid":{"rendered":"https:\/\/bibliotecajuridicavirtual.cl\/?post_type=product&#038;p=2035"},"modified":"2026-02-28T00:58:17","modified_gmt":"2026-02-28T03:58:17","slug":"la-prescripcion-extintiva-civil-y-su-jurisprudencia-actual-jose-luis-zavala-ortiz-1-edicion-ano-2023-240-pag","status":"publish","type":"product","link":"https:\/\/bibliotecajuridicavirtual.cl\/index.php\/product\/la-prescripcion-extintiva-civil-y-su-jurisprudencia-actual-jose-luis-zavala-ortiz-1-edicion-ano-2023-240-pag\/","title":{"rendered":"La Prescripci\u00f3n Extintiva Civil y su Jurisprudencia Actual &#8211; Jos\u00e9 Luis Zavala Ortiz &#8211; 1\u00b0 edici\u00f3n a\u00f1o 2023, 240 P\u00e1g."},"content":{"rendered":"<p>La prescripci\u00f3n extintiva civil es una de las instituciones que m\u00e1s conflictos genera en el \u00e1mbito judicial chileno y que la jurisprudencia de la Corte Suprema y las Cortes de Apelaciones ha ido analizando en sus diversos \u00e1mbitos.<br \/>\nEsta investigaci\u00f3n es el fruto de un seguimiento de tendencias y casu\u00edsticas judiciales en sentencias de la Primera y Tercera Sala de la Corte Suprema y las Cortes de Apelaciones en lo que se refiere a las siguientes tem\u00e1ticas de la prescripci\u00f3n extintiva civil:<br \/>\n\u2013 Prescripci\u00f3n extintiva ordinaria civil<br \/>\n\u2013 Prescripci\u00f3n de la acci\u00f3n ejecutiva: prescripci\u00f3n de acci\u00f3n ejecutiva de tres a\u00f1os, prescripci\u00f3n del<br \/>\npagar\u00e9, prescripci\u00f3n de la factura y prescripci\u00f3n del cobro de cr\u00e9dito con aval del Estado<br \/>\n\u2013 Prescripci\u00f3n de la acci\u00f3n indemnizatoria civil<br \/>\n\u2013 Prescripci\u00f3n de otras acciones<br \/>\n\u2013 Interrupci\u00f3n de la prescripci\u00f3n<br \/>\n\u2013 Suspensi\u00f3n de la prescripci\u00f3n<br \/>\n\u2013 Renuncia a la prescripci\u00f3n<br \/>\nPRIMERA PARTE<br \/>\nPRESCRIPCI\u00d3N EXTINTIVA CIVIL ORDINARIA<br \/>\n1. Requisitos de la prescripci\u00f3n extintiva<br \/>\n2. Acci\u00f3n ordinaria que emana del mutuo prescribe en cinco a\u00f1os<br \/>\n3. Mutuo hipotecario<\/p>\n<p>4. Juez no puede declarar de oficio prescripci\u00f3n de acci\u00f3n ordinaria que emana de mutuo<br \/>\n5. Casu\u00edstica<br \/>\n5.1. Procede prescripci\u00f3n de obligaci\u00f3n consistente en pago de consumo el\u00e9ctrico ya que transcurrieron m\u00e1s de cinco a\u00f1os de su exigibilidad<br \/>\n5.2. C\u00f3mputo de prescripci\u00f3n extintiva respecto a indemnizaci\u00f3n por enfermedad profesional<br \/>\n5.3. Cobro de prestaci\u00f3n de servicios que escapa al concepto de profesi\u00f3n liberal se rige por prescripci\u00f3n ordinaria<br \/>\n5.4. Acciones emanadas de contrato de cuenta de corriente bancaria se sujetan a normas de prescripci\u00f3n generales siendo su plazo el de cinco a\u00f1os en virtud del art\u00edculo 2515 del C\u00f3digo Civil<br \/>\nSEGUNDA PARTE<br \/>\nPRESCRIPCI\u00d3N DE LA ACCI\u00d3N EJECUTIVA<br \/>\nI. Prescripci\u00f3n de acci\u00f3n ejecutiva<br \/>\n1. Oportunidad de oposici\u00f3n de excepci\u00f3n ejecutiva de prescripci\u00f3n. Escrito en que se da por notificado y opone excepci\u00f3n<br \/>\n2. Car\u00e1cter excepcional de facultad del tribunal de declarar de oficio prescripci\u00f3n en juicio ejecutivo<br \/>\n3. Procede acoger prescripci\u00f3n de la acci\u00f3n ejecutiva a pesar que demandado no haya individualizado cada obligaci\u00f3n<br \/>\n4. Excepci\u00f3n de prescripci\u00f3n no se puede oponer en cualquier estado de la causa. Art\u00edculo 310 del C\u00f3digo de Procedimiento no tiene aplicaci\u00f3n en juicio ejecutivo<br \/>\n5. Plazo de ejecuci\u00f3n de sentencia arbitral es de tres a\u00f1os contados desde que transcurri\u00f3 plazo para<br \/>\npresentaci\u00f3n de recursos y no desde certificaci\u00f3n de aquella circunstancia<br \/>\n6. Gesti\u00f3n preparatoria de reconocimiento de firma no tiene el alcance de generar un nuevo plazo de prescripci\u00f3n cuya reglamentaci\u00f3n es de orden p\u00fablico<br \/>\n7. Gesti\u00f3n preparatoria y demanda ejecutiva forman parte de un mismo proceso para efectos de c\u00f3mputo de plazo de prescripci\u00f3n<br \/>\n8. Prescripci\u00f3n de obligaci\u00f3n principal acarrea la de la acci\u00f3n hipotecaria<br \/>\n8.1. Si no se ha extinguido la obligaci\u00f3n garantizada con la hipoteca no es posible declarar la prescripci\u00f3n de la acci\u00f3n hipotecaria<br \/>\n8.2. Al no haber operaciones crediticias vigentes entre las partes y existir prescripci\u00f3n de obligaci\u00f3n<br \/>\nprincipal procede declarar prescrita hipoteca con cl\u00e1usula de garant\u00eda general<br \/>\n9. Regla de conversi\u00f3n de acci\u00f3n ejecutiva que se transforma en ordinaria<br \/>\n10. Instituci\u00f3n de la suspensi\u00f3n de la prescripci\u00f3n resulta plenamente aplicable a la acci\u00f3n ejecutiva<br \/>\nII. Prescripci\u00f3n de acci\u00f3n de cobro de pagar\u00e9<br \/>\n1. No procede declaraci\u00f3n de oficio de prescripci\u00f3n en cobro de pagar\u00e9<br \/>\n2. Cl\u00e1usula de aceleraci\u00f3n en el pagar\u00e9<br \/>\n2.1. Oportunidad desde la que se cuenta el plazo de prescripci\u00f3n respecto de obligaci\u00f3n contenida en pagar\u00e9<br \/>\n2.2. Efectos de la renuncia a la cl\u00e1usula de aceleraci\u00f3n: S\u00f3lo alcanza a las cuotas en que acept\u00f3 el pago<br \/>\n2.3. Prescripci\u00f3n de cuotas vencidas antes de interposici\u00f3n de demanda que explicita decisi\u00f3n del<br \/>\nacreedor de acelerar el cr\u00e9dito<br \/>\n2.4. Prescripci\u00f3n de cuotas con vencimiento anterior a un a\u00f1o de notificaci\u00f3n de demanda<br \/>\n2.5. Si plazo de un a\u00f1o transcurri\u00f3 \u00edntegramente no procede prescripci\u00f3n parcial de cuotas del\u00a0 \u00a0 \u00a0 \u00a0pagar<br \/>\n2.6. Prescripci\u00f3n cuando acreedor no hace efectiva cl\u00e1usula de aceleraci\u00f3n contenida en pagar\u00e9<br \/>\n2.7. Acelerada la deuda por presentaci\u00f3n de demanda aun cuando deudor pague cuotas morosas se\u00a0 \u00a0hace exigible toda la obligaci\u00f3n<br \/>\n2.8. Pago de cuota antes de notificaci\u00f3n de demanda hace imposible la ejecuci\u00f3n del total de la\u00a0 \u00a0 \u00a0 \u00a0 \u00a0 \u00a0deuda por cl\u00e1usula de aceleraci\u00f3n<br \/>\n2.9. Abandono del procedimiento no hace desaparecer efectos de cl\u00e1usula de aceleraci\u00f3n hecha valer con interposici\u00f3n de demanda<br \/>\n3. Interrupci\u00f3n de la prescripci\u00f3n de acci\u00f3n ejecutiva que emana del pagar\u00e9<br \/>\n3.1. Interrupci\u00f3n de la prescripci\u00f3n en cobro de pagar\u00e9 s\u00f3lo opera con la notificaci\u00f3n de la demanda<br \/>\n3.2. Pago parcial de obligaci\u00f3n contenida en pagar\u00e9 no interrumpe la prescripci\u00f3n<br \/>\n3.3. Escrito de demandado en que se tiene por notificado de cobro de pagar\u00e9s interrumpe naturalmente la prescripci\u00f3n<br \/>\n3.4. Demanda presentada antes de inicio de vigencia de Ley No 21.226. Prescripci\u00f3n del cobro de pagar\u00e9<br \/>\n4. No es procedente la conversi\u00f3n de prescripci\u00f3n en el pagar\u00e9<br \/>\n5. Plazo de prescripci\u00f3n de pagar\u00e9 a la vista comienza a correr al momento de su suscripci\u00f3n<br \/>\n6. Plazo de prescripci\u00f3n de pagar\u00e9 sin cuotas corre desde la autorizaci\u00f3n de firma por notario<br \/>\nIII. Prescripci\u00f3n de acci\u00f3n de cobro de factura<br \/>\n1. No procede prescripci\u00f3n de facturas al tratarse de acci\u00f3n de cobro de pesos en donde aqu\u00e9llas s\u00f3lo fueron acompa\u00f1adas como elementos probatorios<br \/>\n2. Oportunidad en la que se produce interrupci\u00f3n de la prescripci\u00f3n de cobro de factura<\/p>\n<p>3. Gesti\u00f3n preparatoria de notificaci\u00f3n cobro de factura: Interrupci\u00f3n de la prescripci\u00f3n<br \/>\n4. Procede prescripci\u00f3n de cobro de factura ya que notificaci\u00f3n efectuada en gesti\u00f3n preparatoria fue anulada en virtud de que gerente de sociedad demandada no se encontraba en el pa\u00eds<br \/>\nIV. Prescripci\u00f3n de cr\u00e9dito con aval del Estado<br \/>\n1. Requisitos para que pagar\u00e9 emitido a causa de cr\u00e9dito con aval del Estado goce de imprescriptibilidad del art. 13 de la Ley No 20.027<br \/>\n2. Cr\u00e9dito con aval del Estado no es imprescriptible por no haberse acreditado que titular de acci\u00f3n<br \/>\nejecutiva sea el Fisco<br \/>\n3. Cr\u00e9dito con aval del Estado se encuentra prescrito ya que acci\u00f3n ejercida por banco es cambiara sin que existan cuotas<br \/>\n4. No se configura prescripci\u00f3n de deuda por cr\u00e9dito con aval del Estado ya que no es posible entender que determinaci\u00f3n expresa de imprescriptibilidad pueda ser soslayada aplicando Ley No 18.092<br \/>\n5. Para que opere imprescriptibilidad de cr\u00e9dito con aval del Estado es necesario que el pago se haya dividido en cuotas de lo contrario prescribir\u00e1 de acuerdo a las normas generales<br \/>\n6. Cr\u00e9dito con aval del Estado que debe ser pagado en dos pagar\u00e9s no es imprescriptible<br \/>\n7. Cr\u00e9dito con aval del Estado es prescriptible en un a\u00f1o ya que no se trata de un cobro a trav\u00e9s de<br \/>\ncuotas sino a uno de fecha \u00fanica y determinada<br \/>\nTERCERA PARTE<br \/>\nPRESCRIPCI\u00d3N DE LA ACCI\u00d3N INDEMNIZATORIA POR RESPONSABILIDAD<br \/>\nEXTRACONTRACTUAL<br \/>\n1. Oportunidad desde que se cuenta plazo de prescripci\u00f3n de acci\u00f3n indemnizatoria por responsabilidad extracontractual<br \/>\n2. Suspensi\u00f3n de la prescripci\u00f3n de acci\u00f3n civil por responsabilidad extracontractual<br \/>\n3. Prescriptibilidad de acci\u00f3n indemnizatoria civil por delito de lesa humanidad<br \/>\n3.1. La acci\u00f3n civil emanada de un il\u00edcito penal de lesa humanidad no es prescriptible<br \/>\n3.2. Acci\u00f3n indemnizatoria contra el Estado por acto il\u00edcito de sus agentes se encuentra prescrita en<br \/>\nvirtud del art\u00edculo 2332 del C\u00f3digo Civil aun si se contara plazo desde que pa\u00eds volvi\u00f3 a normalidad<br \/>\ndemocr\u00e1tica<br \/>\n4. Pueden reclamarse perjuicios acaecidos con posterioridad a aquella fecha en la que se declara prescrita la acci\u00f3n indemnizatoria si siguen gener\u00e1ndose<br \/>\n5. Prescripci\u00f3n de hecho il\u00edcito civil falta servicio estatal<br \/>\n5.1. C\u00f3mputo de plazo de prescripci\u00f3n de acci\u00f3n indemnizatoria por falta de servicio estatal<br \/>\n5.2. Hecho il\u00edcito de municipalidad en proceso de licitaci\u00f3n anulado por Tribunal de Contrataci\u00f3n P\u00fablica.<br \/>\nC\u00f3mputo de plazo de prescripci\u00f3n. Interrupci\u00f3n<br \/>\n5.3. Plazo de prescripci\u00f3n de acci\u00f3n indemnizatoria por negligencia m\u00e9dica se suspende desde la fecha de interposici\u00f3n de reclamo ante la Superintendencia de Salud y no desde la citaci\u00f3n de las partes<br \/>\n6. Interrupci\u00f3n de prescripci\u00f3n de acci\u00f3n indemnizatoria civil por actuaciones en juicio penal<br \/>\nCUARTA PARTE<br \/>\nPRESCRIPCI\u00d3N DE OTRAS ACCIONES<br \/>\nI. Prescripci\u00f3n de acci\u00f3n ejecutiva de cobro de patente municipal<br \/>\n1. Plazo de prescripci\u00f3n de cobro de patentes municipales es de tres a\u00f1os<br \/>\n2. Prescripci\u00f3n de patente comercial se computa desde el vencimiento de plazo de cada cuota<br \/>\n3. No se configura prescripci\u00f3n de patente municipal ya que no corresponde iniciar c\u00f3mputo de plazo si obligaci\u00f3n no ha sido exigible<br \/>\n4. Prescripci\u00f3n de cuotas de patente municipal<br \/>\nII. Prescripci\u00f3n de acci\u00f3n e cobro de derechos municipales<br \/>\n1. Plazo de prescripci\u00f3n de acci\u00f3n de cobro de derechos municipales impagos por ocupaci\u00f3n de bien<br \/>\nnacional de uso p\u00fablico<br \/>\n2. Plazo de prescripci\u00f3n de cobro de derechos de aseo municipal<br \/>\n2.1. Plazo de prescripci\u00f3n general ya que no se trata de impuestos<br \/>\n2.2. Servicios de aseo municipal son tributos y por lo tanto prescriben en tres a\u00f1os<br \/>\nIII. Prescripci\u00f3n de cobro de honorarios y servicios profesionales<br \/>\n1. Prescripci\u00f3n de corto tiempo de art. 2522 del C\u00f3digo Civil es aplicable a proveedores y artesanos que despachan al menudeo<br \/>\n2. Prescripci\u00f3n de cobro de honorarios inicia cuando se haya puesto t\u00e9rmino al referido contrato<br \/>\n3. Plazo de prescripci\u00f3n de cobro de deuda por servicios profesionales. Concepto de \u201cprofesi\u00f3n liberal\u201d<br \/>\n4. Se produce interrupci\u00f3n de prescripci\u00f3n de honorarios al interponer demanda de cobro no siendo necesaria su notificaci\u00f3n para estos efectos<br \/>\n5. Plazo de prescripci\u00f3n de dos a\u00f1os de la acci\u00f3n de cobro de servicios de corretaje de propiedades<br \/>\nIV. Prescripci\u00f3n de multas<br \/>\n1. Plazo de prescripci\u00f3n de acci\u00f3n de cobro de sanci\u00f3n administrativa es el del art\u00edculo 2515 del C\u00f3digo Civil<br \/>\n2. Plazo de prescripci\u00f3n de cobro de multa sanitaria es de cinco a\u00f1os<br \/>\n3. Plazo de prescripci\u00f3n para cobro de multa impuesta por Juzgado de Polic\u00eda Local por infracci\u00f3n a<br \/>\nnormativa forestal<br \/>\nV. Prescripci\u00f3n de acci\u00f3n de cobro de impuestos<\/p>\n<p>1. Plazo de prescripci\u00f3n de acci\u00f3n de cobro de impuestos es de tres a\u00f1os<br \/>\n2. Prescripci\u00f3n de acci\u00f3n de cobro de impuestos. Oportunidad del requerimiento de pago<br \/>\n3. Prescripci\u00f3n de acci\u00f3n de cobro de impuestos no puede demandarse v\u00eda acci\u00f3n si contribuyente no opuso excepciones oportunamente<br \/>\n4. Deudor pierde oportunidad de alegar prescripci\u00f3n si no la interpone en tiempo dentro de<br \/>\nprocedimiento de cobro de impuestos ante Tesorer\u00eda<br \/>\nQUINTA PARTE<br \/>\nINTERRUPCI\u00d3N DE LA PRESCRIPCI\u00d3N<br \/>\n1. Interrupci\u00f3n civil y natural de la prescripci\u00f3n<br \/>\n2. Sentido y alcance de expresi\u00f3n \u201cdemanda judicial\u201d en interrupci\u00f3n civil de la prescripci\u00f3n<br \/>\n3. \u00bfInterrupci\u00f3n de la prescripci\u00f3n se produce con notificaci\u00f3n v\u00e1lida de la demanda?<br \/>\n3.1. Criterio de Primera Sala de la Corte Suprema<br \/>\n3.2. Criterio de la Tercera Sala<br \/>\n4. Demanda presentada ante tribunal incompetente interrumpe la prescripci\u00f3n<br \/>\n5. Acci\u00f3n pauliana puede quedar encuadrada dentro del concepto \u201cdemanda judicial\u201d para interrumpir la prescripci\u00f3n<br \/>\n6. Querella penal no se asimila a demanda para producir efecto interruptivo<br \/>\n7. Notificaci\u00f3n de demanda en causa anterior terminada por acogimiento de excepci\u00f3n dilatoria tiene efecto interruptivo de la prescripci\u00f3n extintiva<br \/>\n8. Acuerdo reparatorio en sede penal no interrumpe prescripci\u00f3n de acci\u00f3n civil respecto de los dem\u00e1s responsables del delito<br \/>\n9. Interrupci\u00f3n de la prescripci\u00f3n por gesti\u00f3n preparatoria<br \/>\n10. Alcance de la expresi\u00f3n \u201csentencia de absoluci\u00f3n\u201d en hip\u00f3tesis de interrupci\u00f3n de la prescripci\u00f3n<br \/>\n11. Interrupci\u00f3n de la prescripci\u00f3n de acciones de corto tiempo<br \/>\n12. Interrupci\u00f3n natural de la prescripci\u00f3n<br \/>\n13. Notificaci\u00f3n judicial de cobro de pagar\u00e9 interrumpe prescripci\u00f3n respecto del tercer poseedor de la finca hipotecada<br \/>\n14. Notificaci\u00f3n de demanda en juicio declarado abandonado no interrumpe la prescripci\u00f3n<br \/>\n15. Prescripci\u00f3n no se entiende interrumpida si ya transcurri\u00f3 todo el plazo establecido por la ley<br \/>\n16. Interrupci\u00f3n de prescripci\u00f3n de acci\u00f3n de cobro es personal respecto de aquellos deudores cambiarios a quienes se haya notificado la demanda<br \/>\n17. No se interrumpe la prescripci\u00f3n respecto de los codeudores solidarios si a uno de ellos se le notifica una acci\u00f3n civil diversa<br \/>\n18. Notificaci\u00f3n de demanda a deudor principal interrumpe prescripci\u00f3n de acci\u00f3n de cobro y acci\u00f3n hipotecaria al ser \u00e9sta accesoria a la principal<br \/>\n19. Concesi\u00f3n de plazo por el acreedor interrumpe la prescripci\u00f3n de la acci\u00f3n de indemnizaci\u00f3n de<br \/>\nperjuicios<br \/>\n20. Interrupci\u00f3n de prescripci\u00f3n conforme Ley No 21.226<br \/>\n20.1. Habi\u00e9ndose presentado la demanda al amparo del citado 8 de la Ley No 21.226 \u00e9sta interrumpe el c\u00f3mputo de la prescripci\u00f3n que pudo beneficiar al deudor<br \/>\n20.2. No se configura interrupci\u00f3n de la prescripci\u00f3n por demanda presentada antes de inicio de vigencia de Ley No 21.226<br \/>\nSEXTA PARTE<br \/>\nSUSPENSI\u00d3N DE LA PRESCRIPCI\u00d3N<br \/>\n1. Suspensi\u00f3n prescripci\u00f3n acci\u00f3n ejecutiva. Incapacidad relativa<br \/>\n2. \u00bfSe suspende plazo de prescripci\u00f3n de acci\u00f3n civil por responsabilidad extracontractual no se suspende por considerarse de corto plazo?<br \/>\n3. Para calcular tiempo de suspensi\u00f3n de prescripci\u00f3n por mediaci\u00f3n ante Consejo de Defensa del Estado debe indicarse claramente cu\u00e1l fue su duraci\u00f3n<br \/>\nS\u00c9PTIMA PARTE<br \/>\nRENUNCIA A LA PRESCRIPCI\u00d3N<\/p>\n","protected":false},"excerpt":{"rendered":"<p>Buscas un libro Jur\u00eddico.? Lo puedes encontrar en nuestra tienda virtual.<br \/>\nContamos con prestigiosos autores y muchas alternativas en sus diferentes materias al igual que grandes descuentos.! Vis\u00edtanos en <a class=\"CQQIoigTNjZggqjzffxuaJIOPtoBFBVeCw \" href=\"https:\/\/lnkd.in\/eiAG7jdZ\" target=\"_blank\" rel=\"noopener\" data-test-app-aware-link=\"\">https:\/\/lnkd.in\/eiAG7jdZ<\/a><br \/>\nEscr\u00edbenos al +56930565235 \/ <a class=\"CQQIoigTNjZggqjzffxuaJIOPtoBFBVeCw \" href=\"mailto:ventaslegallexglobal@gmail.com\" target=\"_self\" data-test-app-aware-link=\"\">ventaslegallexglobal@gmail.com<\/a><br \/>\nHacemos env\u00edos a todo Chile \u2013 Starken o Correos Chile \/ Te esperamos<\/p>\n","protected":false},"featured_media":2082,"comment_status":"open","ping_status":"closed","template":"","meta":{"inline_featured_image":false,"_joinchat":[]},"product_brand":[],"product_cat":[27,26],"product_tag":[],"class_list":{"0":"post-2035","1":"product","2":"type-product","3":"status-publish","4":"has-post-thumbnail","6":"product_cat-civil","7":"product_cat-derecho","9":"first","10":"instock","11":"shipping-taxable","12":"purchasable","13":"product-type-simple"},"_links":{"self":[{"href":"https:\/\/bibliotecajuridicavirtual.cl\/index.php\/wp-json\/wp\/v2\/product\/2035","targetHints":{"allow":["GET"]}}],"collection":[{"href":"https:\/\/bibliotecajuridicavirtual.cl\/index.php\/wp-json\/wp\/v2\/product"}],"about":[{"href":"https:\/\/bibliotecajuridicavirtual.cl\/index.php\/wp-json\/wp\/v2\/types\/product"}],"replies":[{"embeddable":true,"href":"https:\/\/bibliotecajuridicavirtual.cl\/index.php\/wp-json\/wp\/v2\/comments?post=2035"}],"wp:featuredmedia":[{"embeddable":true,"href":"https:\/\/bibliotecajuridicavirtual.cl\/index.php\/wp-json\/wp\/v2\/media\/2082"}],"wp:attachment":[{"href":"https:\/\/bibliotecajuridicavirtual.cl\/index.php\/wp-json\/wp\/v2\/media?parent=2035"}],"wp:term":[{"taxonomy":"product_brand","embeddable":true,"href":"https:\/\/bibliotecajuridicavirtual.cl\/index.php\/wp-json\/wp\/v2\/product_brand?post=2035"},{"taxonomy":"product_cat","embeddable":true,"href":"https:\/\/bibliotecajuridicavirtual.cl\/index.php\/wp-json\/wp\/v2\/product_cat?post=2035"},{"taxonomy":"product_tag","embeddable":true,"href":"https:\/\/bibliotecajuridicavirtual.cl\/index.php\/wp-json\/wp\/v2\/product_tag?post=2035"}],"curies":[{"name":"wp","href":"https:\/\/api.w.org\/{rel}","templated":true}]}}