{"id":2036,"date":"2026-02-28T00:57:34","date_gmt":"2026-02-28T03:57:34","guid":{"rendered":"https:\/\/bibliotecajuridicavirtual.cl\/?post_type=product&#038;p=2036"},"modified":"2026-02-28T00:58:18","modified_gmt":"2026-02-28T03:58:18","slug":"derechos-humanos-y-derecho-administrativo-jaime-rodriguez-arana-munoz-maria-del-carmen-rodriguez-martin-retortillo-gladys-camacho-cepeda","status":"publish","type":"product","link":"https:\/\/bibliotecajuridicavirtual.cl\/index.php\/product\/derechos-humanos-y-derecho-administrativo-jaime-rodriguez-arana-munoz-maria-del-carmen-rodriguez-martin-retortillo-gladys-camacho-cepeda\/","title":{"rendered":"Derechos Humanos y Derecho Administrativo &#8211; Jaime Rodr\u00edguez-Arana Mu\u00f1oz &#8211; Mar\u00eda del Carmen Rodr\u00edguez  Mart\u00edn-Retortillo &#8211; Gladys Camacho C\u00e9peda &#8230;"},"content":{"rendered":"<p>Esta obra recoge un amplio conjunto de trabajos elaborados con la valiosa aportaci\u00f3n de numerosos expertos en Derecho Administrativo de Iberoam\u00e9rica, que conforman un panorama completo de la estrecha relaci\u00f3n que existe entre el Derecho Administrativo, la dignidad humana y los derechos humanos de ella derivados. A trav\u00e9s de los distintos y profundos estudios que contiene este libro se tratan aspectos de gran relevancia e inter\u00e9s estructurados en seis grandes bloques tem\u00e1ticos: la centralidad de la persona en el Estado de Derecho, la garant\u00eda de los derechos humanos frente a la Administraci\u00f3n, la exigibilidad de los derechos humanos ante la Administraci\u00f3n, los derechos humanos generales frente a la actuaci\u00f3n administrativa, los derechos humanos espec\u00edficos en los procedimientos administrativos, y la actualidad de los derechos sociales. La funcionalidad y significaci\u00f3n jur\u00eddica de los derechos fundamentales ha venido, afortunadamente, a alterar la esencia de un Derecho Administrativo quiz\u00e1s demasiado apegado a una perspectiva est\u00e1tica de la autotutela que requer\u00eda de una nueva explicaci\u00f3n, de una justificaci\u00f3n a la luz de los par\u00e1metros y criterios constitucionales. Por eso, el tratamiento de los derechos fundamentales de la persona es una de las principales expresiones de un nuevo Derecho Administrativo al que hay que acercarse desde la Constituci\u00f3n para proyectar su luz sobre el conjunto de las instituciones, conceptos y categor\u00edas de nuestra \u00e1rea de conocimiento. Y consideramos por ello que esta es una de las grandes aportaciones de este libro, que resultar\u00e1 de gran inter\u00e9s para todos los estudiosos de esta materia.<\/p>\n<p>\u00cdndice<br \/>\nPR\u00d3LOGO<br \/>\nPr\u00f3logo\u00a0\u00a0 \u00a0\u00a0\u00a0 \u00a019<br \/>\nJaime Rodr\u00edguez-Arana Mu\u00f1oz<br \/>\nCarlos Delpiazzo Rodr\u00edguez<br \/>\nMar\u00eda del Carmen Rodr\u00edguez Mart\u00edn-Retortillo<br \/>\nGladys Camacho C\u00e9peda<br \/>\nClaudio Moraga Klenner<br \/>\nNatalia Marina Mu\u00f1oz Chiu<br \/>\nI. CENTRALIDAD DE LA PERSONA EN EL ESTADO DE DERECHO<br \/>\n(la dignidad humana como fuente de los derechos; deberes que impone la buena administraci\u00f3n; desaf\u00edos actuales y futuros)<br \/>\nElementos para la constitucionalizaci\u00f3n y justiciabilidad del derecho fundamental a una buena administraci\u00f3n\u00a0\u00a0 \u00a0\u00a0\u00a0 \u00a023<br \/>\nManlio Fabio Casar\u00edn Le\u00f3n<br \/>\nDesaf\u00edos a la centralidad del administrado que plantea la transformaci\u00f3n digital de la administraci\u00f3n\u00a0\u00a0 \u00a0\u00a0\u00a0 \u00a043<br \/>\nCarlos E. Delpiazzo<br \/>\nLa dignidad humana y el bien com\u00fan como fundamentos del Derecho Administrativo y la deriva autoritaria en Venezuela\u00a0\u00a0 \u00a0\u00a0\u00a0 \u00a071<br \/>\nJos\u00e9 Ignacio Hern\u00e1ndez G.<br \/>\nLa dignidad humana como fuente de reconocimiento constitucional de los derechos fundamentales, a personas al servicio de las fuerzas armadas y de orden, en el Estado de Derecho\u00a0\u00a0 \u00a0\u00a0\u00a0 \u00a095<br \/>\nRam\u00f3n Huidobro Salas<br \/>\nLa dignidad de la persona como fuente de derecho en el Estado Social de Derecho\u00a0\u00a0 \u00a0\u00a0\u00a0 \u00a0113<br \/>\nLeonardo Massimino<br \/>\nLa dignidad como fuente de los derechos personales\u00a0\u00a0 \u00a0\u00a0\u00a0 \u00a0135<br \/>\nIsmael Mata<\/p>\n<p>El derecho a una buena administraci\u00f3n en los ordenamientos espa\u00f1ol, de la Uni\u00f3n Europea e internacional\u00a0\u00a0 \u00a0\u00a0\u00a0 \u00a0159<br \/>\nJos\u00e9 Antonio Moreno Molina<br \/>\nLa dignidad humana y los principios generales del Derecho\u00a0\u00a0 \u00a0\u00a0\u00a0 \u00a0177<br \/>\nCarlos R. R\u00edos Gautier<br \/>\nDerecho Administrativo y Constituci\u00f3n de 1978\u00a0\u00a0 \u00a0\u00a0\u00a0 \u00a0197<br \/>\nJaime Rodr\u00edguez-Arana<br \/>\nCentralidad de la persona humana, su dignidad como fuente. Reconocimiento internacional y en Uruguay. Proyecciones en la relaci\u00f3n privada y ante las nuevas tecnolog\u00edas\u00a0\u00a0 \u00a0\u00a0\u00a0 \u00a0217<br \/>\nFelipe Rotondo<br \/>\nCentralidad de la persona en el Estado de Derecho. Deberes que impone la buena administraci\u00f3n: deber de pronunciamiento expreso y fundado\u00a0\u00a0 \u00a0\u00a0\u00a0 \u00a0247<br \/>\nAdriana Taller<br \/>\nII. GARANT\u00cdA DE LOS DERECHOS HUMANOS FRENTE A LA ADMINISTRACI\u00d3N<br \/>\n(tutela administrativa efectiva; tutela jurisdiccional efectiva)<br \/>\nRegulaci\u00f3n inteligente para la protecci\u00f3n de los derechos fundamentales\u00a0\u00a0 \u00a0\u00a0\u00a0 \u00a0267<br \/>\nAnal\u00eda Antik<br \/>\nLa tutela administrativa efectiva y el debido procedimiento administrativo en El Salvador\u00a0\u00a0 \u00a0\u00a0\u00a0 \u00a0293<br \/>\nMiguel \u00c1ngel Cardoza Ayala<br \/>\nHacia una efectiva tutela administrativa\u00a0\u00a0 \u00a0\u00a0\u00a0 \u00a0315<br \/>\nMiriam Mabel Ivanega<br \/>\nTutela administrativa y el principio de non bis in \u00eddem. Una perspectiva desde el ordenamiento jur\u00eddico salvadore\u00f1o\u00a0\u00a0 \u00a0\u00a0\u00a0 \u00a0335<br \/>\nHenry Alexander Mej\u00eda<br \/>\nLa ejecuci\u00f3n de la sentencia contencioso administrativa c\u00f3mo garant\u00eda de tutela de los derechos sociales fundamentales: \u201cel pleito testigo\u201d\u00a0\u00a0 \u00a0\u00a0\u00a0 \u00a0351<br \/>\nArmando Enrique Mena Castro<br \/>\nLa protecci\u00f3n de los Derechos Humanos en la ley de la Jurisdicci\u00f3n Contenciosa Administrativa en Nicaragua\u00a0\u00a0 \u00a0\u00a0\u00a0 \u00a0399<br \/>\nKarlos Navarro Medal<br \/>\nEl derecho a la tutela administrativa efectiva en el Derecho argentino\u00a0\u00a0 \u00a0\u00a0\u00a0 \u00a0429<br \/>\nPablo Esteban Perrino<br \/>\nGarant\u00eda de los derechos humanos frente a la Administraci\u00f3n. Tutela Jurisdiccional Efectiva\u00a0\u00a0 \u00a0\u00a0\u00a0 \u00a0465<br \/>\nGraciela Ruocco<br \/>\nGarant\u00eda de los derechos humanos frente a la Administraci\u00f3n. Tutela Administrativa Efectiva\u00a0\u00a0 \u00a0\u00a0\u00a0 \u00a0483<br \/>\nCristina V\u00e1zquez<br \/>\nDise\u00f1o del procedimiento administrativo a la luz de las garant\u00edas convencionales y los derechos humanos\u00a0\u00a0 \u00a0\u00a0\u00a0 \u00a0513<br \/>\nJaime Andr\u00e9s Villacreses Valle<br \/>\nTutela administrativa efectiva de los derechos y extensi\u00f3n de los efectos de las sentencias de unificaci\u00f3n jurisprudencial en Colombia\u00a0\u00a0 \u00a0\u00a0\u00a0 \u00a0537<br \/>\nWilliam Zambrano Cetina<br \/>\nIII. EXIGIBILIDAD DE LOS DERECHOS HUMANOS ANTE LA ADMINISTRACI\u00d3N<br \/>\n(marco general; respuestas espec\u00edficas)<br \/>\nEl derecho humano a la educaci\u00f3n (Su exigibilidad ante la Administraci\u00f3n)\u00a0\u00a0 \u00a0\u00a0\u00a0 \u00a0571<br \/>\nJorge Albertsen<br \/>\nRelaciones entre derechos humanos y Derecho Administrativo: perspectivas y cometidos del administrativista\u00a0\u00a0 \u00a0\u00a0\u00a0 \u00a0597<br \/>\nJavier Barnes<br \/>\nLa concreci\u00f3n de los derechos fundamentales desde el Derecho Administrativo\u00a0\u00a0 \u00a0\u00a0\u00a0 \u00a0613<br \/>\nLuis Jos\u00e9 B\u00e9jar Rivera<br \/>\nLas transformaciones hacia un Derecho Administrativo humano\u00a0\u00a0 \u00a0\u00a0\u00a0 \u00a0625<br \/>\nAlfonso Buteler<br \/>\nEl acceso a medicamentos y servicios de salud desde la judicializaci\u00f3n (\u00bfel in\u00fatil juicio a la Administraci\u00f3n P\u00fablica?)\u00a0\u00a0 \u00a0\u00a0\u00a0 \u00a0647<br \/>\nChristian Campos Monge<br \/>\nLa independencia de los comit\u00e9s de \u00e9tica de la investigaci\u00f3n\u00a0\u00a0 \u00a0\u00a0\u00a0 \u00a0661<br \/>\nMarta Franch<br \/>\nPaula Mart\u00edn<br \/>\nLa fortificaci\u00f3n del Derecho Digital bajo las pautas del Estado de Derecho\u00a0\u00a0 \u00a0\u00a0\u00a0 \u00a0683<br \/>\nNancy Nelly Gonz\u00e1lez Sanmiguel<br \/>\nDerechos Fundamentales y Litigaci\u00f3n P\u00fablica\u00a0\u00a0 \u00a0\u00a0\u00a0 \u00a0705<br \/>\nClaudio Moraga Klenner<br \/>\nEl derecho humano a la \u00e9tica p\u00fablica\u00a0\u00a0 \u00a0\u00a0\u00a0 \u00a0729<br \/>\nXimena Pinto Ner\u00f3n<br \/>\nEl Derecho Administrativo en la realizaci\u00f3n de los derechos humanos\u00a0\u00a0 \u00a0\u00a0\u00a0 \u00a0751<br \/>\nArmando Rodr\u00edguez Garc\u00eda<br \/>\nReivindicaci\u00f3n de la ley como delimitadora de los derechos humanos\u00a0\u00a0 \u00a0\u00a0\u00a0 \u00a0779<br \/>\nNatalia Veloso Giribaldi<br \/>\nIV. DERECHOS HUMANOS GENERALES FRENTE A LA ACTUACI\u00d3N ADMINISTRATIVA<br \/>\n(libertad e igualdad; subsidiariedad y solidaridad; otros)<br \/>\nLa renovada lucha por la igualdad en la modernidad de los algoritmos en la sede administrativa\u00a0\u00a0 \u00a0\u00a0\u00a0 \u00a0823<br \/>\nGladys Camacho C\u00e9peda<br \/>\nLa dignidad de la persona y el bien com\u00fan. Sus proyecciones sobre el Derecho Administrativo y el principio de subsidiariedad\u00a0\u00a0 \u00a0\u00a0\u00a0 \u00a0845<br \/>\nPedro Jos\u00e9 Jorge Coviello<br \/>\nLos derechos del consumidor como derechos fundamentales\u00a0\u00a0 \u00a0\u00a0\u00a0 \u00a0873<br \/>\nJavier A. Echevarr\u00eda Vargas<br \/>\nLa buena administraci\u00f3n de la gesti\u00f3n p\u00fablica y el mejoramiento de la calidad de vida de los ciudadanos\u00a0\u00a0 \u00a0\u00a0\u00a0 \u00a0895<br \/>\nMart\u00edn Galli Basualdo<br \/>\nLa prevenci\u00f3n administrativa en derechos humanos\u00a0\u00a0 \u00a0\u00a0\u00a0 \u00a0923<br \/>\nPablo Guti\u00e9rrez Colantuono<br \/>\nEl derecho humano de propiedad\u00a0\u00a0 \u00a0\u00a0\u00a0 \u00a0947<br \/>\nV\u00edctor Rafael Hern\u00e1ndez-Mendible<br \/>\nServicios p\u00fablicos y regulaci\u00f3n eficiente de la Administraci\u00f3n P\u00fablica Digital\u00a0\u00a0 \u00a0\u00a0\u00a0 \u00a0969<br \/>\nVivian Cristina Lima L\u00f3pez Valle<br \/>\nDerecho, seguridad humana y gesti\u00f3n p\u00fablica\u00a0\u00a0 \u00a0\u00a0\u00a0 \u00a0989<br \/>\nCarlos Fernando Matute Gonz\u00e1lez<br \/>\nEl derecho fundamental de acceso igualitario a la funci\u00f3n p\u00fablica\u00a0\u00a0 \u00a0\u00a0\u00a0 \u00a01017<br \/>\nJuan Carlos Moron Urbina<br \/>\nRetos sobre la protecci\u00f3n de los derechos humanos frente a la Administraci\u00f3n\u00a0\u00a0 \u00a0\u00a0\u00a0 \u00a01043<br \/>\nLaura Ospina Mej\u00eda<br \/>\nSubsidiariedad en la segunda reforma previsional uruguaya\u00a0\u00a0 \u00a0\u00a0\u00a0 \u00a01067<br \/>\nMiguel Pezzutti<br \/>\nLos Derechos Humanos frente a la actuaci\u00f3n administrativa. Principios de libertad e igualdad\u00a0\u00a0 \u00a0\u00a0\u00a0 \u00a01105<br \/>\nMariella Saettone Montero<br \/>\nV. DERECHOS HUMANOS ESPEC\u00cdFICOS EN LOS PROCEDIMIENTOS ADMINISTRATIVOS<br \/>\n(debido procedimiento; confianza leg\u00edtima; otros)<br \/>\nDerecho a una buena Administraci\u00f3n, la tutela administrativa efectiva y el debido proceso administrativo\u00a0\u00a0 \u00a0\u00a0\u00a0 \u00a01129<br \/>\nJuan Domingo Alfonzo Paradisi<br \/>\nEl respeto a la dignidad humana en los procesos administrativos en Panam\u00e1\u00a0\u00a0 \u00a0\u00a0\u00a0 \u00a01159<br \/>\nV\u00edctor Leonel Benavides Pinilla<br \/>\nPresunci\u00f3n de inocencia y est\u00e1ndares probatorios en el Derecho Administrativo mexicano. Las sanciones contravencionales\u00a0\u00a0 \u00a0\u00a0\u00a0 \u00a01189<br \/>\nGerardo Centeno Canto<br \/>\nDebido procedimiento previo y suspensi\u00f3n de oficio de los efectos del acto administrativo irregular estable\u00a0\u00a0 \u00a0\u00a0\u00a0 \u00a01219<br \/>\nFernando Gabriel Comadira<br \/>\nEl principio de presunci\u00f3n de inocencia en el procedimiento administrativo sancionador externo\u00a0\u00a0 \u00a0\u00a0\u00a0 \u00a01301<br \/>\nPablo Daniel Cruz<br \/>\nEl principio del debido procedimiento administrativo en el Per\u00fa\u00a0\u00a0 \u00a0\u00a0\u00a0 \u00a01323<br \/>\nJorge Dan\u00f3s Ord\u00f3\u00f1ez<br \/>\nDerechos exigibles ante los procedimientos administrativos de tercera generaci\u00f3n: informaci\u00f3n y participaci\u00f3n\u00a0\u00a0 \u00a0\u00a0\u00a0 \u00a01351<br \/>\nGabriel Delpiazzo Ant\u00f3n<br \/>\nEl principio de confianza leg\u00edtima como rector de la funci\u00f3n administrativa en el sistema jur\u00eddico colombiano: una modalidad de derecho humano que implica garant\u00eda y protecci\u00f3n\u00a0\u00a0 \u00a0\u00a0\u00a0 \u00a01373<br \/>\nCiro Nolberto G\u00fcech\u00e1 Medina<br \/>\nPrecedente administrativo. Confianza leg\u00edtima y la doctrina del acto propio\u00a0\u00a0 \u00a0\u00a0\u00a0 \u00a01397<br \/>\nAdri\u00e1n A. Guti\u00e9rrez<br \/>\nLa admisibilidad del escrito de interposici\u00f3n en el procedimiento contencioso-administrativo por vulneraci\u00f3n de los derechos fundamentales de la persona: perspectivas jurisprudenciales ante la desafortunada tendencia a la inadmisi\u00f3n\u00a0\u00a0 \u00a0\u00a0\u00a0 \u00a01427<br \/>\nJos\u00e9 Ignacio Herce Maza<br \/>\nEl principio de confianza leg\u00edtima y su gravitaci\u00f3n como derecho humano en el procedimiento administrativo\u00a0\u00a0 \u00a0\u00a0\u00a0 \u00a01455<br \/>\nLuis Eduardo Rey V\u00e1zquez<br \/>\nEl debido procedimiento: aspectos conceptuales y su aplicaci\u00f3n en Colombia\/\u00a0\u00a0 \u00a0\u00a0\u00a0 \u00a01479<br \/>\nLibardo Rodr\u00edguez Rodr\u00edguez<br \/>\nUna mirada retrospectiva al debido proceso en el procedimiento administrativo venezolano: del Proyecto de 1965 a la Ley Org\u00e1nica de Procedimientos Administrativos de 1981.\u00a0\u00a0 \u00a0\u00a0\u00a0 \u00a01503<br \/>\nMiguel \u00c1ngel Torrealba S\u00e1nchez<\/p>\n<p>VI. ACTUALIDAD DE LOS DERECHOS SOCIALES<br \/>\n(su alcance; su desarrollo; su aplicaci\u00f3n)<br \/>\nActualidad de los derechos sociales. Su desarrollo. Las dificultades para la medici\u00f3n objetiva de su progresividad, conforme a las Observaciones y Recomendaciones de los \u00f3rganos supranacionales de control\u00a0\u00a0 \u00a0\u00a0\u00a0 \u00a01545<br \/>\nRaquel Cynthia Alianak<br \/>\nAlcance de los derechos sociales\u00a0\u00a0 \u00a0\u00a0\u00a0 \u00a01559<br \/>\nHern\u00e1n A. Celorrio<br \/>\nDerechos humanos y Derecho Administrativo: los derechos sociales y las compras p\u00fablicas en Honduras\u00a0\u00a0 \u00a0\u00a0\u00a0 \u00a01583<br \/>\nH\u00e9ctor Mart\u00edn Cerrato<br \/>\nDerechos sociales fundamentales, servicios sociales y derecho de la competencia. Especial referencia a la ense\u00f1anza\u00a0\u00a0 \u00a0\u00a0\u00a0 \u00a01597<br \/>\nAugusto Dur\u00e1n Mart\u00ednez<br \/>\nLa protecci\u00f3n de los derechos econ\u00f3micos, sociales y culturales a la luz de las actuaciones administrativas\u00a0\u00a0 \u00a0\u00a0\u00a0 \u00a01619<br \/>\nLuis Ferney Moreno<br \/>\nOs direitos fundamentais sociais e o m\u00ednimo existencial: desafios de uma equa\u00e7\u00e3o pol\u00edtico-jur\u00eddica\u00a0\u00a0 \u00a0\u00a0\u00a0 \u00a01637<br \/>\nRog\u00e9rio Gesta Leal<br \/>\nLa regulaci\u00f3n de los datos personales: algunas consideraciones en relaci\u00f3n a los derechos sociales fundamentales\u00a0\u00a0 \u00a0\u00a0\u00a0 \u00a01667<br \/>\nFederico Morandini<br \/>\nLa educaci\u00f3n como requerimiento para la buena administraci\u00f3n\u00a0\u00a0 \u00a0\u00a0\u00a0 \u00a01689<br \/>\nAlejandro P\u00e9rez Hualde<br \/>\nEl desaf\u00edo actual del Derecho Disciplinario para el logro de una buena administraci\u00f3n\u00a0\u00a0 \u00a0\u00a0\u00a0 \u00a01711<br \/>\nJos\u00e9 Roberto Sappa<\/p>\n","protected":false},"excerpt":{"rendered":"<p>1\u00b0 Edici\u00f3n Actualizada a\u00f1o 2023 \/ 1.744 P\u00e1ginas<\/p>\n<p>Buscas un libro Jur\u00eddico.? Lo puedes encontrar en nuestra tienda virtual.<br \/>\nContamos con prestigiosos autores y muchas alternativas en sus diferentes materias al igual que grandes descuentos.! Vis\u00edtanos en <a class=\"BUpIlHAYDrzajXcFVOwfMcVhuUvvwYc \" href=\"https:\/\/lnkd.in\/eiAG7jdZ\" target=\"_blank\" rel=\"noopener\" data-test-app-aware-link=\"\">https:\/\/lnkd.in\/eiAG7jdZ<\/a><br \/>\nEscr\u00edbenos al +56930565235 \/ <a class=\"BUpIlHAYDrzajXcFVOwfMcVhuUvvwYc \" href=\"mailto:ventaslegallexglobal@gmail.com\" target=\"_self\" data-test-app-aware-link=\"\">ventaslegallexglobal@gmail.com<\/a><br \/>\nHacemos env\u00edos a todo Chile \u2013 Starken o Correos Chile \/ Te esperamos<\/p>\n","protected":false},"featured_media":2083,"comment_status":"open","ping_status":"closed","template":"","meta":{"inline_featured_image":false,"_joinchat":[]},"product_brand":[],"product_cat":[45,33,26,43],"product_tag":[],"class_list":{"0":"post-2036","1":"product","2":"type-product","3":"status-publish","4":"has-post-thumbnail","6":"product_cat-administrativo","7":"product_cat-constitucional","8":"product_cat-derecho","9":"product_cat-derecho-internacional","11":"first","12":"instock","13":"shipping-taxable","14":"purchasable","15":"product-type-simple"},"_links":{"self":[{"href":"https:\/\/bibliotecajuridicavirtual.cl\/index.php\/wp-json\/wp\/v2\/product\/2036","targetHints":{"allow":["GET"]}}],"collection":[{"href":"https:\/\/bibliotecajuridicavirtual.cl\/index.php\/wp-json\/wp\/v2\/product"}],"about":[{"href":"https:\/\/bibliotecajuridicavirtual.cl\/index.php\/wp-json\/wp\/v2\/types\/product"}],"replies":[{"embeddable":true,"href":"https:\/\/bibliotecajuridicavirtual.cl\/index.php\/wp-json\/wp\/v2\/comments?post=2036"}],"wp:featuredmedia":[{"embeddable":true,"href":"https:\/\/bibliotecajuridicavirtual.cl\/index.php\/wp-json\/wp\/v2\/media\/2083"}],"wp:attachment":[{"href":"https:\/\/bibliotecajuridicavirtual.cl\/index.php\/wp-json\/wp\/v2\/media?parent=2036"}],"wp:term":[{"taxonomy":"product_brand","embeddable":true,"href":"https:\/\/bibliotecajuridicavirtual.cl\/index.php\/wp-json\/wp\/v2\/product_brand?post=2036"},{"taxonomy":"product_cat","embeddable":true,"href":"https:\/\/bibliotecajuridicavirtual.cl\/index.php\/wp-json\/wp\/v2\/product_cat?post=2036"},{"taxonomy":"product_tag","embeddable":true,"href":"https:\/\/bibliotecajuridicavirtual.cl\/index.php\/wp-json\/wp\/v2\/product_tag?post=2036"}],"curies":[{"name":"wp","href":"https:\/\/api.w.org\/{rel}","templated":true}]}}