{"id":2055,"date":"2026-02-28T00:57:57","date_gmt":"2026-02-28T03:57:57","guid":{"rendered":"https:\/\/bibliotecajuridicavirtual.cl\/?post_type=product&#038;p=2055"},"modified":"2026-02-28T00:58:22","modified_gmt":"2026-02-28T03:58:22","slug":"el-juez-emotivo-la-decision-entre-razon-y-emocion-forza-antonio-menegon-giulia-rumiati-rino-edicion-ano-2024-200-pag","status":"publish","type":"product","link":"https:\/\/bibliotecajuridicavirtual.cl\/index.php\/product\/el-juez-emotivo-la-decision-entre-razon-y-emocion-forza-antonio-menegon-giulia-rumiati-rino-edicion-ano-2024-200-pag\/","title":{"rendered":"El Juez Emotivo &#8211; La decisi\u00f3n, entre raz\u00f3n y emoci\u00f3n &#8211; Forza, Antonio Menegon, Giulia Rumiati, Rino \/ edici\u00f3n a\u00f1o 2024 &#8211; 200 P\u00e1g."},"content":{"rendered":"<p>Que la decisi\u00f3n judicial no depende solo de la raz\u00f3n es una sospecha que los realistas americanos hicieron famosa a mediados del siglo xx. Con apoyo en experimentos realizados desde entonces, los autores de este volumen \u2014dos juristas y un psic\u00f3logo\u2014 plantean un postulado, quiz\u00e1s menos ingenuo que el punto de partida realista: que las emociones, las intuiciones, los prejuicios y los sesgos juegan un papel decisivo en las decisiones, del que no pueden escapar ni siquiera los jueces m\u00e1s avezados, y nos llevan a cometer errores sistem\u00e1ticos.<br \/>\nPero esto no se traduce en desconfianza hacia la funci\u00f3n de juzgar. Al contrario, la consciencia sobre los fen\u00f3menos neuronales y mentales que inciden de manera determinante en el juicio permite controlar los procesos de pensamiento y limitar la posibilidad del error. La racionalidad, entonces, sufre una transformaci\u00f3n, pues ya no se trata de ignorar la \u00abcifra afectiva\u00bb, sino de mantenerla a raya y saber operar con ella.<\/p>\n<p>PRESENTACI\u00d3N A EL JUEZ EMOTIVO O LAS EMOCIONES DEL JUEZ, de Jordi Nieva<br \/>\nPREFACIO, de Ennio Amodio<br \/>\nINTRODUCCI\u00d3N<br \/>\nCAP\u00cdTULO I. RACIONALIDAD Y EMOCIONES EN LA DECISI\u00d3N<br \/>\nCAP\u00cdTULO II. EMOCIONES Y NEUROCIENCIAS<br \/>\nCAP\u00cdTULO III. REGULACI\u00d3N EMOCIONAL Y PROCESO DECISIONAL<br \/>\nCAP\u00cdTULO IV. EL JUEZ, \u00abPSIC\u00d3LOGO INGENUO\u00bb<br \/>\nCAP\u00cdTULO V. L\u00cdMITES FISIOL\u00d3GICOS E ILUSIONES DEL PENSAMIENTO<br \/>\nCAP\u00cdTULO VI. LAS ANTEOJERAS DE LA MENTE<br \/>\nCAP\u00cdTULO VII. DECIDIR POR RELATOS<br \/>\nCONCLUSIONES<br \/>\nPOSTFACIO, de Francesco Mauro Iacovello<br \/>\nREFERENCIAS BIBLIOGR\u00c1FICAS<\/p>\n","protected":false},"excerpt":{"rendered":"<p>Buscas un libro Jur\u00eddico.? Lo puedes encontrar en nuestra tienda virtual.<br \/>\nContamos con prestigiosos autores y muchas alternativas en sus diferentes materias al igual que grandes descuentos.! Vis\u00edtanos en <a class=\"BUpIlHAYDrzajXcFVOwfMcVhuUvvwYc \" href=\"https:\/\/lnkd.in\/eiAG7jdZ\" target=\"_blank\" rel=\"noopener\" data-test-app-aware-link=\"\">https:\/\/lnkd.in\/eiAG7jdZ<\/a><br \/>\nEscr\u00edbenos al +56930565235 \/ <a class=\"BUpIlHAYDrzajXcFVOwfMcVhuUvvwYc \" href=\"mailto:ventaslegallexglobal@gmail.com\" target=\"_self\" data-test-app-aware-link=\"\">ventaslegallexglobal@gmail.com<\/a><br \/>\nHacemos env\u00edos a todo Chile \u2013 Starken o Correos Chile \/ Te esperamos<\/p>\n","protected":false},"featured_media":2098,"comment_status":"open","ping_status":"closed","template":"","meta":{"inline_featured_image":false,"_joinchat":[]},"product_brand":[],"product_cat":[27,26,44],"product_tag":[],"class_list":{"0":"post-2055","1":"product","2":"type-product","3":"status-publish","4":"has-post-thumbnail","6":"product_cat-civil","7":"product_cat-derecho","8":"product_cat-filosofia-del-derecho-y-introduccion","10":"first","11":"instock","12":"sale","13":"shipping-taxable","14":"purchasable","15":"product-type-simple"},"_links":{"self":[{"href":"https:\/\/bibliotecajuridicavirtual.cl\/index.php\/wp-json\/wp\/v2\/product\/2055","targetHints":{"allow":["GET"]}}],"collection":[{"href":"https:\/\/bibliotecajuridicavirtual.cl\/index.php\/wp-json\/wp\/v2\/product"}],"about":[{"href":"https:\/\/bibliotecajuridicavirtual.cl\/index.php\/wp-json\/wp\/v2\/types\/product"}],"replies":[{"embeddable":true,"href":"https:\/\/bibliotecajuridicavirtual.cl\/index.php\/wp-json\/wp\/v2\/comments?post=2055"}],"wp:featuredmedia":[{"embeddable":true,"href":"https:\/\/bibliotecajuridicavirtual.cl\/index.php\/wp-json\/wp\/v2\/media\/2098"}],"wp:attachment":[{"href":"https:\/\/bibliotecajuridicavirtual.cl\/index.php\/wp-json\/wp\/v2\/media?parent=2055"}],"wp:term":[{"taxonomy":"product_brand","embeddable":true,"href":"https:\/\/bibliotecajuridicavirtual.cl\/index.php\/wp-json\/wp\/v2\/product_brand?post=2055"},{"taxonomy":"product_cat","embeddable":true,"href":"https:\/\/bibliotecajuridicavirtual.cl\/index.php\/wp-json\/wp\/v2\/product_cat?post=2055"},{"taxonomy":"product_tag","embeddable":true,"href":"https:\/\/bibliotecajuridicavirtual.cl\/index.php\/wp-json\/wp\/v2\/product_tag?post=2055"}],"curies":[{"name":"wp","href":"https:\/\/api.w.org\/{rel}","templated":true}]}}