{"id":2056,"date":"2026-02-28T00:57:57","date_gmt":"2026-02-28T03:57:57","guid":{"rendered":"https:\/\/bibliotecajuridicavirtual.cl\/?post_type=product&#038;p=2056"},"modified":"2026-02-28T00:58:23","modified_gmt":"2026-02-28T03:58:23","slug":"derecho-penal-parte-general-fundamentos-y-teoria-de-la-imputacion-jakobs-gunther-traductor-a-serrano-gonzalez-de-murillo-jose-l-editor-a-cuello-contreras-joaquin","status":"publish","type":"product","link":"https:\/\/bibliotecajuridicavirtual.cl\/index.php\/product\/derecho-penal-parte-general-fundamentos-y-teoria-de-la-imputacion-jakobs-gunther-traductor-a-serrano-gonzalez-de-murillo-jose-l-editor-a-cuello-contreras-joaquin\/","title":{"rendered":"Derecho Penal &#8211; Parte general: Fundamentos y Teor\u00eda de la Imputaci\u00f3n &#8211; Jakobs, G\u00fcnther Traductor\/a Serrano Gonz\u00e1lez de Murillo, Jos\u00e9 L Editor\/a Cuello Contreras, Joaqu\u00edn"},"content":{"rendered":"<p>El doctor G\u00fcnther Jakobs se ha planteado como punto de partida para la elaboraci\u00f3n de esta obra (2\u00aa edici\u00f3n en alem\u00e1n, 1991) que &#8220;&#8230;el mundo conceptual jur\u00eddico-penal ha de organizarse con arreglo a la misi\u00f3n social del Derecho penal y no conforme a datos previos naturales o de cualquier otra clase ajenos a la sociedad. Tiene en cuenta el profesor Jakobs la doctrina y la jurisprudencia reciente y la ha incorporado a su obra adentr\u00e1ndose en el debate, de modo que el estudioso que maneje su Tratado tendr\u00e1 la oportunidad de asomarse a las novedades doctrinales y filos\u00f3ficas acaecidas en la (re) normativizaci\u00f3n de los conceptos que surgen en el contexto de las regulaciones de Derecho penal. El objetivo perseguido es la sistematizaci\u00f3n \u00f3ptima del Derecho penal vigente, de modo que no hay en este libro propuesta de soluci\u00f3n alguna que no sea viable. Una preocupaci\u00f3n recorre esta intensa y extensa obra: no pasar por alto las teor\u00edas existentes, sino referir y considerar el estado de la discusi\u00f3n &#8220;no s\u00f3lo para informar al lector, sino tambi\u00e9n -m\u00e1s a\u00fan- porque las opiniones propias surgen precisamente en la controversia con las teor\u00edas existentes.<\/p>\n<p>LIBRO PRIMERO:Fundamentos<br \/>\nLa punici\u00f3n estatal<br \/>\nEl principio de sujeci\u00f3n a la ley y la validez del Derecho penal<\/p>\n<p>LIBRO SEGUNDO: Teor\u00eda de la imputaci\u00f3n<br \/>\nLa realizaci\u00f3n del tipo<br \/>\nLa justificaci\u00f3n. La culpabilidad<br \/>\nComplemento a la realizaci\u00f3n del tipo: la participaci\u00f3n<br \/>\nComplemento a la realizaci\u00f3n del tipo y a la culpabilidad: la tentativa y la tentativa de intervenci\u00f3n<br \/>\nLa imputaci\u00f3n en el delito de omisi\u00f3n<br \/>\nConcurso aparente y concurso aut\u00e9ntico<\/p>\n","protected":false},"excerpt":{"rendered":"<p>2\u00b0 edici\u00f3n corregida al a\u00f1o 1.997 \/ 1.113 P\u00e1ginas &#8211; Rustica<\/p>\n<p>Buscas un libro Jur\u00eddico.? Lo puedes encontrar en nuestra tienda virtual.<br \/>\nContamos con prestigiosos autores y muchas alternativas en sus diferentes materias al igual que grandes descuentos.! Vis\u00edtanos en <a class=\"BUpIlHAYDrzajXcFVOwfMcVhuUvvwYc \" href=\"https:\/\/lnkd.in\/eiAG7jdZ\" target=\"_blank\" rel=\"noopener\" data-test-app-aware-link=\"\">https:\/\/lnkd.in\/eiAG7jdZ<\/a><br \/>\nEscr\u00edbenos al +56930565235 \/ <a class=\"BUpIlHAYDrzajXcFVOwfMcVhuUvvwYc \" href=\"mailto:ventaslegallexglobal@gmail.com\" target=\"_self\" data-test-app-aware-link=\"\">ventaslegallexglobal@gmail.com<\/a><br \/>\nHacemos env\u00edos a todo Chile \u2013 Starken o Correos Chile \/ Te esperamos<\/p>\n<p>&nbsp;<\/p>\n","protected":false},"featured_media":2099,"comment_status":"open","ping_status":"closed","template":"","meta":{"inline_featured_image":false,"_joinchat":[]},"product_brand":[],"product_cat":[26,30],"product_tag":[],"class_list":{"0":"post-2056","1":"product","2":"type-product","3":"status-publish","4":"has-post-thumbnail","6":"product_cat-derecho","7":"product_cat-penal","9":"first","10":"instock","11":"shipping-taxable","12":"purchasable","13":"product-type-simple"},"_links":{"self":[{"href":"https:\/\/bibliotecajuridicavirtual.cl\/index.php\/wp-json\/wp\/v2\/product\/2056","targetHints":{"allow":["GET"]}}],"collection":[{"href":"https:\/\/bibliotecajuridicavirtual.cl\/index.php\/wp-json\/wp\/v2\/product"}],"about":[{"href":"https:\/\/bibliotecajuridicavirtual.cl\/index.php\/wp-json\/wp\/v2\/types\/product"}],"replies":[{"embeddable":true,"href":"https:\/\/bibliotecajuridicavirtual.cl\/index.php\/wp-json\/wp\/v2\/comments?post=2056"}],"wp:featuredmedia":[{"embeddable":true,"href":"https:\/\/bibliotecajuridicavirtual.cl\/index.php\/wp-json\/wp\/v2\/media\/2099"}],"wp:attachment":[{"href":"https:\/\/bibliotecajuridicavirtual.cl\/index.php\/wp-json\/wp\/v2\/media?parent=2056"}],"wp:term":[{"taxonomy":"product_brand","embeddable":true,"href":"https:\/\/bibliotecajuridicavirtual.cl\/index.php\/wp-json\/wp\/v2\/product_brand?post=2056"},{"taxonomy":"product_cat","embeddable":true,"href":"https:\/\/bibliotecajuridicavirtual.cl\/index.php\/wp-json\/wp\/v2\/product_cat?post=2056"},{"taxonomy":"product_tag","embeddable":true,"href":"https:\/\/bibliotecajuridicavirtual.cl\/index.php\/wp-json\/wp\/v2\/product_tag?post=2056"}],"curies":[{"name":"wp","href":"https:\/\/api.w.org\/{rel}","templated":true}]}}