{"id":2057,"date":"2026-02-28T00:57:57","date_gmt":"2026-02-28T03:57:57","guid":{"rendered":"https:\/\/bibliotecajuridicavirtual.cl\/?post_type=product&#038;p=2057"},"modified":"2026-02-28T00:58:23","modified_gmt":"2026-02-28T03:58:23","slug":"autoria-y-dominio-del-hecho-en-derecho-penal-roxin-claus-edicion-ano-2016-pag-800","status":"publish","type":"product","link":"https:\/\/bibliotecajuridicavirtual.cl\/index.php\/product\/autoria-y-dominio-del-hecho-en-derecho-penal-roxin-claus-edicion-ano-2016-pag-800\/","title":{"rendered":"Autor\u00eda y Dominio del Hecho en Derecho Penal &#8211; Roxin, Claus &#8211; edici\u00f3n a\u00f1o 2016, P\u00e1g. 800"},"content":{"rendered":"<p>\u00cdNDICE (Resumen): Puntos de partida metodol\u00f3gicos. Las doctrinas de la autor\u00eda anteriores a la teor\u00eda del dominio del hecho. Evoluci\u00f3n y estado actual de la teor\u00eda del dominio del hecho. Fundamentos estructurales del concepto general de autor. El dominio de la acci\u00f3n. El dominio de la voluntad. El dominio del hecho funcional. Dominio del hecho y estado actual de la cuesti\u00f3n. El concepto de autor de los delitos dolosos de comisi\u00f3n. Autor\u00eda y participaci\u00f3n en las omisiones. Problema, sistema y codificaci\u00f3n en la doctrina de la autor\u00eda. Parte final de 2015. Sobre el reciente estado de la doctrina de la autor\u00eda y la participaci\u00f3n.<\/p>\n","protected":false},"excerpt":{"rendered":"<p>Buscas un libro Jur\u00eddico.? Lo puedes encontrar en nuestra tienda virtual.<br \/>\nContamos con prestigiosos autores y muchas alternativas en sus diferentes materias al igual que grandes descuentos.! Vis\u00edtanos en <a class=\"BUpIlHAYDrzajXcFVOwfMcVhuUvvwYc \" href=\"https:\/\/lnkd.in\/eiAG7jdZ\" target=\"_blank\" rel=\"noopener\" data-test-app-aware-link=\"\">https:\/\/lnkd.in\/eiAG7jdZ<\/a><br \/>\nEscr\u00edbenos al +56930565235 \/ <a class=\"BUpIlHAYDrzajXcFVOwfMcVhuUvvwYc \" href=\"mailto:ventaslegallexglobal@gmail.com\" target=\"_self\" data-test-app-aware-link=\"\">ventaslegallexglobal@gmail.com<\/a><br \/>\nHacemos env\u00edos a todo Chile \u2013 Starken o Correos Chile \/ Te esperamos<\/p>\n<p>&nbsp;<\/p>\n","protected":false},"featured_media":2100,"comment_status":"open","ping_status":"closed","template":"","meta":{"inline_featured_image":false,"_joinchat":[]},"product_brand":[],"product_cat":[26,30],"product_tag":[],"class_list":{"0":"post-2057","1":"product","2":"type-product","3":"status-publish","4":"has-post-thumbnail","6":"product_cat-derecho","7":"product_cat-penal","9":"first","10":"instock","11":"shipping-taxable","12":"purchasable","13":"product-type-simple"},"_links":{"self":[{"href":"https:\/\/bibliotecajuridicavirtual.cl\/index.php\/wp-json\/wp\/v2\/product\/2057","targetHints":{"allow":["GET"]}}],"collection":[{"href":"https:\/\/bibliotecajuridicavirtual.cl\/index.php\/wp-json\/wp\/v2\/product"}],"about":[{"href":"https:\/\/bibliotecajuridicavirtual.cl\/index.php\/wp-json\/wp\/v2\/types\/product"}],"replies":[{"embeddable":true,"href":"https:\/\/bibliotecajuridicavirtual.cl\/index.php\/wp-json\/wp\/v2\/comments?post=2057"}],"wp:featuredmedia":[{"embeddable":true,"href":"https:\/\/bibliotecajuridicavirtual.cl\/index.php\/wp-json\/wp\/v2\/media\/2100"}],"wp:attachment":[{"href":"https:\/\/bibliotecajuridicavirtual.cl\/index.php\/wp-json\/wp\/v2\/media?parent=2057"}],"wp:term":[{"taxonomy":"product_brand","embeddable":true,"href":"https:\/\/bibliotecajuridicavirtual.cl\/index.php\/wp-json\/wp\/v2\/product_brand?post=2057"},{"taxonomy":"product_cat","embeddable":true,"href":"https:\/\/bibliotecajuridicavirtual.cl\/index.php\/wp-json\/wp\/v2\/product_cat?post=2057"},{"taxonomy":"product_tag","embeddable":true,"href":"https:\/\/bibliotecajuridicavirtual.cl\/index.php\/wp-json\/wp\/v2\/product_tag?post=2057"}],"curies":[{"name":"wp","href":"https:\/\/api.w.org\/{rel}","templated":true}]}}