{"id":2058,"date":"2026-02-28T00:57:57","date_gmt":"2026-02-28T03:57:57","guid":{"rendered":"https:\/\/bibliotecajuridicavirtual.cl\/?post_type=product&#038;p=2058"},"modified":"2026-02-28T00:58:24","modified_gmt":"2026-02-28T03:58:24","slug":"beccaria-250-anos-dei-delitti-e-delle-pene-de-la-obra-maestra-a-los-becarios","status":"publish","type":"product","link":"https:\/\/bibliotecajuridicavirtual.cl\/index.php\/product\/beccaria-250-anos-dei-delitti-e-delle-pene-de-la-obra-maestra-a-los-becarios\/","title":{"rendered":"Beccaria, 250 a\u00f1os. Dei Delitti e Delle Pene. De la Obra Maestra a los Becarios."},"content":{"rendered":"<p><strong><em>Beccaria, 250 a\u00f1os despu\u00e9s\u2026<\/em><\/strong>\u00a0Un estudio cr\u00edtico de cada cap\u00edtulo por los becarios del Humboldt-Kolleg: Enrique Gimbernat, Fernando Vel\u00e1squez, Humberto \u00c1vila, Manuel Cancio, Julio Maier, Daniel Pastor, Eugenio Sarrabayrouse, Carmen L\u00f3pez, Carlos Elbert, Jaime Couso, Percy Garc\u00eda, Alfredo Etcheberry, Jos\u00e9 Luis Guzm\u00e1n, M\u00aa Magdalena Ossand\u00f3n, Enrique Cury, Guillermo Oliver, Ra\u00fal N\u00fa\u00f1ez, Mario Garrido, Tatiana Vargas, Miguel Soto, Juan Ignacio Pi\u00f1a, Alex van Weezel, Rodrigo Aldoney, M\u00aa In\u00e9s Horvitz, Luis Ortiz, Claudia C\u00e1rdenas, H\u00e9ctor Hern\u00e1ndez, Vivian Bullemore, Carlos K\u00fcnsem\u00fcller, Kai Ambos y Urs Kindh\u00e4user. Edici\u00f3n especial. 2011. 848 pp.<\/p>\n","protected":false},"excerpt":{"rendered":"<p>Buscas un libro Jur\u00eddico.? Lo puedes encontrar en nuestra tienda virtual.<br \/>\nContamos con prestigiosos autores y muchas alternativas en sus diferentes materias al igual que grandes descuentos.! Vis\u00edtanos en <a class=\"RZfvTkfygaapmnulztpKuRbUpdMtLBYwKwQ \" href=\"https:\/\/lnkd.in\/eiAG7jdZ\" target=\"_blank\" rel=\"noopener\" data-test-app-aware-link=\"\">https:\/\/lnkd.in\/eiAG7jdZ<\/a><br \/>\nEscr\u00edbenos al +56930565235 \/ <a class=\"RZfvTkfygaapmnulztpKuRbUpdMtLBYwKwQ \" href=\"mailto:ventaslegallexglobal@gmail.com\" target=\"_self\" data-test-app-aware-link=\"\">ventaslegallexglobal@gmail.com<\/a><br \/>\nHacemos env\u00edos a todo Chile \u2013 Starken o Correos Chile \/ Te esperamos<\/p>\n","protected":false},"featured_media":2101,"comment_status":"open","ping_status":"closed","template":"","meta":{"inline_featured_image":false,"_joinchat":[]},"product_brand":[],"product_cat":[26,43,30],"product_tag":[],"class_list":{"0":"post-2058","1":"product","2":"type-product","3":"status-publish","4":"has-post-thumbnail","6":"product_cat-derecho","7":"product_cat-derecho-internacional","8":"product_cat-penal","10":"first","11":"instock","12":"shipping-taxable","13":"purchasable","14":"product-type-simple"},"_links":{"self":[{"href":"https:\/\/bibliotecajuridicavirtual.cl\/index.php\/wp-json\/wp\/v2\/product\/2058","targetHints":{"allow":["GET"]}}],"collection":[{"href":"https:\/\/bibliotecajuridicavirtual.cl\/index.php\/wp-json\/wp\/v2\/product"}],"about":[{"href":"https:\/\/bibliotecajuridicavirtual.cl\/index.php\/wp-json\/wp\/v2\/types\/product"}],"replies":[{"embeddable":true,"href":"https:\/\/bibliotecajuridicavirtual.cl\/index.php\/wp-json\/wp\/v2\/comments?post=2058"}],"wp:featuredmedia":[{"embeddable":true,"href":"https:\/\/bibliotecajuridicavirtual.cl\/index.php\/wp-json\/wp\/v2\/media\/2101"}],"wp:attachment":[{"href":"https:\/\/bibliotecajuridicavirtual.cl\/index.php\/wp-json\/wp\/v2\/media?parent=2058"}],"wp:term":[{"taxonomy":"product_brand","embeddable":true,"href":"https:\/\/bibliotecajuridicavirtual.cl\/index.php\/wp-json\/wp\/v2\/product_brand?post=2058"},{"taxonomy":"product_cat","embeddable":true,"href":"https:\/\/bibliotecajuridicavirtual.cl\/index.php\/wp-json\/wp\/v2\/product_cat?post=2058"},{"taxonomy":"product_tag","embeddable":true,"href":"https:\/\/bibliotecajuridicavirtual.cl\/index.php\/wp-json\/wp\/v2\/product_tag?post=2058"}],"curies":[{"name":"wp","href":"https:\/\/api.w.org\/{rel}","templated":true}]}}