{"id":2059,"date":"2026-02-28T00:57:57","date_gmt":"2026-02-28T03:57:57","guid":{"rendered":"https:\/\/bibliotecajuridicavirtual.cl\/?post_type=product&#038;p=2059"},"modified":"2026-02-28T00:58:25","modified_gmt":"2026-02-28T03:58:25","slug":"el-sentido-de-los-principios-penales-yacobucci-guillermo-edicion-septiembre-ano-2014-932-pag","status":"publish","type":"product","link":"https:\/\/bibliotecajuridicavirtual.cl\/index.php\/product\/el-sentido-de-los-principios-penales-yacobucci-guillermo-edicion-septiembre-ano-2014-932-pag\/","title":{"rendered":"El Sentido de los Principios Penales &#8211; Yacobucci, Guillermo &#8211; edici\u00f3n Septiembre a\u00f1o 2014 \/ 932 P\u00e1g."},"content":{"rendered":"<p>Yacobucci, Guillermo J. (catedr\u00e1tico argentino): El sentido de los principios penales. Crisis y transformaci\u00f3n del Derecho penal. El sentido de t\u00e9rmino \u0093principios\u0094. Naturaleza y juridicidad. Caracteres fundamentales. Principios penales en particular. El principio material de bien com\u00fan pol\u00edtico en el Derecho penal. El principio material de dignidad humana. Los principios fundamentales del Derecho penal. El principio de culpabilidad. La razonabilidad en el Derecho penal a trav\u00e9s de los principios derivados. Fines y funciones de los principios. El sentido de los principios en el saber penal. La funci\u00f3n de los principios penales en la instancia jurisdiccional. 2014. 932 P\u00e1g.<\/p>\n<p>PRIMERA PARTE: LOS PRINCIPIOS PENALES EN GENERAL.<br \/>\nCap\u00edtulo 1: CRISIS Y TRANSFORMACI\u00d3N DEL DERECHO PENAL COMO MARCO DE REFLEXI\u00d3N SOBRE LOS PRINCIPIOS.<br \/>\nCap\u00edtulo 2: EL SENTIDO DEL T\u00c9RMINO \u00abPRINCIPIOS\u00bb.<br \/>\nCap\u00edtulo 3: NATURALEZA Y JURIDICIDAD DE LOS PRINCIPIOS PENALES.<br \/>\nCap\u00edtulo 4: LOS CARACTERES FUNDAMENTALES DE LOS PRINCIPIOS PENALES.<\/p>\n<p>PARTE SEGUNDA. LOS PRINCIPIOS PENALES EN PARTICULAR.<br \/>\nCap\u00edtulo 5: LOS PRINCIPIOS PENALES MATERIALES O CONFIGURADORES DEL DERECHO PENAL.<br \/>\nCap\u00edtulo 6: EL PRINCIPIOS MATERIAL DE BIEN COM\u00daN POL\u00cdTICO EN EL DERECHO PENAL.<br \/>\nCap\u00edtulo 7: EL PRINCIPIO MATERIAL DE DIGNIDAD HUMANA EN EL DERECHO PENAL.<br \/>\nCap\u00edtulo 8: LOS PRINCIPIOS FUNDAMENTALES DEL DERECHO PENAL.<br \/>\nCap\u00edtulo 9: EL PRINCIPIO DE CULPABILIDAD<br \/>\nCap\u00edtulo 10: LA RAZONABILIDAD EN EL DERECHO PENAL A TRAV\u00c9S DE LOS PRINCIPIOS DERIVADOS.<\/p>\n<p>PARTE TERCERA. FINES Y FUNCIONES DE LOS PRINCIPIOS PENALES.<br \/>\nCap\u00edtulo 11: LA OPERATIVIDAD DE LOS PRINCIPIOS EN UN NUEVO DERECHO PENAL<br \/>\nCap\u00edtulo 12: LOS PRINCIPIOS PENALES COMO L\u00cdMITE Y LEGITIMACI\u00d3N DE LA POL\u00cdTICA CRIMINAL<br \/>\nCap\u00edtulo 13: EL SENTIDO DE LOS PRINCIPIOS EN EL SABER PENAL<br \/>\nCap\u00edtulo 14: LA FUNCI\u00d3N DE LOS PRINCIPIOS PENALES EN LA INSTANCIA JURISDICCIONAL<br \/>\nCap\u00edtulo 15: UNA BREVE RECAPITULACI\u00d3N DEL ESTUDIO<\/p>\n","protected":false},"excerpt":{"rendered":"<p>Buscas un libro Jur\u00eddico.? Lo puedes encontrar en nuestra tienda virtual.<br \/>\nContamos con prestigiosos autores y muchas alternativas en sus diferentes materias al igual que grandes descuentos.! Vis\u00edtanos en <a class=\"RZfvTkfygaapmnulztpKuRbUpdMtLBYwKwQ \" href=\"https:\/\/lnkd.in\/eiAG7jdZ\" target=\"_blank\" rel=\"noopener\" data-test-app-aware-link=\"\">https:\/\/lnkd.in\/eiAG7jdZ<\/a><br \/>\nEscr\u00edbenos al +56930565235 \/ <a class=\"RZfvTkfygaapmnulztpKuRbUpdMtLBYwKwQ \" href=\"mailto:ventaslegallexglobal@gmail.com\" target=\"_self\" data-test-app-aware-link=\"\">ventaslegallexglobal@gmail.com<\/a><br \/>\nHacemos env\u00edos a todo Chile \u2013 Starken o Correos Chile \/ Te esperamos<\/p>\n","protected":false},"featured_media":2102,"comment_status":"open","ping_status":"closed","template":"","meta":{"inline_featured_image":false,"_joinchat":[]},"product_brand":[],"product_cat":[26,30],"product_tag":[],"class_list":{"0":"post-2059","1":"product","2":"type-product","3":"status-publish","4":"has-post-thumbnail","6":"product_cat-derecho","7":"product_cat-penal","9":"first","10":"instock","11":"shipping-taxable","12":"purchasable","13":"product-type-simple"},"_links":{"self":[{"href":"https:\/\/bibliotecajuridicavirtual.cl\/index.php\/wp-json\/wp\/v2\/product\/2059","targetHints":{"allow":["GET"]}}],"collection":[{"href":"https:\/\/bibliotecajuridicavirtual.cl\/index.php\/wp-json\/wp\/v2\/product"}],"about":[{"href":"https:\/\/bibliotecajuridicavirtual.cl\/index.php\/wp-json\/wp\/v2\/types\/product"}],"replies":[{"embeddable":true,"href":"https:\/\/bibliotecajuridicavirtual.cl\/index.php\/wp-json\/wp\/v2\/comments?post=2059"}],"wp:featuredmedia":[{"embeddable":true,"href":"https:\/\/bibliotecajuridicavirtual.cl\/index.php\/wp-json\/wp\/v2\/media\/2102"}],"wp:attachment":[{"href":"https:\/\/bibliotecajuridicavirtual.cl\/index.php\/wp-json\/wp\/v2\/media?parent=2059"}],"wp:term":[{"taxonomy":"product_brand","embeddable":true,"href":"https:\/\/bibliotecajuridicavirtual.cl\/index.php\/wp-json\/wp\/v2\/product_brand?post=2059"},{"taxonomy":"product_cat","embeddable":true,"href":"https:\/\/bibliotecajuridicavirtual.cl\/index.php\/wp-json\/wp\/v2\/product_cat?post=2059"},{"taxonomy":"product_tag","embeddable":true,"href":"https:\/\/bibliotecajuridicavirtual.cl\/index.php\/wp-json\/wp\/v2\/product_tag?post=2059"}],"curies":[{"name":"wp","href":"https:\/\/api.w.org\/{rel}","templated":true}]}}