{"id":2060,"date":"2026-02-28T00:57:57","date_gmt":"2026-02-28T03:57:57","guid":{"rendered":"https:\/\/bibliotecajuridicavirtual.cl\/?post_type=product&#038;p=2060"},"modified":"2026-02-28T00:58:25","modified_gmt":"2026-02-28T03:58:25","slug":"estudios-sobre-el-delito-de-omision-enrique-gimbernat-ordeig-edicion-ano-2013-520-pag","status":"publish","type":"product","link":"https:\/\/bibliotecajuridicavirtual.cl\/index.php\/product\/estudios-sobre-el-delito-de-omision-enrique-gimbernat-ordeig-edicion-ano-2013-520-pag\/","title":{"rendered":"Estudios Sobre el Delito de Omisi\u00f3n &#8211; Enrique Gimbernat Ordeig &#8211; edici\u00f3n a\u00f1o 2013 \/ 520 P\u00e1g."},"content":{"rendered":"<p>Gimbernat Ordeig, Enrique (catedr\u00e1tico espa\u00f1ol):\u00a0<strong><em>Estudios sobre el delito de omisi\u00f3n<\/em><\/strong><em>.<\/em>\u00a0Sobre los conceptos de omisi\u00f3n y de comportamiento. Causalidad, omisi\u00f3n e imprudencia. La omisi\u00f3n impropia en la dogm\u00e1tica penal alemana. El delito de omisi\u00f3n impropia. Omisi\u00f3n impropia e incremento del riesgo en el Derecho penal de empresa. La distinci\u00f3n entre delitos propios (puros) y delitos impropios de omisi\u00f3n (o de comisi\u00f3n por omisi\u00f3n). La causalidad en la omisi\u00f3n impropia y la llamada \u201comisi\u00f3n por comisi\u00f3n. Pr\u00f3logo de Eugenio Ra\u00fal Zaffaroni. Colecci\u00f3n:\u00a0<em>Maestros del Derecho Penal<\/em>\u00a0<em>N\u00ba 41<\/em>. 2013. 520 pp.<\/p>\n","protected":false},"excerpt":{"rendered":"<p>Buscas un libro Jur\u00eddico.? Lo puedes encontrar en nuestra tienda virtual.<br \/>\nContamos con prestigiosos autores y muchas alternativas en sus diferentes materias al igual que grandes descuentos.! Vis\u00edtanos en <a class=\"RZfvTkfygaapmnulztpKuRbUpdMtLBYwKwQ \" href=\"https:\/\/lnkd.in\/eiAG7jdZ\" target=\"_blank\" rel=\"noopener\" data-test-app-aware-link=\"\">https:\/\/lnkd.in\/eiAG7jdZ<\/a><br \/>\nEscr\u00edbenos al +56930565235 \/ <a class=\"RZfvTkfygaapmnulztpKuRbUpdMtLBYwKwQ \" href=\"mailto:ventaslegallexglobal@gmail.com\" target=\"_self\" data-test-app-aware-link=\"\">ventaslegallexglobal@gmail.com<\/a><br \/>\nHacemos env\u00edos a todo Chile \u2013 Starken o Correos Chile \/ Te esperamos<\/p>\n","protected":false},"featured_media":2103,"comment_status":"open","ping_status":"closed","template":"","meta":{"inline_featured_image":false,"_joinchat":[]},"product_brand":[],"product_cat":[26,30],"product_tag":[],"class_list":{"0":"post-2060","1":"product","2":"type-product","3":"status-publish","4":"has-post-thumbnail","6":"product_cat-derecho","7":"product_cat-penal","9":"first","10":"instock","11":"shipping-taxable","12":"purchasable","13":"product-type-simple"},"_links":{"self":[{"href":"https:\/\/bibliotecajuridicavirtual.cl\/index.php\/wp-json\/wp\/v2\/product\/2060","targetHints":{"allow":["GET"]}}],"collection":[{"href":"https:\/\/bibliotecajuridicavirtual.cl\/index.php\/wp-json\/wp\/v2\/product"}],"about":[{"href":"https:\/\/bibliotecajuridicavirtual.cl\/index.php\/wp-json\/wp\/v2\/types\/product"}],"replies":[{"embeddable":true,"href":"https:\/\/bibliotecajuridicavirtual.cl\/index.php\/wp-json\/wp\/v2\/comments?post=2060"}],"wp:featuredmedia":[{"embeddable":true,"href":"https:\/\/bibliotecajuridicavirtual.cl\/index.php\/wp-json\/wp\/v2\/media\/2103"}],"wp:attachment":[{"href":"https:\/\/bibliotecajuridicavirtual.cl\/index.php\/wp-json\/wp\/v2\/media?parent=2060"}],"wp:term":[{"taxonomy":"product_brand","embeddable":true,"href":"https:\/\/bibliotecajuridicavirtual.cl\/index.php\/wp-json\/wp\/v2\/product_brand?post=2060"},{"taxonomy":"product_cat","embeddable":true,"href":"https:\/\/bibliotecajuridicavirtual.cl\/index.php\/wp-json\/wp\/v2\/product_cat?post=2060"},{"taxonomy":"product_tag","embeddable":true,"href":"https:\/\/bibliotecajuridicavirtual.cl\/index.php\/wp-json\/wp\/v2\/product_tag?post=2060"}],"curies":[{"name":"wp","href":"https:\/\/api.w.org\/{rel}","templated":true}]}}