{"id":2061,"date":"2026-02-28T00:57:57","date_gmt":"2026-02-28T03:57:57","guid":{"rendered":"https:\/\/bibliotecajuridicavirtual.cl\/?post_type=product&#038;p=2061"},"modified":"2026-02-28T00:58:26","modified_gmt":"2026-02-28T03:58:26","slug":"imputacion-y-teoria-del-delito-la-doctrina-kantiana-de-la-imputacion-y-su-recepcion-en-el-pensamiento-juridico-penal-contemporaneo-sanchez-ostiz-pablo","status":"publish","type":"product","link":"https:\/\/bibliotecajuridicavirtual.cl\/index.php\/product\/imputacion-y-teoria-del-delito-la-doctrina-kantiana-de-la-imputacion-y-su-recepcion-en-el-pensamiento-juridico-penal-contemporaneo-sanchez-ostiz-pablo\/","title":{"rendered":"Imputaci\u00f3n y Teor\u00eda del Delito. La Doctrina Kantiana de la Imputaci\u00f3n y su Recepci\u00f3n en el Pensamiento Jur\u00eddico-Penal Contempor\u00e1neo &#8211; S\u00e1nchez-Ostiz, Pablo"},"content":{"rendered":"<p>S\u00e1nchez Ostiz, Pablo (catedr\u00e1tico espa\u00f1ol): Imputaci\u00f3n y teor\u00eda del delito. La doctrina kantiana de la imputaci\u00f3n y su recepci\u00f3n en el pensamiento jur\u00eddico-penal contempor\u00e1neo. Aproximaci\u00f3n a la doctrina de la imputaci\u00f3n. La definici\u00f3n de imputaci\u00f3n (Zurechnung). La imputaci\u00f3n jur\u00eddica. Imputaci\u00f3n y persona. Feuerbach o la \u0093disoluci\u00f3n\u0094 de la filosof\u00eda kantiana en el Derecho penal. La \u0093superaci\u00f3n\u0094 de la doctrina de la imputaci\u00f3n en el idealismo. La \u0093sustituci\u00f3n\u0094 de la doctrina de la imputaci\u00f3n por la teor\u00eda del delito. La \u0093persona\u0094 como sujeto destinatario del juicio de imputaci\u00f3n jur\u00eddico-penal. La doctrina de la imputaci\u00f3n y las teor\u00edas del delito. Una teor\u00eda del delito a partir de la doctrina de la imputaci\u00f3n. Cuadros sin\u00f3pticos. 2008. 624 pp.<\/p>\n","protected":false},"excerpt":{"rendered":"<p>Buscas un libro Jur\u00eddico.? Lo puedes encontrar en nuestra tienda virtual.<\/p>\n<p>Contamos con prestigiosos autores y muchas alternativas en sus diferentes materias al igual que grandes descuentos.! Vis\u00edtanos en https:\/\/lnkd.in\/eiAG7jdZ<\/p>\n<p>Escr\u00edbenos al +56930565235 \/ ventaslegallexglobal@gmail.com<\/p>\n<p>Hacemos env\u00edos a todo Chile \u2013 Starken o Correos Chile \/ Te esperamos<\/p>\n","protected":false},"featured_media":2104,"comment_status":"open","ping_status":"closed","template":"","meta":{"inline_featured_image":false,"_joinchat":[]},"product_brand":[],"product_cat":[26,30],"product_tag":[],"class_list":{"0":"post-2061","1":"product","2":"type-product","3":"status-publish","4":"has-post-thumbnail","6":"product_cat-derecho","7":"product_cat-penal","9":"first","10":"instock","11":"shipping-taxable","12":"purchasable","13":"product-type-simple"},"_links":{"self":[{"href":"https:\/\/bibliotecajuridicavirtual.cl\/index.php\/wp-json\/wp\/v2\/product\/2061","targetHints":{"allow":["GET"]}}],"collection":[{"href":"https:\/\/bibliotecajuridicavirtual.cl\/index.php\/wp-json\/wp\/v2\/product"}],"about":[{"href":"https:\/\/bibliotecajuridicavirtual.cl\/index.php\/wp-json\/wp\/v2\/types\/product"}],"replies":[{"embeddable":true,"href":"https:\/\/bibliotecajuridicavirtual.cl\/index.php\/wp-json\/wp\/v2\/comments?post=2061"}],"wp:featuredmedia":[{"embeddable":true,"href":"https:\/\/bibliotecajuridicavirtual.cl\/index.php\/wp-json\/wp\/v2\/media\/2104"}],"wp:attachment":[{"href":"https:\/\/bibliotecajuridicavirtual.cl\/index.php\/wp-json\/wp\/v2\/media?parent=2061"}],"wp:term":[{"taxonomy":"product_brand","embeddable":true,"href":"https:\/\/bibliotecajuridicavirtual.cl\/index.php\/wp-json\/wp\/v2\/product_brand?post=2061"},{"taxonomy":"product_cat","embeddable":true,"href":"https:\/\/bibliotecajuridicavirtual.cl\/index.php\/wp-json\/wp\/v2\/product_cat?post=2061"},{"taxonomy":"product_tag","embeddable":true,"href":"https:\/\/bibliotecajuridicavirtual.cl\/index.php\/wp-json\/wp\/v2\/product_tag?post=2061"}],"curies":[{"name":"wp","href":"https:\/\/api.w.org\/{rel}","templated":true}]}}