{"id":2064,"date":"2026-02-28T00:57:57","date_gmt":"2026-02-28T03:57:57","guid":{"rendered":"https:\/\/bibliotecajuridicavirtual.cl\/?post_type=product&#038;p=2064"},"modified":"2026-02-28T00:58:27","modified_gmt":"2026-02-28T03:58:27","slug":"los-elementos-subjetivos-del-tipo-legal-sergio-politoff-lifschitz-182-paginas","status":"publish","type":"product","link":"https:\/\/bibliotecajuridicavirtual.cl\/index.php\/product\/los-elementos-subjetivos-del-tipo-legal-sergio-politoff-lifschitz-182-paginas\/","title":{"rendered":"Los Elementos Subjetivos del Tipo Legal &#8211; Sergio Politoff Lifschitz \/ 182 P\u00e1ginas"},"content":{"rendered":"<p>Politoff, Sergio (catedr\u00e1tico chileno):\u00a0<strong><em>Los elementos subjetivos del tipo legal<\/em>.\u00a0<em>Los elementos subjetivos y la teor\u00eda del injusto<\/em><\/strong>. Culpabilidad y momentos subjetivos. Los elementos subjetivos en la estructura del tipo legal. La determinaci\u00f3n de los elementos subjetivos del tipo legal: un problema de la parte especial (alusi\u00f3n a algunas hip\u00f3tesis significativas). Colecci\u00f3n:\u00a0<em>Maestros del Derecho Penal N\u00ba 27.<\/em>\u00a02\u00aa ed. Reimpresi\u00f3n\u00a0<strong>2013<\/strong>. 182 pp.<\/p>\n<p>\u00cdNDICE<br \/>\nPresentaci\u00f3n por Gonzalo D. Fern\u00e1ndez &#8230;&#8230;&#8230;&#8230;&#8230;&#8230;&#8230;&#8230;.<br \/>\nPr\u00f3logo por \u00c1lvaro Bunster &#8230;&#8230;&#8230;&#8230;&#8230;&#8230;&#8230;&#8230;&#8230;&#8230;&#8230;&#8230;&#8230;&#8230;.. XXIII<br \/>\nXI<br \/>\nCap\u00edtulo I<br \/>\nDESARROLLO DEL DEBATE EN TORNO A LOS<br \/>\nELEMENTOS SUBJETIVOS DEL TIPO LEGAL<br \/>\n1. Importancia de las reflexiones de Carrara sobre la<br \/>\nsignificaci\u00f3n del fin del agente en la especialidad de<br \/>\nlos delitos &#8230;&#8230;&#8230;&#8230;&#8230;&#8230;&#8230;&#8230;&#8230;&#8230;&#8230;&#8230;&#8230;&#8230;&#8230;&#8230;&#8230;&#8230;&#8230;&#8230;&#8230;&#8230;..<br \/>\n2. La doctrina alemana sobre los elementos subjetivos<br \/>\ndel injusto. Contribuci\u00f3n fundamental de Hegler,<br \/>\nMayer y Mezger. Recepci\u00f3n favorable en Alemania &#8230;&#8230;.<br \/>\n3. Las impugnaciones de Beling y Goldschmidt (Todav\u00eda<br \/>\nen la ciencia penal alemana). Otras posiciones cr\u00edticas.<br \/>\nResonancia del asunto en el pensamiento finalista &#8230;&#8230;&#8230; 23<br \/>\n4. Aportaci\u00f3n de la literatura jur\u00eddica en lengua espa<br \/>\n\u00f1ola (Jim\u00e9nez de As\u00faa, Soler, Finzi y otros). M\u00e9rito<br \/>\ndecisivo de la obra de N\u00fa\u00f1ez &#8230;&#8230;&#8230;&#8230;&#8230;&#8230;&#8230;&#8230;&#8230;&#8230;&#8230;&#8230;&#8230;.<br \/>\n32<br \/>\n5. El debate sobre el tema: a) en Italia; escasa fortuna<br \/>\nde esta teor\u00eda. Criterios de Bettiol, de Grispigni y de<br \/>\nMusotto. La noci\u00f3n de causa del delito en Carnelutti.<br \/>\nLas investigaciones de Piacenza. b) en Francia; ausen<br \/>\ncia de una posici\u00f3n sistem\u00e1tica &#8230;&#8230;&#8230;&#8230;&#8230;&#8230;&#8230;&#8230;&#8230;&#8230;&#8230;..<br \/>\nCap\u00edtulo II<br \/>\nLOS ELEMENTOS SUBJETIVOS<br \/>\nY LA TEOR\u00cdA DEL INJUSTO<br \/>\n1. Necesidad de distinguir entre elementos subjetivos<br \/>\ndel tipo legal y elementos subjetivos del injusto (de su<br \/>\nexclusi\u00f3n) &#8230;&#8230;&#8230;&#8230;&#8230;&#8230;&#8230;&#8230;&#8230;&#8230;&#8230;&#8230;&#8230;&#8230;&#8230;&#8230;&#8230;&#8230;&#8230;&#8230;&#8230;&#8230;..<br \/>\n39<br \/>\n47<br \/>\nVIII<br \/>\nSergio Politoff lifSchitz<br \/>\n2. Antijuridicidad y justificaci\u00f3n. Elementos subjetivos<br \/>\nen la exclusi\u00f3n de la ilicitud. Alusi\u00f3n al debate plantea<br \/>\ndo (animus defendendi, etc.) &#8230;&#8230;&#8230;&#8230;&#8230;&#8230;&#8230;&#8230;&#8230;&#8230;&#8230;&#8230;&#8230;..<br \/>\n3. El injusto tipificado. Relaciones entre ilicitud y tipi<br \/>\ncidad. Los elementos subjetivos del tipo legal son algo<br \/>\nm\u00e1s que meras caracter\u00edsticas del injusto &#8230;&#8230;&#8230;&#8230;&#8230;&#8230;..<br \/>\nCap\u00edtulo III<br \/>\nCULPABILIDAD Y MOMENTOS<br \/>\nSUBJETIVOS DEL TIPO<br \/>\n49<br \/>\n57<br \/>\n1. Cr\u00edtica a la concepci\u00f3n ambivalente (Mezger, Bettiol,<br \/>\nAnt\u00f3n Oneca) &#8230;&#8230;&#8230;&#8230;&#8230;&#8230;&#8230;&#8230;&#8230;&#8230;&#8230;&#8230;&#8230;&#8230;&#8230;&#8230;&#8230;&#8230;&#8230;&#8230;&#8230;<br \/>\n2. Los elementos subjetivos del tipo legal y la culpabili<br \/>\ndad. La teor\u00eda del dolo espec\u00edfico. Objeciones &#8230;&#8230;&#8230;&#8230;&#8230; 66<br \/>\n3. Alcance de los factores intelectivo y afectivo del dolo<br \/>\nrespecto del tipo. Examen de la aparente contradicci\u00f3n<br \/>\nafirmada por Beling y Soler &#8230;&#8230;&#8230;&#8230;&#8230;&#8230;&#8230;&#8230;&#8230;&#8230;&#8230;&#8230;&#8230;..<br \/>\n61<br \/>\n72<br \/>\n4. Elementos subjetivos del tipo y presunci\u00f3n de dolo &#8230;.. 75<br \/>\n5. La teor\u00eda finalista de la acci\u00f3n y la concepci\u00f3n del<br \/>\ndolo como elemento del tipo &#8230;&#8230;&#8230;&#8230;&#8230;&#8230;&#8230;&#8230;&#8230;&#8230;&#8230;&#8230;&#8230;..<br \/>\n76<br \/>\nCap\u00edtulo IV<br \/>\nLOS ELEMENTOS SUBJETIVOS<br \/>\nEN LA ESTRUCTURA DEL TIPO LEGAL<br \/>\n1. Tipos normales y anormales. Los elementos subjeti<br \/>\nvos en el \u00e1mbito de la acci\u00f3n t\u00edpica. Misi\u00f3n de estos ele<br \/>\nmentos en la integraci\u00f3n y diferenciaci\u00f3n de los tipos<br \/>\nsingulares. Exclusi\u00f3n de las menciones pleon\u00e1sticas a<br \/>\nla culpabilidad &#8230;&#8230;&#8230;&#8230;&#8230;&#8230;&#8230;&#8230;&#8230;&#8230;&#8230;&#8230;&#8230;&#8230;&#8230;&#8230;&#8230;&#8230;&#8230;&#8230;.<br \/>\n81<br \/>\n2. Reservas sobre la conveniencia de una clasificaci\u00f3n &#8230;&#8230; 86<br \/>\n3. Los motivos y la tipicidad. \u00bfEs siempre la motivaci\u00f3n<br \/>\nun problema de culpabilidad? &#8230;&#8230;&#8230;&#8230;&#8230;&#8230;&#8230;&#8230;&#8230;&#8230;&#8230;&#8230;..<br \/>\n90<br \/>\n4. El conocimiento de ciertas circunstancias: posibilidad<br \/>\nde una simple alusi\u00f3n tautol\u00f3gica al dolo o de la exigen<br \/>\ncia de una determinada forma de culpabilidad. La teor\u00eda<br \/>\nde los hechos ps\u00edquicos cualificantes del sujeto activo<br \/>\n(Grispigni). Hip\u00f3tesis en que el conocimiento reclamado<br \/>\npor la ley, en cuanto presupuesta situaci\u00f3n ps\u00edquica,<br \/>\ntraduce la presencia de un elemento subjetivo del tipo &#8230;. 95<br \/>\n\u00cdndice IX<br \/>\n5. Exclusi\u00f3n de los datos subjetivos que sirven como me<br \/>\ndio de prueba de la direcci\u00f3n objetiva de la conducta &#8230;&#8230; 102<br \/>\n6. Los delitos de resultado cortado y los delitos imper<br \/>\nfectos de dos actos &#8230;&#8230;&#8230;&#8230;&#8230;&#8230;&#8230;&#8230;&#8230;&#8230;&#8230;&#8230;&#8230;&#8230;&#8230;&#8230;&#8230;&#8230;. 103<br \/>\n7. Los llamados delitos de expresi\u00f3n &#8230;&#8230;&#8230;&#8230;&#8230;&#8230;&#8230;&#8230;&#8230;&#8230; 106<br \/>\n8. Los delitos de tendencia &#8230;&#8230;&#8230;&#8230;&#8230;&#8230;&#8230;&#8230;&#8230;&#8230;&#8230;&#8230;&#8230;&#8230;&#8230; 112<br \/>\n9. La direcci\u00f3n del \u00e1nimo en la tentativa &#8230;&#8230;&#8230;&#8230;&#8230;&#8230;&#8230;&#8230; 114<br \/>\n10. Importancia te\u00f3rica y pr\u00e1ctica de los elementos sub<br \/>\njetivos del tipo &#8230;&#8230;&#8230;&#8230;&#8230;&#8230;&#8230;&#8230;&#8230;&#8230;&#8230;&#8230;&#8230;&#8230;&#8230;&#8230;&#8230;&#8230;&#8230;&#8230;. 116<br \/>\nCap\u00edtulo V<br \/>\nLA DETERMINACI\u00d3N DE LOS ELEMENTOS<br \/>\nSUBJETIVOS DEL TIPO LEGAL: UN PROBLEMA<br \/>\nDE LA PARTE ESPECIAL<br \/>\n(Alusi\u00f3n a algunas hip\u00f3tesis significativas)<br \/>\n1. Observaci\u00f3n preliminar. Objeto de este cap\u00edtulo &#8230;&#8230;&#8230; 127<br \/>\n2. El animus iniuriandi y los delitos contra el honor. El<br \/>\ndebate en la doctrina italiana (cr\u00edtica a la concepci\u00f3n<br \/>\nde un dolo de peligro). Afirmaci\u00f3n de esta exigencia<br \/>\nsubjetiva en la doctrina y jurisprudencia chilenas &#8230;&#8230;. 128<br \/>\n3. El \u00e1nimo de lucro. Problemas que suscita en el hurto<br \/>\ny en la estafa &#8230;&#8230;&#8230;&#8230;&#8230;&#8230;&#8230;&#8230;&#8230;&#8230;&#8230;&#8230;&#8230;&#8230;&#8230;&#8230;&#8230;&#8230;&#8230;&#8230;&#8230; 138<br \/>\n4. El animus rem sibi habendi como elemento subjetivo<br \/>\ndel tipo en los delitos de apropiaci\u00f3n &#8230;&#8230;&#8230;&#8230;&#8230;&#8230;&#8230;&#8230;&#8230;. 147<br \/>\n5. Los delitos sexuales. Delitos de tendencia lasciva y<br \/>\ndelitos de ultraje al pudor &#8230;&#8230;&#8230;&#8230;&#8230;&#8230;&#8230;&#8230;&#8230;&#8230;&#8230;&#8230;&#8230;&#8230;.. 147<br \/>\nBIBLIOGRAF\u00cdA<br \/>\n&#8230;&#8230;&#8230;&#8230;&#8230;&#8230;&#8230;&#8230;&#8230;&#8230;&#8230;&#8230;&#8230;&#8230;&#8230;&#8230;&#8230;&#8230;&#8230;&#8230;&#8230;&#8230;&#8230;&#8230;&#8230;&#8230;&#8230;&#8230;.. 151<\/p>\n","protected":false},"excerpt":{"rendered":"<p>Buscas un libro Jur\u00eddico.? Lo puedes encontrar en nuestra tienda virtual.<br \/>\nContamos con prestigiosos autores y muchas alternativas en sus diferentes materias al igual que grandes descuentos.! Vis\u00edtanos en <a class=\"SZPZpAPDAyijRClaXyBhVTlzKUCxMiFHpwYDY \" href=\"https:\/\/lnkd.in\/eiAG7jdZ\" target=\"_blank\" rel=\"noopener\" data-test-app-aware-link=\"\">https:\/\/lnkd.in\/eiAG7jdZ<\/a><br \/>\nEscr\u00edbenos al +56930565235 \/ <a class=\"SZPZpAPDAyijRClaXyBhVTlzKUCxMiFHpwYDY \" href=\"mailto:ventaslegallexglobal@gmail.com\" target=\"_self\" data-test-app-aware-link=\"\">ventaslegallexglobal@gmail.com<\/a><br \/>\nHacemos env\u00edos a todo Chile \u2013 Starken o Correos Chile \/ Te esperamos<\/p>\n","protected":false},"featured_media":2107,"comment_status":"open","ping_status":"closed","template":"","meta":{"inline_featured_image":false,"_joinchat":[]},"product_brand":[],"product_cat":[26,30],"product_tag":[],"class_list":{"0":"post-2064","1":"product","2":"type-product","3":"status-publish","4":"has-post-thumbnail","6":"product_cat-derecho","7":"product_cat-penal","9":"first","10":"instock","11":"shipping-taxable","12":"purchasable","13":"product-type-simple"},"_links":{"self":[{"href":"https:\/\/bibliotecajuridicavirtual.cl\/index.php\/wp-json\/wp\/v2\/product\/2064","targetHints":{"allow":["GET"]}}],"collection":[{"href":"https:\/\/bibliotecajuridicavirtual.cl\/index.php\/wp-json\/wp\/v2\/product"}],"about":[{"href":"https:\/\/bibliotecajuridicavirtual.cl\/index.php\/wp-json\/wp\/v2\/types\/product"}],"replies":[{"embeddable":true,"href":"https:\/\/bibliotecajuridicavirtual.cl\/index.php\/wp-json\/wp\/v2\/comments?post=2064"}],"wp:featuredmedia":[{"embeddable":true,"href":"https:\/\/bibliotecajuridicavirtual.cl\/index.php\/wp-json\/wp\/v2\/media\/2107"}],"wp:attachment":[{"href":"https:\/\/bibliotecajuridicavirtual.cl\/index.php\/wp-json\/wp\/v2\/media?parent=2064"}],"wp:term":[{"taxonomy":"product_brand","embeddable":true,"href":"https:\/\/bibliotecajuridicavirtual.cl\/index.php\/wp-json\/wp\/v2\/product_brand?post=2064"},{"taxonomy":"product_cat","embeddable":true,"href":"https:\/\/bibliotecajuridicavirtual.cl\/index.php\/wp-json\/wp\/v2\/product_cat?post=2064"},{"taxonomy":"product_tag","embeddable":true,"href":"https:\/\/bibliotecajuridicavirtual.cl\/index.php\/wp-json\/wp\/v2\/product_tag?post=2064"}],"curies":[{"name":"wp","href":"https:\/\/api.w.org\/{rel}","templated":true}]}}