{"id":2065,"date":"2026-02-28T00:57:57","date_gmt":"2026-02-28T03:57:57","guid":{"rendered":"https:\/\/bibliotecajuridicavirtual.cl\/?post_type=product&#038;p=2065"},"modified":"2026-02-28T00:58:29","modified_gmt":"2026-02-28T03:58:29","slug":"instituciones-de-derecho-procesal-civil-3-tomos-giuseppe-chiovenda-edicion-2005-1-000-paginas","status":"publish","type":"product","link":"https:\/\/bibliotecajuridicavirtual.cl\/index.php\/product\/instituciones-de-derecho-procesal-civil-3-tomos-giuseppe-chiovenda-edicion-2005-1-000-paginas\/","title":{"rendered":"Instituciones de Derecho Procesal Civil &#8211; 3 Tomos &#8211; Giuseppe Chiovenda, edici\u00f3n 2005 \/ 1.000 P\u00e1ginas"},"content":{"rendered":"<p>COLECCI\u00d3N GRANDES MAESTROS DEL DERECHO PROCESAL CIVIL<\/p>\n<div>TOMO I.<\/div>\n<div>El reconocimiento generalizado a nivel internacional constituye la reafirmaci\u00f3n contundente y determinante de este excepcional autor. Chiovenda, notable procesalista, ha dejado un camino con sus huellas imborrables y produjo cambios insoslayables a pesar del transcurso del tiempo.<br \/>\nEn el desarrollo de la obra, a trav\u00e9s de sus 1000 p\u00e1ginas, quedan plasmados conceptos e ideas que no pueden ser ignorados en el campo procesal.<br \/>\nEn sus 3 vol\u00famenes recorre; los conceptos fundamentales, la doctrina de las acciones y las relaciones procesales, con una profundidad y una visi\u00f3n digna de un verdadero maestro. simplemente un cl\u00e1sico imprescindible.<\/div>\n<div>PARTE PRIMERA.- CONCEPTOS FUNDAMENTALES<\/div>\n<div>El Derecho y la acci\u00f3n \u2013 Proceso Civil y relaci\u00f3n jur\u00eddico procesal \u2013 Condiciones de la acci\u00f3n y presupuestos procesales. Sistema \u2013 La ley procesal \u2013 Las leyes procesales civiles italianas \u2013 Formaci\u00f3n hist\u00f3rica de los procesos civiles modernos. Bibliograf\u00eda.<\/div>\n<div>PARTE SEGUNDA. \u2013 LA ACTUACION DE LA LEY EN EL PROCESO CIVIL<\/div>\n<div>Las distintas acciones y sus condiciones \u2013 Actuaci\u00f3n de la Ley en favor del actor<\/div>\n<div>I. Mediante conocimiento ordinario: A) Sentencia estimatoria en general.<\/div>\n<div>B) De las sentencias estimatorias en particular: Sentencias de condena;<\/div>\n<div>Sentencias constitutivas; Sentencias de pura declaraci\u00f3n.<\/div>\n<div>II. Mediante conocimiento sumario: Declaraciones\u00a0 con preferente funci\u00f3n ejecutiva.<\/div>\n<div>III. Mediante conservaci\u00f3n: Medidas provisionales cautelares o de conservaci\u00f3n<\/div>\n<div>IV. Mediante ejecuci\u00f3n forzada. El t\u00edtulo ejecutivo.<\/div>\n<div>Actuaci\u00f3n de la ley en favor del demandado (Sentencia desestimatoria. Excepci\u00f3n).<\/div>\n<div>Identificaci\u00f3n de las acciones \u2013 Cosa Juzgada. Cosa juzgada y preclusi\u00f3n.<\/div>\n<div>Las cuestiones prejudiciales. La declaraci\u00f3n incidental \u2013 Limites de la cosa juzgada.<\/div>\n<div>L\u00edmites objetivos. L\u00edmites subjetivos.<\/div>\n<div>TOMO II.<\/div>\n<div>La obra de este sobresaliente autor cl\u00e1sico constituye un aporte notable para el Derecho en general, desde el punto de vista, te\u00f3rico t\u00e9cnico y pr\u00e1ctico y en particular se constituye en el precursor de la doctrina procesalista italiana, a la que habr\u00edan de inscribirse tratadistas de la magnitud de Piero Calamandrei y Francesco Carnelutti, quienes enriquecieron la corriente iniciada por el autor de esta magn\u00edfica obra. \u00c9ste se identifica con otros intelectuales y polit\u00f3logos, cuyas ideas, conceptos e ideolog\u00edas mantienen su vigencia hasta nuestros d\u00edas. De hecho, Chiovenda, marc\u00f3 el rumbo con sus criterios y aportaciones sistem\u00e1ticas y conceptuales en materia de derecho procesal.<\/div>\n<div>PARTE TERCERA \u2013 LAS RELACIONES PROCESALES<\/div>\n<div>LIBRO PRIMERO- LOS PRESUPUESTOS PROCESALES<\/div>\n<div>T\u00edtulo Primero \u2013 PRESUPUESTOS REFERENTES A LOS \u00d3RGANOS DEL ESTADO.<\/div>\n<div>Cap\u00edtulo Primero \u2013 LA JURISDICCI\u00d3N .<\/div>\n<div>La funci\u00f3n jurisdiccional \u2013 Poderes al servicio de la funci\u00f3n jurisdiccional \u2013 Extensi\u00f3n de la jurisdicci\u00f3n \u2013 Los \u00f3rganos jurisdiccionales. El tribunal \u2013 La organizaci\u00f3n interna de los tribunales \u2013 La pluralidad de los tribunales \u2013 Organizaci\u00f3n externa de los tribunales \u2013 Relaciones entre diferentes tribunales.<\/div>\n<div>CAPITULO SEGUNDO \u2013 LA DISTRIBUCI\u00d3N DEL EJERCICIO DE LA JURISDICCION ENTRE LOS TRIBUNALES ORDINARIOS (COMPETENCIA)<\/div>\n<div>Conceptos generales \u2013 Competencia determinada por la cuant\u00eda de la causa<\/div>\n<div>Competencia determinada por la naturaleza de la causa (materia) \u2013 Competencia funcional \u2013 Competencia por territorio \u2013 La acumulaci\u00f3n de causas y sus relaciones con la competencia.<\/div>\n<div>CAPITULO TERCERO \u2013 CAPACIDAD ESPECIAL SUBJETIVA DE LOS \u00d3RGANOS JURISDICCIONALES<\/div>\n<div>Las condiciones personales del \u00f3rgano jurisdiccional y su capacidad.<\/div>\n<div>Recusaci\u00f3n y abstenci\u00f3n.<\/div>\n<div>TITULO SEGUNDO \u2013 PRESUPUESTOS RELATIVOS A LOS OTROS SUJETOS DEL PROCESO<\/div>\n<div>CAPITULO PRIMERO \u2013 LAS POSICIONES QUE PUEDEN OCUPAR LOS SUJETOS PROCESALES.<\/div>\n<div>Las posiciones fundamentales- Posiciones secundarias. Intervenci\u00f3n voluntaria.<\/div>\n<div>Llamada en la causa de terceros \u2013 La sustituci\u00f3n procesal.<\/div>\n<div>CAPITULO SEGUNDO \u2013 LAS PERSONAS DE LOS SUJETOS.<\/div>\n<div>Personas que pueden ocupar un posici\u00f3n procesal \u2013 Capacidad para comparecer en juicio (capacidad procesal).<\/div>\n<div>Representaci\u00f3n procesal. Abogados y procuradores<\/div>\n<div>TITULO TERCERO \u2013 PRESUPUESTOS PROCESALES NO CONCERNIENTES A LOS SUJETOS. EXCEPCIONES PROCESALES<\/div>\n<div>Excepci\u00f3n de litispendencia\u00a0 \u2013 Otras excepciones procesales de inadmisibilidad\u00a0 de la demanda.<\/div>\n<div>TOMO III.<\/div>\n<div>La doctrina procesal de Chiovenda coloc\u00f3 a la acci\u00f3n, piedra angular y determinante para el Derecho Procesal, como una disciplina aut\u00f3noma de Derecho Civil, en tanto que el primero regula a la acci\u00f3n y el segundo a la obligaci\u00f3n o al derecho subjetivo. Entre sus principales obras se destacan: ensayos de Derecho Procesal Civil; La Condena en Costas y Principios de Derecho Procesal Civil. Pero la obra cumbre es, sin dudas, Instituciones de Derecho Procesal Civil, ya que directa o indirectamente se ha transformado en el tratado m\u00e1s completo y profundo de este revolucionario autor y de esta tem\u00e1tica. El ilustre\u00a0 Giuseppe Chiovenda al explicar el aspecto fundamental de su doctrina, es decir, el eje central de la misma, la Autonom\u00eda del Derecho, se refiere de la siguiente manera: \u00abCuando se dice que la coacci\u00f3n es un elemento del derecho y que por lo mismo la acci\u00f3n es un elemento del derecho su objetivo, se cae en un sofisma, puesto que la acci\u00f3n es un elemento del derecho objetivo, mientras que desde el punto de vista subjetivo una cosa es el derecho a la prestaci\u00f3n y otra el poder de provocar la coacci\u00f3n del Estado, y son diferentes las normas que regulan la obligaci\u00f3n y la acci\u00f3n\u00bb.<\/div>\n<div>LIBRO SEGUNDO \u2013 LA RELACION PROCESAL ORDINARIA DE CONOCIMIENTO<\/div>\n<div>T\u00cdTULO PRIMERO \u2013 CONSTITUCI\u00d3N DE LA RELACI\u00d3N<\/div>\n<div>Momento constitutivo. La demanda judicial \u2013 Defectos en la constituci\u00f3n de la relaci\u00f3n procesal y su importancia (nulidad y anulabilidad de la relaci\u00f3n procesal)<\/div>\n<div>Efectos de la constituci\u00f3n de la relaci\u00f3n procesal (principio de la unidad de la relaci\u00f3n procesal). En particular, de la perpetuatio iurisdictionis<\/div>\n<div>TITULO SEGUNDO \u2013 CONTENIDO JUR\u00cdDICO FUNDAMENTAL DE LA RELACI\u00d3N<\/div>\n<div>Deberes y poderes del juez (iniciativa del juez, iniciativa de las partes) \u2013 Derechos y deberes de las partes \u2013 Carga de la prueba.<\/div>\n<div>TITULO TERCERO \u2013 DESARROLLO DE LA RELACION PROCESAL<\/div>\n<div>CAPITULO PRIMERO \u2013 LOS ACTOS PROCESALES Y SU FORMA<\/div>\n<div>formas procesales en general<\/div>\n<div>CAPITULO SEGUNDO \u2013 LAS ACTIVIDADES PROCESALES CONSIDERADAS POR SEPARADO<\/div>\n<div>Concepto de acto procesal (acto de procedimiento) \u2013 De los distintos actos procesales de parte \u2013 Actos del juez \u2013 Actos de los otros \u00f3rganos jurisdiccionales \u2013 La publicaci\u00f3n de la sentencia. Las notificaciones \u2013 Relaciones entre las diversas actividades.<\/div>\n<div>CAPITULO TERCERO \u2013 LAS ACTIVIDADES PROCESALES CONSIDERADAS COMO CONJUNTO Y COMO SUCESI\u00d3N DE ACTOS (EL PROCEDIMIENTO)<\/div>\n<div>De los diversos tipos de procedimientos \u2013 Procedimiento oral y procedimiento escrito. El procedimiento italiano \u2013 Publicidad.<\/div>\n<div>CAPITULO CUARTO \u2013 LA PRUEBA<\/div>\n<div>De la prueba en general \u2013 De los medios de prueba y de los procedimientos probatorios.<\/div>\n<div>Confesi\u00f3n e interrogatorio \u2013 Juramento \u2013 Prueba de testigos \u2013 Prueba de peritos.<\/div>\n<div>Inspecci\u00f3n ocular. Reconocimiento judicial \u2013 Documentos \u2013 Presunciones o prueba por indicios<\/div>\n<div>CAPITULO QUINTO \u2013 INACTIVIDAD PROCESAL, REBELD\u00cdA<\/div>\n<div>Concepto. Rebeld\u00eda del demandado y del demandante. Rebeld\u00eda de ambas partes.<\/div>\n<div>CAPITULO SEXTO \u2013 ORDEN EN QUE SE DESARROLLA LA RELACI\u00d3N<\/div>\n<div>Las preclusiones \u2013 Orden de las excepciones<\/div>\n<div>CAPITULO SEPTIMO \u2013 ORDEN EN QUE SE DESARROLLA LA RELACI\u00d3N PROCESAL<\/div>\n<div>Transformaciones en la relaci\u00f3n \u2013 Interrupci\u00f3n y suspensi\u00f3n<\/div>\n<div>TITULO IV \u2013 FIN DE LA RELACI\u00d3N PROCESAL<\/div>\n<div>CAPITULO PRIMERO \u2013 MODOS EXCEPCIONALES<\/div>\n<div>Composici\u00f3n procesal \u2013 Caducidad de la instancia \u2013 Renuncia a los actos del juicio<\/div>\n<div>CAPITULO SEGUNDO \u2013 MODO NORMAL<\/div>\n<div>La Sentencia \u2013 Condena en costas<\/div>\n<div>TITULO V \u2013 MEDIOS DE IMPUGNACI\u00d3N DE LAS SENTENCIAS<\/div>\n<div>De los medios de impugnaci\u00f3n en general \u2013 Oposici\u00f3n del condenado en rebeld\u00eda. Apelaci\u00f3n \u2013 Revisi\u00f3n \u2013 Oposici\u00f3n de tercero \u2013 Recursos de Casaci\u00f3n.<\/div>\n<p>&nbsp;<\/p>\n","protected":false},"excerpt":{"rendered":"<p>Buscas un libro Jur\u00eddico.? Lo puedes encontrar en nuestra tienda virtual.<br \/>\nContamos con prestigiosos autores y muchas alternativas en sus diferentes materias al igual que grandes descuentos.! Vis\u00edtanos en <a class=\"SZPZpAPDAyijRClaXyBhVTlzKUCxMiFHpwYDY \" href=\"https:\/\/lnkd.in\/eiAG7jdZ\" target=\"_blank\" rel=\"noopener\" data-test-app-aware-link=\"\">https:\/\/lnkd.in\/eiAG7jdZ<\/a><br \/>\nEscr\u00edbenos al +56930565235 \/ <a class=\"SZPZpAPDAyijRClaXyBhVTlzKUCxMiFHpwYDY \" href=\"mailto:ventaslegallexglobal@gmail.com\" target=\"_self\" data-test-app-aware-link=\"\">ventaslegallexglobal@gmail.com<\/a><br \/>\nHacemos env\u00edos a todo Chile \u2013 Starken o Correos Chile \/ Te esperamos<\/p>\n","protected":false},"featured_media":2108,"comment_status":"open","ping_status":"closed","template":"","meta":{"inline_featured_image":false,"_joinchat":[]},"product_brand":[],"product_cat":[26,39],"product_tag":[],"class_list":{"0":"post-2065","1":"product","2":"type-product","3":"status-publish","4":"has-post-thumbnail","6":"product_cat-derecho","7":"product_cat-procesal-civil","9":"first","10":"instock","11":"shipping-taxable","12":"purchasable","13":"product-type-simple"},"_links":{"self":[{"href":"https:\/\/bibliotecajuridicavirtual.cl\/index.php\/wp-json\/wp\/v2\/product\/2065","targetHints":{"allow":["GET"]}}],"collection":[{"href":"https:\/\/bibliotecajuridicavirtual.cl\/index.php\/wp-json\/wp\/v2\/product"}],"about":[{"href":"https:\/\/bibliotecajuridicavirtual.cl\/index.php\/wp-json\/wp\/v2\/types\/product"}],"replies":[{"embeddable":true,"href":"https:\/\/bibliotecajuridicavirtual.cl\/index.php\/wp-json\/wp\/v2\/comments?post=2065"}],"wp:featuredmedia":[{"embeddable":true,"href":"https:\/\/bibliotecajuridicavirtual.cl\/index.php\/wp-json\/wp\/v2\/media\/2108"}],"wp:attachment":[{"href":"https:\/\/bibliotecajuridicavirtual.cl\/index.php\/wp-json\/wp\/v2\/media?parent=2065"}],"wp:term":[{"taxonomy":"product_brand","embeddable":true,"href":"https:\/\/bibliotecajuridicavirtual.cl\/index.php\/wp-json\/wp\/v2\/product_brand?post=2065"},{"taxonomy":"product_cat","embeddable":true,"href":"https:\/\/bibliotecajuridicavirtual.cl\/index.php\/wp-json\/wp\/v2\/product_cat?post=2065"},{"taxonomy":"product_tag","embeddable":true,"href":"https:\/\/bibliotecajuridicavirtual.cl\/index.php\/wp-json\/wp\/v2\/product_tag?post=2065"}],"curies":[{"name":"wp","href":"https:\/\/api.w.org\/{rel}","templated":true}]}}