{"id":2066,"date":"2026-02-28T00:57:57","date_gmt":"2026-02-28T03:57:57","guid":{"rendered":"https:\/\/bibliotecajuridicavirtual.cl\/?post_type=product&#038;p=2066"},"modified":"2026-02-28T00:58:30","modified_gmt":"2026-02-28T03:58:30","slug":"manual-de-informes-legales-personas-juridicas-poderes-y-garantias-roberto-tejos-contreras-2a-edicion-marzo-2021-790-paginas","status":"publish","type":"product","link":"https:\/\/bibliotecajuridicavirtual.cl\/index.php\/product\/manual-de-informes-legales-personas-juridicas-poderes-y-garantias-roberto-tejos-contreras-2a-edicion-marzo-2021-790-paginas\/","title":{"rendered":"Manual de Informes Legales &#8211; Personas Jur\u00eddicas, Poderes y Garant\u00edas &#8211; Roberto Tejos Contreras &#8211; 2\u00aa edici\u00f3n marzo 2021 &#8211; 790 P\u00e1ginas"},"content":{"rendered":"<p style=\"font-weight: 400;\">En esta segunda edici\u00f3n se incorpora el mandato como herramienta necesaria para el funcionamiento de la banca digital y el comercio electr\u00f3nico; se expone una visi\u00f3n de los reg\u00edmenes patrimoniales de matrimonios celebrados en Chile y en el extranjero y del acuerdo de uni\u00f3n civil, y la forma en que operan frente a las distintas operaciones bancarias y financieras. Luego, se da cuenta de los criterios usados generalmente para el estudio de los estatutos y poderes de los representantes, gerentes y apoderados de los distintos tipos de sociedades, civiles y comerciales, corporaciones, fundaciones y otros tipos de entidades civiles, como tambi\u00e9n las normas aplicables al estudio de personas jur\u00eddicas de derecho p\u00fablico como municipalidades, partidos pol\u00edticos y entidades religiosas.<\/p>\n<p>Finalmente, destacamos en este libro el tratamiento de materias especiales, como son el estudio de las facultades bancarias en un poder o mandato y su otorgamiento conforme a la Ley N\u00ba 19.799 sobre documentos electr\u00f3nicos y firma electr\u00f3nica, el r\u00e9gimen de las sociedades constituidas en el Registro de Empresas del Ministerio de Econom\u00eda, Fomento y Turismo y su problem\u00e1tica, la normativa aplicable a las sucesiones hereditarias, albaceas y partidores, el r\u00e9gimen de las garant\u00edas hipotecarias, prendarias, su portabilidad financiera conforme a la Ley N\u00ba 21.236 y sus alzamientos, ya sea contra el otorgamiento de cartas de resguardo o instrucciones notariales.<\/p>\n<ol>\n<li style=\"font-weight: 400;\"><b><strong> INTRODUCCI\u00d3N<\/strong><\/b><\/li>\n<\/ol>\n<p style=\"font-weight: 400;\"><b><strong>\u00a0<\/strong><\/b><\/p>\n<ol>\n<li style=\"font-weight: 400;\"><b><strong> MANDATOS Y PODERES<\/strong><\/b><\/li>\n<li style=\"font-weight: 400;\">Antecedentes<\/li>\n<li style=\"font-weight: 400;\">Clasificaci\u00f3n del Mandato y Poderes<\/li>\n<li style=\"font-weight: 400;\">Formalidades y Solemnidades del Mandato o Poder<\/li>\n<li style=\"font-weight: 400;\">Elementos para el estudio de un mandato o de un poder<\/li>\n<li style=\"font-weight: 400;\">Tipos especiales de Mandatos y Poderes<\/li>\n<li style=\"font-weight: 400;\">Mandatos y Poderes Bancarios<\/li>\n<li style=\"font-weight: 400;\">Facultades para celebrar contrato de sociedad<\/li>\n<li style=\"font-weight: 400;\">Facultades para representar sociedades<\/li>\n<li style=\"font-weight: 400;\">Facultades para otorgar poderes y delegarlos<\/li>\n<li style=\"font-weight: 400;\">L\u00edmites de Poderes o Facultades<\/li>\n<li style=\"font-weight: 400;\">Vigencia de los Mandatos y Poderes<\/li>\n<li style=\"font-weight: 400;\">Revocaci\u00f3n o Caducidad de los Mandatos, Poderes y Delegaciones<\/li>\n<\/ol>\n<p style=\"font-weight: 400;\"><b><strong>III. OPERACIONES BANCARIAS BAJO LOS REG\u00cdMENES PATRIMONIALES DEL MATRIMONIO Y DEL ACUERDO DE UNI\u00d3N CIVIL<\/strong><\/b><\/p>\n<ol>\n<li style=\"font-weight: 400;\">Antecedentes<\/li>\n<li style=\"font-weight: 400;\">Reg\u00edmenes Patrimoniales del Matrimonio<\/li>\n<li style=\"font-weight: 400;\">Reg\u00edmenes Patrimoniales del Acuerdo de Uni\u00f3n Civil<\/li>\n<li style=\"font-weight: 400;\">Conclusi\u00f3n<\/li>\n<\/ol>\n<ol>\n<li style=\"font-weight: 400;\"><b><strong> R\u00c9GIMEN PATRIMONIAL DE MATRIMONIOS CELEBRADOS EN EL EXTRANJERO<\/strong><\/b><\/li>\n<\/ol>\n<ol>\n<li style=\"font-weight: 400;\">Antecedentes<\/li>\n<li style=\"font-weight: 400;\">Forma de acreditar el matrimonio<\/li>\n<li style=\"font-weight: 400;\">Inscripci\u00f3n de matrimonio de chilenos celebrados en el extranjero<\/li>\n<li style=\"font-weight: 400;\">Inscripci\u00f3n de matrimonio de extranjeros residentes o de nacionalizados, celebrados en el extranjero<\/li>\n<li style=\"font-weight: 400;\">R\u00e9gimen patrimonial de matrimonios celebrados en el extranjero<\/li>\n<\/ol>\n<ol>\n<li style=\"font-weight: 400;\"><b><strong> INFORMES DE PODERES DE PERSONAS NATURALES<\/strong><\/b><\/li>\n<li style=\"font-weight: 400;\">Antecedentes que se deben solicitar para informar poderes<\/li>\n<li style=\"font-weight: 400;\">Representantes Legales de los Menores<\/li>\n<li style=\"font-weight: 400;\">Representantes de las personas sujetas a Interdicci\u00f3n<\/li>\n<li style=\"font-weight: 400;\">Poderes de los Tutores y Curadores<\/li>\n<li style=\"font-weight: 400;\">Representaci\u00f3n de la Mujer Casada y sus Limitaciones<\/li>\n<\/ol>\n<ol>\n<li style=\"font-weight: 400;\"><b><strong> INFORMES DE PERSONAS JUR\u00cdDICAS CON FINES DE LUCRO<\/strong><\/b><\/li>\n<\/ol>\n<ol>\n<li style=\"font-weight: 400;\">Antecedentes y elementos de las sociedades y otras personas jur\u00eddicas<\/li>\n<li style=\"font-weight: 400;\">Clases de sociedades: Civiles y Comerciales<\/li>\n<li style=\"font-weight: 400;\">Sociedades Colectivas<\/li>\n<li style=\"font-weight: 400;\">Sociedades de Responsabilidad Limitada<\/li>\n<li style=\"font-weight: 400;\">Sociedades An\u00f3nimas<\/li>\n<li style=\"font-weight: 400;\">Sociedades An\u00f3nimas Deportivas<\/li>\n<li style=\"font-weight: 400;\">Sociedades por Acciones<\/li>\n<li style=\"font-weight: 400;\">Sociedades En Comandita<\/li>\n<li style=\"font-weight: 400;\">Empresas Individuales de Responsabilidad Limitada: E.I.R.L.<\/li>\n<li style=\"font-weight: 400;\">Sociedades Mineras<\/li>\n<li style=\"font-weight: 400;\">Cooperativas<\/li>\n<li style=\"font-weight: 400;\">Sociedades de Garant\u00eda Rec\u00edproca<\/li>\n<li style=\"font-weight: 400;\">Sociedades Extranjeras y Agencias<\/li>\n<li style=\"font-weight: 400;\">Sociedades y E.I.R.L. en R\u00e9gimen Simplificado de la Ley N\u00ba 20.659<\/li>\n<li style=\"font-weight: 400;\">Empresas de Factoring<\/li>\n<li style=\"font-weight: 400;\">Reg\u00edmenes Concursales: Quiebras, Convenios, Reorganizaci\u00f3n y Liquidaciones<\/li>\n<li style=\"font-weight: 400;\">Empresas del Estado<\/li>\n<\/ol>\n<p style=\"font-weight: 400;\"><b><strong>VII. INFORME DE PERSONAS JUR\u00cdDICAS SIN FINES DE LUCRO<\/strong><\/b><\/p>\n<ol>\n<li style=\"font-weight: 400;\">Antecedentes<\/li>\n<li style=\"font-weight: 400;\">Asociaciones y Fundaciones Civiles<\/li>\n<li style=\"font-weight: 400;\">Asociaciones Gremiales<\/li>\n<li style=\"font-weight: 400;\">Corporaciones, Fundaciones y Asociaciones Municipales<\/li>\n<li style=\"font-weight: 400;\">Juntas de Vecinos y Organizaciones Comunitarias<\/li>\n<li style=\"font-weight: 400;\">Organizaciones Deportivas<\/li>\n<li style=\"font-weight: 400;\">Asociaciones de Usuarios de Derechos de Agua<\/li>\n<li style=\"font-weight: 400;\">Sindicatos<\/li>\n<li style=\"font-weight: 400;\">Universidades<\/li>\n<li style=\"font-weight: 400;\">Centros de Padres y Apoderados<\/li>\n<li style=\"font-weight: 400;\">Cuerpo de Bomberos<\/li>\n<\/ol>\n<p style=\"font-weight: 400;\"><b><strong>VIII. INFORME DE UNIVERSALIDADES, PATRIMONIOS Y OTRAS ENTIDADES<\/strong><\/b><\/p>\n<ol>\n<li style=\"font-weight: 400;\">Antecedentes<\/li>\n<li style=\"font-weight: 400;\">Comunidades<\/li>\n<li style=\"font-weight: 400;\">Comunidades de la Ley de Copropiedad Inmobiliaria<\/li>\n<li style=\"font-weight: 400;\">Comunidades Hereditarias o Sucesiones<\/li>\n<li style=\"font-weight: 400;\">Fondos de Terceros: Fondos Mutuos y Fondos de Inversi\u00f3n<\/li>\n<\/ol>\n<ol>\n<li style=\"font-weight: 400;\"><b><strong> INFORME DE PERSONAS JUR\u00cdDICAS DE DERECHO P\u00daBLICO<\/strong><\/b><\/li>\n<\/ol>\n<ol>\n<li style=\"font-weight: 400;\">Fisco y otras Personas Jur\u00eddicas de Derecho P\u00fablico<\/li>\n<li style=\"font-weight: 400;\">Municipalidades<\/li>\n<li style=\"font-weight: 400;\">Partidos Pol\u00edticos<\/li>\n<li style=\"font-weight: 400;\">Embajadas, Consulados y Organismos Internacionales<\/li>\n<li style=\"font-weight: 400;\">La Cruz Roja<\/li>\n<li style=\"font-weight: 400;\">Fuerzas Armadas<\/li>\n<li style=\"font-weight: 400;\">Agregadur\u00edas de las FF. AA. en el extranjero<\/li>\n<li style=\"font-weight: 400;\">Iglesias, Congregaciones y Entidades Religiosas<\/li>\n<\/ol>\n<ol>\n<li style=\"font-weight: 400;\"><b><strong> INEXISTENCIA, NULIDAD Y SANEAMIENTO EN LAS SOCIEDADES Y E.I.R.L.<\/strong><\/b><\/li>\n<\/ol>\n<ol>\n<li style=\"font-weight: 400;\">Sanciones en la Ley sobre Sociedades An\u00f3nimas<\/li>\n<li style=\"font-weight: 400;\">Plazos de prescripci\u00f3n de la acci\u00f3n de Nulidad<\/li>\n<li style=\"font-weight: 400;\">Saneamiento de vicios formales de las Sociedades y de las E.I.R.L.<\/li>\n<li style=\"font-weight: 400;\">Informes legales de Sociedades y E.I.R.L.<\/li>\n<\/ol>\n<ol>\n<li style=\"font-weight: 400;\"><b><strong> INFORME DE SUCESIONES<\/strong><\/b><\/li>\n<\/ol>\n<ol>\n<li style=\"font-weight: 400;\">Antecedentes legales<\/li>\n<li style=\"font-weight: 400;\">Posesi\u00f3n Efectiva de la Herencia<\/li>\n<li style=\"font-weight: 400;\">Antecedentes que deben solicitarse para informar una sucesi\u00f3n<\/li>\n<li style=\"font-weight: 400;\">Inventario de Bienes<\/li>\n<li style=\"font-weight: 400;\">Valores depositados en Cajas de Seguridad<\/li>\n<li style=\"font-weight: 400;\">Impuesto de Herencia<\/li>\n<li style=\"font-weight: 400;\">Impuesto especial del art\u00edculo 57 bis de la Ley de Impuesto a Renta<\/li>\n<li style=\"font-weight: 400;\">Sucesi\u00f3n con herederos incapaces<\/li>\n<li style=\"font-weight: 400;\">Sucesi\u00f3n abierta en el extranjero10. Casos en que la sucesi\u00f3n o albacea puede actuar antes de terminar la posesi\u00f3n efectiva<\/li>\n<li style=\"font-weight: 400;\">Albaceas o ejecutores testamentarios<\/li>\n<li style=\"font-weight: 400;\">Partidor de la Comunidad Hereditaria<\/li>\n<li style=\"font-weight: 400;\">Informe Legal de Posesi\u00f3n Efectiva y Partici\u00f3n<\/li>\n<\/ol>\n<p style=\"font-weight: 400;\"><b><strong>XII. GARANT\u00cdAS<\/strong><\/b><\/p>\n<ol>\n<li style=\"font-weight: 400;\">Antecedentes<\/li>\n<li style=\"font-weight: 400;\">La Hipoteca<\/li>\n<li style=\"font-weight: 400;\">Estudio de T\u00edtulos<\/li>\n<li style=\"font-weight: 400;\">Prendas<\/li>\n<\/ol>\n<p style=\"font-weight: 400;\"><b><strong>XIII. ALZAMIENTOS DE GARANT\u00cdAS<\/strong><\/b><\/p>\n<ol>\n<li style=\"font-weight: 400;\">Antecedentes<\/li>\n<li style=\"font-weight: 400;\">Concepto<\/li>\n<li style=\"font-weight: 400;\">Clases de Alzamientos de Garant\u00edas<\/li>\n<li style=\"font-weight: 400;\">Causa o motivo de Alzamiento de Garant\u00edas<\/li>\n<li style=\"font-weight: 400;\">Alzamiento de Garant\u00edas como un Derecho del Consumidor Financiero<\/li>\n<li style=\"font-weight: 400;\">Elementos de la Cl\u00e1usula de Alzamiento<\/li>\n<li style=\"font-weight: 400;\">Cl\u00e1usulas de alzamiento parcial<\/li>\n<li style=\"font-weight: 400;\">Formas de pago necesarias para alzar las garant\u00edas<\/li>\n<li style=\"font-weight: 400;\">Carta de Resguardo Bancaria<\/li>\n<li style=\"font-weight: 400;\">Instrucciones Notariales<\/li>\n<\/ol>\n","protected":false},"excerpt":{"rendered":"<p>Buscas un libro Jur\u00eddico.? Lo puedes encontrar en nuestra tienda virtual.<br \/>\nContamos con prestigiosos autores y muchas alternativas en sus diferentes materias al igual que grandes descuentos.! Vis\u00edtanos en <a class=\"SZPZpAPDAyijRClaXyBhVTlzKUCxMiFHpwYDY \" href=\"https:\/\/lnkd.in\/eiAG7jdZ\" target=\"_blank\" rel=\"noopener\" data-test-app-aware-link=\"\">https:\/\/lnkd.in\/eiAG7jdZ<\/a><br \/>\nEscr\u00edbenos al +56930565235 \/ <a class=\"SZPZpAPDAyijRClaXyBhVTlzKUCxMiFHpwYDY \" href=\"mailto:ventaslegallexglobal@gmail.com\" target=\"_self\" data-test-app-aware-link=\"\">ventaslegallexglobal@gmail.com<\/a><br \/>\nHacemos env\u00edos a todo Chile \u2013 Starken o Correos Chile \/ Te esperamos<\/p>\n","protected":false},"featured_media":2109,"comment_status":"open","ping_status":"closed","template":"","meta":{"inline_featured_image":false,"_joinchat":[]},"product_brand":[],"product_cat":[27,26],"product_tag":[],"class_list":{"0":"post-2066","1":"product","2":"type-product","3":"status-publish","4":"has-post-thumbnail","6":"product_cat-civil","7":"product_cat-derecho","9":"first","10":"instock","11":"shipping-taxable","12":"purchasable","13":"product-type-simple"},"_links":{"self":[{"href":"https:\/\/bibliotecajuridicavirtual.cl\/index.php\/wp-json\/wp\/v2\/product\/2066","targetHints":{"allow":["GET"]}}],"collection":[{"href":"https:\/\/bibliotecajuridicavirtual.cl\/index.php\/wp-json\/wp\/v2\/product"}],"about":[{"href":"https:\/\/bibliotecajuridicavirtual.cl\/index.php\/wp-json\/wp\/v2\/types\/product"}],"replies":[{"embeddable":true,"href":"https:\/\/bibliotecajuridicavirtual.cl\/index.php\/wp-json\/wp\/v2\/comments?post=2066"}],"wp:featuredmedia":[{"embeddable":true,"href":"https:\/\/bibliotecajuridicavirtual.cl\/index.php\/wp-json\/wp\/v2\/media\/2109"}],"wp:attachment":[{"href":"https:\/\/bibliotecajuridicavirtual.cl\/index.php\/wp-json\/wp\/v2\/media?parent=2066"}],"wp:term":[{"taxonomy":"product_brand","embeddable":true,"href":"https:\/\/bibliotecajuridicavirtual.cl\/index.php\/wp-json\/wp\/v2\/product_brand?post=2066"},{"taxonomy":"product_cat","embeddable":true,"href":"https:\/\/bibliotecajuridicavirtual.cl\/index.php\/wp-json\/wp\/v2\/product_cat?post=2066"},{"taxonomy":"product_tag","embeddable":true,"href":"https:\/\/bibliotecajuridicavirtual.cl\/index.php\/wp-json\/wp\/v2\/product_tag?post=2066"}],"curies":[{"name":"wp","href":"https:\/\/api.w.org\/{rel}","templated":true}]}}