{"id":2067,"date":"2026-02-28T00:57:58","date_gmt":"2026-02-28T03:57:58","guid":{"rendered":"https:\/\/bibliotecajuridicavirtual.cl\/?post_type=product&#038;p=2067"},"modified":"2026-02-28T00:58:31","modified_gmt":"2026-02-28T03:58:31","slug":"fundamentos-del-derecho-procesal-hugo-alsina-iii-tomos-1-706-paginas-1a-edicion-ano-2016","status":"publish","type":"product","link":"https:\/\/bibliotecajuridicavirtual.cl\/index.php\/product\/fundamentos-del-derecho-procesal-hugo-alsina-iii-tomos-1-706-paginas-1a-edicion-ano-2016\/","title":{"rendered":"Fundamentos del Derecho Procesal &#8211; Hugo Alsina, III Tomos &#8211; 1.706 p\u00e1ginas 1\u00aa edici\u00f3n a\u00f1o 2016"},"content":{"rendered":"<p style=\"font-weight: 400;\">Publicados promediando el siglo XX, los textos aparecidos en la\u00a0<em>Revista de Derecho Procesal<\/em>\u00a0dirigida por el profesor Hugo Alsina bajo el sello editorial de Ediar son reeditatos aqu\u00ed, contribuyendo a su acceso y difusi\u00f3n pues los ejemplares de aqu\u00e9lla est\u00e1n, pr\u00e1cticamente, confinados a pocas bibliotecas p\u00fablicas o privadas.<\/p>\n<p>La reuni\u00f3n en estos vol\u00famenes de los trabajos que circularon hace m\u00e1s de medio siglo podr\u00e1 verse como un ejercicio de arqueolog\u00eda jur\u00eddica. Una suerte de exhumaci\u00f3n que desempolva las gruesas y pesadas encuadernaciones que los encerraban. Pero no es as\u00ed. Se trata, como acontece en otras disciplinas, de dar nuevamente a la prensa textos cl\u00e1sicos del derecho procesal y que constituyen, claramente, los fundamentos del sistema contempor\u00e1neo.<\/p>\n<p style=\"font-weight: 400;\"><b><strong>TOMO I<\/strong><\/b><br \/>\n<b><strong>PRIMERA PARTE<\/strong><\/b><br \/>\n<b><strong>TEOR\u00c1 GENERAL DEL DERECHO PROCESAL<\/strong><\/b><br \/>\n<em>Para una teor\u00eda general del proceso<\/em><br \/>\nFrancesco Carnelutti<\/p>\n<p style=\"font-weight: 400;\"><em>Nuevas reflexiones en torno a la certeza del derecho<\/em><br \/>\nFrancesco Carnelutti<\/p>\n<p><em>Proceso y justicia<\/em><br \/>\nPiero Calamandrei<\/p>\n<p style=\"font-weight: 400;\"><em>Derecho pr\u00e1ctico y derecho te\u00f3rico<\/em><br \/>\nVittorio Scialoja<\/p>\n<p style=\"font-weight: 400;\"><em>Reflexiones sobre el desenvolvimiento de la ciencia procesal<\/em><br \/>\nEnrico Allorio<\/p>\n<p style=\"font-weight: 400;\"><em>\u00bfCrisis del derecho procesal?<\/em><br \/>\nEduardo J. Couture<\/p>\n<p style=\"font-weight: 400;\"><em>La ense\u00f1anza de Chiovenda sobre interpretaci\u00f3n de las leyes<\/em><br \/>\nEduardo J. Couture<\/p>\n<p style=\"font-weight: 400;\"><em>La vida de la ley y la sentencia del juez<\/em><br \/>\nSalvatore Satta<\/p>\n<p style=\"font-weight: 400;\"><em>Universidades y polic\u00eda en el Estado de Derecho<\/em><br \/>\nJames Goldschmidt<\/p>\n<p style=\"font-weight: 400;\"><em>La obra cient\u00edfica de James Goldschmidt y la teor\u00eda de la relaci\u00f3n procesal<\/em><br \/>\nEnrico Tullio Liebman<\/p>\n<p style=\"font-weight: 400;\"><em>Proceso, procedimiento y mito jur\u00eddico<\/em><br \/>\nV\u00edctor Fair\u00e9n Guill\u00e9n<\/p>\n<p style=\"font-weight: 400;\"><em>La elaboraci\u00f3n de una doctrina general de los principios del procedimiento<\/em><br \/>\nV\u00edctor Fair\u00e9n Guill\u00e9n<\/p>\n<p style=\"font-weight: 400;\"><em>Acci\u00f3n<\/em><br \/>\nV\u00edctor Fair\u00e9n Guill\u00e9n<\/p>\n<p style=\"font-weight: 400;\"><em>La concepci\u00f3n chiovendiana de la acci\u00f3n y la doctrina de los derechos potestativos<\/em><br \/>\nEduardo B. Carlos<\/p>\n<p style=\"font-weight: 400;\"><em>Los actos procesales en la doctrina de Goldschmidt<\/em><br \/>\nNiceto Alcal\u00e1 Zamora y Castillo<\/p>\n<p style=\"font-weight: 400;\"><em>Aplicaci\u00f3n del derecho consuetudinario<\/em><br \/>\nSantiago Sent\u00eds Melendo<\/p>\n<p style=\"font-weight: 400;\"><em>Trilog\u00eda estructural de la ciencia del proceso civil<\/em><br \/>\nJ. Ramiro Podetti<\/p>\n<p style=\"font-weight: 400;\"><em>Acci\u00f3n<\/em><br \/>\nAlejandro Pekelis<\/p>\n<p style=\"font-weight: 400;\"><em>La pretensi\u00f3n procesal<\/em><br \/>\nJaime Guasp<\/p>\n<p style=\"font-weight: 400;\"><b><strong>TOMO II<\/strong><\/b><br \/>\n<b><strong>SEGUNDA PARTE<\/strong><\/b><br \/>\n<b><strong>DERECHO PROCESAL CIVIL<\/strong><\/b><\/p>\n<p style=\"font-weight: 400;\"><em>Acciones y sentencias de declaraci\u00f3n de mera certeza<\/em><br \/>\nGiuseppe Chiovenda<\/p>\n<p style=\"font-weight: 400;\"><em>Las sentencias declarativas<\/em><br \/>\nLeo Rosenberg<\/p>\n<p style=\"font-weight: 400;\"><em>Las sentencias declarativas<\/em><br \/>\nEdwin M. Borchard<\/p>\n<p style=\"font-weight: 400;\"><em>Premisas para determinar la \u00edndole de la llamada jurisdicci\u00f3n voluntaria<\/em><br \/>\nNiceto Alcal\u00e1 Zamora y Castillo<\/p>\n<p style=\"font-weight: 400;\"><em>Defensas y excepciones<\/em><br \/>\nHugo Alsina<\/p>\n<p style=\"font-weight: 400;\"><em>La definici\u00f3n del hecho notorio<\/em><br \/>\nPiero Calamandrei<\/p>\n<p style=\"font-weight: 400;\"><em>La sentencia declarativa<\/em><br \/>\nRoberto Goldschmidt<\/p>\n<p style=\"font-weight: 400;\"><em>El efecto preclusivo de las sentencias seg\u00fan el derecho alem\u00e1n<\/em><br \/>\nLeo Rosenberg<\/p>\n<p style=\"font-weight: 400;\"><em>La tercer\u00eda<\/em><br \/>\nJ. Ramiro Podetti<\/p>\n<p><em>La sentencia constitutiva<\/em><br \/>\nLuis Loreto<\/p>\n<p style=\"font-weight: 400;\"><em>Preclusi\u00f3n y perenci\u00f3n<\/em><br \/>\nJ. Ramiro Podetti<\/p>\n<p style=\"font-weight: 400;\"><em>Las medidas precautorias en la doctrina de Goldschmidt<\/em><br \/>\nJ. Ramiro Podetti<\/p>\n<p style=\"font-weight: 400;\"><em>Transacci\u00f3n y litis temeraria<\/em><br \/>\nCamilo Viterbo<\/p>\n<p style=\"font-weight: 400;\"><em>El principio dispositivo en el proceso moderno<\/em><br \/>\nDavid Lascano<\/p>\n<p style=\"font-weight: 400;\"><em>Notas sobre la eficacia del proceso civil o pol\u00edtica del pragmatismo procesal<\/em><br \/>\nLeonardo Prieto Castro<\/p>\n<p style=\"font-weight: 400;\"><em>Alegaci\u00f3n de derechos nuevos en el proceso civil<\/em><br \/>\nHugo Alsina<\/p>\n<p style=\"font-weight: 400;\"><em>El concepto de fe p\u00fablica<\/em><br \/>\nEduardo J. Couture<\/p>\n<p style=\"font-weight: 400;\"><em>Naturaleza jur\u00eddica de la sentencia sujeta a recurso<\/em><br \/>\nCarlos J. Colombo<\/p>\n<p style=\"font-weight: 400;\"><em>Algunas proposiciones de la sentencia sujeta a recurso<\/em><br \/>\nCarlos J. Colombo<\/p>\n<p style=\"font-weight: 400;\"><em>Algunas proposiciones fundamentales de Derecho Procesal Civil<\/em><br \/>\nEduardo J. Couture<\/p>\n<p style=\"font-weight: 400;\"><em>Sobre el precepto \u201cNemo tenetur edere contra se\u201d<\/em><br \/>\nEduardo J. Couture<\/p>\n<p style=\"font-weight: 400;\"><em>Variedad de legislaciones civiles y procesales dentro de un Estado<\/em><br \/>\nNiceto Alcal\u00e1 Zamora y Torres<b><strong>TOMO III<\/strong><\/b><\/p>\n<p style=\"font-weight: 400;\"><b><strong>TERCERA PARTE<\/strong><\/b><br \/>\n<b><strong>DERECHO PROCESAL PENAL<\/strong><\/b><\/p>\n<p style=\"font-weight: 400;\"><em>Auto de procesamiento<\/em><br \/>\nFrancesco Carnelutti<\/p>\n<p style=\"font-weight: 400;\"><em>El imputado\u2026 visto de lejos<\/em><br \/>\nMarcelo Finzi<\/p>\n<p style=\"font-weight: 400;\"><em>Derecho justicial material<\/em><br \/>\nJames Goldschmidt<\/p>\n<p style=\"font-weight: 400;\"><em>La teor\u00eda del derecho penal administrativo, la divisi\u00f3n de las leyes penales y la jurisdicci\u00f3n<\/em><br \/>\nRicardo C. N\u00fa\u00f1ez<\/p>\n<p style=\"font-weight: 400;\"><em>Acerca de los principios fundamentales del proceso penal<\/em><br \/>\nAbraham Bartolini Ferro<\/p>\n<p style=\"font-weight: 400;\"><em>La situaci\u00f3n jur\u00eddica del imputado I<\/em><br \/>\nAlfredo V\u00e9lez Mariconde<\/p>\n<p style=\"font-weight: 400;\"><em>La situaci\u00f3n jur\u00eddica del imputado II<\/em><br \/>\nAlfredo V\u00e9lez Mariconde<\/p>\n<p style=\"font-weight: 400;\"><em>El proceso penal romano<\/em><br \/>\nAlfredo V\u00e9lez Mariconde<\/p>\n<p style=\"font-weight: 400;\"><em>El principio de inviolabilidad de la defensa<\/em><br \/>\nAlfredo V\u00e9lez Mariconde<\/p>\n<p style=\"font-weight: 400;\"><em>El secreto profesional de quienes ejercen el arte de curar y la obligaci\u00f3n de denunciar delitos<\/em><br \/>\nAlfredo J. Molinario<\/p>\n<p style=\"font-weight: 400;\"><em>La prueba de la verdad en los procedimientos penales<\/em><br \/>\nJorge A. Clari\u00e1 Olmedo<\/p>\n<p style=\"font-weight: 400;\"><em>Jurisdicci\u00f3n internacional penal<\/em><br \/>\nManuel L\u00f3pez Rey<\/p>\n<p style=\"font-weight: 400;\"><em>Delitos y contravenciones. Aplicabilidad a estas \u00faltimas de las disposiciones generales del C\u00f3digo Penal<\/em><br \/>\nRicardo Levene (h)<\/p>\n<p style=\"font-weight: 400;\"><b><strong>CUARTA PARTE<\/strong><\/b><br \/>\n<b><strong>RECUERDO DE JURISTAS<\/strong><\/b><br \/>\n<em>Un maestro del liberalismo procesal<\/em><br \/>\nPiero Calamandrei<\/p>\n<p style=\"font-weight: 400;\"><em>Giuseppe Chiovenda<\/em><br \/>\nPiero Calamandrei<\/p>\n<p style=\"font-weight: 400;\"><em>El testamento filos\u00f3fico de un procesalista: James Goldschmidt<\/em><br \/>\nRenato Treves<\/p>\n<p style=\"font-weight: 400;\"><em>El maestro nuestro y de todos<\/em><br \/>\nEnrico Tullio Liebman<\/p>\n<p style=\"font-weight: 400;\"><em>Angel Ossorio<\/em><br \/>\nEduardo J. Couture<\/p>\n<p style=\"font-weight: 400;\"><em>La orientaci\u00f3n procesal de Tom\u00e1s Jofr\u00e9<\/em><br \/>\nCarlos. A. Ayarragaray<\/p>\n<p style=\"font-weight: 400;\"><em>Tres maestros del derecho<\/em><br \/>\nDavid Lascano<\/p>\n","protected":false},"excerpt":{"rendered":"<p>Buscas un libro Jur\u00eddico.? Lo puedes encontrar en nuestra tienda virtual.<br \/>\nContamos con prestigiosos autores y muchas alternativas en sus diferentes materias al igual que grandes descuentos.! Vis\u00edtanos en <a class=\"SZPZpAPDAyijRClaXyBhVTlzKUCxMiFHpwYDY \" href=\"https:\/\/lnkd.in\/eiAG7jdZ\" target=\"_blank\" rel=\"noopener\" data-test-app-aware-link=\"\">https:\/\/lnkd.in\/eiAG7jdZ<\/a><br \/>\nEscr\u00edbenos al +56930565235 \/ <a class=\"SZPZpAPDAyijRClaXyBhVTlzKUCxMiFHpwYDY \" href=\"mailto:ventaslegallexglobal@gmail.com\" target=\"_self\" data-test-app-aware-link=\"\">ventaslegallexglobal@gmail.com<\/a><br \/>\nHacemos env\u00edos a todo Chile \u2013 Starken o Correos Chile \/ Te esperamos<\/p>\n","protected":false},"featured_media":2110,"comment_status":"open","ping_status":"closed","template":"","meta":{"inline_featured_image":false,"_joinchat":[]},"product_brand":[],"product_cat":[26,39],"product_tag":[],"class_list":{"0":"post-2067","1":"product","2":"type-product","3":"status-publish","4":"has-post-thumbnail","6":"product_cat-derecho","7":"product_cat-procesal-civil","9":"first","10":"instock","11":"shipping-taxable","12":"purchasable","13":"product-type-simple"},"_links":{"self":[{"href":"https:\/\/bibliotecajuridicavirtual.cl\/index.php\/wp-json\/wp\/v2\/product\/2067","targetHints":{"allow":["GET"]}}],"collection":[{"href":"https:\/\/bibliotecajuridicavirtual.cl\/index.php\/wp-json\/wp\/v2\/product"}],"about":[{"href":"https:\/\/bibliotecajuridicavirtual.cl\/index.php\/wp-json\/wp\/v2\/types\/product"}],"replies":[{"embeddable":true,"href":"https:\/\/bibliotecajuridicavirtual.cl\/index.php\/wp-json\/wp\/v2\/comments?post=2067"}],"wp:featuredmedia":[{"embeddable":true,"href":"https:\/\/bibliotecajuridicavirtual.cl\/index.php\/wp-json\/wp\/v2\/media\/2110"}],"wp:attachment":[{"href":"https:\/\/bibliotecajuridicavirtual.cl\/index.php\/wp-json\/wp\/v2\/media?parent=2067"}],"wp:term":[{"taxonomy":"product_brand","embeddable":true,"href":"https:\/\/bibliotecajuridicavirtual.cl\/index.php\/wp-json\/wp\/v2\/product_brand?post=2067"},{"taxonomy":"product_cat","embeddable":true,"href":"https:\/\/bibliotecajuridicavirtual.cl\/index.php\/wp-json\/wp\/v2\/product_cat?post=2067"},{"taxonomy":"product_tag","embeddable":true,"href":"https:\/\/bibliotecajuridicavirtual.cl\/index.php\/wp-json\/wp\/v2\/product_tag?post=2067"}],"curies":[{"name":"wp","href":"https:\/\/api.w.org\/{rel}","templated":true}]}}