{"id":2069,"date":"2026-02-28T00:57:58","date_gmt":"2026-02-28T03:57:58","guid":{"rendered":"https:\/\/bibliotecajuridicavirtual.cl\/?post_type=product&#038;p=2069"},"modified":"2026-02-28T00:58:33","modified_gmt":"2026-02-28T03:58:33","slug":"derecho-y-argumentacion-gran-coleccion-23-tomos-autores-de-gran-nivel-ediciones-actualizadas","status":"publish","type":"product","link":"https:\/\/bibliotecajuridicavirtual.cl\/index.php\/product\/derecho-y-argumentacion-gran-coleccion-23-tomos-autores-de-gran-nivel-ediciones-actualizadas\/","title":{"rendered":"Derecho y Argumentaci\u00f3n &#8211; Gran Colecci\u00f3n 23 tomos &#8211; Autores de Gran Nivel, ediciones actualizadas"},"content":{"rendered":"<article>\n<div class=\"pack-product-container\">\n<div class=\"pack-product-name\">LA ARGUMENTACI\u00d3N EN EL DERECHO &#8211; ALGUNAS CUESTIONES FUNDAMENTALES (3)<\/div>\n<div class=\"pack-product-price\"><\/div>\n<\/div>\n<\/article>\n<article>\n<div class=\"pack-product-container\">\n<div class=\"pack-product-thumb\"><a href=\"https:\/\/libromar.cl\/argumentacion-e-interpretacion-juridica\/1088-n-1-teoria-de-la-argumentacion-juridica-la-teoria-del-discurso-racional-como-teoria-de-la-fundamentacion-juridica.html\"><img decoding=\"async\" class=\"img-fluid\" src=\"https:\/\/libromar.cl\/5736-large_default\/n-1-teoria-de-la-argumentacion-juridica-la-teoria-del-discurso-racional-como-teoria-de-la-fundamentacion-juridica.jpg\" alt=\"TEOR\u00cdA DE LA ARGUMENTACI\u00d3N JUR\u00cdDICA - LA TEOR\u00cdA DEL DISCURSO RACIONAL COMO TEOR\u00cdA DE LA FUNDAMENTACI\u00d3N JUR\u00cdDICA (1)\" data-full-size-image-url=\"https:\/\/libromar.cl\/5736-thickbox_default\/n-1-teoria-de-la-argumentacion-juridica-la-teoria-del-discurso-racional-como-teoria-de-la-fundamentacion-juridica.jpg\" \/><\/a><\/div>\n<\/div>\n<\/article>\n<article>\n<div class=\"pack-product-container\">\n<div class=\"pack-product-quantity\"><\/div>\n<div class=\"pack-product-thumb\"><a href=\"https:\/\/libromar.cl\/argumentacion-e-interpretacion-juridica\/4840-lo-racional-como-razonable-un-tratado-sobre-la-justificacion-juridica-7.html\"><img decoding=\"async\" class=\"img-fluid\" src=\"https:\/\/libromar.cl\/5742-large_default\/lo-racional-como-razonable-un-tratado-sobre-la-justificacion-juridica-7.jpg\" alt=\"LO RACIONAL COMO RAZONABLE - UN TRATADO SOBRE LA JUSTIFICACI\u00d3N JUR\u00cdDICA (7)\" data-full-size-image-url=\"https:\/\/libromar.cl\/5742-thickbox_default\/lo-racional-como-razonable-un-tratado-sobre-la-justificacion-juridica-7.jpg\" \/><\/a><\/div>\n<\/div>\n<\/article>\n<article>\n<div class=\"pack-product-container\">\n<div class=\"pack-product-quantity\"><\/div>\n<div class=\"pack-product-thumb\"><a href=\"https:\/\/libromar.cl\/argumentacion-e-interpretacion-juridica\/4852-las-razones-del-derecho-teorias-de-la-argumentacion-juridica-2.html\"><img decoding=\"async\" class=\"img-fluid\" src=\"https:\/\/libromar.cl\/5737-large_default\/las-razones-del-derecho-teorias-de-la-argumentacion-juridica-2.jpg\" alt=\"LAS RAZONES DEL DERECHO - TEOR\u00cdAS DE LA ARGUMENTACI\u00d3N JUR\u00cdDICA (2)\" data-full-size-image-url=\"https:\/\/libromar.cl\/5737-thickbox_default\/las-razones-del-derecho-teorias-de-la-argumentacion-juridica-2.jpg\" \/><\/a><\/div>\n<\/div>\n<\/article>\n<article>\n<div class=\"pack-product-container\">\n<div class=\"pack-product-quantity\"><\/div>\n<div class=\"pack-product-thumb\"><a href=\"https:\/\/libromar.cl\/argumentacion-e-interpretacion-juridica\/4853-introduccion-a-la-teoria-de-la-argumentacion-problemas-y-perspectivas-4.html\"><img decoding=\"async\" class=\"img-fluid\" src=\"https:\/\/libromar.cl\/5739-large_default\/introduccion-a-la-teoria-de-la-argumentacion-problemas-y-perspectivas-4.jpg\" alt=\"INTRODUCCI\u00d3N A LA TEOR\u00cdA DE LA ARGUMENTACI\u00d3N - PROBLEMAS Y PERSPECTIVAS (4)\" data-full-size-image-url=\"https:\/\/libromar.cl\/5739-thickbox_default\/introduccion-a-la-teoria-de-la-argumentacion-problemas-y-perspectivas-4.jpg\" \/><\/a><\/div>\n<\/div>\n<\/article>\n<article>\n<div class=\"pack-product-container\">\n<div class=\"pack-product-quantity\"><\/div>\n<div class=\"pack-product-thumb\"><a href=\"https:\/\/libromar.cl\/argumentacion-e-interpretacion-juridica\/4855-retorica-y-estado-de-derecho-una-teoria-del-razonamiento-juridico-5.html\"><img decoding=\"async\" class=\"img-fluid\" src=\"https:\/\/libromar.cl\/5740-large_default\/retorica-y-estado-de-derecho-una-teoria-del-razonamiento-juridico-5.jpg\" alt=\"RET\u00d3RICA Y ESTADO DE DERECHO - UNA TEOR\u00cdA DEL RAZONAMIENTO JUR\u00cdDICO (5)\" data-full-size-image-url=\"https:\/\/libromar.cl\/5740-thickbox_default\/retorica-y-estado-de-derecho-una-teoria-del-razonamiento-juridico-5.jpg\" \/><\/a><\/div>\n<\/div>\n<\/article>\n<article>\n<div class=\"pack-product-container\">\n<div class=\"pack-product-quantity\"><\/div>\n<div class=\"pack-product-thumb\"><a href=\"https:\/\/libromar.cl\/argumentacion-e-interpretacion-juridica\/4856-logica-viva-6.html\"><img decoding=\"async\" class=\"img-fluid\" src=\"https:\/\/libromar.cl\/5741-large_default\/logica-viva-6.jpg\" alt=\"L\u00d3GICA VIVA (6)\" data-full-size-image-url=\"https:\/\/libromar.cl\/5741-thickbox_default\/logica-viva-6.jpg\" \/><\/a><\/div>\n<\/div>\n<\/article>\n<article>\n<div class=\"pack-product-container\">\n<div class=\"pack-product-quantity\"><\/div>\n<div class=\"pack-product-thumb\"><a href=\"https:\/\/libromar.cl\/argumentacion-e-interpretacion-juridica\/4857-falacias-8.html\"><img decoding=\"async\" class=\"img-fluid\" src=\"https:\/\/libromar.cl\/5743-large_default\/falacias-8.jpg\" alt=\"FALACIAS (8)\" data-full-size-image-url=\"https:\/\/libromar.cl\/5743-thickbox_default\/falacias-8.jpg\" \/><\/a><\/div>\n<\/div>\n<\/article>\n<article>\n<div class=\"pack-product-container\">\n<div class=\"pack-product-quantity\"><\/div>\n<div class=\"pack-product-thumb\"><a href=\"https:\/\/libromar.cl\/argumentacion-e-interpretacion-juridica\/4858-argumentacion-y-normatividad-dialogica-compromisos-y-razonamiento-interpersonal-9.html\"><img decoding=\"async\" class=\"img-fluid\" src=\"https:\/\/libromar.cl\/5744-large_default\/argumentacion-y-normatividad-dialogica-compromisos-y-razonamiento-interpersonal-9.jpg\" alt=\"ARGUMENTACI\u00d3N Y NORMATIVIDAD DIAL\u00d3GICA - COMPROMISOS Y RAZONAMIENTO INTERPERSONAL (9)\" data-full-size-image-url=\"https:\/\/libromar.cl\/5744-thickbox_default\/argumentacion-y-normatividad-dialogica-compromisos-y-razonamiento-interpersonal-9.jpg\" \/><\/a><\/div>\n<div><\/div>\n<\/div>\n<\/article>\n<article>\n<div class=\"pack-product-container\">\n<div class=\"pack-product-thumb\"><a href=\"https:\/\/libromar.cl\/argumentacion-e-interpretacion-juridica\/4859-una-introduccion-al-razonamiento-10.html\"><img decoding=\"async\" class=\"img-fluid\" src=\"https:\/\/libromar.cl\/5745-large_default\/una-introduccion-al-razonamiento-10.jpg\" alt=\"UNA INTRODUCCI\u00d3N AL RAZONAMIENTO (10)\" data-full-size-image-url=\"https:\/\/libromar.cl\/5745-thickbox_default\/una-introduccion-al-razonamiento-10.jpg\" \/><\/a><\/div>\n<\/div>\n<\/article>\n<article>\n<div class=\"pack-product-container\">\n<div class=\"pack-product-quantity\"><\/div>\n<div class=\"pack-product-thumb\"><a href=\"https:\/\/libromar.cl\/argumentacion-e-interpretacion-juridica\/4860-la-interpretacion-de-la-ley-11.html\"><img decoding=\"async\" class=\"img-fluid\" src=\"https:\/\/libromar.cl\/5746-large_default\/la-interpretacion-de-la-ley-11.jpg\" alt=\"LA INTERPRETACI\u00d3N DE LA LEY (11)\" data-full-size-image-url=\"https:\/\/libromar.cl\/5746-thickbox_default\/la-interpretacion-de-la-ley-11.jpg\" \/><\/a><\/div>\n<\/div>\n<\/article>\n<article>\n<div class=\"pack-product-container\">\n<div class=\"pack-product-quantity\"><\/div>\n<div class=\"pack-product-thumb\"><a href=\"https:\/\/libromar.cl\/argumentacion-e-interpretacion-juridica\/4861-razonamiento-juridico-y-teoria-del-derecho-13.html\"><img decoding=\"async\" class=\"img-fluid\" src=\"https:\/\/libromar.cl\/5747-large_default\/razonamiento-juridico-y-teoria-del-derecho-13.jpg\" alt=\"RAZONAMIENTO JUR\u00cdDICO Y TEOR\u00cdA DEL DERECHO (13)\" data-full-size-image-url=\"https:\/\/libromar.cl\/5747-thickbox_default\/razonamiento-juridico-y-teoria-del-derecho-13.jpg\" \/><\/a><\/div>\n<\/div>\n<\/article>\n<article>\n<div class=\"pack-product-container\">\n<div class=\"pack-product-quantity\"><\/div>\n<div class=\"pack-product-thumb\"><a href=\"https:\/\/libromar.cl\/argumentacion-e-interpretacion-juridica\/4862-la-teoria-de-la-argumentacion-una-perspectiva-pragmadialectica.html\"><img decoding=\"async\" class=\"img-fluid\" src=\"https:\/\/libromar.cl\/5748-large_default\/la-teoria-de-la-argumentacion-una-perspectiva-pragmadialectica.jpg\" alt=\"LA TEOR\u00cdA DE LA ARGUMENTACI\u00d3N: UNA PERSPECTIVA PRAGMADIAL\u00c9CTICA (14)\" data-full-size-image-url=\"https:\/\/libromar.cl\/5748-thickbox_default\/la-teoria-de-la-argumentacion-una-perspectiva-pragmadialectica.jpg\" \/><\/a><\/div>\n<\/div>\n<\/article>\n<article>\n<div class=\"pack-product-container\">\n<div class=\"pack-product-quantity\"><\/div>\n<div class=\"pack-product-thumb\"><a href=\"https:\/\/libromar.cl\/argumentacion-e-interpretacion-juridica\/4863-las-razones-sustantivas-y-la-interpretacion-del-derecho-en-el-common-law.html\"><img decoding=\"async\" class=\"img-fluid\" src=\"https:\/\/libromar.cl\/5749-large_default\/las-razones-sustantivas-y-la-interpretacion-del-derecho-en-el-common-law.jpg\" alt=\"LAS RAZONES SUSTANTIVAS Y LA INTERPRETACI\u00d3N DEL DERECHO EN EL COMMON LAW (15)\" data-full-size-image-url=\"https:\/\/libromar.cl\/5749-thickbox_default\/las-razones-sustantivas-y-la-interpretacion-del-derecho-en-el-common-law.jpg\" \/><\/a><\/div>\n<\/div>\n<\/article>\n<article>\n<div class=\"pack-product-container\">\n<div class=\"pack-product-quantity\"><\/div>\n<div class=\"pack-product-thumb\"><a href=\"https:\/\/libromar.cl\/argumentacion-e-interpretacion-juridica\/4864-la-justificacion-de-la-decision-judicial-16.html\"><img decoding=\"async\" class=\"img-fluid\" src=\"https:\/\/libromar.cl\/5750-large_default\/la-justificacion-de-la-decision-judicial-16.jpg\" alt=\"LA JUSTIFICACI\u00d3N DE LA DECISI\u00d3N JUDICIAL (16)\" data-full-size-image-url=\"https:\/\/libromar.cl\/5750-thickbox_default\/la-justificacion-de-la-decision-judicial-16.jpg\" \/><\/a><\/div>\n<\/div>\n<\/article>\n<article>\n<div class=\"pack-product-container\">\n<div class=\"pack-product-quantity\"><\/div>\n<div class=\"pack-product-thumb\"><a href=\"https:\/\/libromar.cl\/argumentacion-e-interpretacion-juridica\/4866-la-razon-practica-en-el-derecho-y-la-moral-18.html\"><img decoding=\"async\" class=\"img-fluid\" src=\"https:\/\/libromar.cl\/5752-large_default\/la-razon-practica-en-el-derecho-y-la-moral-18.jpg\" alt=\"LA RAZ\u00d3N PR\u00c1CTICA EN EL DERECHO Y LA MORAL (18)\" data-full-size-image-url=\"https:\/\/libromar.cl\/5752-thickbox_default\/la-razon-practica-en-el-derecho-y-la-moral-18.jpg\" \/><\/a><\/div>\n<\/div>\n<\/article>\n<article>\n<div class=\"pack-product-container\">\n<div class=\"pack-product-quantity\"><\/div>\n<div class=\"pack-product-thumb\"><a href=\"https:\/\/libromar.cl\/argumentacion-e-interpretacion-juridica\/4867-la-teoria-de-la-argumentacion-en-sus-textos-una-antologia-19.html\"><img decoding=\"async\" class=\"img-fluid\" src=\"https:\/\/libromar.cl\/5753-large_default\/la-teoria-de-la-argumentacion-en-sus-textos-una-antologia-19.jpg\" alt=\"LA TEOR\u00cdA DE LA ARGUMENTACI\u00d3N EN SUS TEXTOS - UNA ANTOLOG\u00cdA (19)\" data-full-size-image-url=\"https:\/\/libromar.cl\/5753-thickbox_default\/la-teoria-de-la-argumentacion-en-sus-textos-una-antologia-19.jpg\" \/><\/a><\/div>\n<\/div>\n<\/article>\n<article>\n<div class=\"pack-product-container\">\n<div class=\"pack-product-quantity\"><\/div>\n<div class=\"pack-product-thumb\"><a href=\"https:\/\/libromar.cl\/argumentacion-e-interpretacion-juridica\/4868-quaestio-facti-vol-i-ensayos-sobre-prueba-causalidad-y-accion-20.html\"><img decoding=\"async\" class=\"img-fluid\" src=\"https:\/\/libromar.cl\/5754-large_default\/quaestio-facti-vol-i-ensayos-sobre-prueba-causalidad-y-accion-20.jpg\" alt=\"QUAESTIO FACTI \u2013 VOLS. I Y II (20) - ENSAYOS SOBE PRUEBA Y OTROS\" data-full-size-image-url=\"https:\/\/libromar.cl\/5754-thickbox_default\/quaestio-facti-vol-i-ensayos-sobre-prueba-causalidad-y-accion-20.jpg\" \/><\/a><\/div>\n<\/div>\n<\/article>\n<article>\n<div class=\"pack-product-container\">\n<div class=\"pack-product-quantity\"><\/div>\n<div class=\"pack-product-thumb\"><a href=\"https:\/\/libromar.cl\/argumentacion-e-interpretacion-juridica\/4869-la-motivacion-de-la-sentencia-penal-y-su-control-en-casacion.html\"><img decoding=\"async\" class=\"img-fluid\" src=\"https:\/\/libromar.cl\/5757-large_default\/la-motivacion-de-la-sentencia-penal-y-su-control-en-casacion.jpg\" alt=\"LA MOTIVACI\u00d3N DE LA SENTENCIA PENAL Y SU CONTROL EN CASACI\u00d3N (21)\" data-full-size-image-url=\"https:\/\/libromar.cl\/5757-thickbox_default\/la-motivacion-de-la-sentencia-penal-y-su-control-en-casacion.jpg\" \/><\/a><\/div>\n<\/div>\n<\/article>\n<article>\n<div class=\"pack-product-container\">\n<div class=\"pack-product-quantity\"><\/div>\n<div class=\"pack-product-thumb\"><a href=\"https:\/\/libromar.cl\/argumentacion-e-interpretacion-juridica\/4870-interpretacion-del-derecho-y-hermeneutica-constitucional-22.html\"><img decoding=\"async\" class=\"img-fluid\" src=\"https:\/\/libromar.cl\/5758-large_default\/interpretacion-del-derecho-y-hermeneutica-constitucional-22.jpg\" alt=\"INTERPRETACI\u00d3N DEL DERECHO Y HERMEN\u00c9UTICA CONSTITUCIONAL (22)\" data-full-size-image-url=\"https:\/\/libromar.cl\/5758-thickbox_default\/interpretacion-del-derecho-y-hermeneutica-constitucional-22.jpg\" \/><\/a><\/div>\n<\/div>\n<\/article>\n<article>\n<div class=\"pack-product-container\">\n<div class=\"pack-product-quantity\"><\/div>\n<div class=\"pack-product-thumb\"><a href=\"https:\/\/libromar.cl\/argumentacion-e-interpretacion-juridica\/4910-teorias-de-la-topica-juridica-12.html\"><img decoding=\"async\" class=\"img-fluid\" src=\"https:\/\/libromar.cl\/5804-large_default\/teorias-de-la-topica-juridica-12.jpg\" alt=\"TEOR\u00cdAS DE LA T\u00d3PICA JUR\u00cdDICA (12)\" data-full-size-image-url=\"https:\/\/libromar.cl\/5804-thickbox_default\/teorias-de-la-topica-juridica-12.jpg\" \/><\/a><\/div>\n<\/div>\n<\/article>\n<article>\n<div class=\"pack-product-container\">\n<div class=\"pack-product-quantity\"><\/div>\n<div class=\"pack-product-thumb\"><a href=\"https:\/\/libromar.cl\/argumentacion-e-interpretacion-juridica\/4911-justicia-verdad-y-prueba-ensayos-sobre-epistomologia-en-el-derecho-23.html\"><img decoding=\"async\" class=\"img-fluid\" src=\"https:\/\/libromar.cl\/5805-large_default\/justicia-verdad-y-prueba-ensayos-sobre-epistomologia-en-el-derecho-23.jpg\" alt=\"JUSTICIA, VERDAD Y PRUEBA - ENSAYOS SOBRE EPISTOMOLOG\u00cdA EN EL DERECHO (23)\" data-full-size-image-url=\"https:\/\/libromar.cl\/5805-thickbox_default\/justicia-verdad-y-prueba-ensayos-sobre-epistomologia-en-el-derecho-23.jpg\" \/><\/a><\/div>\n<\/div>\n<\/article>\n<article>\n<div class=\"pack-product-container\">\n<div class=\"pack-product-quantity\"><\/div>\n<div class=\"pack-product-thumb\"><a href=\"https:\/\/libromar.cl\/argumentacion-e-interpretacion-juridica\/4912-la-naturaleza-de-las-falacias-17.html\"><img decoding=\"async\" class=\"img-fluid\" src=\"https:\/\/libromar.cl\/5806-large_default\/la-naturaleza-de-las-falacias-17.jpg\" alt=\"LA NATURALEZA DE LAS FALACIAS (17)\" data-full-size-image-url=\"https:\/\/libromar.cl\/5806-thickbox_default\/la-naturaleza-de-las-falacias-17.jpg\" \/><\/a><\/div>\n<div class=\"pack-product-price\"><\/div>\n<\/div>\n<\/article>\n","protected":false},"excerpt":{"rendered":"<p>Buscas un libro Jur\u00eddico.? Lo puedes encontrar en nuestra tienda virtual.<br \/>\nContamos con prestigiosos autores y muchas alternativas en sus diferentes materias al igual que grandes descuentos.! Vis\u00edtanos en <a class=\"SZPZpAPDAyijRClaXyBhVTlzKUCxMiFHpwYDY \" href=\"https:\/\/lnkd.in\/eiAG7jdZ\" target=\"_blank\" rel=\"noopener\" data-test-app-aware-link=\"\">https:\/\/lnkd.in\/eiAG7jdZ<\/a><br \/>\nEscr\u00edbenos al +56930565235 \/ <a class=\"SZPZpAPDAyijRClaXyBhVTlzKUCxMiFHpwYDY \" href=\"mailto:ventaslegallexglobal@gmail.com\" target=\"_self\" data-test-app-aware-link=\"\">ventaslegallexglobal@gmail.com<\/a><br \/>\nHacemos env\u00edos a todo Chile \u2013 Starken o Correos Chile \/ Te esperamos<\/p>\n","protected":false},"featured_media":2112,"comment_status":"open","ping_status":"closed","template":"","meta":{"inline_featured_image":false,"_joinchat":[]},"product_brand":[],"product_cat":[26,44],"product_tag":[],"class_list":{"0":"post-2069","1":"product","2":"type-product","3":"status-publish","4":"has-post-thumbnail","6":"product_cat-derecho","7":"product_cat-filosofia-del-derecho-y-introduccion","9":"first","10":"instock","11":"shipping-taxable","12":"purchasable","13":"product-type-simple"},"_links":{"self":[{"href":"https:\/\/bibliotecajuridicavirtual.cl\/index.php\/wp-json\/wp\/v2\/product\/2069","targetHints":{"allow":["GET"]}}],"collection":[{"href":"https:\/\/bibliotecajuridicavirtual.cl\/index.php\/wp-json\/wp\/v2\/product"}],"about":[{"href":"https:\/\/bibliotecajuridicavirtual.cl\/index.php\/wp-json\/wp\/v2\/types\/product"}],"replies":[{"embeddable":true,"href":"https:\/\/bibliotecajuridicavirtual.cl\/index.php\/wp-json\/wp\/v2\/comments?post=2069"}],"wp:featuredmedia":[{"embeddable":true,"href":"https:\/\/bibliotecajuridicavirtual.cl\/index.php\/wp-json\/wp\/v2\/media\/2112"}],"wp:attachment":[{"href":"https:\/\/bibliotecajuridicavirtual.cl\/index.php\/wp-json\/wp\/v2\/media?parent=2069"}],"wp:term":[{"taxonomy":"product_brand","embeddable":true,"href":"https:\/\/bibliotecajuridicavirtual.cl\/index.php\/wp-json\/wp\/v2\/product_brand?post=2069"},{"taxonomy":"product_cat","embeddable":true,"href":"https:\/\/bibliotecajuridicavirtual.cl\/index.php\/wp-json\/wp\/v2\/product_cat?post=2069"},{"taxonomy":"product_tag","embeddable":true,"href":"https:\/\/bibliotecajuridicavirtual.cl\/index.php\/wp-json\/wp\/v2\/product_tag?post=2069"}],"curies":[{"name":"wp","href":"https:\/\/api.w.org\/{rel}","templated":true}]}}