{"id":2086,"date":"2026-02-28T00:58:19","date_gmt":"2026-02-28T03:58:19","guid":{"rendered":"https:\/\/bibliotecajuridicavirtual.cl\/?post_type=product&#038;p=2086"},"modified":"2026-02-28T00:58:42","modified_gmt":"2026-02-28T03:58:42","slug":"responsabilidad-penal-de-las-personas-juridicas-osvaldo-artaza-varela-2-edicion-actualizada-ano-2025-228-pag","status":"publish","type":"product","link":"https:\/\/bibliotecajuridicavirtual.cl\/index.php\/product\/responsabilidad-penal-de-las-personas-juridicas-osvaldo-artaza-varela-2-edicion-actualizada-ano-2025-228-pag\/","title":{"rendered":"Responsabilidad Penal de las Personas Jur\u00eddicas &#8211; Osvaldo Artaza Varela, 2\u00b0 edici\u00f3n actualizada a\u00f1o 2025 &#8211; 228 P\u00e1g."},"content":{"rendered":"<p>Esta obra, en su segunda edici\u00f3n actualizada y complementada, revisa en detalle el sistema de responsabilidad penal de las personas jur\u00eddicas en Chile de acuerdo con su regulaci\u00f3n por la Ley N\u00ba 20.393, con el objeto de que el lector comprenda aspectos centrales para la correcta aplicaci\u00f3n de esta instituci\u00f3n. Para tales efectos, se parte de la base de que esta forma de responsabilidad penal debe ser analizada teniendo en cuenta el fen\u00f3meno al cual responde, esto es, el de la criminalidad empresarial y, por tanto, como un mecanismo especialmente dirigido a potenciar su prevenci\u00f3n o control. Por lo mismo, se abordan cuestiones tan relevantes como el de la naturaleza de la criminalidad empresarial y la incidencia de las organizaciones empresariales en la comisi\u00f3n de esta clase de delitos. De esta forma, se entiende mejor un conjunto de expectativas que, en la actualidad, se dirigen a las organizaciones en lo que respecta a la gesti\u00f3n de sus riesgos de incumplimiento del ordenamiento jur\u00eddico y que se conocen, com\u00fanmente, con el nombre de \u201ccompliance\u201d. Al mismo tiempo, se abordan aquellos aspectos especialmente problem\u00e1ticos de cara a la interpretaci\u00f3n de esta instituci\u00f3n, con \u00e9nfasis en la delimitaci\u00f3n de los criterios jur\u00eddicos que emanan de nuestra legislaci\u00f3n y que permiten justificar la sanci\u00f3n \u2013penal\u2013 a una persona jur\u00eddica, as\u00ed como el sistema de sanciones y determinaci\u00f3n de la pena. Al respecto, se ha considerado, especialmente, la ampliaci\u00f3n de la aplicaci\u00f3n de la Ley N\u00ba 20.393 a prop\u00f3sito de la publicaci\u00f3n de la Ley N\u00ba 21.595 sobre Delitos Econ\u00f3micos.<\/p>\n<p>En suma, a trav\u00e9s del an\u00e1lisis pormenorizado de los fundamentos de esta instituci\u00f3n, sus l\u00edmites y su contenido normativo, se pretende responder al problema del \u201cpor qu\u00e9\u201d y el \u201cc\u00f3mo\u201d responden penalmente las personas jur\u00eddicas en Chile y, as\u00ed, acercar a los operadores del sistema penal a una instituci\u00f3n que no siempre es f\u00e1cil de comprender.<\/p>\n<p>\u00cdNDICE<br \/>\nABREVIATURAS &#8230;&#8230;&#8230;&#8230;&#8230;&#8230;&#8230;&#8230;&#8230;&#8230;&#8230;&#8230;&#8230;&#8230;&#8230;&#8230;&#8230;&#8230;&#8230;&#8230;&#8230;&#8230;&#8230;&#8230;&#8230;&#8230;&#8230;&#8230;&#8230;&#8230;&#8230;&#8230;.. V<br \/>\n1. la resPonsabilidad Penal de las Personas Jur\u00eddicas y su contexto: la criminali<br \/>\ndad emPresarial &#8230;&#8230;&#8230;&#8230;&#8230;&#8230;&#8230;&#8230;&#8230;&#8230;&#8230;&#8230;&#8230;&#8230;&#8230;&#8230;&#8230;&#8230;&#8230;&#8230;&#8230;&#8230;&#8230;&#8230;&#8230;&#8230;&#8230;&#8230;&#8230;&#8230;&#8230;&#8230;.. 1<br \/>\n1.1. Conceptos b\u00e1sicos: la criminalidad de empresa como problema original<br \/>\nde la responsabilidad penal de las personas jur\u00eddicas &#8230;&#8230;&#8230;&#8230;&#8230;&#8230;&#8230;&#8230;&#8230;&#8230;&#8230; 1<br \/>\nA) Criminalidad organizada y delincuencia empresarial &#8230;&#8230;&#8230;&#8230;&#8230;&#8230;&#8230;&#8230;&#8230; 2<br \/>\nB) Distinci\u00f3n entre la criminalidad empresarial y la criminalidad in<br \/>\ntraempresarial &#8230;&#8230;&#8230;&#8230;&#8230;&#8230;&#8230;&#8230;&#8230;&#8230;&#8230;&#8230;&#8230;&#8230;&#8230;&#8230;&#8230;&#8230;&#8230;&#8230;&#8230;&#8230;&#8230;&#8230;&#8230;&#8230;&#8230;&#8230;.. 5<br \/>\nC) Delito econ\u00f3mico y criminalidad empresarial &#8230;&#8230;&#8230;&#8230;&#8230;&#8230;&#8230;&#8230;&#8230;&#8230;&#8230;&#8230;.. 9<br \/>\n1.2. Caracter\u00edsticas de la criminalidad de empresa: la dimensi\u00f3n propiamente<br \/>\norganizacional de esta y sus consecuencias &#8230;&#8230;&#8230;&#8230;&#8230;&#8230;&#8230;&#8230;&#8230;&#8230;&#8230;&#8230;&#8230;&#8230;&#8230;&#8230; 13<br \/>\nA) El contexto organizacional y su incidencia en la comisi\u00f3n de delitos .. 13<br \/>\nB) Incidencia de la cultura organizacional en la criminalidad de empresa.<br \/>\nTeor\u00edas de la neutralizaci\u00f3n y racionalizaci\u00f3n del comportamiento il\u00ed<br \/>\ncito &#8230;&#8230;&#8230;&#8230;&#8230;&#8230;&#8230;&#8230;&#8230;&#8230;&#8230;&#8230;&#8230;&#8230;&#8230;&#8230;&#8230;&#8230;&#8230;&#8230;&#8230;&#8230;&#8230;&#8230;&#8230;&#8230;&#8230;&#8230;&#8230;&#8230;&#8230;&#8230;&#8230;&#8230;.. 20<br \/>\nC) El aumento de la oportunidad delictiva en la organizaci\u00f3n empresarial 28<br \/>\n1.3. La responsabilidad penal de las personas jur\u00eddicas como complemento<br \/>\npara la reacci\u00f3n frente a la delincuencia de empresa &#8230;&#8230;&#8230;&#8230;&#8230;&#8230;&#8230;&#8230;&#8230;&#8230;&#8230;. 34<br \/>\nA) Refuerzo del efecto disuasivo y el fomento de la capacidad de autorre<br \/>\ngulaci\u00f3n de las organizaciones &#8230;&#8230;&#8230;&#8230;&#8230;&#8230;&#8230;&#8230;&#8230;&#8230;&#8230;&#8230;&#8230;&#8230;&#8230;&#8230;&#8230;&#8230;&#8230;&#8230;. 34<br \/>\na. La supuesta ineficacia de la responsabilidad penal individual &#8230;&#8230;.. 34<br \/>\nb. El refuerzo disuasivo a trav\u00e9s de la responsabilidad penal de las<br \/>\npersonas jur\u00eddicas &#8230;&#8230;&#8230;&#8230;&#8230;&#8230;&#8230;&#8230;&#8230;&#8230;&#8230;&#8230;&#8230;&#8230;&#8230;&#8230;&#8230;&#8230;&#8230;&#8230;&#8230;&#8230;&#8230;&#8230;&#8230;. 40<br \/>\nc. La funci\u00f3n de fomento de la autorregulaci\u00f3n adecuada de la orga<br \/>\nnizaci\u00f3n&#8230;&#8230;&#8230;&#8230;&#8230;&#8230;&#8230;&#8230;&#8230;&#8230;&#8230;&#8230;&#8230;&#8230;&#8230;&#8230;&#8230;&#8230;&#8230;&#8230;&#8230;&#8230;&#8230;&#8230;&#8230;&#8230;&#8230;&#8230;&#8230;&#8230;.. 41<br \/>\nII<br \/>\nP\u00e1gs. I &#8211; III<br \/>\nOSVALDO ARTAZA VARELA<br \/>\n\u00cdndice<br \/>\nB) La dimensi\u00f3n comunicativa de la RPPJ: prevenci\u00f3n general positiva y<br \/>\ndimensi\u00f3n retributiva &#8230;&#8230;&#8230;&#8230;&#8230;&#8230;&#8230;&#8230;&#8230;&#8230;&#8230;&#8230;&#8230;&#8230;&#8230;&#8230;&#8230;&#8230;&#8230;&#8230;&#8230;&#8230;&#8230;&#8230;&#8230; 46<br \/>\na. RPPJ y aumento de la conciencia social respecto a la naturaleza<br \/>\ncorporativa de la criminalidad de empresa &#8230;&#8230;&#8230;&#8230;&#8230;&#8230;&#8230;&#8230;&#8230;&#8230;&#8230;&#8230;.. 46<br \/>\nb. Reconocimiento de responsabilidad aut\u00f3noma de la organizaci\u00f3n<br \/>\nen el delito corporativo &#8230;&#8230;&#8230;&#8230;&#8230;&#8230;&#8230;&#8230;&#8230;&#8230;&#8230;&#8230;&#8230;&#8230;&#8230;&#8230;&#8230;&#8230;&#8230;&#8230;&#8230;&#8230;.. 51<br \/>\n2. PresuPuestos Para la atribuci\u00f3n de rPPJ. ProPuestas de modelos de imPuta<br \/>\nci\u00f3n &#8230;&#8230;&#8230;&#8230;&#8230;&#8230;&#8230;&#8230;&#8230;&#8230;&#8230;&#8230;&#8230;&#8230;&#8230;&#8230;&#8230;&#8230;&#8230;&#8230;&#8230;&#8230;&#8230;&#8230;&#8230;&#8230;&#8230;&#8230;&#8230;&#8230;&#8230;&#8230;&#8230;&#8230;&#8230;&#8230;&#8230;&#8230;&#8230;. 55<br \/>\n2.1. El problema del \u201cmodelo de imputaci\u00f3n\u201d en sede jur\u00eddico-penal respecto<br \/>\na la RPPJ. El origen de la instituci\u00f3n &#8230;&#8230;&#8230;&#8230;&#8230;&#8230;&#8230;&#8230;&#8230;&#8230;&#8230;&#8230;&#8230;&#8230;&#8230;&#8230;&#8230;&#8230;&#8230;. 55<br \/>\nA) Propuestas de justificaci\u00f3n de la RPPJ con \u00e9nfasis en el comporta<br \/>\nmiento delictivo del integrante y b\u00fasqueda de criterios que permitan<br \/>\nla derivaci\u00f3n de la responsabilidad &#8230;&#8230;&#8230;&#8230;&#8230;&#8230;&#8230;&#8230;&#8230;&#8230;&#8230;&#8230;&#8230;&#8230;&#8230;&#8230;&#8230;&#8230;. 61<br \/>\na. Aspectos b\u00e1sicos del principio del respondeat superior &#8230;&#8230;&#8230;&#8230;&#8230;.. 61<br \/>\nb. Criterios atributivos de responsabilidad penal a las personas jur\u00eddicas 64<br \/>\n2.2. Propuestas de legitimaci\u00f3n de la RPPJ con \u00e9nfasis en la dimensi\u00f3n corpo<br \/>\nrativa del delito y la constataci\u00f3n de criterios de atribuci\u00f3n de responsabi<br \/>\nlidad aut\u00f3noma &#8230;&#8230;&#8230;&#8230;&#8230;&#8230;&#8230;&#8230;&#8230;&#8230;&#8230;&#8230;&#8230;&#8230;&#8230;&#8230;&#8230;&#8230;&#8230;&#8230;&#8230;&#8230;&#8230;&#8230;&#8230;&#8230;&#8230;&#8230;&#8230;&#8230;. 71<br \/>\nA) La introducci\u00f3n de los criterios de \u201cdefecto de organizaci\u00f3n\u201d y \u201cdesa<br \/>\nrrollo sist\u00e9mico defectuoso\u201d como elementos centrales para la atribu<br \/>\nci\u00f3n de RPPJ &#8230;&#8230;&#8230;&#8230;&#8230;&#8230;&#8230;&#8230;&#8230;&#8230;&#8230;&#8230;&#8230;&#8230;&#8230;&#8230;&#8230;&#8230;&#8230;&#8230;&#8230;&#8230;&#8230;&#8230;&#8230;&#8230;&#8230;&#8230;&#8230;.. 71<br \/>\nB) Conclusiones preliminares relativas al modelo de imputaci\u00f3n plasma<br \/>\ndo en la Ley N\u00ba 20.393 &#8230;&#8230;&#8230;&#8230;&#8230;&#8230;&#8230;&#8230;&#8230;&#8230;&#8230;&#8230;&#8230;&#8230;&#8230;&#8230;&#8230;&#8230;&#8230;&#8230;&#8230;&#8230;&#8230;&#8230;. 80<br \/>\na. Redacci\u00f3n original de la Ley N\u00ba 20.393 &#8230;&#8230;&#8230;&#8230;&#8230;&#8230;&#8230;&#8230;&#8230;&#8230;&#8230;&#8230;&#8230;&#8230; 82<br \/>\nb. Redacci\u00f3n vigente de la Ley N\u00ba 20.393 &#8230;&#8230;&#8230;&#8230;&#8230;&#8230;&#8230;&#8230;&#8230;&#8230;&#8230;&#8230;&#8230;&#8230; 86<br \/>\n2.3. Reflexiones breves respecto a la RPPJ y el rendimiento pr\u00e1ctico de la<br \/>\nteor\u00eda del delito para su comprensi\u00f3n &#8230;&#8230;&#8230;&#8230;&#8230;&#8230;&#8230;&#8230;&#8230;&#8230;&#8230;&#8230;&#8230;&#8230;&#8230;&#8230;&#8230;&#8230;&#8230; 87<br \/>\nA) Tipicidad &#8230;&#8230;&#8230;&#8230;&#8230;&#8230;&#8230;&#8230;&#8230;&#8230;&#8230;&#8230;&#8230;&#8230;&#8230;&#8230;&#8230;&#8230;&#8230;&#8230;&#8230;&#8230;&#8230;&#8230;&#8230;&#8230;&#8230;&#8230;&#8230;&#8230;&#8230;.. 90<br \/>\na. Tipicidad objetiva &#8230;&#8230;&#8230;&#8230;&#8230;&#8230;&#8230;&#8230;&#8230;&#8230;&#8230;&#8230;&#8230;&#8230;&#8230;&#8230;&#8230;&#8230;&#8230;&#8230;&#8230;&#8230;&#8230;&#8230;&#8230;. 90<br \/>\nb. Tipicidad subjetiva &#8230;&#8230;&#8230;&#8230;&#8230;&#8230;&#8230;&#8230;&#8230;&#8230;&#8230;&#8230;&#8230;&#8230;&#8230;&#8230;&#8230;&#8230;&#8230;&#8230;&#8230;&#8230;&#8230;&#8230;.. 93<br \/>\nB) Culpabilidad &#8230;&#8230;&#8230;&#8230;&#8230;&#8230;&#8230;&#8230;&#8230;&#8230;&#8230;&#8230;&#8230;&#8230;&#8230;&#8230;&#8230;&#8230;&#8230;&#8230;&#8230;&#8230;&#8230;&#8230;&#8230;&#8230;&#8230;&#8230;&#8230;.. 98<br \/>\na. El \u201cproblema\u201d de la culpabilidad de las personas jur\u00eddicas &#8230;&#8230;&#8230;&#8230; 98<br \/>\nb. De la culpabilidad sin juicio de reproche a un reproche ad hoc para<br \/>\nlas personas jur\u00eddicas &#8230;&#8230;&#8230;&#8230;&#8230;&#8230;&#8230;&#8230;&#8230;&#8230;&#8230;&#8230;&#8230;&#8230;&#8230;&#8230;&#8230;&#8230;&#8230;&#8230;&#8230;&#8230;&#8230;. 102<br \/>\nc. El problema de las \u201cexcusas\u201d que podr\u00eda esgrimir la persona jur\u00ed<br \/>\ndica a prop\u00f3sito de su defensa &#8230;&#8230;&#8230;&#8230;&#8230;&#8230;&#8230;&#8230;&#8230;&#8230;&#8230;&#8230;&#8230;&#8230;&#8230;&#8230;&#8230;&#8230;.. 111<br \/>\n3. contenido normatiVo ley n\u00ba 20.393. PresuPuestos Para la atribuci\u00f3n de res<br \/>\nPonsabilidad, sanciones y su determinaci\u00f3n &#8230;&#8230;&#8230;&#8230;&#8230;&#8230;&#8230;&#8230;&#8230;&#8230;&#8230;&#8230;&#8230;&#8230;&#8230;&#8230;&#8230;&#8230;. 119<br \/>\nIII<br \/>\nP\u00e1gs. I &#8211; III<br \/>\nRESPONSABILIDAD PENAL DE LAS PERSONAS JUR\u00cdDICAS<br \/>\n\u00cdndice<br \/>\n3.1. Cuestiones b\u00e1sicas asociadas al r\u00e9gimen de RPPJ emanado de la Ley<br \/>\nN\u00ba 20.393 &#8230;&#8230;&#8230;&#8230;&#8230;&#8230;&#8230;&#8230;&#8230;&#8230;&#8230;&#8230;&#8230;&#8230;&#8230;&#8230;&#8230;&#8230;&#8230;&#8230;&#8230;&#8230;&#8230;&#8230;&#8230;&#8230;&#8230;&#8230;&#8230;&#8230;&#8230;&#8230;&#8230;. 119<br \/>\nA) La RPPJ como un supuesto de \u201cverdadera\u201d responsabilidad penal &#8230;.. 119<br \/>\nB) Contenido \u201cjur\u00eddico-penal\u201d de la Ley N\u00ba 20.393. Referencia al mode<br \/>\nlo de responsabilidad aut\u00f3nomo regulado en este cuerpo legal &#8230;&#8230;&#8230;.. 124<br \/>\nC) Eventuales problemas relativos al ne bis in idem y la RPPJ. Soluci\u00f3n<br \/>\nemanada de la Ley de Delitos Econ\u00f3micos &#8230;&#8230;&#8230;&#8230;&#8230;&#8230;&#8230;&#8230;&#8230;&#8230;&#8230;&#8230;&#8230;&#8230; 130<br \/>\n3.2. Personas jur\u00eddicas que pueden responder penalmente &#8230;&#8230;&#8230;&#8230;&#8230;&#8230;&#8230;&#8230;&#8230;&#8230;.. 138<br \/>\nA) Identificaci\u00f3n de problemas relativos al \u201csujeto de la imputaci\u00f3n\u201d &#8230;.. 138<br \/>\nB) An\u00e1lisis de criterios emanados de tribunales con competencia penal<br \/>\nen Chile &#8230;&#8230;&#8230;&#8230;&#8230;&#8230;&#8230;&#8230;&#8230;&#8230;&#8230;&#8230;&#8230;&#8230;&#8230;&#8230;&#8230;&#8230;&#8230;&#8230;&#8230;&#8230;&#8230;&#8230;&#8230;&#8230;&#8230;&#8230;&#8230;&#8230;&#8230;&#8230;. 143<br \/>\n3.3. Delimitaci\u00f3n del deber de gesti\u00f3n de riesgos y explicaci\u00f3n del criterio<br \/>\nrelativo a que el delito sea favorecido o facilitado por la falta de imple<br \/>\nmentaci\u00f3n de un modelo de prevenci\u00f3n &#8230;&#8230;&#8230;&#8230;&#8230;&#8230;&#8230;&#8230;&#8230;&#8230;&#8230;&#8230;&#8230;&#8230;&#8230;&#8230;&#8230;.. 149<br \/>\nA) El deber de gesti\u00f3n de riesgos penales a trav\u00e9s de la implementaci\u00f3n<br \/>\ny ejecuci\u00f3n de un modelo de prevenci\u00f3n de delitos &#8230;&#8230;&#8230;&#8230;&#8230;&#8230;&#8230;&#8230;&#8230;.. 149<br \/>\nB) Exigencias relativas a la org\u00e1nica de un modelo de prevenci\u00f3n de de<br \/>\nlitos. Asignaci\u00f3n de responsabilidades &#8230;&#8230;&#8230;&#8230;&#8230;&#8230;&#8230;&#8230;&#8230;&#8230;&#8230;&#8230;&#8230;&#8230;&#8230;&#8230; 157<br \/>\nC) Contenido esencial de un modelo de prevenci\u00f3n. Aproximaci\u00f3n desde<br \/>\nla metodolog\u00eda para la gesti\u00f3n de riesgos penales &#8230;&#8230;&#8230;&#8230;&#8230;&#8230;&#8230;&#8230;&#8230;&#8230;.. 163<br \/>\na. El deber de advertencia de la peligrosidad de los procesos &#8230;&#8230;&#8230;&#8230;. 166<br \/>\nb. Deber de respuesta frente al riesgo previamente detectado y eva<br \/>\nluado, as\u00ed como la ejecuci\u00f3n, supervisi\u00f3n y actualizaci\u00f3n efectiva<br \/>\nde esta &#8230;&#8230;&#8230;&#8230;&#8230;&#8230;&#8230;&#8230;&#8230;&#8230;&#8230;&#8230;&#8230;&#8230;&#8230;&#8230;&#8230;&#8230;&#8230;&#8230;&#8230;&#8230;&#8230;&#8230;&#8230;&#8230;&#8230;&#8230;&#8230;&#8230;&#8230;. 170<br \/>\nD) \u00bfCu\u00e1ndo el delito puede haber sido facilitado o favorecido por la falta<br \/>\nde un modelo de prevenci\u00f3n de delitos? Consecuencias en sede pro<br \/>\ncesal y para la motivaci\u00f3n de la sentencia &#8230;&#8230;&#8230;&#8230;&#8230;&#8230;&#8230;&#8230;&#8230;&#8230;&#8230;&#8230;&#8230;&#8230;.. 174<br \/>\n3.4. Sanciones y determinaci\u00f3n de la pena &#8230;&#8230;&#8230;&#8230;&#8230;&#8230;&#8230;&#8230;&#8230;&#8230;&#8230;&#8230;&#8230;&#8230;&#8230;&#8230;&#8230;&#8230;. 179<br \/>\nA) Descripci\u00f3n general del sistema de sanciones contenido en la Ley<br \/>\nN\u00ba 20.393 &#8230;&#8230;&#8230;&#8230;&#8230;&#8230;&#8230;&#8230;&#8230;&#8230;&#8230;&#8230;&#8230;&#8230;&#8230;&#8230;&#8230;&#8230;&#8230;&#8230;&#8230;&#8230;&#8230;&#8230;&#8230;&#8230;&#8230;&#8230;&#8230;&#8230;&#8230;. 179<br \/>\nB) De las sanciones en particular &#8230;&#8230;&#8230;&#8230;&#8230;&#8230;&#8230;&#8230;&#8230;&#8230;&#8230;&#8230;&#8230;&#8230;&#8230;&#8230;&#8230;&#8230;&#8230;&#8230;. 180<br \/>\nC) Reglas para la determinaci\u00f3n de su extensi\u00f3n &#8230;&#8230;&#8230;&#8230;&#8230;&#8230;&#8230;&#8230;&#8230;&#8230;&#8230;&#8230;.. 188<br \/>\nD) Extinci\u00f3n de la responsabilidad penal y reglas de transmisi\u00f3n de esta 193<br \/>\nGLOSARIO &#8230;&#8230;&#8230;&#8230;&#8230;&#8230;&#8230;&#8230;&#8230;&#8230;&#8230;&#8230;&#8230;&#8230;&#8230;&#8230;&#8230;&#8230;&#8230;&#8230;&#8230;&#8230;&#8230;&#8230;&#8230;&#8230;&#8230;&#8230;&#8230;&#8230;&#8230;&#8230;&#8230;&#8230;&#8230;&#8230;. 197<br \/>\nBIBLIOGRAF\u00cdA &#8230;&#8230;&#8230;&#8230;&#8230;&#8230;&#8230;&#8230;&#8230;&#8230;&#8230;&#8230;&#8230;&#8230;&#8230;&#8230;&#8230;&#8230;&#8230;&#8230;&#8230;&#8230;&#8230;&#8230;&#8230;&#8230;&#8230;&#8230;&#8230;&#8230;&#8230;&#8230;&#8230; 201<\/p>\n","protected":false},"excerpt":{"rendered":"<p>Buscas un libro Jur\u00eddico.? Lo puedes encontrar en nuestra tienda virtual.<br \/>\nContamos con prestigiosos autores y muchas alternativas en sus diferentes materias al igual que grandes descuentos.! Vis\u00edtanos en <a class=\"SZPZpAPDAyijRClaXyBhVTlzKUCxMiFHpwYDY \" href=\"https:\/\/lnkd.in\/eiAG7jdZ\" target=\"_blank\" rel=\"noopener\" data-test-app-aware-link=\"\">https:\/\/lnkd.in\/eiAG7jdZ<\/a><br \/>\nEscr\u00edbenos al +56930565235 \/ <a class=\"SZPZpAPDAyijRClaXyBhVTlzKUCxMiFHpwYDY \" href=\"mailto:ventaslegallexglobal@gmail.com\" target=\"_self\" data-test-app-aware-link=\"\">ventaslegallexglobal@gmail.com<\/a><br \/>\nHacemos env\u00edos a todo Chile \u2013 Starken o Correos Chile \/ Te esperamos<\/p>\n","protected":false},"featured_media":2135,"comment_status":"open","ping_status":"closed","template":"","meta":{"inline_featured_image":false,"_joinchat":[]},"product_brand":[],"product_cat":[26,30],"product_tag":[],"class_list":{"0":"post-2086","1":"product","2":"type-product","3":"status-publish","4":"has-post-thumbnail","6":"product_cat-derecho","7":"product_cat-penal","9":"first","10":"instock","11":"shipping-taxable","12":"purchasable","13":"product-type-simple"},"_links":{"self":[{"href":"https:\/\/bibliotecajuridicavirtual.cl\/index.php\/wp-json\/wp\/v2\/product\/2086","targetHints":{"allow":["GET"]}}],"collection":[{"href":"https:\/\/bibliotecajuridicavirtual.cl\/index.php\/wp-json\/wp\/v2\/product"}],"about":[{"href":"https:\/\/bibliotecajuridicavirtual.cl\/index.php\/wp-json\/wp\/v2\/types\/product"}],"replies":[{"embeddable":true,"href":"https:\/\/bibliotecajuridicavirtual.cl\/index.php\/wp-json\/wp\/v2\/comments?post=2086"}],"wp:featuredmedia":[{"embeddable":true,"href":"https:\/\/bibliotecajuridicavirtual.cl\/index.php\/wp-json\/wp\/v2\/media\/2135"}],"wp:attachment":[{"href":"https:\/\/bibliotecajuridicavirtual.cl\/index.php\/wp-json\/wp\/v2\/media?parent=2086"}],"wp:term":[{"taxonomy":"product_brand","embeddable":true,"href":"https:\/\/bibliotecajuridicavirtual.cl\/index.php\/wp-json\/wp\/v2\/product_brand?post=2086"},{"taxonomy":"product_cat","embeddable":true,"href":"https:\/\/bibliotecajuridicavirtual.cl\/index.php\/wp-json\/wp\/v2\/product_cat?post=2086"},{"taxonomy":"product_tag","embeddable":true,"href":"https:\/\/bibliotecajuridicavirtual.cl\/index.php\/wp-json\/wp\/v2\/product_tag?post=2086"}],"curies":[{"name":"wp","href":"https:\/\/api.w.org\/{rel}","templated":true}]}}