{"id":2089,"date":"2026-02-28T00:58:19","date_gmt":"2026-02-28T03:58:19","guid":{"rendered":"https:\/\/bibliotecajuridicavirtual.cl\/?post_type=product&#038;p=2089"},"modified":"2026-02-28T00:58:46","modified_gmt":"2026-02-28T03:58:46","slug":"la-responsabilidad-medica-carlos-pizarro-wilson-edicion-ano-2018-232-pag","status":"publish","type":"product","link":"https:\/\/bibliotecajuridicavirtual.cl\/index.php\/product\/la-responsabilidad-medica-carlos-pizarro-wilson-edicion-ano-2018-232-pag\/","title":{"rendered":"La Responsabilidad M\u00e9dica &#8211; Carlos Pizarro Wilson &#8211; edici\u00f3n a\u00f1o 2018, 232 P\u00e1g."},"content":{"rendered":"<p style=\"font-weight: 400;\">Chile y Colombia comparten no s\u00f3lo el C\u00f3digo Civil de Don Andr\u00e9s Bello, sino, tambi\u00e9n el mismo modelo del sistema privado de seguros de salud, del cual se inspir\u00f3 la ley 100 de 1993.<\/p>\n<p style=\"font-weight: 400;\">Adem\u00e1s de estas Fuentes normativas comunes, los dos pa\u00edses han enfrentado una casu\u00edstica muy similar en materia de da\u00f1os que se presentan en desarrollo de la prestaci\u00f3n de servicios m\u00e9dicos. casu\u00edstica compleja, alambicada y confusa que ha dado lugar a toda suerte de teor\u00edas abstrusas y contradictorias.<\/p>\n<p style=\"font-weight: 400;\">La responsabilidad m\u00e9dica, del profesor chileno Carlos Pizarro Wilson, tiene por objetivo disolver todas estas dudas, plantear los distintos problemas de forma clara y proponer soluciones fundamentadas, rigurosas y concisas.<\/p>\n<p style=\"font-weight: 400;\">Despu\u00e9s de haber le\u00eddo la obra, tengo que reconocer que el profesor Pizarro Wilson logro plenamente su cometido. Es un verdadero privilegio que este valioso libro se publique en Colombia, en d\u00f3nde est\u00e1 llamado a ser un referente obligatorio.<\/p>\n<p style=\"font-weight: 400;\"><b><strong>LA RESPONSABILIDAD CIVIL M\u00c9DICA<\/strong><\/b><\/p>\n<ol>\n<li style=\"font-weight: 400;\"><b><strong> Calificaci\u00f3n de la responsabilidad civil del m\u00e9dico<\/strong><\/b>1.1. Responsabilidad civil contractual<br \/>\n1.1.1. La primac\u00eda de lo contractual<br \/>\n1.1.2. Inter\u00e9s pr\u00e1ctico del r\u00e9gimen contractual1.2. El contrato m\u00e9dico<br \/>\n1.2.1. Calificaci\u00f3n del contrato m\u00e9dico<br \/>\n1.2.2. Contenido del contrato m\u00e9dico<br \/>\n1.2.2.1. El contenido imperativo por obra del legislador<br \/>\n1.2.2.2. Lex artis: la conducta esperada de los m\u00e9dicos<br \/>\n1.2.3. El deber de informar y el consentimiento del paciente<br \/>\n1.2.3.1. El fundamento del deber de informar<br \/>\n1.2.3.2. El contenido del deber de informar<br \/>\n1.2.3.3. El deber de informar en la jurisprudencia<br \/>\n1.2.3.4.El consentimiento hipot\u00e9tico informado: una excusa controvertida<br \/>\n1.2.3.5.La prueba del deber de informar<\/li>\n<\/ol>\n<p style=\"font-weight: 400;\">1.3. La responsabilidad por incumplimiento del contrato m\u00e9dico<br \/>\n1.3.1. La responsabilidad contractual por culpa<br \/>\n1.3.2. La carga de la prueba<br \/>\n1.3.3. La responsabilidad objetiva en materia m\u00e9dica<br \/>\n1.3.3.1. Noci\u00f3n de obligaci\u00f3n de resultado<br \/>\n1.3.3.2. Recepci\u00f3n legal de las obligaciones de resultado<br \/>\n1.3.3.3. La calificaci\u00f3n de la obligaci\u00f3n como de resultado<\/p>\n<p style=\"font-weight: 400;\">1.4. La responsabilidad del m\u00e9dico por el hecho<br \/>\n1.4.1. La responsabilidad civil del equipo m\u00e9dico<br \/>\n1.4.2. La responsabilidad contractual del m\u00e9dico por el hecho de un auxiliar m\u00e9dico<br \/>\n1.4.3. La responsabilidad contractual del m\u00e9dico por el hecho de otro m\u00e9dico<\/p>\n<ol start=\"2\">\n<li style=\"font-weight: 400;\"><b><strong> La responsabilidad civil m\u00e9dica institucional<\/strong><\/b>2.1. Responsabilidad de las cl\u00ednicas privadas de salud<br \/>\n2.1.1. Responsabilidad directa de las cl\u00ednicas<br \/>\n2.1.2. La responsabilidad de la cl\u00ednica por el hecho de otro<br \/>\n2.1.2.1. La responsabilidad de la empresa por el hecho de su dependiente<br \/>\n2.1.2.2. La responsabilidad de la cl\u00ednica por el hecho de otro<\/li>\n<\/ol>\n<p style=\"font-weight: 400;\">2.2. La responsabilidad de los \u00f3rganos p\u00fablicos de salud<br \/>\n2.2.1. La legitimaci\u00f3n pasiva en la responsabilidad m\u00e9dico-sanitaria p\u00fablica<br \/>\n2.2.2. El r\u00e9gimen legal de la Ley 19.966 \u201cAuge\u201d<br \/>\n2.2.2.1. La innecesaria dualidad de reg\u00edmenes de responsabilidad p\u00fablico-sanitario y de las cl\u00ednicas<br \/>\n2.2.2.2. La falta de servicio de los \u00f3rganos de la administraci\u00f3n en materia sanitaria<br \/>\n2.2.2.3. La culpa del funcionario, \u00bfcabe la responsabilidad por el hecho ajeno del servicio de salud?<br \/>\n2.2.2.4. Cuestiones accesorias al r\u00e9gimen sanitario de la Ley 19.966<br \/>\n2.2.2.5. La mediaci\u00f3n obligatoria<\/p>\n<p style=\"font-weight: 400;\"><b><strong>RESPONSABILIDAD PENAL M\u00c9DICA<\/strong><\/b><\/p>\n<ol>\n<li style=\"font-weight: 400;\"><b><strong> El cuasidelito penal<\/strong><\/b>1.1. La estructura del cuasidelito por imprudencia<br \/>\n1.2. La infracci\u00f3n al deber de cuidado<b><strong>2. La negligencia culpable del Art\u00edculo 491 del C\u00f3digo Penal<\/strong><\/b><\/li>\n<\/ol>\n","protected":false},"excerpt":{"rendered":"<p>Buscas un libro Jur\u00eddico.? Lo puedes encontrar en nuestra tienda virtual.<br \/>\nContamos con prestigiosos autores y muchas alternativas en sus diferentes materias al igual que grandes descuentos.! Vis\u00edtanos en <a class=\"DUFxffkzvZTzzBLKfodAUIaDUiVRMfGZkOxoaQ \" href=\"https:\/\/lnkd.in\/eiAG7jdZ\" target=\"_blank\" rel=\"noopener\" data-test-app-aware-link=\"\">https:\/\/lnkd.in\/eiAG7jdZ<\/a><br \/>\nEscr\u00edbenos al +56930565235 \/ <a class=\"DUFxffkzvZTzzBLKfodAUIaDUiVRMfGZkOxoaQ \" href=\"mailto:ventaslegallexglobal@gmail.com\" target=\"_self\" data-test-app-aware-link=\"\">ventaslegallexglobal@gmail.com<\/a><br \/>\nHacemos env\u00edos a todo Chile \u2013 Starken o Correos Chile \/ Te esperamos<\/p>\n","protected":false},"featured_media":2138,"comment_status":"open","ping_status":"closed","template":"","meta":{"inline_featured_image":false,"_joinchat":[]},"product_brand":[],"product_cat":[27,26],"product_tag":[],"class_list":{"0":"post-2089","1":"product","2":"type-product","3":"status-publish","4":"has-post-thumbnail","6":"product_cat-civil","7":"product_cat-derecho","9":"first","10":"instock","11":"shipping-taxable","12":"purchasable","13":"product-type-simple"},"_links":{"self":[{"href":"https:\/\/bibliotecajuridicavirtual.cl\/index.php\/wp-json\/wp\/v2\/product\/2089","targetHints":{"allow":["GET"]}}],"collection":[{"href":"https:\/\/bibliotecajuridicavirtual.cl\/index.php\/wp-json\/wp\/v2\/product"}],"about":[{"href":"https:\/\/bibliotecajuridicavirtual.cl\/index.php\/wp-json\/wp\/v2\/types\/product"}],"replies":[{"embeddable":true,"href":"https:\/\/bibliotecajuridicavirtual.cl\/index.php\/wp-json\/wp\/v2\/comments?post=2089"}],"wp:featuredmedia":[{"embeddable":true,"href":"https:\/\/bibliotecajuridicavirtual.cl\/index.php\/wp-json\/wp\/v2\/media\/2138"}],"wp:attachment":[{"href":"https:\/\/bibliotecajuridicavirtual.cl\/index.php\/wp-json\/wp\/v2\/media?parent=2089"}],"wp:term":[{"taxonomy":"product_brand","embeddable":true,"href":"https:\/\/bibliotecajuridicavirtual.cl\/index.php\/wp-json\/wp\/v2\/product_brand?post=2089"},{"taxonomy":"product_cat","embeddable":true,"href":"https:\/\/bibliotecajuridicavirtual.cl\/index.php\/wp-json\/wp\/v2\/product_cat?post=2089"},{"taxonomy":"product_tag","embeddable":true,"href":"https:\/\/bibliotecajuridicavirtual.cl\/index.php\/wp-json\/wp\/v2\/product_tag?post=2089"}],"curies":[{"name":"wp","href":"https:\/\/api.w.org\/{rel}","templated":true}]}}