{"id":2091,"date":"2026-02-28T00:58:19","date_gmt":"2026-02-28T03:58:19","guid":{"rendered":"https:\/\/bibliotecajuridicavirtual.cl\/?post_type=product&#038;p=2091"},"modified":"2026-02-28T00:58:47","modified_gmt":"2026-02-28T03:58:47","slug":"vida-y-obra-de-andres-bello-alejandro-guzman-brito-3-edicion-ano-2019-200-paginas-reservas","status":"publish","type":"product","link":"https:\/\/bibliotecajuridicavirtual.cl\/index.php\/product\/vida-y-obra-de-andres-bello-alejandro-guzman-brito-3-edicion-ano-2019-200-paginas-reservas\/","title":{"rendered":"Vida y Obra de Andr\u00e9s Bello &#8211;  Alejandro Guzm\u00e1n Brito &#8211; 3\u00b0 edici\u00f3n a\u00f1o 2019 &#8211; 200 P\u00e1ginas (RESERVAS)"},"content":{"rendered":"<p><strong>Vida y obra de Andr\u00e9s Bello. 3\u00b0 Ed.<\/strong><\/p>\n<p>Contenido:\u00a0Primera Parte. Biograf\u00eda de un humanista hispanoamericano: 1. Ni\u00f1ez y juventud avanzada en Caracas. 2. Hacia la plena madurez en Londres. 3. Chile en la \u00e9poca de Bello. 4. La vida p\u00fablica de Bello en Chile. 5. La vida privada. Las amistades. Los \u00faltimos a\u00f1os. Bello en la memoria perenne. Segunda Parte. La obra intelectual no jur\u00eddica de Bello: 6. Filolog\u00eda y gram\u00e1tica. 7. Otras disciplinas y la poes\u00eda. Tercera Parte. La obra jur\u00eddica de Bello: 8. La aproximaci\u00f3n de Bello al derecho. 9. Bello internacionalista. 10. Bello romanista. 11. Bello codificador del derecho civil. 12. Bello sobre otras ramas del derecho.<\/p>\n","protected":false},"excerpt":{"rendered":"<p>Buscas un libro Jur\u00eddico.? Lo puedes encontrar en nuestra tienda virtual.<br \/>\nContamos con prestigiosos autores y muchas alternativas en sus diferentes materias al igual que grandes descuentos.! Vis\u00edtanos en <a class=\"DUFxffkzvZTzzBLKfodAUIaDUiVRMfGZkOxoaQ \" href=\"https:\/\/lnkd.in\/eiAG7jdZ\" target=\"_blank\" rel=\"noopener\" data-test-app-aware-link=\"\">https:\/\/lnkd.in\/eiAG7jdZ<\/a><br \/>\nEscr\u00edbenos al +56930565235 \/ <a class=\"DUFxffkzvZTzzBLKfodAUIaDUiVRMfGZkOxoaQ \" href=\"mailto:ventaslegallexglobal@gmail.com\" target=\"_self\" data-test-app-aware-link=\"\">ventaslegallexglobal@gmail.com<\/a><br \/>\nHacemos env\u00edos a todo Chile \u2013 Starken o Correos Chile \/ Te esperamos<\/p>\n","protected":false},"featured_media":2140,"comment_status":"open","ping_status":"closed","template":"","meta":{"inline_featured_image":false,"_joinchat":[]},"product_brand":[],"product_cat":[27,26],"product_tag":[],"class_list":{"0":"post-2091","1":"product","2":"type-product","3":"status-publish","4":"has-post-thumbnail","6":"product_cat-civil","7":"product_cat-derecho","9":"first","10":"instock","11":"shipping-taxable","12":"purchasable","13":"product-type-simple"},"_links":{"self":[{"href":"https:\/\/bibliotecajuridicavirtual.cl\/index.php\/wp-json\/wp\/v2\/product\/2091","targetHints":{"allow":["GET"]}}],"collection":[{"href":"https:\/\/bibliotecajuridicavirtual.cl\/index.php\/wp-json\/wp\/v2\/product"}],"about":[{"href":"https:\/\/bibliotecajuridicavirtual.cl\/index.php\/wp-json\/wp\/v2\/types\/product"}],"replies":[{"embeddable":true,"href":"https:\/\/bibliotecajuridicavirtual.cl\/index.php\/wp-json\/wp\/v2\/comments?post=2091"}],"wp:featuredmedia":[{"embeddable":true,"href":"https:\/\/bibliotecajuridicavirtual.cl\/index.php\/wp-json\/wp\/v2\/media\/2140"}],"wp:attachment":[{"href":"https:\/\/bibliotecajuridicavirtual.cl\/index.php\/wp-json\/wp\/v2\/media?parent=2091"}],"wp:term":[{"taxonomy":"product_brand","embeddable":true,"href":"https:\/\/bibliotecajuridicavirtual.cl\/index.php\/wp-json\/wp\/v2\/product_brand?post=2091"},{"taxonomy":"product_cat","embeddable":true,"href":"https:\/\/bibliotecajuridicavirtual.cl\/index.php\/wp-json\/wp\/v2\/product_cat?post=2091"},{"taxonomy":"product_tag","embeddable":true,"href":"https:\/\/bibliotecajuridicavirtual.cl\/index.php\/wp-json\/wp\/v2\/product_tag?post=2091"}],"curies":[{"name":"wp","href":"https:\/\/api.w.org\/{rel}","templated":true}]}}