{"id":2092,"date":"2026-02-28T00:58:19","date_gmt":"2026-02-28T03:58:19","guid":{"rendered":"https:\/\/bibliotecajuridicavirtual.cl\/?post_type=product&#038;p=2092"},"modified":"2026-02-28T00:58:48","modified_gmt":"2026-02-28T03:58:48","slug":"manual-de-contabilidad-para-abogados-arnoldo-composto-canales-2-edicion-ano-1996-228-paginas","status":"publish","type":"product","link":"https:\/\/bibliotecajuridicavirtual.cl\/index.php\/product\/manual-de-contabilidad-para-abogados-arnoldo-composto-canales-2-edicion-ano-1996-228-paginas\/","title":{"rendered":"Manual de Contabilidad para Abogados &#8211; Arnoldo Composto Canales &#8211; 2\u00b0 edici\u00f3n a\u00f1o 1996, 228 P\u00e1ginas"},"content":{"rendered":"<p style=\"font-weight: 400;\">El presente trabajo, basado en las clases de Contabilidad Legal impartidas por el autor en los cursos semestrales de Contabilidad Legal en las Escuelas de Derecho de las Universidades de Valpara\u00edso y Cat\u00f3lica de Valpara\u00edso, comprende tres partes cuyo objetivo es capacitar al alumno en la lectura de los estados finales de Contabilidad. Esta finalidad s\u00f3lo puede lograrse despu\u00e9s de dar a conocer los principios fundamentales que explican los principios b\u00e1sicos y t\u00e9cnica operativa de la Contabilidad. La exposici\u00f3n se basa en la Ecuaci\u00f3n del Patrimonio, t\u00e9rmino conocido de los juristas y al cual s\u00f3lo se le asigna una expresi\u00f3n num\u00e9rica sin cambiar los conceptos etimol\u00f3gicos del t\u00e9rmino; finaliza esta primera parte, de car\u00e1cter eminentemente t\u00e9cnico, con la presentaci\u00f3n de los estados finales de Contabilidad.<\/p>\n<p style=\"font-weight: 400;\">En la segunda parte, se trata el aspecto formal de la Contabilidad, analizando las disposiciones legales de car\u00e1cter comercial y tributario referentes a los registros contables. En la actividad privada los libros de contabilidad tienen, en la mayor\u00eda de los casos, una funci\u00f3n mercantil y otra, de \u00edndole tributaria, siendo una obligaci\u00f3n doble en ciertos casos, como es la situaci\u00f3n de los comerciantes afectados por los art\u00edculos 25 del C\u00f3digo de Comercio e inciso primero del art\u00edculo 17 del C\u00f3digo Tributario, a las que dan cumplimiento formal con un mismo juego de libros.<\/p>\n<p style=\"font-weight: 400;\">Por \u00faltimo, y con el fin de acrecentar los conocimientos b\u00e1sicos que permitan la lectura de balances clasificados, se analizan someramente cuestiones de car\u00e1cter jur\u00eddico-contable, como gastos e ingresos diferidos y acumulados, determinaci\u00f3n contable de la renta l\u00edquida imponible de Primera Categor\u00eda, depreciaciones, cr\u00e9ditos incobrables, gastos de organizaci\u00f3n y puesta en marcha, p\u00e9rdidas de arrastre, contabilidad de sociedades, revalorizaciones, correcci\u00f3n monetaria, cesiones de derechos en sociedades, gratificaciones legales y balances clasificados.<\/p>\n<p style=\"font-weight: 400;\">Seg\u00fan se ha expuesto, la pretensi\u00f3n final es habilitar en la lectura de los estados finales de Contabilidad, m\u00e1s en ning\u00fan caso la de formar profesionales en el \u00e1rea contable; es una disciplina auxiliar a los abogados, tal como lo son los cursos de Derecho que se imparten a los estudiantes de contabilidad, auditor\u00eda e ingenier\u00eda comercial en sus carreras.<\/p>\n<p style=\"font-weight: 400;\">Las explicaciones y desarrollo de las materias est\u00e1n circunscritos a las contabilidades de car\u00e1cter privado. No se analiza la Contabilidad P\u00fablica o del Estado.<\/p>\n<p style=\"font-weight: 400;\"><b><strong>PRIMERA PARTE<\/strong><\/b><br \/>\n<b><strong>OPERATIVA CONTABLE<\/strong><\/b><\/p>\n<p style=\"font-weight: 400;\"><b><strong>CAP\u00cdTULO I<\/strong><\/b><br \/>\n<b><strong>DE LA CONTABILIDAD<\/strong><\/b><\/p>\n<p style=\"font-weight: 400;\">Generalidades<br \/>\n1. Aplicaci\u00f3n<br \/>\n2. Definici\u00f3n<br \/>\n3. Funciones<br \/>\n4. Tenedur\u00eda de libros<br \/>\n5. Clasificaci\u00f3n de contabilidades<br \/>\n6. Auditor\u00eda<br \/>\n7. Personas obligadas legalmente a llevar contabilidad<\/p>\n<p style=\"font-weight: 400;\"><b><strong>CAP\u00cdTULO II<\/strong><\/b><br \/>\n<b><strong>LA ECUACI\u00d3N DEL PATRIMONIO<\/strong><\/b><\/p>\n<p style=\"font-weight: 400;\">Conceptos<br \/>\n8. Concepto jur\u00eddico de patrimonio<br \/>\n9. Elementos del patrimonio<br \/>\n10. Contenido del patrimonio<br \/>\n11. Acepciones del vocablo patrimonio<br \/>\n12. Patrimonios contables<br \/>\n13. Activo<br \/>\n14. Pasivo<br \/>\n15. Patrimonio l\u00edquido<br \/>\n16. Presentaci\u00f3n paralela de contenidos de patrimonio jur\u00eddico y contable<br \/>\n17. Definiciones tributarias de capital. Formulaci\u00f3n de la ecuaci\u00f3n<br \/>\n18. Fundamento de la Contabilidad. Ecuaci\u00f3n patrimonial<br \/>\n19. Variaciones en la Ecuaci\u00f3n del Patrimonio<\/p>\n<p style=\"font-weight: 400;\"><b><strong>CAP\u00cdTULO III<\/strong><\/b><br \/>\n<b><strong>REGISTRO DE OPERACIONES<\/strong><\/b><\/p>\n<p style=\"font-weight: 400;\">Bases del Registro<br \/>\n20. Anotaci\u00f3n en forma vertical<br \/>\n21. Ejemplo de registro vertical<br \/>\n22. Anotaciones en ambos lados de los elementos<br \/>\n23. La partida doble<\/p>\n<p style=\"font-weight: 400;\"><b><strong>CAP\u00cdTULO IV<\/strong><\/b><br \/>\n<b><strong>LOS ESTADOS FINALES DE CONTABILIDAD<\/strong><\/b><\/p>\n<ol start=\"24\">\n<li style=\"font-weight: 400;\">El Balance General<br \/>\n25. Activo disponible<br \/>\n26. Activo realizable<br \/>\n27. Activo inmovilizado<br \/>\n28. Activo transitorio<br \/>\n29. Activo nominal<br \/>\n30. Pasivo exigible<br \/>\n31. Pasivo transitorio<br \/>\n32. Pasivo no exigible<br \/>\n33. El Estado de P\u00e9rdidas y Ganancias<br \/>\n34. Presentaci\u00f3n gr\u00e1fica del Estado de P\u00e9rdidas y Ganancias<br \/>\n35. Per\u00edodo contable<\/li>\n<\/ol>\n<p style=\"font-weight: 400;\"><b><strong>CAP\u00cdTULO V<\/strong><\/b><br \/>\n<b><strong>LA CUENTA<\/strong><\/b><\/p>\n<p style=\"font-weight: 400;\">1- De las cuentas<br \/>\n36. Generalidades sobre las cuentas<br \/>\n37. Cuentas obligatorias<br \/>\n38. Definici\u00f3n de cuenta<br \/>\n39. Disposici\u00f3n gr\u00e1fica de las cuentas y terminolog\u00eda contable<\/p>\n<p>2- Clasificaci\u00f3n de las cuentas<br \/>\n40. Cuentas de Balance General<br \/>\n41. Cuentas del Estado de P\u00e9rdidas y Ganancias<br \/>\n42. Cuentas Mixtas<\/p>\n<p style=\"font-weight: 400;\">3- Registros en cuentas<br \/>\n43. Registro de operaciones en las cuentas<br \/>\n44. Ejercicio de registro en cuentas<br \/>\n45. Clasificaci\u00f3n de las cuentas seg\u00fan la Contabilidad cl\u00e1sica<br \/>\n46. De algunas cuentas en particular<br \/>\n47. Capital<br \/>\n48. Caja<br \/>\n49. Gastos Personales o Particulares<br \/>\n50. Banco<br \/>\n51. Bienes Ra\u00edces<br \/>\n52. Acciones o Valores Mobiliarios<br \/>\n53. Varios Deudores<br \/>\n54. Documentos por Cobrar<br \/>\n55. Varios Acreedores<br \/>\n56. Documentos por Pagar<br \/>\n57. P\u00e9rdidas y ganancias<\/p>\n<p style=\"font-weight: 400;\"><b><strong>CAP\u00cdTULO VI<\/strong><\/b><br \/>\n<b><strong>REGISTRO PRELIMINAR DE LAS TRANSACCIONES<\/strong><\/b><\/p>\n<ol start=\"58\">\n<li style=\"font-weight: 400;\">Registro preliminar<br \/>\n59. An\u00e1lisis de transacciones contables<br \/>\n60. Los asientos<\/li>\n<\/ol>\n<p style=\"font-weight: 400;\"><b><strong>CAP\u00cdTULO VII<\/strong><\/b><br \/>\n<b><strong>BALANCES Y CIERRE DE CUENTAS<\/strong><\/b><\/p>\n<p style=\"font-weight: 400;\">1.- Balances<br \/>\n61. Concepto de Balance<br \/>\n62. Balance de comprobaci\u00f3n de sumas<br \/>\n63. Balance de comprobaci\u00f3n y saldos<br \/>\n64. Estados de situaci\u00f3n<br \/>\n65. Balance General<br \/>\n66. Disposiciones legales<br \/>\n67. Confecci\u00f3n de Balances Generales<br \/>\n68. Balance General a ocho columnas o Balance para el Servicio de Impuestos Internos<br \/>\n69. Declaraci\u00f3n Anual de Impuesto a la Renta<br \/>\n70. Balance inicial<\/p>\n<p style=\"font-weight: 400;\">2- Cierre de las Cuentas<br \/>\n71. Centralizaci\u00f3n y determinaci\u00f3n del resultado econ\u00f3mico por cierre de cuentas<br \/>\n72. Capitalizaci\u00f3n de utilidades<br \/>\n73. Cierre de las cuentas de Balance General<br \/>\n74. Asiento de reapertura<\/p>\n<p style=\"font-weight: 400;\"><b><strong>SEGUNDA PARTE<\/strong><\/b><br \/>\n<b><strong>REGULACI\u00d3N FORMAL DE LA CONTABILIDAD<\/strong><\/b><\/p>\n<p style=\"font-weight: 400;\"><b><strong>CAP\u00cdTULO I<\/strong><\/b><br \/>\n<b><strong>REGISTROS O LIBROS DE CONTABILIDAD<\/strong><\/b><\/p>\n<ol start=\"75\">\n<li style=\"font-weight: 400;\">Funciones comercial y tributaria de los libros de contabilidad<br \/>\n76. Plan de cuentas<br \/>\n77. Registros contables o libros de contabilidad<br \/>\n78. Clasificaci\u00f3n de los libros de contabilidad<br \/>\n79. Sistemas legales sobre libros de contabilidad<br \/>\n80. Contabilidad completa<br \/>\n81. Otros libros obligatorios<\/li>\n<\/ol>\n<p style=\"font-weight: 400;\"><b><strong>CAP\u00cdTULO II<\/strong><\/b><br \/>\n<b><strong>CONTABILIDADES DIGNAS DE FE<\/strong><\/b><\/p>\n<ol start=\"82\">\n<li style=\"font-weight: 400;\">Contabilidad fidedigna<br \/>\n83. Documentos o comprobantes contables<br \/>\n84. Exigencia legal de documentos<br \/>\n85. Valor probatorio de los documentos<br \/>\n86. Requisitos de los libros<br \/>\n87. Requisitos internos o intr\u00ednsecos<br \/>\n88. Contraasientos rectificatorios<br \/>\n89. Anotaci\u00f3n en los libros<br \/>\n90. Patrocinio de contadores<br \/>\n91. M\u00e9todo jornalizador<br \/>\n92. M\u00e9todo centralizador<\/li>\n<\/ol>\n<p style=\"font-weight: 400;\"><b><strong>CAP\u00cdTULO III<\/strong><\/b><br \/>\n<b><strong>LIBROS PRINCIPALES<\/strong><\/b><\/p>\n<p style=\"font-weight: 400;\">Diario, Mayor e Inventarios y Balances<br \/>\n93. El libro Diario<br \/>\n94. El libro Mayor<br \/>\n95. Rayado corriente del libro Mayor<br \/>\n96. Pases o traspasos al Mayor<br \/>\n97. Formalidades en el libro Mayor<br \/>\n98. El libro de Inventarios y Balances<br \/>\n99. Valorizaciones de inventarios<br \/>\n100. Clasificaci\u00f3n de inventarios<\/p>\n<ol start=\"101\">\n<li style=\"font-weight: 400;\">Anotaciones de inventarios<br \/>\n102. Inventario permanente<\/li>\n<\/ol>\n<p style=\"font-weight: 400;\">De otras cuestiones legales sobre los libros<br \/>\n103. Conservaci\u00f3n de libros y documentos de contabilidad<br \/>\n104. P\u00e9rdida o inutilizaci\u00f3n de los libros o documentos que sirvan para acreditar las anotaciones contables<br \/>\n105. Exhibici\u00f3n de libros y documentos<br \/>\n106. Incautaci\u00f3n de libros<br \/>\n107. Valor probatorio de los libros<br \/>\n108. Jurisprudencia sobre libros de contabilidad<br \/>\n109. Operaciones a registrar<\/p>\n<p style=\"font-weight: 400;\"><b><strong>TERCERA PARTE<\/strong><\/b><br \/>\n<b><strong>CUESTIONES JUR\u00cdDICO-CONTABLES<\/strong><\/b><\/p>\n<p style=\"font-weight: 400;\"><b><strong>CAP\u00cdTULO I<\/strong><\/b><br \/>\n<b><strong>AJUSTE CUENTA MERCADER\u00cdAS<\/strong><\/b><\/p>\n<ol start=\"110\">\n<li style=\"font-weight: 400;\">Cuenta Mercader\u00edas Generales<br \/>\n111. Contabilizaci\u00f3n Impuesto al Valor Agregado<\/li>\n<\/ol>\n<p style=\"font-weight: 400;\"><b><strong>CAP\u00cdTULO II<\/strong><\/b><br \/>\n<b><strong>GASTOS E INGRESOS DIFERIDOS Y ACUMULADOS<\/strong><\/b><\/p>\n<p style=\"font-weight: 400;\"><b><strong>Principios de correlaci\u00f3n entre gastos e ingresos y del devengo de gastos e ingresos<\/strong><\/b><\/p>\n<p>Art\u00edculo 16 incisos 90 y 100 C\u00f3digo Tributario<br \/>\n112. Ajustes por gastos e ingresos<br \/>\n113. Gastos diferidos o gastos anticipados<br \/>\n114. Ingresos diferidos o percibidos por adelantado<br \/>\n115. Gastos acumulados o adeudados<br \/>\n116. Ingresos acumulados<\/p>\n<p style=\"font-weight: 400;\"><b><strong>CAP\u00cdTULO III<\/strong><\/b><br \/>\n<b><strong>DETERMINACI\u00d3N CONTABLE DE LA RENTA EFECTIVA<\/strong><\/b><\/p>\n<ol start=\"117\">\n<li style=\"font-weight: 400;\">Antecedentes sobre determinaci\u00f3n contable de la Renta Efectiva<br \/>\n118. Gastos enumerados en el art. 31 Ley sobre Impuesto a la Renta<br \/>\n119. Cuentas incobrables<br \/>\n120. Depreciaciones<br \/>\n121. Determinaci\u00f3n de la depreciaci\u00f3n<br \/>\n122. Contabilizaci\u00f3n de depreciaciones<br \/>\n123. Sistema legal de depreciaciones<br \/>\n124. Depreciaciones ordinarias<br \/>\n125. Depreciaciones especiales<br \/>\n126. Depreciaciones aceleradas<br \/>\n127. Depreciaciones extraordinarias<br \/>\n128. P\u00e9rdidas deducibles<br \/>\n129. Reajustes y diferencias de cambio<br \/>\n130. Gastos de organizaci\u00f3n y puesta en marcha<br \/>\n131. Gastos de promoci\u00f3n<br \/>\n132. Los gastos de investigaci\u00f3n cient\u00edfica y tecnol\u00f3gica<br \/>\n133. Gastos de inversi\u00f3n y conservaci\u00f3n<\/li>\n<\/ol>\n<p style=\"font-weight: 400;\"><b><strong>CAP\u00cdTULO IV<\/strong><\/b><br \/>\n<b><strong>CONTABILIDAD DE SOCIEDADES<\/strong><\/b><\/p>\n<ol start=\"134\">\n<li style=\"font-weight: 400;\">Invariabilidad de la cuenta Capital<br \/>\n135. Capital nominal y real<br \/>\n136. Asientos de apertura en las sociedades<br \/>\n137. Reservas<br \/>\n138. Reservas de Capital<br \/>\n139. Disposiciones legales vigentes sobre distribuci\u00f3n de utilidades en sociedades an\u00f3nimas<br \/>\n140. Capitalizaci\u00f3n de Reservas<br \/>\n141. Valor de libros<br \/>\n142. Mayor valor de empresas unipersonales y cuotas en sociedades de personas por inclusi\u00f3n de \u201cvalores intangibles\u201d, seg\u00fan Ley No 16.271<\/li>\n<\/ol>\n<p style=\"font-weight: 400;\"><b><strong>CAP\u00cdTULO V<\/strong><\/b><br \/>\n<b><strong>REVALORIZACIONES<\/strong><\/b><\/p>\n<ol start=\"143\">\n<li style=\"font-weight: 400;\">Revalorizaciones<br \/>\n144. Correcci\u00f3n monetaria de rentas efectivas<br \/>\n145. Revalorizaci\u00f3n de Activos<br \/>\n146. Leyes sobre revalorizaciones de Activos<br \/>\n147. Revalorizaciones t\u00e9cnicas<br \/>\n148. Revalorizaci\u00f3n agricultores y otros contribuyentes seg\u00fan Ley No 18.985<br \/>\n149. Revalorizaci\u00f3n de Estados Finales de Contabilidad. Efectos de la Depreciaci\u00f3n Monetaria<br \/>\n150. M\u00e9todos de correcci\u00f3n monetaria<br \/>\n151. Revalorizaci\u00f3n del Capital Propio (seg\u00fan art\u00edculo 35 anterior Ley Impuesto a la Renta)<br \/>\n152. Correcci\u00f3n Monetaria de Activos y Pasivos. Art. 41 Ley Impuesto a la Renta<br \/>\n153. Rentas de profesionales y otros<\/li>\n<\/ol>\n<p style=\"font-weight: 400;\"><b><strong>CAP\u00cdTULO VI<\/strong><\/b><br \/>\n<b><strong>PROCEDIMIENTO DE CORRECCI\u00d3N MONETARIA DEL ART\u00cdCULO 41 LEY IMPUESTO A LA RENTA<\/strong><\/b><\/p>\n<ol start=\"154\">\n<li style=\"font-weight: 400;\">Etapas del proceso de correcci\u00f3n<br \/>\n155. Revalorizaci\u00f3n del Capital Propio. Art. 41 Ley I. a la Renta<br \/>\n156. Correcci\u00f3n monetaria de Activos<br \/>\n157. Correcci\u00f3n monetaria de Pasivos Exigibles Reajustables<br \/>\n158. Efectos tributarios del proceso de correcci\u00f3n monetaria<br \/>\n159. Normas de contabilizaci\u00f3n de la correcci\u00f3n monetaria<\/li>\n<\/ol>\n<p style=\"font-weight: 400;\"><b><strong>CAP\u00cdTULO VII<\/strong><\/b><br \/>\n<b><strong>BALANCES GENERALES CLASIFICADOS<\/strong><\/b><\/p>\n<ol start=\"160\">\n<li style=\"font-weight: 400;\">Bases de clasificaci\u00f3n de balances<br \/>\n161. Cuentas de orden<br \/>\n162. Estados de contabilidad que deben presentar las sociedades an\u00f3nimas abiertas, seg\u00fan Circular No 239 de 1982 de la Superintendencia de Valores y Seguros<\/li>\n<\/ol>\n<p style=\"font-weight: 400;\"><b><strong>CAP\u00cdTULO VIII<\/strong><\/b><br \/>\n<b><strong>OTRAS CUESTIONES JUR\u00cdDICO-CONTABLES<\/strong><\/b><\/p>\n<ol start=\"163\">\n<li style=\"font-weight: 400;\">Fondo de utilidades tributables. Art. 14 letra A) No 3 Ley Impuesto a la Renta<br \/>\n164. Gratificaciones legales<br \/>\n165. Cesi\u00f3n de derechos en sociedades de personas<\/li>\n<\/ol>\n","protected":false},"excerpt":{"rendered":"<p>Buscas un libro Jur\u00eddico.? Lo puedes encontrar en nuestra tienda virtual.<br \/>\nContamos con prestigiosos autores y muchas alternativas en sus diferentes materias al igual que grandes descuentos.! Vis\u00edtanos en <a class=\"DUFxffkzvZTzzBLKfodAUIaDUiVRMfGZkOxoaQ \" href=\"https:\/\/lnkd.in\/eiAG7jdZ\" target=\"_blank\" rel=\"noopener\" data-test-app-aware-link=\"\">https:\/\/lnkd.in\/eiAG7jdZ<\/a><br \/>\nEscr\u00edbenos al +56930565235 \/ <a class=\"DUFxffkzvZTzzBLKfodAUIaDUiVRMfGZkOxoaQ \" href=\"mailto:ventaslegallexglobal@gmail.com\" target=\"_self\" data-test-app-aware-link=\"\">ventaslegallexglobal@gmail.com<\/a><br \/>\nHacemos env\u00edos a todo Chile \u2013 Starken o Correos Chile \/ Te esperamos<\/p>\n","protected":false},"featured_media":2141,"comment_status":"open","ping_status":"closed","template":"","meta":{"inline_featured_image":false,"_joinchat":[]},"product_brand":[],"product_cat":[27,26],"product_tag":[],"class_list":{"0":"post-2092","1":"product","2":"type-product","3":"status-publish","4":"has-post-thumbnail","6":"product_cat-civil","7":"product_cat-derecho","9":"first","10":"instock","11":"shipping-taxable","12":"purchasable","13":"product-type-simple"},"_links":{"self":[{"href":"https:\/\/bibliotecajuridicavirtual.cl\/index.php\/wp-json\/wp\/v2\/product\/2092","targetHints":{"allow":["GET"]}}],"collection":[{"href":"https:\/\/bibliotecajuridicavirtual.cl\/index.php\/wp-json\/wp\/v2\/product"}],"about":[{"href":"https:\/\/bibliotecajuridicavirtual.cl\/index.php\/wp-json\/wp\/v2\/types\/product"}],"replies":[{"embeddable":true,"href":"https:\/\/bibliotecajuridicavirtual.cl\/index.php\/wp-json\/wp\/v2\/comments?post=2092"}],"wp:featuredmedia":[{"embeddable":true,"href":"https:\/\/bibliotecajuridicavirtual.cl\/index.php\/wp-json\/wp\/v2\/media\/2141"}],"wp:attachment":[{"href":"https:\/\/bibliotecajuridicavirtual.cl\/index.php\/wp-json\/wp\/v2\/media?parent=2092"}],"wp:term":[{"taxonomy":"product_brand","embeddable":true,"href":"https:\/\/bibliotecajuridicavirtual.cl\/index.php\/wp-json\/wp\/v2\/product_brand?post=2092"},{"taxonomy":"product_cat","embeddable":true,"href":"https:\/\/bibliotecajuridicavirtual.cl\/index.php\/wp-json\/wp\/v2\/product_cat?post=2092"},{"taxonomy":"product_tag","embeddable":true,"href":"https:\/\/bibliotecajuridicavirtual.cl\/index.php\/wp-json\/wp\/v2\/product_tag?post=2092"}],"curies":[{"name":"wp","href":"https:\/\/api.w.org\/{rel}","templated":true}]}}