{"id":2093,"date":"2026-02-28T00:58:19","date_gmt":"2026-02-28T03:58:19","guid":{"rendered":"https:\/\/bibliotecajuridicavirtual.cl\/?post_type=product&#038;p=2093"},"modified":"2026-02-28T00:58:49","modified_gmt":"2026-02-28T03:58:49","slug":"contrato-de-promesa-de-opcion-y-otros-acuerdos-previos-rene-abeliuk-manasevich-edicion-ano-2012-405-pag","status":"publish","type":"product","link":"https:\/\/bibliotecajuridicavirtual.cl\/index.php\/product\/contrato-de-promesa-de-opcion-y-otros-acuerdos-previos-rene-abeliuk-manasevich-edicion-ano-2012-405-pag\/","title":{"rendered":"Contrato de Promesa, de Opci\u00f3n y Otros Acuerdos Previos &#8211; Ren\u00e9 Abeliuk Manasevich &#8211; edici\u00f3n a\u00f1o 2012 \/ 405 P\u00e1g."},"content":{"rendered":"<p>Esta obra contiene un detallado y completo estudio del contrato de promesa y de todas las variantes de la negociaci\u00f3n que se producen en el proceso previo al traspaso de todo tipo de bienes, no s\u00f3lo los bienes ra\u00edces. En esta nueva edici\u00f3n la presente obra abarca todos los cambios legislativos en la materia y extiende el tratamiento a varias figuras jur\u00eddicas, principalmente al contrato de opci\u00f3n, a la legislaci\u00f3n nueva sobre el arrendamiento con promesa de venta o \u201cleasing\u201d, al cierre de negocios, a la oferta seguida de aceptaci\u00f3n, las arras, la retroventa, la preferencia o prelaci\u00f3n, y en general, a cualquier variante que incida en la comercializaci\u00f3n de bienes para preparar o conducir a su traspaso. As\u00ed mismo incorpora la legislaci\u00f3n que regula la fase previa de la enajenaci\u00f3n de bienes ra\u00edces: DFL 2, loteos irregulares y las llamadas \u201cventas en verde\u201d.<\/p>\n<p><strong>PARTE PRIMERA<\/strong><br \/>\n<strong>EL CONTRATO DE PROMESA<\/strong><\/p>\n<p>1. Enunciaci\u00f3n<\/p>\n<p><strong>CAP\u00cdTULO PRIMERO<\/strong><br \/>\n<strong>CONCEPTO Y CARACTERES PRINCIPALES<br \/>\n<\/strong><br \/>\n<strong>SECCI\u00d3N PRIMERA<\/strong><br \/>\n<strong>GENERALIDADES<\/strong><\/p>\n<p>2. Concepto y denominaci\u00f3n<br \/>\n3. Origen y desarrollo<br \/>\n4. Importancia actual<br \/>\n5. Evoluci\u00f3n hist\u00f3rica del contrato de promesa en Chile<br \/>\n6. El contrato de promesa y otras instituciones<br \/>\n7 A. Contrato de opci\u00f3n. Referencia<br \/>\n8 B. La promesa de hecho ajeno y la estipulaci\u00f3n a favor de otro<br \/>\n9 C. Otras obligaciones de contratar<br \/>\n10 D. Contratos definitivos con obligaciones pendientes o sujetos a determinadas modalidades<br \/>\n11 E. Las arras. Referencia<br \/>\n12 F. El cierre de negocios. Referencia<br \/>\n13 G y H. La retroventa y la preferencia<\/p>\n<p><strong>SECCI\u00d3N SEGUNDA<\/strong><br \/>\n<strong>CARACTERES DEL CONTRATO DE PROMESA<\/strong><\/p>\n<p>14. Enunciaci\u00f3n<br \/>\n15 A. La promesa como contrato<br \/>\n16 B. Car\u00e1cter principal<br \/>\n17 C. Car\u00e1cter preparatorio<br \/>\n18 C1. La venta a prueba<br \/>\n19 C2. El pacto de retroventa<br \/>\n20 C3. La opci\u00f3n<br \/>\n21 C4. La preferencia<br \/>\n22 C5. La suscripci\u00f3n de acciones para una sociedad an\u00f3nima en formaci\u00f3n<br \/>\n23 C6. El corretaje o mediaci\u00f3n<br \/>\n24 C7. La apertura de cr\u00e9dito<br \/>\n25 C8. La cl\u00e1usula compromisoria<br \/>\n26 C9. La tarjeta de cr\u00e9dito<br \/>\n27 D. Aplicaci\u00f3n general<br \/>\n28 D1. Situaciones dudosas de calificaci\u00f3n de un contrato como promesa<br \/>\n29 D2. Promesa de un contrato consensual<br \/>\n30 D3. Posibilidad de otorgar otros contratos que contengan promesa de contratar<br \/>\n31 E. Car\u00e1cter solemne. Referencia<br \/>\n32 F. Car\u00e1cter por regla general bilateral y oneroso. Problemas que se plantean<br \/>\n33 F 1\u00ba. Promesa unilateral de un contrato unilateral<br \/>\n34 F 2\u00ba. Promesa unilateral de un contrato bilateral<br \/>\n35 F 3\u00ba. La promesa unilateral y el contrato de opci\u00f3n. Referencia<\/p>\n<p><strong>CAP\u00cdTULO SEGUNDO<\/strong><br \/>\n<strong>REQUISITOS DE LA PROMESA<\/strong><\/p>\n<p>36. Enunciaci\u00f3n<\/p>\n<p><strong>SECCI\u00d3N PRIMERA<\/strong><br \/>\n<strong>GENERALIDADES<\/strong><\/p>\n<p>37. Pauta<br \/>\n38. Car\u00e1cter supuestamente de derecho estricto de la promesa<br \/>\n39. Sanci\u00f3n por la inobservancia de los requisitos del art\u00edculo 1554<\/p>\n<p><strong>SECCI\u00d3N SEGUNDA<\/strong><br \/>\n<strong>LA PROMESA DEBE CONSTAR POR ESCRITO<\/strong><\/p>\n<p>40. La escritura como solemnidad objetiva<br \/>\n41 A. Para el contrato de promesa basta el instrumento privado, aun si el contrato prometido requiere otra solemnidad<br \/>\n42 B. El consentimiento en la promesa<\/p>\n<p><strong>SECCI\u00d3N TERCERA<\/strong><br \/>\n<strong>LA EFICACIA DEL CONTRATO PROMETIDO<\/strong><\/p>\n<p>43. Enunciaci\u00f3n<\/p>\n<p><strong>P\u00c1RRAFO PRIMERO<\/strong><br \/>\n<strong>LA EFICACIA DEL CONTRATO PROMETIDO EN GENERAL<\/strong><\/p>\n<p>44. Pauta<br \/>\n45 A. Promesas prohibidas<br \/>\n46 B. Promesa de cosa ajena<br \/>\n47 C. Prohibiciones legales y convencionales y embargos sobre la cosa prometida<br \/>\n48 D. Capacidad y formalidades habilitantes<br \/>\n49 E. Caso de la venta en p\u00fablica subasta<br \/>\n50 F. La lesi\u00f3n enorme y la promesa de compraventa<br \/>\n51 F1. La promesa no es susceptible de rescindirse por lesi\u00f3n enorme<br \/>\n52 F2. Rescisi\u00f3n por lesi\u00f3n de la venta precedida de promesa<br \/>\n53 F3. Ejecuci\u00f3n de la promesa cuando al otorgarse la compraventa, \u00e9sta ser\u00eda rescindible por lesi\u00f3n u otra causa<br \/>\n54 G. El caso de la ley de la peque\u00f1a propiedad ra\u00edz<\/p>\n<p><strong>P\u00c1RRAFO SEGUNDO<\/strong><br \/>\n<strong>EL CONTRATO DE PROMESA Y EL R\u00c9GIMEN DE BIENES MATRIMONIALES<\/strong><\/p>\n<p>55. Enunciaci\u00f3n<br \/>\n56 A. Evoluci\u00f3n hist\u00f3rica<br \/>\n57 B. Situaci\u00f3n en los bienes familiares<br \/>\n58 C. C\u00f3nyuges separados de bienes y sujetos a participaci\u00f3n de gananciales<br \/>\n59 D. Situaci\u00f3n de la sociedad conyugal<br \/>\n60 D1. Bienes de la sociedad conyugal<br \/>\n61 D2. Bienes del marido<br \/>\n62 D3. Bienes del patrimonio reservado de la mujer casada bajo el r\u00e9gimen de sociedad conyugal<br \/>\n63 D4. Los bienes propios de la mujer casada bajo sociedad conyugal<br \/>\n64. Problemas que presentan la promesa de enajenaci\u00f3n o gravamen de los bienes propios de la mujer<br \/>\n65 A. Validez de la promesa<br \/>\n66 B. Ejecuci\u00f3n forzada de la promesa de enajenaci\u00f3n de un bien ra\u00edz social otorgada sin el consentimiento de la mujer<br \/>\n67 C. Efectos de la promesa otorgada sin consentimiento de la mujer<br \/>\n68. Falta de consentimiento del marido<br \/>\n69. Otros actos de la mujer sobre bienes propios<br \/>\n70. Jurisprudencia y doctrina<br \/>\n71. Situaci\u00f3n del contrato de promesa<br \/>\n72. Separaci\u00f3n judicial, divorcio y nulidad del matrimonio sujeto a sociedad conyugal<\/p>\n<p><strong>SECCI\u00d3N CUARTA<\/strong><br \/>\n<strong>FIJACI\u00d3N DE LA \u00c9POCA DEL OTORGAMIENTO DEL CONTRATO DEFINITIVO<\/strong><\/p>\n<p>73. Enunciaci\u00f3n<br \/>\n74 A. Plazos suspensivos y resolutorios en la promesa<br \/>\n75 B. La condici\u00f3n en la promesa<br \/>\n76 C. Condici\u00f3n y plazo<br \/>\n77 D. Modalidades indeterminadas<br \/>\n78. Caso en que la condici\u00f3n sea la obtenci\u00f3n de un pr\u00e9stamo de una instituci\u00f3n<br \/>\n79. Situaci\u00f3n actual y problemas m\u00e1s frecuentes<\/p>\n<p><strong>SECCI\u00d3N QUINTA<\/strong><br \/>\n<strong>ESPECIFICACI\u00d3N DEL CONTRATO PROMETIDO<\/strong><\/p>\n<p>80. Concepto<br \/>\n81 A. Contratos reales<br \/>\n82 B. Contratos solemnes y consensuales<br \/>\n83 C. Las partes del contrato prometido<br \/>\n84 D. Objeto prometido<br \/>\n85 E. Determinaci\u00f3n de la contraprestaci\u00f3n<\/p>\n<p><strong>CAP\u00cdTULO TERCERO<\/strong><br \/>\n<strong>EFECTOS DE LA PROMESA<\/strong><\/p>\n<p>86. Enunciaci\u00f3n<\/p>\n<p><strong>SECCI\u00d3N PRIMERA<\/strong><br \/>\n<strong>OBLIGACI\u00d3N DE OTORGAR EL CONTRATO PROMETIDO<\/strong><\/p>\n<p>87. Pauta<br \/>\n88 A. Caracter\u00edsticas de la obligaci\u00f3n de otorgar el contrato prometido: enunciaci\u00f3n<br \/>\n89 A1. La obligaci\u00f3n de otorgar el contrato prometido es de hacer<br \/>\n90 A2. Car\u00e1cter mueble<br \/>\n91 A3. Car\u00e1cter indivisible<br \/>\n92 A4. Normalmente fungible<br \/>\n93 A5. Car\u00e1cter transmisible<br \/>\n94 A6. Cesi\u00f3n de la promesa<br \/>\n95 A7. Prescripci\u00f3n de la promesa: referencia<br \/>\n96 B. La promesa no produce efectos reales<br \/>\n97 C. Inscripci\u00f3n de la promesa en registros p\u00fablicos<\/p>\n<p><strong>SECCI\u00d3N SEGUNDA<\/strong><br \/>\n<strong>OTRAS OBLIGACIONES EN LA PROMESA<\/strong><\/p>\n<p>98. Enunciaci\u00f3n<br \/>\n99 A. Otras obligaciones estipuladas por las partes<br \/>\nA1. Las obligaciones del contrato definitivo<br \/>\nA2. Obligaciones propias de la promesa<br \/>\nA3. Contratos anexos a la promesa<br \/>\n100 B. Obligaciones para el cumplimiento mismo de la promesa<br \/>\nA. Estipulaci\u00f3n expresa de la obligaci\u00f3n se\u00f1alada<br \/>\nB. Estipulaci\u00f3n como condici\u00f3n<br \/>\nC. Que en la promesa nada se diga<br \/>\n101 C. Variaciones de las prestaciones del contrato definitivo durante la vigencia de la promesa<br \/>\nC1 El precio de la compraventa prometida<br \/>\nC2. Entrega de la cosa<\/p>\n<p><strong>SECCI\u00d3N TERCERA<\/strong><br \/>\n<strong>CUMPLIMIENTO E INCUMPLIMIENTO DE LA PROMESA<\/strong><\/p>\n<p>102. Enunciaci\u00f3n<br \/>\n103. Cumplimiento voluntario de la promesa<br \/>\n104. Incumplimiento de la promesa<br \/>\n105. Derechos del acreedor en el incumplimiento imputable<br \/>\n106 A. La mora del deudor<br \/>\n107 A1. Cuando el deudor est\u00e1 en mora en la promesa<br \/>\n108 A2. Cumplimiento rec\u00edproco<br \/>\n109 A3. Excepci\u00f3n del contrato no cumplido<br \/>\n110 B. Apremio al deudor<br \/>\n111 C. Cumplimiento forzado de la promesa<br \/>\n112 D. La indemnizaci\u00f3n de perjuicios en la promesa<\/p>\n<p><strong>CAP\u00cdTULO CUARTO<\/strong><br \/>\n<strong>EXTINCI\u00d3N DE LA PROMESA<\/strong><\/p>\n<p>113. Enunciaci\u00f3n<br \/>\n114 A. La resoluci\u00f3n por incumplimiento en la promesa<br \/>\n115 B. El plazo extintivo y la llamada caducidad de la promesa<br \/>\n116 B1. La tesis de la \u201ccaducidad\u201d<br \/>\n117 B2. Refutaci\u00f3n de la tesis de la \u201ccaducidad\u201d<br \/>\n118 B3. Conclusi\u00f3n<br \/>\n119 C. La imposibilidad y el riesgo en la promesa<br \/>\n120 D. La prescripci\u00f3n en la promesa<br \/>\n121. Efectos de la extinci\u00f3n de la promesa<br \/>\n122. La demanda de precario<br \/>\n123. Otras situaciones<\/p>\n<p><strong>PARTE SEGUNDA<\/strong><br \/>\n<strong>LA OPCI\u00d3N Y EL CONTRATO DE OPCI\u00d3N<\/strong><\/p>\n<p>124. Enunciaci\u00f3n<\/p>\n<p><strong>CAP\u00cdTULO PRIMERO<\/strong><br \/>\n<strong>GENERALIDADES<br \/>\n<\/strong><br \/>\n125. La facultad de optar en el derecho<br \/>\n126. Conceptos del contrato de opci\u00f3n en el derecho comparado<br \/>\n127. Dos concepciones en el contrato de opci\u00f3n<br \/>\n128. La opci\u00f3n en la legislaci\u00f3n chilena<br \/>\n129 A. La opci\u00f3n en el C\u00f3digo de Miner\u00eda<br \/>\n130 B. El contrato de promesa con arrendamiento y el leasing<br \/>\n131. Otras formas de otorgar contratos de opci\u00f3n<br \/>\n132. Semejanzas y diferencias con otras instituciones jur\u00eddicas<br \/>\n133 A. La venta a prueba o al gusto<br \/>\n134 B. La retroventa, el contrato de opci\u00f3n y la promesa unilateral<br \/>\n135. Jurisprudencia y doctrina respecto a la retroventa<br \/>\n136. Importancia pr\u00e1ctica y te\u00f3rica de la retroventa<br \/>\n137 C. El derecho de preferencia o prelaci\u00f3n<br \/>\n138. Necesidad e importancia del contrato de opci\u00f3n<\/p>\n<p><strong>CAP\u00cdTULO SEGUNDO<\/strong><br \/>\n<strong>CARACTER\u00cdSTICAS DEL CONTRATO DE OPCI\u00d3N<\/strong><\/p>\n<p>139. Pauta<br \/>\n140 A. La opci\u00f3n es, en general, contrato unilateral<br \/>\n141 B. Es un contrato, en general, oneroso<br \/>\n142 C. Es contrato consensual, por regla general<br \/>\n143 D. Es contrato principal<br \/>\n144 E. Otras caracter\u00edsticas de la opci\u00f3n<br \/>\n145 F. Las partes y dem\u00e1s circunstancias particulares de la opci\u00f3n<br \/>\n146 G. Los riesgos y eficacia del contrato de opci\u00f3n<\/p>\n<p><strong>CAP\u00cdTULO TERCERO<\/strong><br \/>\n<strong>LA OPCI\u00d3N MINERA<\/strong><\/p>\n<p>147. Breve referencia a las soluciones del C\u00f3digo de Miner\u00eda<br \/>\n148. Actos que comprende el art\u00edculo 169 del C\u00f3digo de Miner\u00eda<br \/>\n149. El concepto de la opci\u00f3n en el C\u00f3digo de Miner\u00eda<br \/>\n150. Bienes que pueden ser objeto de los contratos del art\u00edculo 169 del C\u00f3digo de Miner\u00eda<br \/>\n151. Los riesgos del adquirente en los contratos de promesa y opci\u00f3n mineras<\/p>\n<p><strong>PARTE TERCERA<\/strong><br \/>\n<strong>SUSTITUTOS A LA PROMESA Y LA OPCI\u00d3N<\/strong><\/p>\n<p>152. Enunciaci\u00f3n<\/p>\n<p><strong>CAP\u00cdTULO PRIMERO<\/strong><br \/>\n<strong>LAS ARRAS, SE\u00d1AL O SE\u00d1A<\/strong><\/p>\n<p>153. Pauta<\/p>\n<p><strong>SECCI\u00d3N PRIMERA<\/strong><br \/>\n<strong>GENERALIDADES<\/strong><\/p>\n<p>154. Origen y desarrollo de las arras<br \/>\n155. Las arras en el c\u00f3digo civil italiano<br \/>\n156. Las arras en el C.C. chileno<\/p>\n<p><strong>SECCI\u00d3N SEGUNDA<\/strong><br \/>\n<strong>CARACTER\u00cdSTICAS DE LAS ARRAS<\/strong><\/p>\n<p>157. Caracteres especiales de las arras<br \/>\n158 A. Las arras constituyen una se\u00f1al o se\u00f1a<br \/>\n159 B. El derecho de retractarse<br \/>\n160 C. Las arras pueden ser contrato preparatorio o definitivo<br \/>\n161 D. Contrato de aplicaci\u00f3n general: las arras y el contrato de promesa<br \/>\n162 E. Otras caracter\u00edsticas de las arras<\/p>\n<p><strong>SECCI\u00d3N TERCERA<\/strong><br \/>\n<strong>LOS EFECTOS DE LAS ARRAS<\/strong><\/p>\n<p>163. Enunciaci\u00f3n<br \/>\n164 A. Derecho de retractaci\u00f3n<br \/>\n165 B. Las partes quedan convenidas<br \/>\n166 C. Restituci\u00f3n de las arras<br \/>\n167 D. Cumplimiento e incumplimiento de las partes<br \/>\n168 E. Acciones de las partes si no hay ni retractaci\u00f3n ni perfeccionamiento del contrato<br \/>\n169. Las arras como parte del precio<br \/>\n170. Las arras en el C\u00f3digo de Comercio<br \/>\n171. Conclusi\u00f3n<\/p>\n<p><strong>CAP\u00cdTULO SEGUNDO<\/strong><br \/>\n<strong>OTROS SUSTITUTOS DE USO FRECUENTE (OFERTA Y ACEPTACI\u00d3N Y CIERRE DE NEGOCIOS)<\/strong><\/p>\n<p>172. Enunciaci\u00f3n<\/p>\n<p><strong>SECCI\u00d3N PRIMERA<\/strong><br \/>\n<strong>LA OFERTA (IRREVOCABLE) Y ACEPTACI\u00d3N<\/strong><\/p>\n<p>173. Formaci\u00f3n del consentimiento<br \/>\n174. Su uso para cerrar un negocio<br \/>\n175. Producido el consentimiento, \u00bfqu\u00e9 efectos se producen?<br \/>\n176 A. Pactos accesorios<br \/>\n177 B. Entre la oferta y su aceptaci\u00f3n se cumplen los requisitos del contrato de promesa<br \/>\n178 C. Demanda de indemnizaci\u00f3n de perjuicios u otra causal<\/p>\n<p><strong>SECCI\u00d3N SEGUNDA<\/strong><br \/>\n<strong>EL CIERRE DE NEGOCIOS<br \/>\n<\/strong><br \/>\n179. Enunciaci\u00f3n<br \/>\n180. Las distintas opciones<br \/>\n181. Validez del cierre de negocios<br \/>\n182. Caracter\u00edsticas del contrato<br \/>\n183. Conclusi\u00f3n<\/p>\n<p><strong>CAP\u00cdTULO TERCERO<\/strong><br \/>\n<strong>LEASING Y ARRENDAMIENTO CON PROMESA DE VENTA<\/strong><\/p>\n<p>184. Enunciaci\u00f3n<\/p>\n<p><strong>SECCI\u00d3N PRIMERA<\/strong><br \/>\n<strong>LEY DE ARRENDAMIENTO CON PROMESA DE VENTA<\/strong><\/p>\n<p>185. Breve an\u00e1lisis del contrato de arrendamiento de viviendas con promesa de compraventa<br \/>\n186. Importancia jur\u00eddica del leasing habitacional<\/p>\n<p><strong>SECCI\u00d3N SEGUNDA<\/strong><br \/>\n<strong>EL CONTRATO DE LEASING<br \/>\n<\/strong><br \/>\n187. Enunciaci\u00f3n<br \/>\n188. Concepto. La doctrina<br \/>\n189. Concepto de la jurisprudencia<br \/>\n190. Origen y desarrollo del leasing<br \/>\n191. Tipos de leasing<br \/>\n192. Caracter\u00edsticas del contrato de leasing<br \/>\n193. Validez del leasing<br \/>\n194. Efectos del leasing<br \/>\n195 A. Derechos y obligaciones del arrendatario-adquirente<br \/>\n196 B. Derechos y obligaciones del proveedor<br \/>\n197 C. Cumplimiento e incumplimiento en el leasing<br \/>\nC1. Lesi\u00f3n enorme<br \/>\nC2. Procedencia del pacto comisorio<br \/>\nC3. Procedencia del caso fortuito<br \/>\n198. Enunciaci\u00f3n de otros conflictos<br \/>\n199 A. Competencia y procedimiento<br \/>\nA1. Procedimiento judicial en el leasing<br \/>\nA2. Aplicaci\u00f3n de la Ley del Consumidor<br \/>\n200 B. Responsabilidad del due\u00f1o de un veh\u00edculo en caso de accidente del tr\u00e1nsito<br \/>\n201 C. Pago de la multa pactada. Jurisprudencia<br \/>\n202. An\u00e1lisis de la jurisprudencia<br \/>\n203. Conclusiones sobre la figura jur\u00eddica del leasing<\/p>\n<p><strong>PARTE CUARTA<\/strong><br \/>\n<strong>SITUACIONES IMPORTANTES QUE AFECTAN A LOS ACTOS ANALIZADOS<\/strong><\/p>\n<p>204. Enunciaci\u00f3n<\/p>\n<p><strong>CAP\u00cdTULO PRIMERO<\/strong><br \/>\n<strong>LA SITUACI\u00d3N ACTUAL DEL DERECHO DE BIENES, ESPECIALMENTE RA\u00cdCES<\/strong><\/p>\n<p>205. Introducci\u00f3n<br \/>\n206. Evoluci\u00f3n del derecho de bienes ra\u00edces<br \/>\n207. Ley General de Urbanismo y Construcciones y Ministerio de Vivienda<br \/>\n208. Breve resumen de nuestra evoluci\u00f3n urbana<br \/>\n209. Algunas normas de la Ley General de Urbanismo y Construcciones<br \/>\n210. Legislaci\u00f3n sobre bienes ra\u00edces r\u00fasticos<br \/>\n211. El D.F.L. N\u00ba 2. Plan habitacional<\/p>\n<p><strong>CAP\u00cdTULO SEGUNDO<\/strong><br \/>\n<strong>RESPONSABILIDAD EN LA PRIMERA VENTA DE UNA CONSTRUCCI\u00d3N<\/strong><\/p>\n<p>212. Enunciaci\u00f3n<br \/>\n213 A. Legislaci\u00f3n vigente<br \/>\n214 B. Normas de procedimiento: demanda colectiva<br \/>\n215 C. Responsabilidad del propietario primer vendedor<br \/>\n216 D. Naturaleza jur\u00eddica. Jurisprudencia<br \/>\n217 E. Otras responsabilidades<br \/>\n218 F. L\u00edmites a la libre contrataci\u00f3n<br \/>\n219. Prescripci\u00f3n<br \/>\n220. Indemnizaciones establecidas por los tribunales<br \/>\n221. Conclusiones<\/p>\n<p><strong>CAP\u00cdTULO TERCERO<\/strong><br \/>\n<strong>PROMESA DE VENTA DE PROPIEDADES EN CONSTRUCCI\u00d3N<\/strong><\/p>\n<p>222. Introducci\u00f3n. Legislaci\u00f3n especial<br \/>\n223. Las normas civiles de la ley<br \/>\n224. El objetivo de la ley<br \/>\n225. Qui\u00e9nes deben otorgar la garant\u00eda<br \/>\n226 A. Los sujetos en esta exigencia legal<br \/>\nA1. Personas afectadas<br \/>\nA2. La hipoteca y la compraventa<br \/>\n227 B. Los requisitos en el caso de no existir recepci\u00f3n definitiva de la propiedad objeto de promesa u otro acto que se le asimile<br \/>\n228. Compraventa de inmuebles hipotecados<br \/>\n229. Constituci\u00f3n de la garant\u00eda<br \/>\n230 A. Como debe otorgarse el contrato<br \/>\n231 B. Las garant\u00edas posibles<br \/>\n232. Reemplazo de la garant\u00eda<br \/>\n233. Sanci\u00f3n en caso de infracci\u00f3n<\/p>\n<p><strong>CAP\u00cdTULO CUARTO<\/strong><br \/>\n<strong>LOS LOTEOS Y LAS POBLACIONES IRREGULARES<\/strong><\/p>\n<p>234. Enunciaci\u00f3n<br \/>\n235. Concepto de poblaci\u00f3n en estado irregular<br \/>\n236. Tr\u00e1mites posteriores al decreto presidencial<br \/>\n237. Reglamentaci\u00f3n actual de loteos y subdivisiones de terrenos<\/p>\n<p><strong>AP\u00c9NDICE<\/strong><br \/>\n<strong>CONCLUSIONES<\/strong><\/p>\n<p>238. Necesidad de la reforma legal<\/p>\n","protected":false},"excerpt":{"rendered":"<p>Buscas un libro Jur\u00eddico.? Lo puedes encontrar en nuestra tienda virtual.<br \/>\nContamos con prestigiosos autores y muchas alternativas en sus diferentes materias al igual que grandes descuentos.! Vis\u00edtanos en <a class=\"BefCxZGaSWcPFahNZGheKUNEpFkmNKjephLXQ \" href=\"https:\/\/lnkd.in\/eiAG7jdZ\" target=\"_blank\" rel=\"noopener\" data-test-app-aware-link=\"\">https:\/\/lnkd.in\/eiAG7jdZ<\/a><br \/>\nEscr\u00edbenos al +56930565235 \/ <a class=\"BefCxZGaSWcPFahNZGheKUNEpFkmNKjephLXQ \" href=\"mailto:ventaslegallexglobal@gmail.com\" target=\"_self\" data-test-app-aware-link=\"\">ventaslegallexglobal@gmail.com<\/a><br \/>\nHacemos env\u00edos a todo Chile \u2013 Starken o Correos Chile \/ Te esperamos<\/p>\n","protected":false},"featured_media":2142,"comment_status":"open","ping_status":"closed","template":"","meta":{"inline_featured_image":false,"_joinchat":[]},"product_brand":[],"product_cat":[27,26],"product_tag":[],"class_list":{"0":"post-2093","1":"product","2":"type-product","3":"status-publish","4":"has-post-thumbnail","6":"product_cat-civil","7":"product_cat-derecho","9":"first","10":"instock","11":"shipping-taxable","12":"purchasable","13":"product-type-simple"},"_links":{"self":[{"href":"https:\/\/bibliotecajuridicavirtual.cl\/index.php\/wp-json\/wp\/v2\/product\/2093","targetHints":{"allow":["GET"]}}],"collection":[{"href":"https:\/\/bibliotecajuridicavirtual.cl\/index.php\/wp-json\/wp\/v2\/product"}],"about":[{"href":"https:\/\/bibliotecajuridicavirtual.cl\/index.php\/wp-json\/wp\/v2\/types\/product"}],"replies":[{"embeddable":true,"href":"https:\/\/bibliotecajuridicavirtual.cl\/index.php\/wp-json\/wp\/v2\/comments?post=2093"}],"wp:featuredmedia":[{"embeddable":true,"href":"https:\/\/bibliotecajuridicavirtual.cl\/index.php\/wp-json\/wp\/v2\/media\/2142"}],"wp:attachment":[{"href":"https:\/\/bibliotecajuridicavirtual.cl\/index.php\/wp-json\/wp\/v2\/media?parent=2093"}],"wp:term":[{"taxonomy":"product_brand","embeddable":true,"href":"https:\/\/bibliotecajuridicavirtual.cl\/index.php\/wp-json\/wp\/v2\/product_brand?post=2093"},{"taxonomy":"product_cat","embeddable":true,"href":"https:\/\/bibliotecajuridicavirtual.cl\/index.php\/wp-json\/wp\/v2\/product_cat?post=2093"},{"taxonomy":"product_tag","embeddable":true,"href":"https:\/\/bibliotecajuridicavirtual.cl\/index.php\/wp-json\/wp\/v2\/product_tag?post=2093"}],"curies":[{"name":"wp","href":"https:\/\/api.w.org\/{rel}","templated":true}]}}