{"id":2096,"date":"2026-02-28T00:58:19","date_gmt":"2026-02-28T03:58:19","guid":{"rendered":"https:\/\/bibliotecajuridicavirtual.cl\/?post_type=product&#038;p=2096"},"modified":"2026-02-28T00:58:50","modified_gmt":"2026-02-28T03:58:50","slug":"teoria-del-tipo-penal-tipos-abiertos-y-elementos-del-deber-juridico-edicion-ano-2014-320-pag","status":"publish","type":"product","link":"https:\/\/bibliotecajuridicavirtual.cl\/index.php\/product\/teoria-del-tipo-penal-tipos-abiertos-y-elementos-del-deber-juridico-edicion-ano-2014-320-pag\/","title":{"rendered":"Teor\u00eda del Tipo Penal. Tipos Abiertos y Elementos del Deber Jur\u00eddico &#8211; edici\u00f3n a\u00f1o 2014 &#8211; 320 P\u00e1g."},"content":{"rendered":"<p>Roxin, Claus (catedr\u00e1tico alem\u00e1n):\u00a0<strong><em>Teor\u00eda del tipo penal. Tipos abiertos y elementos del deber jur\u00eddico<\/em><\/strong><em>.<\/em>\u00a0Esencia y significado de los tipos abiertos y de los elementos del deber jur\u00eddico seg\u00fan las concepciones de Welzel y Armin Kaufmann. La significaci\u00f3n de los tipos abiertos y de los elementos del deber jur\u00eddico. Cr\u00edtica y soluci\u00f3n. Cr\u00edtica conceptual. Cr\u00edtica intrasistem\u00e1tica. Cr\u00edtica dogm\u00e1tica, las funciones del tipo penal, la distinci\u00f3n de las especies de tipos. El tipo del error, el tipo sistem\u00e1tico. Traducci\u00f3n de Enrique Bacigalupo. Colecci\u00f3n:\u00a0<em>Maestros del Derecho Penal N\u00ba 42.\u00a0<\/em>2014. 320 pp.<\/p>\n","protected":false},"excerpt":{"rendered":"<p>Buscas un libro Jur\u00eddico.? Lo puedes encontrar en nuestra tienda virtual.<br \/>\nContamos con prestigiosos autores y muchas alternativas en sus diferentes materias al igual que grandes descuentos.! Vis\u00edtanos en <a class=\"tykvYtnSECpeoMKlqvoreUufywOfzdchUlzs \" href=\"https:\/\/lnkd.in\/eiAG7jdZ\" target=\"_blank\" rel=\"noopener\" data-test-app-aware-link=\"\">https:\/\/lnkd.in\/eiAG7jdZ<\/a><br \/>\nEscr\u00edbenos al +56930565235 \/ <a class=\"tykvYtnSECpeoMKlqvoreUufywOfzdchUlzs \" href=\"mailto:ventaslegallexglobal@gmail.com\" target=\"_self\" data-test-app-aware-link=\"\">ventaslegallexglobal@gmail.com<\/a><br \/>\nHacemos env\u00edos a todo Chile \u2013 Starken o Correos Chile \/ Te esperamos<\/p>\n","protected":false},"featured_media":2145,"comment_status":"open","ping_status":"closed","template":"","meta":{"inline_featured_image":false,"_joinchat":[]},"product_brand":[],"product_cat":[26,30],"product_tag":[],"class_list":{"0":"post-2096","1":"product","2":"type-product","3":"status-publish","4":"has-post-thumbnail","6":"product_cat-derecho","7":"product_cat-penal","9":"first","10":"instock","11":"shipping-taxable","12":"purchasable","13":"product-type-simple"},"_links":{"self":[{"href":"https:\/\/bibliotecajuridicavirtual.cl\/index.php\/wp-json\/wp\/v2\/product\/2096","targetHints":{"allow":["GET"]}}],"collection":[{"href":"https:\/\/bibliotecajuridicavirtual.cl\/index.php\/wp-json\/wp\/v2\/product"}],"about":[{"href":"https:\/\/bibliotecajuridicavirtual.cl\/index.php\/wp-json\/wp\/v2\/types\/product"}],"replies":[{"embeddable":true,"href":"https:\/\/bibliotecajuridicavirtual.cl\/index.php\/wp-json\/wp\/v2\/comments?post=2096"}],"wp:featuredmedia":[{"embeddable":true,"href":"https:\/\/bibliotecajuridicavirtual.cl\/index.php\/wp-json\/wp\/v2\/media\/2145"}],"wp:attachment":[{"href":"https:\/\/bibliotecajuridicavirtual.cl\/index.php\/wp-json\/wp\/v2\/media?parent=2096"}],"wp:term":[{"taxonomy":"product_brand","embeddable":true,"href":"https:\/\/bibliotecajuridicavirtual.cl\/index.php\/wp-json\/wp\/v2\/product_brand?post=2096"},{"taxonomy":"product_cat","embeddable":true,"href":"https:\/\/bibliotecajuridicavirtual.cl\/index.php\/wp-json\/wp\/v2\/product_cat?post=2096"},{"taxonomy":"product_tag","embeddable":true,"href":"https:\/\/bibliotecajuridicavirtual.cl\/index.php\/wp-json\/wp\/v2\/product_tag?post=2096"}],"curies":[{"name":"wp","href":"https:\/\/api.w.org\/{rel}","templated":true}]}}