{"id":2117,"date":"2026-02-28T00:58:40","date_gmt":"2026-02-28T03:58:40","guid":{"rendered":"https:\/\/bibliotecajuridicavirtual.cl\/?post_type=product&#038;p=2117"},"modified":"2026-02-28T00:58:52","modified_gmt":"2026-02-28T03:58:52","slug":"la-responsabilidad-civil-hacia-la-unificacion-de-sus-dos-ordenes-contractual-y-extracontractual-gabriel-h-fernandez-fernandez-ed-2024-325-pag","status":"publish","type":"product","link":"https:\/\/bibliotecajuridicavirtual.cl\/index.php\/product\/la-responsabilidad-civil-hacia-la-unificacion-de-sus-dos-ordenes-contractual-y-extracontractual-gabriel-h-fernandez-fernandez-ed-2024-325-pag\/","title":{"rendered":"La Responsabilidad Civil. Hacia la Unificaci\u00f3n de sus dos \u00d3rdenes: Contractual y Extracontractual &#8211; Gabriel H. Fern\u00e1ndez Fern\u00e1ndez, ed. 2024 &#8211; 325 P\u00e1g."},"content":{"rendered":"<p>Fern\u00e1ndez Fern\u00e1ndez, Gabriel H.: La responsabilidad civil hacia la unificaci\u00f3n de sus dos \u00f3rdenes: contractual y extracontractual. Origen y fundamentos de la doctrina dualista de la responsabilidad civil. El Derecho\u00a0 de las obligaciones y de los derechos absolutos en la concepci\u00f3n de la dogm\u00e1tica jur\u00eddica. La construcci\u00f3n de una explicaci\u00f3n te\u00f3rica de la unificaci\u00f3n de la responsabilidad civil. La justicia correctiva como fundamento \u00fanico de la pr\u00e1ctica de reparar da\u00f1os. La justificaci\u00f3n de la unificaci\u00f3n de la responsabilidad civil desde la perspectiva de su reglamentaci\u00f3n jur\u00eddica. El mejoramiento del sistema de responsabilidad civil a partir de la unificaci\u00f3n y superaci\u00f3n de los problemas que la tesis dualista plantea. 2024. 342 pp.<\/p>\n<p>\u00cdNDICE<br \/>\nPr\u00f3loGo &#8230;&#8230;&#8230;&#8230;&#8230;&#8230;&#8230;&#8230;&#8230;&#8230;&#8230;&#8230;&#8230;&#8230;&#8230;&#8230;&#8230;&#8230;&#8230;&#8230;&#8230;&#8230;&#8230;&#8230; XVII<br \/>\nintroducci\u00f3n<br \/>\n1. El tema y el subtema objeto de investigaci\u00f3n.<br \/>\nSu delimitaci\u00f3n &#8230;&#8230;&#8230;&#8230;&#8230;&#8230;&#8230;&#8230;&#8230;&#8230;&#8230;&#8230;&#8230;&#8230;&#8230;&#8230;&#8230;&#8230; 1<br \/>\n2. El estado actual de la cuesti\u00f3n &#8230;&#8230;&#8230;&#8230;&#8230;&#8230;&#8230;&#8230;&#8230;&#8230;. 10<br \/>\n3. La importancia del tema objeto de estudio y los<br \/>\nobjetivos de la investigaci\u00f3n &#8230;&#8230;&#8230;&#8230;&#8230;&#8230;&#8230;&#8230;&#8230;&#8230;&#8230;&#8230; 15<br \/>\n4. Hip\u00f3tesis &#8230;&#8230;&#8230;&#8230;&#8230;&#8230;&#8230;&#8230;&#8230;&#8230;&#8230;&#8230;&#8230;&#8230;&#8230;&#8230;&#8230;&#8230;&#8230;&#8230;&#8230;. 20<br \/>\n5. Consideraciones metodol\u00f3gicas &#8230;&#8230;&#8230;&#8230;&#8230;&#8230;&#8230;&#8230;&#8230;&#8230;. 22<br \/>\nCap\u00edtulo I<br \/>\noriGen y Fundamentos de la doctrina<br \/>\ndualista de la resPonsabilidad civil<br \/>\n1. Los antecedentes de la responsabilidad civil. Los<br \/>\nor\u00edgenes de Roma &#8230;&#8230;&#8230;&#8230;&#8230;&#8230;&#8230;&#8230;&#8230;&#8230;&#8230;&#8230;&#8230;&#8230;&#8230;&#8230;&#8230; 36<br \/>\n2. El Bajo Imperio Romano y la obra de los<br \/>\njurisconsultos &#8230;&#8230;&#8230;&#8230;&#8230;&#8230;&#8230;&#8230;&#8230;&#8230;&#8230;&#8230;&#8230;&#8230;&#8230;&#8230;&#8230;&#8230;.. 38<br \/>\n3. El Imperio Bizantino y el Corpus Juris Civilis &#8230;&#8230;&#8230;. 39<br \/>\n4. El C\u00f3digo de Napole\u00f3n &#8230;&#8230;&#8230;&#8230;&#8230;&#8230;&#8230;&#8230;&#8230;&#8230;&#8230;&#8230;&#8230;&#8230;.. 41<br \/>\n5. La Escuela de la ex\u00e9gesis, la Escuela hist\u00f3rica y la<br \/>\nJurisprudencia de conceptos &#8230;&#8230;&#8230;&#8230;&#8230;&#8230;&#8230;&#8230;&#8230;&#8230;&#8230;. 42<br \/>\n6. El advenimiento del C\u00f3digo Civil franc\u00e9s y sus<br \/>\nconsecuencias jur\u00eddicas. La tesis cl\u00e1sica monista<br \/>\nde la responsabilidad civil &#8230;&#8230;&#8230;&#8230;&#8230;&#8230;&#8230;&#8230;&#8230;&#8230;&#8230;&#8230;.. 43<br \/>\n7. El surgimiento de la doctrina dualista. La tesis de<br \/>\nSainctelette &#8230;&#8230;&#8230;&#8230;&#8230;&#8230;&#8230;&#8230;&#8230;&#8230;&#8230;&#8230;&#8230;&#8230;&#8230;&#8230;&#8230;&#8230;&#8230;&#8230; 46<br \/>\nGabriel H. Fern\u00e1ndez Fern\u00e1ndez XII<br \/>\n8. La reacci\u00f3n contra el dualismo. La tesis de Lefebvre &#8230; 48<br \/>\n9. Las posturas mixtas &#8230;&#8230;&#8230;&#8230;&#8230;&#8230;&#8230;&#8230;&#8230;&#8230;&#8230;&#8230;&#8230;&#8230;&#8230;.. 49<br \/>\n10. La responsabilidad civil en la actualidad &#8230;&#8230;&#8230;&#8230;&#8230;. 50<br \/>\n11. El cuestionamiento del criterio de distinci\u00f3n entre<br \/>\nambos campos de la responsabilidad civil como<br \/>\nobjeto de tesis &#8230;&#8230;&#8230;&#8230;&#8230;&#8230;&#8230;&#8230;&#8230;&#8230;&#8230;&#8230;&#8230;&#8230;&#8230;&#8230;&#8230;&#8230;&#8230; 52<br \/>\nCap\u00edtulo II<br \/>\nel derecHo de las obliGaciones y de los<br \/>\nderecHos absolutos en la concePci\u00f3n de la<br \/>\ndoGm\u00e1tica jur\u00eddica. sus vinculaciones<br \/>\ncon la resPonsabilidad civil<br \/>\n1. La dogm\u00e1tica jur\u00eddica &#8230;&#8230;&#8230;&#8230;&#8230;&#8230;&#8230;&#8230;&#8230;&#8230;&#8230;&#8230;&#8230;&#8230;&#8230; 58<br \/>\n2. La relaci\u00f3n entre sanci\u00f3n y responsabilidad civil &#8230;. 65<br \/>\n3. El concepto de relaci\u00f3n obligacional &#8230;&#8230;&#8230;&#8230;&#8230;&#8230;&#8230;&#8230; 69<br \/>\n3.1. La doctrina germ\u00e1nica de la obligaci\u00f3n &#8230;&#8230;&#8230;&#8230; 69<br \/>\n3.2. Concepci\u00f3n unitaria o integradora de la<br \/>\nobligaci\u00f3n &#8230;&#8230;&#8230;&#8230;&#8230;&#8230;&#8230;&#8230;&#8230;&#8230;&#8230;&#8230;&#8230;&#8230;&#8230;&#8230;&#8230;&#8230;&#8230;.. 73<br \/>\n3.3. Obligaci\u00f3n en sentido estricto y relaci\u00f3n jur\u00eddica<br \/>\nobligacional en el C\u00f3digo de Narvaja &#8230;&#8230;&#8230;&#8230;&#8230;&#8230;. 77<br \/>\n3.4. La relaci\u00f3n obligacional en el C\u00f3digo Civil y<br \/>\nComercial de la Naci\u00f3n &#8230;&#8230;&#8230;&#8230;&#8230;&#8230;&#8230;&#8230;&#8230;&#8230;&#8230;&#8230;&#8230; 80<br \/>\n3.5. La relaci\u00f3n obligacional contemplada desde el<br \/>\npunto de vista activo &#8230;&#8230;&#8230;&#8230;&#8230;&#8230;&#8230;&#8230;&#8230;&#8230;&#8230;&#8230;&#8230;&#8230; 81<br \/>\n3.6. La relaci\u00f3n obligacional contemplada desde el<br \/>\npunto de vista pasivo &#8230;&#8230;&#8230;&#8230;&#8230;&#8230;&#8230;&#8230;&#8230;&#8230;&#8230;&#8230;&#8230;&#8230; 87<br \/>\n4. Los derechos absolutos (reales y de la personalidad<br \/>\nhumana) &#8230;&#8230;&#8230;&#8230;&#8230;&#8230;&#8230;&#8230;&#8230;&#8230;&#8230;&#8230;&#8230;&#8230;&#8230;&#8230;&#8230;&#8230;&#8230;&#8230;&#8230;. 112<br \/>\n4.1. Los distintos sistemas de derechos reales &#8230;&#8230;.. 112<br \/>\n4.2. El rasgo fison\u00f3mico de los derechos reales &#8230;&#8230;. 117<br \/>\n4.3. El sistema del C\u00f3digo Civil y Comercial de la<br \/>\nNaci\u00f3n. Los arts. 1882 y 1716 &#8230;&#8230;&#8230;&#8230;&#8230;&#8230;&#8230;&#8230;&#8230;.. 123<br \/>\n4.4. Los derechos absolutos y la responsabilidad<br \/>\nextracontractual &#8230;&#8230;&#8230;&#8230;&#8230;&#8230;&#8230;&#8230;&#8230;&#8230;&#8230;&#8230;&#8230;&#8230;&#8230;&#8230; 125<br \/>\n5. Los problemas de la responsabilidad civil que<br \/>\npersisten &#8230;&#8230;&#8230;&#8230;&#8230;&#8230;&#8230;&#8230;&#8230;&#8230;&#8230;&#8230;&#8230;&#8230;&#8230;&#8230;&#8230;&#8230;&#8230;&#8230;&#8230;. 127<br \/>\n5.1. Las inconsistencias explicativas de la doctrina<br \/>\ndualista destruyen la unidad conceptual de la<br \/>\nnoci\u00f3n de relaci\u00f3n obligacional &#8230;&#8230;&#8230;&#8230;&#8230;&#8230;&#8230;&#8230;&#8230; 127<br \/>\n\u00cdndice XIII<br \/>\n5.2. La resoluci\u00f3n del contrato y la responsabilidad<br \/>\ncivil &#8230;&#8230;&#8230;&#8230;&#8230;&#8230;&#8230;&#8230;&#8230;&#8230;&#8230;&#8230;&#8230;&#8230;&#8230;&#8230;&#8230;&#8230;&#8230;&#8230;&#8230;&#8230;.. 130<br \/>\n5.3. Ejecuci\u00f3n espec\u00edfica y responsabilidad civil &#8230;.. 135<br \/>\n5.4. Las implicaciones entre la responsabilidad<br \/>\nextracontractual y contractual &#8230;&#8230;&#8230;&#8230;&#8230;&#8230;&#8230;&#8230;&#8230; 136<br \/>\n6. Conclusiones &#8230;&#8230;&#8230;&#8230;&#8230;&#8230;&#8230;&#8230;&#8230;&#8230;&#8230;&#8230;&#8230;&#8230;&#8230;&#8230;&#8230;&#8230;&#8230;. 137<br \/>\nCap\u00edtulo III<br \/>\nla construcci\u00f3n de una exPlicaci\u00f3n te\u00f3rica<br \/>\nde la uniFicaci\u00f3n de la resPonsabilidad civil<br \/>\n1. Introducci\u00f3n &#8230;&#8230;&#8230;&#8230;&#8230;&#8230;&#8230;&#8230;&#8230;&#8230;&#8230;&#8230;&#8230;&#8230;&#8230;&#8230;&#8230;&#8230;&#8230;.. 139<br \/>\n2. Los distintos tipos de normas y sus funciones &#8230;&#8230;.. 141<br \/>\n2.1. Las normas jur\u00eddicas no responden a una<br \/>\nestructura \u00fanica &#8230;&#8230;&#8230;&#8230;&#8230;&#8230;&#8230;&#8230;&#8230;&#8230;&#8230;&#8230;&#8230;&#8230;&#8230;&#8230; 142<br \/>\n2.2. Derecho objetivo. Norma de competencia y<br \/>\npoder normativo &#8230;&#8230;&#8230;&#8230;&#8230;&#8230;&#8230;&#8230;&#8230;&#8230;&#8230;&#8230;&#8230;&#8230;&#8230;&#8230; 149<br \/>\n2.3. Norma prescriptiva y sanci\u00f3n &#8230;&#8230;&#8230;&#8230;&#8230;&#8230;&#8230;&#8230;.. 153<br \/>\n2.4. La aproximaci\u00f3n entre las posiciones de Kelsen<br \/>\ny Von Wright &#8230;&#8230;&#8230;&#8230;&#8230;&#8230;&#8230;&#8230;&#8230;&#8230;&#8230;&#8230;&#8230;&#8230;&#8230;&#8230;&#8230;.. 160<br \/>\n3. La construcci\u00f3n de la norma individual &#8230;&#8230;&#8230;&#8230;&#8230;&#8230; 162<br \/>\n3.1. La norma particular y concreta &#8230;&#8230;&#8230;&#8230;&#8230;&#8230;&#8230;.. 162<br \/>\n3.2. La norma individual como norma prescriptiva<br \/>\nde obligaci\u00f3n de derecho objetivo &#8230;&#8230;&#8230;&#8230;&#8230;&#8230;&#8230;&#8230; 170<br \/>\n3.3. La t\u00e9cnica de la sanci\u00f3n condicionada &#8230;&#8230;&#8230;&#8230;. 173<br \/>\n3.4. La incidencia de los da\u00f1os y perjuicios en la<br \/>\nestructuraci\u00f3n de la norma individual &#8230;&#8230;&#8230;&#8230;&#8230;. 175<br \/>\n3.5. La configuraci\u00f3n final de la norma &#8230;&#8230;&#8230;&#8230;&#8230;&#8230; 177<br \/>\n4. La tesis de la unificaci\u00f3n en el plano te\u00f3rico<br \/>\nconceptual &#8230;&#8230;&#8230;&#8230;&#8230;&#8230;&#8230;&#8230;&#8230;&#8230;&#8230;&#8230;&#8230;&#8230;&#8230;&#8230;&#8230;&#8230;&#8230;&#8230;. 180<br \/>\n5. Las relaciones jur\u00eddicas y la unificaci\u00f3n de la<br \/>\nresponsabilidad civil &#8230;&#8230;&#8230;&#8230;&#8230;&#8230;&#8230;&#8230;&#8230;&#8230;&#8230;&#8230;&#8230;&#8230;&#8230;.. 185<br \/>\n5.1. La creaci\u00f3n del concepto de Derecho subjetivo:<br \/>\nuna necesidad epistemol\u00f3gica &#8230;&#8230;&#8230;&#8230;&#8230;&#8230;&#8230;&#8230;&#8230;. 185<br \/>\n5.2. El derecho subjetivo: de la c\u00faspide del sistema<br \/>\nal lado activo de la relaci\u00f3n. El \u201cmovimiento de<br \/>\ntraslaci\u00f3n\u201d &#8230;&#8230;&#8230;&#8230;&#8230;&#8230;&#8230;&#8230;&#8230;&#8230;&#8230;&#8230;&#8230;&#8230;&#8230;&#8230;&#8230;&#8230;&#8230;. 190<br \/>\n5.3. El resurgimiento del problema de la juridicidad<br \/>\nde las llamadas relaciones \u201cjur\u00eddicas\u201d &#8230;&#8230;&#8230;&#8230;&#8230;.. 192<br \/>\n5.4. Las relaciones jur\u00eddicas entendidas como<br \/>\nrelaciones normativas &#8230;&#8230;&#8230;&#8230;&#8230;&#8230;&#8230;&#8230;&#8230;&#8230;&#8230;&#8230;&#8230;. 194<br \/>\nGabriel H. Fern\u00e1ndez Fern\u00e1ndez XIV<br \/>\n5.5. La juridicidad de las relaciones \u201cjur\u00eddicas\u201d&#8230;&#8230;. 196<br \/>\n5.6. La violaci\u00f3n de las conductas obligatorias y<br \/>\nfacultativas determinadas por las normas<br \/>\nindividuales y por las normas generales y<br \/>\nabstractas vistas desde la perspectiva de las<br \/>\nrelaciones jur\u00eddicas &#8230;&#8230;&#8230;&#8230;&#8230;&#8230;&#8230;&#8230;&#8230;&#8230;&#8230;&#8230;&#8230;&#8230;.. 198<br \/>\n6. Conclusiones &#8230;&#8230;&#8230;&#8230;&#8230;&#8230;&#8230;&#8230;&#8230;&#8230;&#8230;&#8230;&#8230;&#8230;&#8230;&#8230;&#8230;&#8230;&#8230;. 200<br \/>\nCap\u00edtulo IV<br \/>\nla justicia correctiva como Fundamento<br \/>\n\u00fanico de la Pr\u00e1ctica de reParar da\u00f1os<br \/>\n1. Introducci\u00f3n &#8230;&#8230;&#8230;&#8230;&#8230;&#8230;&#8230;&#8230;&#8230;&#8230;&#8230;&#8230;&#8230;&#8230;&#8230;&#8230;&#8230;&#8230;&#8230;.. 203<br \/>\n2. La concepci\u00f3n anuladora. La postura inicial de<br \/>\nColeman &#8230;&#8230;&#8230;&#8230;&#8230;&#8230;&#8230;&#8230;&#8230;&#8230;&#8230;&#8230;&#8230;&#8230;&#8230;&#8230;&#8230;&#8230;&#8230;&#8230;&#8230;.. 209<br \/>\n3. La concepci\u00f3n relacional. El planteamiento de<br \/>\nWeinrib &#8230;&#8230;&#8230;&#8230;&#8230;&#8230;&#8230;&#8230;&#8230;&#8230;&#8230;&#8230;&#8230;&#8230;&#8230;&#8230;&#8230;&#8230;&#8230;&#8230;&#8230;&#8230; 213<br \/>\n3.1. La distinci\u00f3n entre justicia correctiva y justicia<br \/>\ndistributiva &#8230;&#8230;&#8230;&#8230;&#8230;&#8230;&#8230;&#8230;&#8230;&#8230;&#8230;&#8230;&#8230;&#8230;&#8230;&#8230;&#8230;&#8230;.. 214<br \/>\n3.2. La correlaci\u00f3n bilateral e inmediata entre la<br \/>\nprovocaci\u00f3n y el padecimiento del da\u00f1o &#8230;&#8230;&#8230;&#8230;.. 216<br \/>\n3.3. La teor\u00eda del t\u00e9rmino medio y la igualaci\u00f3n<br \/>\nrelacional en disputas sobre las posesiones de<br \/>\nun individuo &#8230;&#8230;&#8230;&#8230;&#8230;&#8230;&#8230;&#8230;&#8230;&#8230;&#8230;&#8230;&#8230;&#8230;&#8230;&#8230;&#8230;&#8230; 217<br \/>\n3.4. La forma de realizar la igualaci\u00f3n: la conexi\u00f3n<br \/>\nbilateral entre las personas y las posesiones &#8230;&#8230;. 219<br \/>\n3.5. La igualaci\u00f3n refiere al da\u00f1o &#8230;&#8230;&#8230;&#8230;&#8230;&#8230;&#8230;&#8230;&#8230; 221<br \/>\n3.6. Las acciones incorrectas y la responsabilidad<br \/>\nsubjetiva &#8230;&#8230;&#8230;&#8230;&#8230;&#8230;&#8230;&#8230;&#8230;&#8230;&#8230;&#8230;&#8230;&#8230;&#8230;&#8230;&#8230;&#8230;&#8230;&#8230; 222<br \/>\n3.7. Cr\u00edticas a la concepci\u00f3n de Weinrib &#8230;&#8230;&#8230;&#8230;&#8230;&#8230; 223<br \/>\n4. La concepci\u00f3n mixta de Coleman &#8230;&#8230;&#8230;&#8230;&#8230;&#8230;&#8230;&#8230;&#8230;. 223<br \/>\n5. La responsabilidad objetiva. Tesis de Epstein &#8230;&#8230;&#8230;. 226<br \/>\n6. La tesis mixta de Papayannis: el establecimiento de<br \/>\nderechos y deberes de indemnidad como cuesti\u00f3n de<br \/>\njusticia distributiva y la vinculaci\u00f3n entre v\u00edctima y<br \/>\nofensor en el litigio como cuesti\u00f3n de justicia<br \/>\ncorrectiva &#8230;&#8230;&#8230;&#8230;&#8230;&#8230;&#8230;&#8230;&#8230;&#8230;&#8230;&#8230;&#8230;&#8230;&#8230;&#8230;&#8230;&#8230;&#8230;&#8230;&#8230; 228<br \/>\n6.1. Los derechos y deberes de indemnidad &#8230;&#8230;&#8230;&#8230; 229<br \/>\n6.2. El derecho a ser indemnizado y la implementaci\u00f3n<br \/>\nde la justicia correctiva &#8230;&#8230;&#8230;&#8230;&#8230;&#8230;&#8230;&#8230;&#8230;&#8230;&#8230;&#8230;.. 230<br \/>\n6.3. Los beneficios de la tesis de Papayannis &#8230;&#8230;&#8230;. 233<br \/>\n\u00cdndice XV<br \/>\n6.4. La teor\u00eda de los derechos y deberes de<br \/>\nindemnidad captura valores del discurso del<br \/>\nliberalismo &#8230;&#8230;&#8230;&#8230;&#8230;&#8230;&#8230;&#8230;&#8230;&#8230;&#8230;&#8230;&#8230;&#8230;&#8230;&#8230;&#8230;&#8230;&#8230; 235<br \/>\n7. La justicia correctiva como fundamento de la pr\u00e1ctica<br \/>\nde reparar da\u00f1os en la responsabilidad civil<br \/>\nextracontractual y contractual &#8230;&#8230;&#8230;&#8230;&#8230;&#8230;&#8230;&#8230;&#8230;&#8230;. 235<br \/>\n8. Conclusiones &#8230;&#8230;&#8230;&#8230;&#8230;&#8230;&#8230;&#8230;&#8230;&#8230;&#8230;&#8230;&#8230;&#8230;&#8230;&#8230;&#8230;&#8230;&#8230;. 246<br \/>\nCap\u00edtulo V<br \/>\nla justiFicaci\u00f3n de la uniFicaci\u00f3n de la<br \/>\nresPonsabilidad civil desde la PersPectiva<br \/>\nde su reGlamentaci\u00f3n jur\u00eddica<br \/>\n1. Responsabilidad contractual y extracontractual:<br \/>\n\u00bfest\u00e1n justificadas las diferencias de r\u00e9gimen<br \/>\njur\u00eddico entre una y otra? &#8230;&#8230;&#8230;&#8230;&#8230;&#8230;&#8230;&#8230;&#8230;&#8230;&#8230;&#8230;&#8230; 249<br \/>\n2. La extensi\u00f3n y previsibilidad del resarcimiento del<br \/>\nda\u00f1o &#8230;&#8230;&#8230;&#8230;&#8230;&#8230;&#8230;&#8230;&#8230;&#8230;&#8230;&#8230;&#8230;&#8230;&#8230;&#8230;&#8230;&#8230;&#8230;&#8230;&#8230;&#8230;&#8230;.. 251<br \/>\n2.1. El sistema en Uruguay &#8230;&#8230;&#8230;&#8230;&#8230;&#8230;&#8230;&#8230;&#8230;&#8230;&#8230;&#8230;. 252<br \/>\n2.2. El sistema en Argentina &#8230;&#8230;&#8230;&#8230;&#8230;&#8230;&#8230;&#8230;&#8230;&#8230;&#8230;.. 256<br \/>\n2.3. La extensi\u00f3n de la reparaci\u00f3n y la previsibilidad<br \/>\ndel da\u00f1o no son obst\u00e1culos para la unificaci\u00f3n de<br \/>\nla responsabilidad civil &#8230;&#8230;&#8230;&#8230;&#8230;&#8230;&#8230;&#8230;&#8230;&#8230;&#8230;&#8230;&#8230; 259<br \/>\n3. La prescripci\u00f3n extintiva o liberatoria &#8230;&#8230;&#8230;&#8230;&#8230;&#8230;&#8230; 261<br \/>\n4. Responsabilidad en caso de pluralidad de<br \/>\nresponsables: solidaridad pasiva &#8230;&#8230;&#8230;&#8230;&#8230;&#8230;&#8230;&#8230;&#8230;.. 264<br \/>\n5. La mora del deudor y los intereses moratorios &#8230;&#8230;&#8230; 265<br \/>\n6. El discernimiento\/imputabilidad &#8230;&#8230;&#8230;&#8230;&#8230;&#8230;&#8230;&#8230;&#8230;. 268<br \/>\n7. Las obligaciones de medios, de resultado y la<br \/>\nresponsabilidad civil &#8230;&#8230;&#8230;&#8230;&#8230;&#8230;&#8230;&#8230;&#8230;&#8230;&#8230;&#8230;&#8230;&#8230;&#8230;.. 272<br \/>\n8. Actuaci\u00f3n de auxiliares &#8230;&#8230;&#8230;&#8230;&#8230;&#8230;&#8230;&#8230;&#8230;&#8230;&#8230;&#8230;&#8230;&#8230; 276<br \/>\n9. Conclusiones &#8230;&#8230;&#8230;&#8230;&#8230;&#8230;&#8230;&#8230;&#8230;&#8230;&#8230;&#8230;&#8230;&#8230;&#8230;&#8230;&#8230;&#8230;&#8230;. 277<br \/>\nCap\u00edtulo VI<br \/>\nel mejoramiento del sistema de resPonsabilidad<br \/>\ncivil a Partir de la uniFicaci\u00f3n y suPeraci\u00f3n de<br \/>\nlos Problemas que la tesis dualista Plantea<br \/>\n1. Introducci\u00f3n &#8230;&#8230;&#8230;&#8230;&#8230;&#8230;&#8230;&#8230;&#8230;&#8230;&#8230;&#8230;&#8230;&#8230;&#8230;&#8230;&#8230;&#8230;&#8230;.. 281<br \/>\n2. El problema del c\u00famulo de la responsabilidad<br \/>\ncontractual y extracontractual &#8230;&#8230;&#8230;&#8230;&#8230;&#8230;&#8230;&#8230;&#8230;&#8230;. 282<br \/>\nGabriel H. Fern\u00e1ndez Fern\u00e1ndez XVI<br \/>\n3. La obligaci\u00f3n de seguridad &#8230;&#8230;&#8230;&#8230;&#8230;&#8230;&#8230;&#8230;&#8230;&#8230;&#8230;&#8230;. 285<br \/>\n4. Deberes concretos y deberes generales: las<br \/>\ndificultades del tercer g\u00e9nero &#8230;&#8230;&#8230;&#8230;&#8230;&#8230;&#8230;&#8230;&#8230;&#8230;&#8230;. 288<br \/>\n5. El principio jura novit curia y el derecho de defensa .. 290<br \/>\n6. La implicaci\u00f3n de los dos \u00f3rdenes de responsabilidad .. 291<br \/>\n7. Ejecuci\u00f3n espec\u00edfica y por equivalente de la obligaci\u00f3n<br \/>\nincumplida &#8230;&#8230;&#8230;&#8230;&#8230;&#8230;&#8230;&#8230;&#8230;&#8230;&#8230;&#8230;&#8230;&#8230;&#8230;&#8230;&#8230;&#8230;&#8230;&#8230;. 293<br \/>\n8. Las relaciones entre la obligaci\u00f3n primaria y la<br \/>\nsecundaria &#8230;&#8230;&#8230;&#8230;&#8230;&#8230;&#8230;&#8230;&#8230;&#8230;&#8230;&#8230;&#8230;&#8230;&#8230;&#8230;&#8230;&#8230;&#8230;&#8230;. 296<br \/>\n9. La resoluci\u00f3n del contrato &#8230;&#8230;&#8230;&#8230;&#8230;&#8230;&#8230;&#8230;&#8230;&#8230;&#8230;&#8230;&#8230; 298<br \/>\n10. Conclusiones &#8230;&#8230;&#8230;&#8230;&#8230;&#8230;&#8230;&#8230;&#8230;&#8230;&#8230;&#8230;&#8230;&#8230;&#8230;&#8230;&#8230;&#8230;&#8230;. 300<br \/>\nCap\u00edtulo VII<br \/>\nconclusiones<br \/>\nConclusiones &#8230;&#8230;&#8230;&#8230;&#8230;&#8230;&#8230;&#8230;&#8230;&#8230;&#8230;&#8230;&#8230;&#8230;&#8230;&#8230;&#8230;&#8230;&#8230;&#8230;&#8230;.. 303<br \/>\nbiblioGraF\u00eda &#8230;&#8230;&#8230;&#8230;&#8230;&#8230;&#8230;&#8230;&#8230;&#8230;&#8230;&#8230;&#8230;&#8230;&#8230;&#8230;&#8230;&#8230;&#8230;&#8230;&#8230;&#8230; 31<\/p>\n","protected":false},"excerpt":{"rendered":"<p>Buscas un libro Jur\u00eddico.? Lo puedes encontrar en nuestra tienda virtual.<br \/>\nContamos con prestigiosos autores y muchas alternativas en sus diferentes materias al igual que grandes descuentos.! Vis\u00edtanos en <a class=\"wkQoCItOvqHdCRxuwKdNtGbXtUZMSMuRJlBQg \" href=\"https:\/\/lnkd.in\/eiAG7jdZ\" target=\"_blank\" rel=\"noopener\" data-test-app-aware-link=\"\">https:\/\/lnkd.in\/eiAG7jdZ<\/a><br \/>\nEscr\u00edbenos al +56930565235 \/ <a class=\"wkQoCItOvqHdCRxuwKdNtGbXtUZMSMuRJlBQg \" href=\"mailto:ventaslegallexglobal@gmail.com\" target=\"_self\" data-test-app-aware-link=\"\">ventaslegallexglobal@gmail.com<\/a><br \/>\nHacemos env\u00edos a todo Chile \u2013 Starken o Correos Chile \/ Te esperamos<\/p>\n","protected":false},"featured_media":2147,"comment_status":"open","ping_status":"closed","template":"","meta":{"inline_featured_image":false,"_joinchat":[]},"product_brand":[],"product_cat":[27,26],"product_tag":[],"class_list":{"0":"post-2117","1":"product","2":"type-product","3":"status-publish","4":"has-post-thumbnail","6":"product_cat-civil","7":"product_cat-derecho","9":"first","10":"instock","11":"shipping-taxable","12":"purchasable","13":"product-type-simple"},"_links":{"self":[{"href":"https:\/\/bibliotecajuridicavirtual.cl\/index.php\/wp-json\/wp\/v2\/product\/2117","targetHints":{"allow":["GET"]}}],"collection":[{"href":"https:\/\/bibliotecajuridicavirtual.cl\/index.php\/wp-json\/wp\/v2\/product"}],"about":[{"href":"https:\/\/bibliotecajuridicavirtual.cl\/index.php\/wp-json\/wp\/v2\/types\/product"}],"replies":[{"embeddable":true,"href":"https:\/\/bibliotecajuridicavirtual.cl\/index.php\/wp-json\/wp\/v2\/comments?post=2117"}],"wp:featuredmedia":[{"embeddable":true,"href":"https:\/\/bibliotecajuridicavirtual.cl\/index.php\/wp-json\/wp\/v2\/media\/2147"}],"wp:attachment":[{"href":"https:\/\/bibliotecajuridicavirtual.cl\/index.php\/wp-json\/wp\/v2\/media?parent=2117"}],"wp:term":[{"taxonomy":"product_brand","embeddable":true,"href":"https:\/\/bibliotecajuridicavirtual.cl\/index.php\/wp-json\/wp\/v2\/product_brand?post=2117"},{"taxonomy":"product_cat","embeddable":true,"href":"https:\/\/bibliotecajuridicavirtual.cl\/index.php\/wp-json\/wp\/v2\/product_cat?post=2117"},{"taxonomy":"product_tag","embeddable":true,"href":"https:\/\/bibliotecajuridicavirtual.cl\/index.php\/wp-json\/wp\/v2\/product_tag?post=2117"}],"curies":[{"name":"wp","href":"https:\/\/api.w.org\/{rel}","templated":true}]}}