{"id":2118,"date":"2026-02-28T00:58:40","date_gmt":"2026-02-28T03:58:40","guid":{"rendered":"https:\/\/bibliotecajuridicavirtual.cl\/?post_type=product&#038;p=2118"},"modified":"2026-02-28T00:58:52","modified_gmt":"2026-02-28T03:58:52","slug":"el-arbitraje-de-disputas-societarias-lorena-r-schneider-edicion-actualizada-ano-2024-219","status":"publish","type":"product","link":"https:\/\/bibliotecajuridicavirtual.cl\/index.php\/product\/el-arbitraje-de-disputas-societarias-lorena-r-schneider-edicion-actualizada-ano-2024-219\/","title":{"rendered":"El Arbitraje de Disputas Societarias &#8211; Lorena R. Schneider, edici\u00f3n actualizada a\u00f1o 2024 &#8211; 219"},"content":{"rendered":"<p style=\"font-weight: 400;\">Las disputas societarias \u00bfnacen por la lucha de poderes? \u00bfse suscitan por la distribuci\u00f3n de la autoridad o de posici\u00f3n del socio dentro de la sociedad? De ello no han de caber dudas. A ello podr\u00eda agregarse, adem\u00e1s, el abusivo ejercicio de los derechos societarios como elemento enderezado a robustecer la contienda entre socios. Todo lo mencionado demuestra que en este \u00e1mbito se presenta el elemento \u201cpoder\u201d, como centro principal dentro del cual luego desarrolla la teor\u00eda del conflicto.<\/p>\n<p style=\"font-weight: 400;\">Es indudable que el arbitraje ha iniciado un camino sin retorno, erigi\u00e9ndose como un instrumento coadyuvante en la consolidaci\u00f3n del desarrollo econ\u00f3mico y pol\u00edtico. En tal sentido, dos factores influyen aqu\u00ed: el deficiente funcionamiento de la justicia estatal para resolver este tipo de conflictos y, la particular disposici\u00f3n de las acciones societarias (sean cautelares o no) que se van acumulando y van formando un complejo cat\u00e1logo de causas diversas que se alejan del rumbo que pueda encontrar una soluci\u00f3n apropiada, ello es, en tiempo y forma. Las causas que a ello pueden atribuirse son de \u00edndole variada: excesiva dilaci\u00f3n de los procesos, extensos plazos, excesivos rigorismos muchas veces injustificados, falta de especializaci\u00f3n de algunos jueces en la materia societaria, falta de modernizaci\u00f3n y aggiornamento de la justicia y del derecho de sociedades, entre los m\u00e1s importantes.<\/p>\n<p style=\"font-weight: 400;\">Todo lo mencionado demuestra que la justicia ha dejado de ser un modo adecuado o eficaz de resoluci\u00f3n de controversias, al menos en materia societaria. Es evidente que en no pocas ocasiones la parsimonia y lentitud de la jurisdicci\u00f3n estatal (a trav\u00e9s de m\u00faltiples posibilidades de recursos interlocutorios, comunicaciones y traslados de actuaciones a las partes) impide o retrasa el funcionamiento normal de las empresas que no pueden esperar por a\u00f1os una resoluci\u00f3n definitiva y, eventualmente, la ejecuci\u00f3n forzosa de la sentencia reca\u00edda. Es all\u00ed precisamente donde cobra importancia el arbitraje y, en particular, el arbitraje societario que se desarrollar\u00e1 en la presente obra.<\/p>\n","protected":false},"excerpt":{"rendered":"<p>Buscas un libro Jur\u00eddico.? Lo puedes encontrar en nuestra tienda virtual.<br \/>\nContamos con prestigiosos autores y muchas alternativas en sus diferentes materias al igual que grandes descuentos.! Vis\u00edtanos en <a class=\"wkQoCItOvqHdCRxuwKdNtGbXtUZMSMuRJlBQg \" href=\"https:\/\/lnkd.in\/eiAG7jdZ\" target=\"_blank\" rel=\"noopener\" data-test-app-aware-link=\"\">https:\/\/lnkd.in\/eiAG7jdZ<\/a><br \/>\nEscr\u00edbenos al +56930565235 \/ <a class=\"wkQoCItOvqHdCRxuwKdNtGbXtUZMSMuRJlBQg \" href=\"mailto:ventaslegallexglobal@gmail.com\" target=\"_self\" data-test-app-aware-link=\"\">ventaslegallexglobal@gmail.com<\/a><br \/>\nHacemos env\u00edos a todo Chile \u2013 Starken o Correos Chile \/ Te esperamos<\/p>\n","protected":false},"featured_media":2148,"comment_status":"open","ping_status":"closed","template":"","meta":{"inline_featured_image":false,"_joinchat":[]},"product_brand":[],"product_cat":[27],"product_tag":[],"class_list":{"0":"post-2118","1":"product","2":"type-product","3":"status-publish","4":"has-post-thumbnail","6":"product_cat-civil","8":"first","9":"instock","10":"shipping-taxable","11":"purchasable","12":"product-type-simple"},"_links":{"self":[{"href":"https:\/\/bibliotecajuridicavirtual.cl\/index.php\/wp-json\/wp\/v2\/product\/2118","targetHints":{"allow":["GET"]}}],"collection":[{"href":"https:\/\/bibliotecajuridicavirtual.cl\/index.php\/wp-json\/wp\/v2\/product"}],"about":[{"href":"https:\/\/bibliotecajuridicavirtual.cl\/index.php\/wp-json\/wp\/v2\/types\/product"}],"replies":[{"embeddable":true,"href":"https:\/\/bibliotecajuridicavirtual.cl\/index.php\/wp-json\/wp\/v2\/comments?post=2118"}],"wp:featuredmedia":[{"embeddable":true,"href":"https:\/\/bibliotecajuridicavirtual.cl\/index.php\/wp-json\/wp\/v2\/media\/2148"}],"wp:attachment":[{"href":"https:\/\/bibliotecajuridicavirtual.cl\/index.php\/wp-json\/wp\/v2\/media?parent=2118"}],"wp:term":[{"taxonomy":"product_brand","embeddable":true,"href":"https:\/\/bibliotecajuridicavirtual.cl\/index.php\/wp-json\/wp\/v2\/product_brand?post=2118"},{"taxonomy":"product_cat","embeddable":true,"href":"https:\/\/bibliotecajuridicavirtual.cl\/index.php\/wp-json\/wp\/v2\/product_cat?post=2118"},{"taxonomy":"product_tag","embeddable":true,"href":"https:\/\/bibliotecajuridicavirtual.cl\/index.php\/wp-json\/wp\/v2\/product_tag?post=2118"}],"curies":[{"name":"wp","href":"https:\/\/api.w.org\/{rel}","templated":true}]}}