{"id":2119,"date":"2026-02-28T00:58:40","date_gmt":"2026-02-28T03:58:40","guid":{"rendered":"https:\/\/bibliotecajuridicavirtual.cl\/?post_type=product&#038;p=2119"},"modified":"2026-02-28T00:58:53","modified_gmt":"2026-02-28T03:58:53","slug":"derecho-de-obligaciones-rodrigo-gil-ljubetic-pablo-letelier-cibie-edicion-actualizada-ano-2025-480-pag","status":"publish","type":"product","link":"https:\/\/bibliotecajuridicavirtual.cl\/index.php\/product\/derecho-de-obligaciones-rodrigo-gil-ljubetic-pablo-letelier-cibie-edicion-actualizada-ano-2025-480-pag\/","title":{"rendered":"Derecho de Obligaciones &#8211; Rodrigo Gil Ljubetic * Pablo Letelier Cibi\u00e9 &#8211; edici\u00f3n actualizada a\u00f1o 2025. 480 P\u00e1g."},"content":{"rendered":"<p>En un sentido t\u00e9cnico, una obligaci\u00f3n es el v\u00ednculo jur\u00eddico en virtud del cual una persona se encuentra en la necesidad de cumplir con un deber de prestaci\u00f3n respecto de otra persona que cuenta con la prerrogativa de exigirlo. Las relaciones jur\u00eddicas de Derecho Privado se expresan principalmente en la forma de obligaciones originadas en contratos, il\u00edcitos civiles, e hip\u00f3tesis de enriquecimiento injustificado. Debido a su importancia, las reglas generales aplicables a las obligaciones han sido caracterizadas como la gram\u00e1tica del Derecho Privado. Este libro ofrece una mirada panor\u00e1mica del r\u00e9gimen general de obligaciones, exponiendo las soluciones adoptadas en el derecho chileno a los problemas que surgen a prop\u00f3sito de cada uno de los elementos de la estructura de la relaci\u00f3n obligatoria. Mediante una aproximaci\u00f3n actualizada y cr\u00edtica a estas soluciones, este libro pretende servir de material de apoyo a quienes persigan entender esta \u00e1rea fundamental del Derecho Civil Patrimonial.<\/p>\n<p>\u00cdndice<br \/>\nAgradecimientos\u00a0\u00a0 \u00a0\u00a0\u00a0 \u00a07<br \/>\nAbreviaturas\u00a0\u00a0 \u00a0\u00a0\u00a0 \u00a015<br \/>\nPr\u00f3logo\u00a0\u00a0 \u00a0\u00a0\u00a0 \u00a017<br \/>\nDANIEL PE\u00d1AILILLO AR\u00c9VALO<br \/>\nPrefacio\u00a0\u00a0 \u00a0\u00a0\u00a0 \u00a025<br \/>\nCap\u00edtulo 1<br \/>\nGENERALIDADES<br \/>\n1.1. \u00a0\u00a0 \u00a0EL R\u00c9GIMEN GENERAL DE LAS OBLIGACIONES\u00a0\u00a0 \u00a0\u00a0\u00a0 \u00a032<br \/>\n1.2. \u00a0\u00a0 \u00a0LA RELACI\u00d3N OBLIGATORIA\u00a0\u00a0 \u00a0\u00a0\u00a0 \u00a035<br \/>\n1.3. \u00a0\u00a0 \u00a0ELEMENTOS DE LA RELACI\u00d3N OBLIGATORIA\u00a0\u00a0 \u00a0\u00a0\u00a0 \u00a038<br \/>\n1.4. \u00a0\u00a0 \u00a0RELACI\u00d3N OBLIGATORIA Y DERECHOS\u00a0\u00a0 \u00a0\u00a0\u00a0 \u00a042<br \/>\n1.5.\u00a0\u00a0 \u00a0ESTRUCTURA DEL LIBRO\u00a0\u00a0 \u00a0\u00a0\u00a0 \u00a048<br \/>\nRECAPITULACI\u00d3N\u00a0\u00a0 \u00a0\u00a0\u00a0 \u00a049<br \/>\nBIBLIOGRAF\u00cdA\u00a0\u00a0 \u00a0\u00a0\u00a0 \u00a049<br \/>\nCap\u00edtulo 2<br \/>\nFUENTES DE LAS OBLIGACIONES<br \/>\n2.1. \u00a0\u00a0 \u00a0DISTINTAS DIVISIONES DEL DERECHO DE OBLIGACIONES\u00a0\u00a0 \u00a0\u00a0\u00a0 \u00a052<br \/>\n2.2. \u00a0\u00a0 \u00a0FUENTES DE LAS OBLIGACIONES EN EL DERECHO CHILENO\u00a0\u00a0 \u00a0\u00a0\u00a0 \u00a055<br \/>\n2.2.1. \u00a0\u00a0 \u00a0Contratos\u00a0\u00a0 \u00a0\u00a0\u00a0 \u00a057<br \/>\n2.2.2. \u00a0\u00a0 \u00a0Delitos y cuasidelitos\u00a0\u00a0 \u00a0\u00a0\u00a0 \u00a059<br \/>\n2.2.3. \u00a0\u00a0 \u00a0Cuasicontratos\u00a0\u00a0 \u00a0\u00a0\u00a0 \u00a062<br \/>\n2.2.4. \u00a0\u00a0 \u00a0La ley y otras fuentes no expresamente reconocidas en el C\u00f3digo Civil\u00a0\u00a0 \u00a0\u00a0\u00a0 \u00a065<br \/>\nRECAPITULACI\u00d3N\u00a0\u00a0 \u00a0\u00a0\u00a0 \u00a071<br \/>\nBIBLIOGRAF\u00cdA\u00a0\u00a0 \u00a0\u00a0\u00a0 \u00a072<br \/>\nCap\u00edtulo 3<br \/>\nLA PRESTACI\u00d3N Y SUS DISTINTAS FORMAS<br \/>\n3.1. \u00a0\u00a0 \u00a0OBLIGACIONES DE DAR, HACER Y NO HACER\u00a0\u00a0 \u00a0\u00a0\u00a0 \u00a078<br \/>\n3.1.1. \u00a0\u00a0 \u00a0Obligaciones de dar\u00a0\u00a0 \u00a0\u00a0\u00a0 \u00a079<br \/>\n3.1.2. \u00a0\u00a0 \u00a0Obligaciones de hacer\u00a0\u00a0 \u00a0\u00a0\u00a0 \u00a082<br \/>\n3.1.3. \u00a0\u00a0 \u00a0Obligaciones de no hacer\u00a0\u00a0 \u00a0\u00a0\u00a0 \u00a083<br \/>\nRECAPITULACI\u00d3N\u00a0\u00a0 \u00a0\u00a0\u00a0 \u00a084<br \/>\n3.2. \u00a0\u00a0 \u00a0OBLIGACIONES DE OBJETO \u00daNICO Y M\u00daLTIPLE\u00a0\u00a0 \u00a0\u00a0\u00a0 \u00a085<br \/>\n3.2.1. \u00a0\u00a0 \u00a0Obligaciones de simple objeto m\u00faltiple o acumulativas\u00a0\u00a0 \u00a0\u00a0\u00a0 \u00a086<br \/>\n3.2.2. \u00a0\u00a0 \u00a0Obligaciones alternativas\u00a0\u00a0 \u00a0\u00a0\u00a0 \u00a087<br \/>\n3.2.3. \u00a0\u00a0 \u00a0Obligaciones facultativas\u00a0\u00a0 \u00a0\u00a0\u00a0 \u00a093<br \/>\nRECAPITULACI\u00d3N\u00a0\u00a0 \u00a0\u00a0\u00a0 \u00a095<br \/>\n3.3. \u00a0\u00a0 \u00a0OBLIGACIONES DE MEDIOS Y DE RESULTADO\u00a0\u00a0 \u00a0\u00a0\u00a0 \u00a095<br \/>\n3.3.1. \u00a0\u00a0 \u00a0Principios generales\u00a0\u00a0 \u00a0\u00a0\u00a0 \u00a095<br \/>\n3.3.2. \u00a0\u00a0 \u00a0Criterios de distinci\u00f3n\u00a0\u00a0 \u00a0\u00a0\u00a0 \u00a098<br \/>\n3.3.3. \u00a0\u00a0 \u00a0Efectos de esta distinci\u00f3n\u00a0\u00a0 \u00a0\u00a0\u00a0 \u00a0102<br \/>\n3.3.4. \u00a0\u00a0 \u00a0Reconocimiento en el derecho chileno\u00a0\u00a0 \u00a0\u00a0\u00a0 \u00a0107<br \/>\n3.3.5. \u00a0\u00a0 \u00a0Obligaciones de mejores esfuerzos\u00a0\u00a0 \u00a0\u00a0\u00a0 \u00a0111<br \/>\nRECAPITULACI\u00d3N\u00a0\u00a0 \u00a0\u00a0\u00a0 \u00a0113<br \/>\n3.4. \u00a0\u00a0 \u00a0OBLIGACIONES ESPEC\u00cdFICAS Y GEN\u00c9RICAS\u00a0\u00a0 \u00a0\u00a0\u00a0 \u00a0113<br \/>\n3.4.1. \u00a0\u00a0 \u00a0Obligaciones de especie o cuerpo cierto\u00a0\u00a0 \u00a0\u00a0\u00a0 \u00a0115<br \/>\n3.4.2. \u00a0\u00a0 \u00a0Obligaciones de g\u00e9nero\u00a0\u00a0 \u00a0\u00a0\u00a0 \u00a0118<br \/>\nRECAPITULACI\u00d3N\u00a0\u00a0 \u00a0\u00a0\u00a0 \u00a0121<br \/>\n3.5. \u00a0\u00a0 \u00a0OBLIGACIONES DE DINERO\u00a0\u00a0 \u00a0\u00a0\u00a0 \u00a0122<br \/>\n3.5.1. \u00a0\u00a0 \u00a0Dinero\u00a0\u00a0 \u00a0\u00a0\u00a0 \u00a0122<br \/>\n3.5.2. \u00a0\u00a0 \u00a0Principios generales\u00a0\u00a0 \u00a0\u00a0\u00a0 \u00a0124<br \/>\n3.5.3. \u00a0\u00a0 \u00a0Reajustabilidad\u00a0\u00a0 \u00a0\u00a0\u00a0 \u00a0128<br \/>\n3.5.4. \u00a0\u00a0 \u00a0Intereses\u00a0\u00a0 \u00a0\u00a0\u00a0 \u00a0131<br \/>\n3.5.5. \u00a0\u00a0 \u00a0Capitalizaci\u00f3n de intereses: anatocismo o inter\u00e9s compuesto\u00a0\u00a0 \u00a0\u00a0\u00a0 \u00a0135<br \/>\n3.5.6. \u00a0\u00a0 \u00a0Criptomonedas y otras figuras modernas an\u00e1logas al dinero\u00a0\u00a0 \u00a0\u00a0\u00a0 \u00a0136<br \/>\nRECAPITULACI\u00d3N\u00a0\u00a0 \u00a0\u00a0\u00a0 \u00a0141<br \/>\nBIBLIOGRAF\u00cdA\u00a0\u00a0 \u00a0\u00a0\u00a0 \u00a0142<br \/>\nCap\u00edtulo 4<br \/>\nPLURALIDAD DE SUJETOS U OBLIGACIONES COLECTIVAS<br \/>\n4.1. \u00a0\u00a0 \u00a0LAS OBLIGACIONES DIVISIBLES Y LAS OBLIGACIONES SIMPLEMENTE CONJUNTAS\u00a0\u00a0 \u00a0\u00a0\u00a0 \u00a0145<br \/>\nRECAPITULACI\u00d3N\u00a0\u00a0 \u00a0\u00a0\u00a0 \u00a0152<br \/>\n4.2. \u00a0\u00a0 \u00a0OBLIGACIONES INDIVISIBLES\u00a0\u00a0 \u00a0\u00a0\u00a0 \u00a0153<br \/>\n4.2.1. \u00a0\u00a0 \u00a0Concepto y finalidad\u00a0\u00a0 \u00a0\u00a0\u00a0 \u00a0153<br \/>\n4.2.2. \u00a0\u00a0 \u00a0Casos de indivisibilidad legal\u00a0\u00a0 \u00a0\u00a0\u00a0 \u00a0157<br \/>\nRECAPITULACI\u00d3N\u00a0\u00a0 \u00a0\u00a0\u00a0 \u00a0170<br \/>\n4.3. \u00a0\u00a0 \u00a0OBLIGACIONES SOLIDARIAS\u00a0\u00a0 \u00a0\u00a0\u00a0 \u00a0170<br \/>\n4.3.1. \u00a0\u00a0 \u00a0Concepto y finalidad\u00a0\u00a0 \u00a0\u00a0\u00a0 \u00a0170<br \/>\n4.3.2. \u00a0\u00a0 \u00a0Solidaridad activa\u00a0\u00a0 \u00a0\u00a0\u00a0 \u00a0177<br \/>\n4.3.3. \u00a0\u00a0 \u00a0Cr\u00e9ditos sindicados\u00a0\u00a0 \u00a0\u00a0\u00a0 \u00a0178<br \/>\n4.3.4. \u00a0\u00a0 \u00a0Solidaridad pasiva\u00a0\u00a0 \u00a0\u00a0\u00a0 \u00a0179<br \/>\n4.3.5. \u00a0\u00a0 \u00a0Extinci\u00f3n de la solidaridad\u00a0\u00a0 \u00a0\u00a0\u00a0 \u00a0190<br \/>\n4.3.6. \u00a0\u00a0 \u00a0Solidaridad pasiva y la fianza\u00a0\u00a0 \u00a0\u00a0\u00a0 \u00a0193<br \/>\n4.3.7. \u00a0\u00a0 \u00a0Solidaridad pasiva y obligaciones concurrentes\u00a0\u00a0 \u00a0\u00a0\u00a0 \u00a0197<br \/>\nRECAPITULACI\u00d3N\u00a0\u00a0 \u00a0\u00a0\u00a0 \u00a0198<br \/>\nBIBLIOGRAF\u00cdA\u00a0\u00a0 \u00a0\u00a0\u00a0 \u00a0199<br \/>\nCap\u00edtulo 5<br \/>\nMODALIDADES DEL V\u00cdNCULO JUR\u00cdDICO<br \/>\n5.1. \u00a0\u00a0 \u00a0OBLIGACIONES SUJETAS A CONDICI\u00d3N\u00a0\u00a0 \u00a0\u00a0\u00a0 \u00a0204<br \/>\n5.1.1. \u00a0\u00a0 \u00a0Principios generales\u00a0\u00a0 \u00a0\u00a0\u00a0 \u00a0205<br \/>\n5.1.1.1. \u00a0\u00a0 \u00a0Tipos de condiciones\u00a0\u00a0 \u00a0\u00a0\u00a0 \u00a0207<br \/>\n5.1.1.2. \u00a0\u00a0 \u00a0Cumplimiento de las condiciones\u00a0\u00a0 \u00a0\u00a0\u00a0 \u00a0212<br \/>\n5.1.1.3.\u00a0\u00a0 \u00a0Dos reglas especiales aplicables a obligaciones condicionales reca\u00eddas sobre una especie o cuerpo cierto\u00a0\u00a0 \u00a0\u00a0\u00a0 \u00a0218<br \/>\n5.1.2. \u00a0\u00a0 \u00a0Efectos espec\u00edficos de las condiciones suspensivas y resolutorias\u00a0\u00a0 \u00a0\u00a0\u00a0 \u00a0220<br \/>\n5.1.2.1. \u00a0\u00a0 \u00a0Efectos de la condici\u00f3n suspensiva\u00a0\u00a0 \u00a0\u00a0\u00a0 \u00a0220<br \/>\n5.1.2.2. \u00a0\u00a0 \u00a0Efectos de la condici\u00f3n resolutoria\u00a0\u00a0 \u00a0\u00a0\u00a0 \u00a0222<br \/>\n5.1.3. \u00a0\u00a0 \u00a0La condici\u00f3n resolutoria t\u00e1cita\u00a0\u00a0 \u00a0\u00a0\u00a0 \u00a0226<br \/>\nRECAPITULACI\u00d3N\u00a0\u00a0 \u00a0\u00a0\u00a0 \u00a0228<br \/>\n5.2. \u00a0\u00a0 \u00a0OBLIGACIONES SUJETAS A PLAZO\u00a0\u00a0 \u00a0\u00a0\u00a0 \u00a0229<br \/>\n5.2.1. \u00a0\u00a0 \u00a0El plazo como modalidad\u00a0\u00a0 \u00a0\u00a0\u00a0 \u00a0230<br \/>\n5.2.2. \u00a0\u00a0 \u00a0Efectos de los plazos\u00a0\u00a0 \u00a0\u00a0\u00a0 \u00a0232<br \/>\n5.2.3. \u00a0\u00a0 \u00a0Extinci\u00f3n de los plazos\u00a0\u00a0 \u00a0\u00a0\u00a0 \u00a0235<br \/>\nRECAPITULACI\u00d3N\u00a0\u00a0 \u00a0\u00a0\u00a0 \u00a0237<br \/>\n5.3. \u00a0\u00a0 \u00a0OBLIGACIONES SUJETAS A MODO\u00a0\u00a0 \u00a0\u00a0\u00a0 \u00a0238<br \/>\n5.3.1. \u00a0\u00a0 \u00a0El modo como modalidad\u00a0\u00a0 \u00a0\u00a0\u00a0 \u00a0238<br \/>\n5.3.2. \u00a0\u00a0 \u00a0Efectos del modo\u00a0\u00a0 \u00a0\u00a0\u00a0 \u00a0240<br \/>\nRECAPITULACI\u00d3N\u00a0\u00a0 \u00a0\u00a0\u00a0 \u00a0242<br \/>\nBIBLIOGRAF\u00cdA\u00a0\u00a0 \u00a0\u00a0\u00a0 \u00a0243<br \/>\nCap\u00edtulo 6<br \/>\nCUMPLIMIENTO DE LAS OBLIGACIONES<br \/>\n6.1. \u00a0\u00a0 \u00a0CUMPLIMIENTO EN NATURALEZA DE LAS OBLIGACIONES: PAGO EFECTIVO\u00a0\u00a0 \u00a0\u00a0\u00a0 \u00a0247<br \/>\n6.1.1. \u00a0\u00a0 \u00a0Pago en general\u00a0\u00a0 \u00a0\u00a0\u00a0 \u00a0247<br \/>\n6.1.2. \u00a0\u00a0 \u00a0Modalidades del pago\u00a0\u00a0 \u00a0\u00a0\u00a0 \u00a0263<br \/>\n6.1.3. \u00a0\u00a0 \u00a0Pago por consignaci\u00f3n\u00a0\u00a0 \u00a0\u00a0\u00a0 \u00a0264<br \/>\nRECAPITULACI\u00d3N\u00a0\u00a0 \u00a0\u00a0\u00a0 \u00a0271<br \/>\n6.2. \u00a0\u00a0 \u00a0CUMPLIMIENTO DE LAS OBLIGACIONES POR EQUIVALENCIA\u00a0\u00a0 \u00a0\u00a0\u00a0 \u00a0272<br \/>\n6.2.1. \u00a0\u00a0 \u00a0Casos legales de cumplimiento por equivalencia\u00a0\u00a0 \u00a0\u00a0\u00a0 \u00a0273<br \/>\n6.2.1.1. \u00a0\u00a0 \u00a0Pago por cesi\u00f3n de bienes\u00a0\u00a0 \u00a0\u00a0\u00a0 \u00a0273<br \/>\n6.2.1.2. \u00a0\u00a0 \u00a0Pago con beneficio de competencia\u00a0\u00a0 \u00a0\u00a0\u00a0 \u00a0278<br \/>\n6.2.1.3. \u00a0\u00a0 \u00a0Casos de imposibilidad culpable\u00a0\u00a0 \u00a0\u00a0\u00a0 \u00a0280<br \/>\n6.2.2. \u00a0\u00a0 \u00a0Casos convencionales de cumplimiento por equivalencia\u00a0\u00a0 \u00a0\u00a0\u00a0 \u00a0281<br \/>\n6.2.2.1. \u00a0\u00a0 \u00a0Obligaciones facultativas\u00a0\u00a0 \u00a0\u00a0\u00a0 \u00a0281<br \/>\n6.2.2.2. \u00a0\u00a0 \u00a0Daci\u00f3n en pago\u00a0\u00a0 \u00a0\u00a0\u00a0 \u00a0281<br \/>\nRECAPITULACI\u00d3N\u00a0\u00a0 \u00a0\u00a0\u00a0 \u00a0284<br \/>\nBIBLIOGRAF\u00cdA\u00a0\u00a0 \u00a0\u00a0\u00a0 \u00a0285<br \/>\nCap\u00edtulo 7<br \/>\nINCUMPLIMIENTO DE LAS OBLIGACIONES<br \/>\n7.1. \u00a0\u00a0 \u00a0EJECUCI\u00d3N FORZADA DE LA PRESTACI\u00d3N\u00a0\u00a0 \u00a0\u00a0\u00a0 \u00a0290<br \/>\nRECAPITULACI\u00d3N\u00a0\u00a0 \u00a0\u00a0\u00a0 \u00a0300<br \/>\n7.2. \u00a0\u00a0 \u00a0LA RESOLUCI\u00d3N\u00a0\u00a0 \u00a0\u00a0\u00a0 \u00a0301<br \/>\n7.2.1. \u00a0\u00a0 \u00a0La condici\u00f3n resolutoria t\u00e1cita\u00a0\u00a0 \u00a0\u00a0\u00a0 \u00a0301<br \/>\n7.2.2. \u00a0\u00a0 \u00a0El pacto comisorio\u00a0\u00a0 \u00a0\u00a0\u00a0 \u00a0309<br \/>\n7.2.3. \u00a0\u00a0 \u00a0La acci\u00f3n resolutoria\u00a0\u00a0 \u00a0\u00a0\u00a0 \u00a0314<br \/>\nRECAPITULACI\u00d3N\u00a0\u00a0 \u00a0\u00a0\u00a0 \u00a0318<br \/>\n7.3. \u00a0\u00a0 \u00a0LA RESPONSABILIDAD POR INCUMPLIMIENTO DE LA OBLIGACI\u00d3N CONTRACTUAL\u00a0\u00a0 \u00a0\u00a0\u00a0 \u00a0319<br \/>\nRECAPITULACI\u00d3N\u00a0\u00a0 \u00a0\u00a0\u00a0 \u00a0329<br \/>\n7.4. \u00a0\u00a0 \u00a0LA FACULTAD DE SUSPENDER LA EXIGIBILIDAD DE LA OBLIGACI\u00d3N CORRELATIVA\u00a0\u00a0 \u00a0\u00a0\u00a0 \u00a0330<br \/>\nRECAPITULACI\u00d3N\u00a0\u00a0 \u00a0\u00a0\u00a0 \u00a0332<br \/>\nBIBLIOGRAF\u00cdA\u00a0\u00a0 \u00a0\u00a0\u00a0 \u00a0332<br \/>\nCap\u00edtulo 8<br \/>\nGARANT\u00cdA GENERAL DE LOS ACREEDORES<br \/>\n8.1. \u00a0\u00a0 \u00a0PROTECCI\u00d3N INDIRECTA DEL CR\u00c9DITO\u00a0\u00a0 \u00a0\u00a0\u00a0 \u00a0338<br \/>\n8.1.1. \u00a0\u00a0 \u00a0Medidas conservativas\u00a0\u00a0 \u00a0\u00a0\u00a0 \u00a0338<br \/>\n8.1.2. \u00a0\u00a0 \u00a0Acci\u00f3n oblicua o indirecta\u00a0\u00a0 \u00a0\u00a0\u00a0 \u00a0340<br \/>\n8.1.3. \u00a0\u00a0 \u00a0Acci\u00f3n directa\u00a0\u00a0 \u00a0\u00a0\u00a0 \u00a0342<br \/>\nRECAPITULACI\u00d3N\u00a0\u00a0 \u00a0\u00a0\u00a0 \u00a0344<br \/>\n8.2. \u00a0\u00a0 \u00a0RESTABLECIMIENTO DEL PATRIMONIO DEL DEUDOR\u00a0\u00a0 \u00a0\u00a0\u00a0 \u00a0345<br \/>\n8.2.1. \u00a0\u00a0 \u00a0Acci\u00f3n pauliana o revocatoria\u00a0\u00a0 \u00a0\u00a0\u00a0 \u00a0346<br \/>\n8.2.2. \u00a0\u00a0 \u00a0La acci\u00f3n de simulaci\u00f3n\u00a0\u00a0 \u00a0\u00a0\u00a0 \u00a0351<br \/>\n8.2.3. \u00a0\u00a0 \u00a0La doctrina del levantamiento del velo corporativo\u00a0\u00a0 \u00a0\u00a0\u00a0 \u00a0354<br \/>\nRECAPITULACI\u00d3N\u00a0\u00a0 \u00a0\u00a0\u00a0 \u00a0357<br \/>\n8.3. \u00a0\u00a0 \u00a0PRELACI\u00d3N DE CR\u00c9DITOS\u00a0\u00a0 \u00a0\u00a0\u00a0 \u00a0358<br \/>\nRECAPITULACI\u00d3N\u00a0\u00a0 \u00a0\u00a0\u00a0 \u00a0365<br \/>\nBIBLIOGRAF\u00cdA\u00a0\u00a0 \u00a0\u00a0\u00a0 \u00a0366<br \/>\nCap\u00edtulo 9<br \/>\nMODIFICACI\u00d3N DE LA RELACI\u00d3N OBLIGATORIA<br \/>\n9.1. \u00a0\u00a0 \u00a0PAGO CON SUBROGACI\u00d3N\u00a0\u00a0 \u00a0\u00a0\u00a0 \u00a0370<br \/>\nRECAPITULACI\u00d3N\u00a0\u00a0 \u00a0\u00a0\u00a0 \u00a0378<br \/>\n9.2. \u00a0\u00a0 \u00a0CESI\u00d3N DE CR\u00c9DITOS\u00a0\u00a0 \u00a0\u00a0\u00a0 \u00a0378<br \/>\nRECAPITULACI\u00d3N\u00a0\u00a0 \u00a0\u00a0\u00a0 \u00a0385<br \/>\n9.3. \u00a0\u00a0 \u00a0CESI\u00d3N O ASUNCI\u00d3N DE DEUDAS\u00a0\u00a0 \u00a0\u00a0\u00a0 \u00a0386<br \/>\nRECAPITULACI\u00d3N\u00a0\u00a0 \u00a0\u00a0\u00a0 \u00a0388<br \/>\n9.4. \u00a0\u00a0 \u00a0CESI\u00d3N DE CONTRATOS\u00a0\u00a0 \u00a0\u00a0\u00a0 \u00a0388<br \/>\nRECAPITULACI\u00d3N\u00a0\u00a0 \u00a0\u00a0\u00a0 \u00a0391<br \/>\nBIBLIOGRAF\u00cdA\u00a0\u00a0 \u00a0\u00a0\u00a0 \u00a0392<br \/>\nCap\u00edtulo 10<br \/>\nEXTINCI\u00d3N DE LA RELACI\u00d3N OBLIGATORIA<br \/>\n10.1. \u00a0\u00a0 \u00a0EXTINCI\u00d3N POR IMPOSIBILIDAD\u00a0\u00a0 \u00a0\u00a0\u00a0 \u00a0396<br \/>\n10.2. \u00a0\u00a0 \u00a0EXTINCI\u00d3N POR VOLUNTAD\u00a0\u00a0 \u00a0\u00a0\u00a0 \u00a0404<br \/>\n10.2.1. \u00a0\u00a0 \u00a0Resciliaci\u00f3n\u00a0\u00a0 \u00a0\u00a0\u00a0 \u00a0404<br \/>\n10.2.2. \u00a0\u00a0 \u00a0Remisi\u00f3n\u00a0\u00a0 \u00a0\u00a0\u00a0 \u00a0407<br \/>\nRECAPITULACI\u00d3N\u00a0\u00a0 \u00a0\u00a0\u00a0 \u00a0410<br \/>\n10.3. \u00a0\u00a0 \u00a0EXTINCI\u00d3N POR REEMPLAZO DE LA RELACI\u00d3N JUR\u00cdDICA\u00a0\u00a0 \u00a0\u00a0\u00a0 \u00a0410<br \/>\n10.3.1. \u00a0\u00a0 \u00a0Novaci\u00f3n\u00a0\u00a0 \u00a0\u00a0\u00a0 \u00a0410<br \/>\n10.3.2. \u00a0\u00a0 \u00a0Transacci\u00f3n\u00a0\u00a0 \u00a0\u00a0\u00a0 \u00a0421<br \/>\nRECAPITULACI\u00d3N\u00a0\u00a0 \u00a0\u00a0\u00a0 \u00a0425<br \/>\n10.4. \u00a0\u00a0 \u00a0EXTINCI\u00d3N POR COMPENSACI\u00d3N\u00a0\u00a0 \u00a0\u00a0\u00a0 \u00a0426<br \/>\nRECAPITULACI\u00d3N\u00a0\u00a0 \u00a0\u00a0\u00a0 \u00a0431<br \/>\n10.5. \u00a0\u00a0 \u00a0EXTINCI\u00d3N POR CONFUSI\u00d3N\u00a0\u00a0 \u00a0\u00a0\u00a0 \u00a0432<br \/>\nRECAPITULACI\u00d3N\u00a0\u00a0 \u00a0\u00a0\u00a0 \u00a0433<br \/>\n10.6. \u00a0\u00a0 \u00a0PRESCRIPCI\u00d3N EXTINTIVA\u00a0\u00a0 \u00a0\u00a0\u00a0 \u00a0434<br \/>\nRECAPITULACI\u00d3N\u00a0\u00a0 \u00a0\u00a0\u00a0 \u00a0447<br \/>\nBIBLIOGRAF\u00cdA\u00a0\u00a0 \u00a0\u00a0\u00a0 \u00a0448<br \/>\nCap\u00edtulo 11<br \/>\nPROYECCI\u00d3N DE LAS OBLIGACIONES<br \/>\nY RELACIONES JUR\u00cdDICAS SUBSECUENTES<br \/>\n11.1. \u00a0\u00a0 \u00a0OBLIGACIONES NATURALES\u00a0\u00a0 \u00a0\u00a0\u00a0 \u00a0452<br \/>\n11.1.1. \u00a0\u00a0 \u00a0La idea de obligaci\u00f3n natural\u00a0\u00a0 \u00a0\u00a0\u00a0 \u00a0453<br \/>\n11.1.2. \u00a0\u00a0 \u00a0Obligaciones naturales en el C\u00f3digo Civil\u00a0\u00a0 \u00a0\u00a0\u00a0 \u00a0455<br \/>\n11.1.2.1. \u00a0\u00a0 \u00a0Obligaciones civiles nulas o rescindibles\u00a0\u00a0 \u00a0\u00a0\u00a0 \u00a0455<br \/>\n11.1.2.2. \u00a0\u00a0 \u00a0Obligaciones civiles desvirtuadas\u00a0\u00a0 \u00a0\u00a0\u00a0 \u00a0457<br \/>\n11.1.2.3. \u00a0\u00a0 \u00a0\u00bfOtras obligaciones naturales?\u00a0\u00a0 \u00a0\u00a0\u00a0 \u00a0459<br \/>\n11.1.3. \u00a0\u00a0 \u00a0Efectos de las obligaciones naturales\u00a0\u00a0 \u00a0\u00a0\u00a0 \u00a0461<br \/>\nRECAPITULACI\u00d3N\u00a0\u00a0 \u00a0\u00a0\u00a0 \u00a0463<br \/>\n11.2. \u00a0\u00a0 \u00a0OBLIGACIONES RESTITUTORIAS QUE SE SIGUEN DEL FIN DEL CONTRATO\u00a0\u00a0 \u00a0\u00a0\u00a0 \u00a0464<br \/>\nRECAPITULACI\u00d3N\u00a0\u00a0 \u00a0\u00a0\u00a0 \u00a0471<br \/>\n11.3. \u00a0\u00a0 \u00a0OBLIGACIONES DE REEMBOLSO QUE SE SIGUEN DEL CUMPLIMIENTO DE OBLIGACIONES SUBSIDIARIAS, SOLIDARIAS E INDIVISIBLES\u00a0\u00a0 \u00a0\u00a0\u00a0 \u00a0472<br \/>\nRECAPITULACI\u00d3N\u00a0\u00a0 \u00a0\u00a0\u00a0 \u00a0475<br \/>\nBIBLIOGRAF\u00cdA\u00a0\u00a0 \u00a0\u00a0\u00a0 \u00a0476<\/p>\n","protected":false},"excerpt":{"rendered":"<p>Buscas un libro Jur\u00eddico.? Lo puedes encontrar en nuestra tienda virtual.<br \/>\nContamos con prestigiosos autores y muchas alternativas en sus diferentes materias al igual que grandes descuentos.! Vis\u00edtanos en <a class=\"WIqYRhrgSwudTdkUSyFxlrSpLSzpijzZtNRIQ \" href=\"https:\/\/lnkd.in\/eiAG7jdZ\" target=\"_blank\" rel=\"noopener\" data-test-app-aware-link=\"\">https:\/\/lnkd.in\/eiAG7jdZ<\/a><br \/>\nEscr\u00edbenos al +56930565235 \/ <a class=\"WIqYRhrgSwudTdkUSyFxlrSpLSzpijzZtNRIQ \" href=\"mailto:ventaslegallexglobal@gmail.com\" target=\"_self\" data-test-app-aware-link=\"\">ventaslegallexglobal@gmail.com<\/a><br \/>\nHacemos env\u00edos a todo Chile \u2013 Starken o Correos Chile \/ Te esperamos<\/p>\n","protected":false},"featured_media":2149,"comment_status":"open","ping_status":"closed","template":"","meta":{"inline_featured_image":false,"_joinchat":[]},"product_brand":[],"product_cat":[27,26],"product_tag":[],"class_list":{"0":"post-2119","1":"product","2":"type-product","3":"status-publish","4":"has-post-thumbnail","6":"product_cat-civil","7":"product_cat-derecho","9":"first","10":"instock","11":"shipping-taxable","12":"purchasable","13":"product-type-simple"},"_links":{"self":[{"href":"https:\/\/bibliotecajuridicavirtual.cl\/index.php\/wp-json\/wp\/v2\/product\/2119","targetHints":{"allow":["GET"]}}],"collection":[{"href":"https:\/\/bibliotecajuridicavirtual.cl\/index.php\/wp-json\/wp\/v2\/product"}],"about":[{"href":"https:\/\/bibliotecajuridicavirtual.cl\/index.php\/wp-json\/wp\/v2\/types\/product"}],"replies":[{"embeddable":true,"href":"https:\/\/bibliotecajuridicavirtual.cl\/index.php\/wp-json\/wp\/v2\/comments?post=2119"}],"wp:featuredmedia":[{"embeddable":true,"href":"https:\/\/bibliotecajuridicavirtual.cl\/index.php\/wp-json\/wp\/v2\/media\/2149"}],"wp:attachment":[{"href":"https:\/\/bibliotecajuridicavirtual.cl\/index.php\/wp-json\/wp\/v2\/media?parent=2119"}],"wp:term":[{"taxonomy":"product_brand","embeddable":true,"href":"https:\/\/bibliotecajuridicavirtual.cl\/index.php\/wp-json\/wp\/v2\/product_brand?post=2119"},{"taxonomy":"product_cat","embeddable":true,"href":"https:\/\/bibliotecajuridicavirtual.cl\/index.php\/wp-json\/wp\/v2\/product_cat?post=2119"},{"taxonomy":"product_tag","embeddable":true,"href":"https:\/\/bibliotecajuridicavirtual.cl\/index.php\/wp-json\/wp\/v2\/product_tag?post=2119"}],"curies":[{"name":"wp","href":"https:\/\/api.w.org\/{rel}","templated":true}]}}