{"id":2120,"date":"2026-02-28T00:58:40","date_gmt":"2026-02-28T03:58:40","guid":{"rendered":"https:\/\/bibliotecajuridicavirtual.cl\/?post_type=product&#038;p=2120"},"modified":"2026-02-28T00:58:53","modified_gmt":"2026-02-28T03:58:53","slug":"dano-punitivo-en-las-relaciones-de-consumo-belen-donzelli-leonardo-lepiscopo-ezequiel-n-mendieta-brenda-pascual-carlos-eduardo-tambussi-edicion-actualizada-ano-2022-156-paginas","status":"publish","type":"product","link":"https:\/\/bibliotecajuridicavirtual.cl\/index.php\/product\/dano-punitivo-en-las-relaciones-de-consumo-belen-donzelli-leonardo-lepiscopo-ezequiel-n-mendieta-brenda-pascual-carlos-eduardo-tambussi-edicion-actualizada-ano-2022-156-paginas\/","title":{"rendered":"Da\u00f1o Punitivo en las Relaciones de Consumo &#8211; Bel\u00e9n Donzelli, Leonardo Lepiscopo, Ezequiel N Mendieta, Brenda Pascual, Carlos Eduardo Tambussi &#8211; edici\u00f3n actualizada a\u00f1o 2022 \/ 156 P\u00e1ginas"},"content":{"rendered":"<p>&nbsp;<\/p>\n<p>\u00cdNDICE GENERAL PR\u00d3LOGO, por la Dra. Prof. Bel\u00e9n Japaze pag 17 A PROP\u00d3SITO DE ESTA INVESTIGACI\u00d3N pag 21 I. INTRODUCCI\u00d3N AL ESTUDIO DE LA FIGURA DEL DA\u00d1O PUNITIVO pag 25 1. OR\u00cdGENES. PANORAMA NORMATIVO EN EL DERECHO COMPARADO pag 25 2. ANTECEDENTES EN LA ARGENTINA pag 34 II. CONSAGRACI\u00d3N LEGAL pag 37 1. EL DA\u00d1O PUNITIVO EN LA LEY DE DEFENSA DEL CONSUMIDOR 24.240 pag 37 2. LA T\u00c9CNICA LEGISLATIVA EN EL DA\u00d1O PUNITIVO pag 39 3. EL ART\u00cdCULO 8\u00ba BIS pag 40 4. EL PUNITIVO \u201cPOR SUFRIR pag 44 III. CARACTER\u00cdSTICAS GENERALES pag 47 1. FINALIDAD pag 47 14 \u00cdndice General 2. EL DA\u00d1O PUNITIVO Y LOS CONSUMIDORES HIPERVULNERABLES pag 51 3. CONSTITUCIONALIDAD pag 55 4. CONCEPTOS pag 59 5. NATURALEZA JUR\u00cdDICA. MULTA-SANCI\u00d3N O RUBRO INDEMNIZATORIO? Pag 61 6. RASGOS CONFIGURATIVOS DEL DA\u00d1O PUNITIVO pag 63 7. \u00bfES NECESARIO UN DA\u00d1O pag 66 8. \u00bfES NECESARIO UN FACTOR DE ATRIBUCI\u00d3N SUBJETIVO? Pag 71 9. LA GRAVEDAD pag 73 10. LA \u201cTOLERANCIA CERO\u201d pag 75 IV. ASPECTOS PROCESALES pag 77 1. LEGITIMACI\u00d3N ACTIVA pag 77 2. LEGITIMACI\u00d3N PASIVA pag 79 3. OPORTUNIDAD PROCESAL PARA PEDIRLO, EXTREMOS PROBATORIOS Y TIPO DE JUICIO pag 81 3.1.PRINCIPIO GENERAL pag 81 3.2.NECESIDAD DE ACREDITAR LA RELACI\u00d3N DE CONSUMO pag 82 3.3.PRUEBA DEL DA\u00d1O PUNITIVO pag 85 3.4.TIPO DE PROCESO Y PROBLEM\u00c1TICA PAG 87 A. EL DA\u00d1O PUNITIVO EN LA EJECUCI\u00d3N DE SENTENCIA PAG 88 B. OTROS PROCESOS. pag 91 C. LA ACCI\u00d3N DE AMPARO . pag 92 D. LOS DA\u00d1OS PUNITIVOS EN ACCIONES COLECTIVAS. pag 94 \u00cdndice General 15 V. LA CUANTIFICACI\u00d3N DEL DA\u00d1O PUNITIVO . pag 99 1. INTRODUCCI\u00d3N . pag 99 2. EL USO DE F\u00d3RMULAS. Pag 102 2.1.PLANTEO DE LA POL\u00c9MICA . pag 102 2.2.ARGUMENTOS A FAVOR . pag 103 2.2.A. LA F\u00d3RMULA PROPUESTA. UTILIZACI\u00d3N DE LA F\u00d3RMULA \u201cIRIGOYEN TESTA\u201d pag 105 2.3 ARGUMENTOS CR\u00cdTICOS pag 108 3. MONTO M\u00c1XIMO pag 110 4. CASOS DE RESPONSABLES SOLIDARIOS pag 112 VI. EL DESTINO DE LA MULTA CIVIL . pag 115 VII. CR\u00cdTICAS AL INSTITUTO. Pag 123 VIII. EL DA\u00d1O PUNITIVO EN OTROS ORDENAMIENTOS pag.131 1. EL CASO AMBIENTAL. Pag 131 2. DEFENSA DE LA COMPETENCIA. Pag 133 2.1.CARACTERIZACI\u00d3N GENERAL. Pag 133 2.2.EL DA\u00d1O PUNITIVO EN LA DEFENSA DE LA COMPETENCIA. Pag 138 IX. EL DA\u00d1O PUNITIVO Y EL AN\u00c1LISIS ECON\u00d3MICO DEL DERECHO. Pag 141 X. ASEGURABILIDAD DEL DA\u00d1O PUNITIVO. Pag 147<\/p>\n<p>&nbsp;<\/p>\n","protected":false},"excerpt":{"rendered":"<p>Buscas un libro Jur\u00eddico.? Lo puedes encontrar en nuestra tienda virtual.<br \/>\nContamos con prestigiosos autores y muchas alternativas en sus diferentes materias al igual que grandes descuentos.! Vis\u00edtanos en <a class=\"CkxUBVZenYcRwKJEjEVtZebhlSfMWr \" tabindex=\"0\" href=\"https:\/\/lnkd.in\/eiAG7jdZ\" target=\"_blank\" rel=\"noopener\" data-test-app-aware-link=\"\">https:\/\/lnkd.in\/eiAG7jdZ<\/a><br \/>\nEscr\u00edbenos al +56930565235 \/ <a class=\"CkxUBVZenYcRwKJEjEVtZebhlSfMWr \" tabindex=\"0\" href=\"mailto:ventaslegallexglobal@gmail.com\" target=\"_self\" data-test-app-aware-link=\"\">ventaslegallexglobal@gmail.com<\/a><br \/>\nHacemos env\u00edos a todo Chile \u2013 Starken o Correos Chile \/ Te esperamos<\/p>\n","protected":false},"featured_media":2150,"comment_status":"open","ping_status":"closed","template":"","meta":{"inline_featured_image":false,"_joinchat":[]},"product_brand":[],"product_cat":[27],"product_tag":[],"class_list":{"0":"post-2120","1":"product","2":"type-product","3":"status-publish","4":"has-post-thumbnail","6":"product_cat-civil","8":"first","9":"instock","10":"shipping-taxable","11":"purchasable","12":"product-type-simple"},"_links":{"self":[{"href":"https:\/\/bibliotecajuridicavirtual.cl\/index.php\/wp-json\/wp\/v2\/product\/2120","targetHints":{"allow":["GET"]}}],"collection":[{"href":"https:\/\/bibliotecajuridicavirtual.cl\/index.php\/wp-json\/wp\/v2\/product"}],"about":[{"href":"https:\/\/bibliotecajuridicavirtual.cl\/index.php\/wp-json\/wp\/v2\/types\/product"}],"replies":[{"embeddable":true,"href":"https:\/\/bibliotecajuridicavirtual.cl\/index.php\/wp-json\/wp\/v2\/comments?post=2120"}],"wp:featuredmedia":[{"embeddable":true,"href":"https:\/\/bibliotecajuridicavirtual.cl\/index.php\/wp-json\/wp\/v2\/media\/2150"}],"wp:attachment":[{"href":"https:\/\/bibliotecajuridicavirtual.cl\/index.php\/wp-json\/wp\/v2\/media?parent=2120"}],"wp:term":[{"taxonomy":"product_brand","embeddable":true,"href":"https:\/\/bibliotecajuridicavirtual.cl\/index.php\/wp-json\/wp\/v2\/product_brand?post=2120"},{"taxonomy":"product_cat","embeddable":true,"href":"https:\/\/bibliotecajuridicavirtual.cl\/index.php\/wp-json\/wp\/v2\/product_cat?post=2120"},{"taxonomy":"product_tag","embeddable":true,"href":"https:\/\/bibliotecajuridicavirtual.cl\/index.php\/wp-json\/wp\/v2\/product_tag?post=2120"}],"curies":[{"name":"wp","href":"https:\/\/api.w.org\/{rel}","templated":true}]}}