{"id":2121,"date":"2026-02-28T00:58:40","date_gmt":"2026-02-28T03:58:40","guid":{"rendered":"https:\/\/bibliotecajuridicavirtual.cl\/?post_type=product&#038;p=2121"},"modified":"2026-02-28T00:58:54","modified_gmt":"2026-02-28T03:58:54","slug":"asignaciones-forzosas-y-libertad-de-testar-manuel-barria-paredes-2da-edicion-ampliada-y-actualizada-ano-2025-360-pag","status":"publish","type":"product","link":"https:\/\/bibliotecajuridicavirtual.cl\/index.php\/product\/asignaciones-forzosas-y-libertad-de-testar-manuel-barria-paredes-2da-edicion-ampliada-y-actualizada-ano-2025-360-pag\/","title":{"rendered":"Asignaciones Forzosas y Libertad de Testar &#8211; Manuel Barr\u00eda Paredes, 2da. edici\u00f3n ampliada y actualizada a\u00f1o 2025 &#8211; 360 P\u00e1g."},"content":{"rendered":"<p>La obra re\u00fane un exhaustivo an\u00e1lisis de la doctrina y la escasa jurisprudencia nacional que existe sobre la materia, adem\u00e1s de interesantes soluciones que a problemas similares otorga el derecho comparado, especialmente la literatura argentina, espa\u00f1ola y francesa.<br \/>\nAl enfrentarse a esta segunda edici\u00f3n, uno podr\u00eda preguntarse \u00bf qu\u00e9 ha cambiado en el derecho de las sucesiones en los \u00faltimos 10 a\u00f1os en Chile? En lo normativo, poco, pero lo suficiente para dar un verdadero impulso a su revisi\u00f3n. As\u00ed, la entrada en vigencia del Acuerdo de Uni\u00f3n Civil agreg\u00f3 al conviviente civil como legitimario y asignatario de la<br \/>\ncuarta de mejoras; se ha establecido el matrimonio igualitario; tuvimos dos procesos fallidos, en que se discuti\u00f3 la posibilidad de tener una nueva Constituci\u00f3n y, si bien no se abord\u00f3 en forma expresa la posibilidad de reconocer constitucionalmente el derecho hereditario, como existe en otros pa\u00edses, s\u00ed se discutieron aspectos relacionados,<br \/>\ncomo la concepci\u00f3n de la familia y el derecho de propiedad; y, la reforma previsional ha establecido en forma expresa la heredabilidad del bono de seguridad previsional. Esta segunda edici\u00f3n actualizada no s\u00f3lo le da continuidad a la primera, publicada hace una d\u00e9cada, sino tambi\u00e9n a la tesis doctoral del autor en la Pontificia Universidad Cat\u00f3lica de Chile.<\/p>\n","protected":false},"excerpt":{"rendered":"<p>Buscas un libro Jur\u00eddico.? Lo puedes encontrar en nuestra tienda virtual.<br \/>\nContamos con prestigiosos autores y muchas alternativas en sus diferentes materias al igual que grandes descuentos.! Vis\u00edtanos en <a class=\"FOWcDzkNhtTyFdOMWHlspkLNTxnKpY \" tabindex=\"0\" href=\"https:\/\/lnkd.in\/eiAG7jdZ\" target=\"_blank\" rel=\"noopener\" data-test-app-aware-link=\"\">https:\/\/lnkd.in\/eiAG7jdZ<\/a><br \/>\nEscr\u00edbenos al +56930565235 \/ <a class=\"FOWcDzkNhtTyFdOMWHlspkLNTxnKpY \" tabindex=\"0\" href=\"mailto:ventaslegallexglobal@gmail.com\" target=\"_self\" data-test-app-aware-link=\"\">ventaslegallexglobal@gmail.com<\/a><br \/>\nHacemos env\u00edos a todo Chile \u2013 Starken o Correos Chile \/ Te esperamos<\/p>\n","protected":false},"featured_media":2151,"comment_status":"open","ping_status":"closed","template":"","meta":{"inline_featured_image":false,"_joinchat":[]},"product_brand":[],"product_cat":[27],"product_tag":[],"class_list":{"0":"post-2121","1":"product","2":"type-product","3":"status-publish","4":"has-post-thumbnail","6":"product_cat-civil","8":"first","9":"instock","10":"shipping-taxable","11":"purchasable","12":"product-type-simple"},"_links":{"self":[{"href":"https:\/\/bibliotecajuridicavirtual.cl\/index.php\/wp-json\/wp\/v2\/product\/2121","targetHints":{"allow":["GET"]}}],"collection":[{"href":"https:\/\/bibliotecajuridicavirtual.cl\/index.php\/wp-json\/wp\/v2\/product"}],"about":[{"href":"https:\/\/bibliotecajuridicavirtual.cl\/index.php\/wp-json\/wp\/v2\/types\/product"}],"replies":[{"embeddable":true,"href":"https:\/\/bibliotecajuridicavirtual.cl\/index.php\/wp-json\/wp\/v2\/comments?post=2121"}],"wp:featuredmedia":[{"embeddable":true,"href":"https:\/\/bibliotecajuridicavirtual.cl\/index.php\/wp-json\/wp\/v2\/media\/2151"}],"wp:attachment":[{"href":"https:\/\/bibliotecajuridicavirtual.cl\/index.php\/wp-json\/wp\/v2\/media?parent=2121"}],"wp:term":[{"taxonomy":"product_brand","embeddable":true,"href":"https:\/\/bibliotecajuridicavirtual.cl\/index.php\/wp-json\/wp\/v2\/product_brand?post=2121"},{"taxonomy":"product_cat","embeddable":true,"href":"https:\/\/bibliotecajuridicavirtual.cl\/index.php\/wp-json\/wp\/v2\/product_cat?post=2121"},{"taxonomy":"product_tag","embeddable":true,"href":"https:\/\/bibliotecajuridicavirtual.cl\/index.php\/wp-json\/wp\/v2\/product_tag?post=2121"}],"curies":[{"name":"wp","href":"https:\/\/api.w.org\/{rel}","templated":true}]}}