{"id":2122,"date":"2026-02-28T00:58:40","date_gmt":"2026-02-28T03:58:40","guid":{"rendered":"https:\/\/bibliotecajuridicavirtual.cl\/?post_type=product&#038;p=2122"},"modified":"2026-02-28T00:58:54","modified_gmt":"2026-02-28T03:58:54","slug":"dolo-delito-tributario-y-prescripcion-eugenio-olguin-arriaza-1-edicion-actualizada-ano-2025-307-pag","status":"publish","type":"product","link":"https:\/\/bibliotecajuridicavirtual.cl\/index.php\/product\/dolo-delito-tributario-y-prescripcion-eugenio-olguin-arriaza-1-edicion-actualizada-ano-2025-307-pag\/","title":{"rendered":"Dolo, Delito Tributario y Prescripci\u00f3n &#8211; Eugenio Olgu\u00edn Arriaza &#8211; 1\u00b0 edici\u00f3n actualizada a\u00f1o 2025 \/ 307 P\u00e1g."},"content":{"rendered":"<p>El presente texto de Eugenio Olgu\u00edn Arriaza viene a actualizar normas tributarias a que este prolifico autor se ha dedicado a tratar en varias obras publicadas anteriormente y que han sido bien recibidas y ampliamente comentadas por los operadores en esta \u00e1rea legal.<br \/>\nEl presente trabajo es un compendio de cuanto pueda interesar a los contribuyentes especialmente a sus contadores y, por qu\u00e9 no, a los abogados dedicados a las labores tributarias y a todos quienes le favorecieron con la lectura y pr\u00e1ctica de textos anteriores de este conocido autor.<br \/>\nSe encontrar\u00e1 en ella amplios y fundados comentarios y citas legales basadas en textos vigentes, incluida la Ley N\u00b0 21.713, que dicta normas para asegurar el cumplimiento de las obligaciones tributarias, as\u00ed como -en los casos necesarios- la jurisprudencia y sentencias sobre las que se han debido referir tanto Impuestos Internos como los distintos tribunales del pa\u00eds.<br \/>\nEl autor del Manual de Reclamaciones Tributarias (1981), uno de sus primeros textos, actualizable permanentemente por el sistema de hojas intercambiables, trata en esta nueva obra, no s\u00f3lo de Dolo y Delitos Tributarios sino, adem\u00e1s, lo relacionado con los Tribunales Tributarios y Aduaneros. Esta obra contempla referencias a las \u00faltimas circulares y resoluciones del SII dictadas en el presente a\u00f1o 2025.<br \/>\nFinaliza el texto comentando sobre las Normas de Derecho Tributario y los impuestos en general, y los elementos de los mismos y sus inconvenientes.<br \/>\nTiene un trato especial al analizar el Hecho Gravado, la Obligaci\u00f3n Tributaria y la Obligaci\u00f3n Jur\u00eddica, terminando con amplios comentarios sobre la Prescripci\u00f3n Tributaria y la relaci\u00f3n de esta con el Dolo, el pago de los impuestos prescritos y la prescripci\u00f3n de la acci\u00f3n penal, entre varios otros temas relacionados con la prescripci\u00f3n.<br \/>\nEstamos convencidos que esta nueva obra, como todas las anteriores de Eugenio Olgu\u00edn Arriaza, ser\u00e1 bien recibida por los profesionales dedicados a las leyes tributarias y su aplicaci\u00f3n.<\/p>\n<p style=\"font-weight: 400;\"><b><strong>LOS IMPUESTOS<\/strong><\/b><\/p>\n<p>Modificaciones Ley N\u00b0 21.713, de 2024. Extracto de vigencias<\/p>\n<p style=\"font-weight: 400;\">Principales temas de la ley para la persecuci\u00f3n del dolo y el delito tributario<br \/>\n1. Fiscalizaci\u00f3n Especial<br \/>\n2. Evasi\u00f3n<br \/>\n3. Crimen Organizado<br \/>\n4. Delitos Tributarios<\/p>\n<ol>\n<li style=\"font-weight: 400;\"><b><strong> EL DOLO<\/strong><\/b><\/li>\n<li style=\"font-weight: 400;\">Clasificaci\u00f3n<\/li>\n<li style=\"font-weight: 400;\">Relaci\u00f3n dolo-malicia<br \/>\na) Malicia y prescripci\u00f3n<br \/>\nb) Fallo de la Corte Suprema<br \/>\nc) Malicia tributaria-civil-penal<br \/>\nd) Antecedentes de caso especifico<br \/>\ne) Fallo de la Corte Suprema<br \/>\nf) Declaraciones maliciosamente falsas<br \/>\ng) Entrega de informaci\u00f3n bancaria<\/li>\n<li style=\"font-weight: 400;\">El error<br \/>\na) Error de derecho<br \/>\nb) Error de hecho<br \/>\nc) Error del sentenciador<br \/>\nd) Sentencia de un Tribunal Tributario<\/li>\n<li style=\"font-weight: 400;\">Cambio en la presentaci\u00f3n de querellas<\/li>\n<li style=\"font-weight: 400;\">Persecuci\u00f3n penal<\/li>\n<li style=\"font-weight: 400;\">Causas de la evasi\u00f3n tributaria<\/li>\n<li style=\"font-weight: 400;\">Importancia del fraude al fisco<\/li>\n<li style=\"font-weight: 400;\">Nociones sobre culpa<\/li>\n<li style=\"font-weight: 400;\">Elusi\u00f3n, abuso o simulaci\u00f3n seg\u00fan Ley 21.713<\/li>\n<li style=\"font-weight: 400;\"><b><strong> EL DELITO<\/strong><\/b><\/li>\n<li style=\"font-weight: 400;\">Concepto<br \/>\na) Definici\u00f3n legal<br \/>\nb) Delito frustrado y tentativa<\/li>\n<li style=\"font-weight: 400;\">Clasificaci\u00f3n de los delitos<br \/>\na) Cr\u00edmenes<br \/>\nb) Simples delitos<br \/>\nc) Faltas<\/li>\n<li style=\"font-weight: 400;\">Caracter\u00edsticas del delito<br \/>\na) La acci\u00f3n<br \/>\nb) La tipicidad<br \/>\nc) La antijuridicidad<br \/>\nd) La culpabilidad<br \/>\ne) La voluntad<\/li>\n<li style=\"font-weight: 400;\">Etapas del desarrollo del delito<br \/>\na) Fase interna<br \/>\nb) Fase externa<br \/>\nc) Hechos punibles<br \/>\nd) Conspiraci\u00f3n<br \/>\ne) Faltas<\/li>\n<\/ol>\n<p style=\"font-weight: 400;\"><b><strong>III. EL DELITO TRIBUTARIO<\/strong><\/b><\/p>\n<ol>\n<li style=\"font-weight: 400;\">Generalidades<\/li>\n<li style=\"font-weight: 400;\">Concepto<\/li>\n<li style=\"font-weight: 400;\">Una opini\u00f3n importante<\/li>\n<li style=\"font-weight: 400;\">Caracter\u00edsticas penales y procesales<\/li>\n<li style=\"font-weight: 400;\">Naturaleza del delito tributario<\/li>\n<li style=\"font-weight: 400;\">Itinerario de las multas<\/li>\n<li style=\"font-weight: 400;\">Contribuyentes Pro Pyme Transparentes<br \/>\na) Sustituci\u00f3n de las multas<br \/>\nb) Incumplimiento del contribuyente<\/li>\n<li style=\"font-weight: 400;\">Naturaleza jur\u00eddicas de las multas<\/li>\n<li style=\"font-weight: 400;\">Formas imperfectas de delitos tributarios<\/li>\n<li style=\"font-weight: 400;\">Atenuantes y agravantes en materia tributaria<br \/>\na) Causales de exenci\u00f3n de responsabilidad penal<br \/>\nb) Circunstancias atenuantes y agravantes<\/li>\n<li style=\"font-weight: 400;\">Reincidencia y reiteraci\u00f3n<br \/>\nClases de reincidencia<br \/>\na) Reincidencia gen\u00e9rica<br \/>\nb) Reincidencia espec\u00edfica<br \/>\n&#8211; Identidad relativa<br \/>\n&#8211; Identidad absoluta<\/li>\n<li style=\"font-weight: 400;\">Instrucciones proceso de sanci\u00f3n<\/li>\n<li style=\"font-weight: 400;\">Introducci\u00f3n<\/li>\n<li style=\"font-weight: 400;\">Principios inspiradores del proceso<br \/>\n1. Celeridad<br \/>\n2. Eficiencia<br \/>\n3. Juridicidad<br \/>\n4. Imparcialidad<br \/>\n5. Innovaci\u00f3n y transformaci\u00f3n digital<br \/>\n6. Protecci\u00f3n de los derechos ciudadanos<br \/>\n7. Delito tributario y determinaci\u00f3n del cobro<br \/>\n8. Venta de autom\u00f3viles robados<br \/>\n9. Creaci\u00f3n de Oficina de Crimen Organizado<br \/>\n10. Cooperaci\u00f3n eficaz, denunciante an\u00f3nimo y autodenuncia<br \/>\n11. Informaci\u00f3n de las entidades financieras<br \/>\n12. Avisos de t\u00e9rmino de giro<\/li>\n<\/ol>\n<p style=\"font-weight: 400;\">III. Instrucciones sobre la materia<br \/>\n1. Procedimientos de detecci\u00f3n y an\u00e1lisis de delitos tributarios<br \/>\n1.1. Forma de iniciar el procedimiento<br \/>\n1.2. Oportunidad del procedimiento<\/p>\n<p>2. Tipos de procedimientos<br \/>\nProcedimiento general<br \/>\nProcedimiento en la Direcci\u00f3n Regional<br \/>\nProcedimiento simplificado<\/p>\n<p>3. Procedimientos en particular<br \/>\n3.1. Procedimiento general<br \/>\n3.2. Procedimiento en la Direcci\u00f3n Regional<br \/>\n3.3. Procedimiento simplificado<\/p>\n<p>4. Casos de especial relevancia<\/p>\n<p>5. Decisi\u00f3n sobre el ejercicio de la aplicaci\u00f3n penal o infraccional<\/p>\n<ol start=\"13\">\n<li style=\"font-weight: 400;\">Vigencia13. Delitos tributarios sancionados con pena corporal<br \/>\n14. Infracciones no sancionadas en forma particular<br \/>\n15. Infracciones cometidas por funcionarios y ministros de fe<br \/>\n16. Abuso en materia tributaria<\/li>\n<li style=\"font-weight: 400;\"><b><strong> LAS PENAS<\/strong><\/b><\/li>\n<li style=\"font-weight: 400;\">Concepto y generalidades<\/li>\n<li style=\"font-weight: 400;\">Determinaci\u00f3n de las penas<\/li>\n<li style=\"font-weight: 400;\">Clasificaci\u00f3n de las penas<\/li>\n<li style=\"font-weight: 400;\">Cuadro demostrativo de las penas<\/li>\n<li style=\"font-weight: 400;\">Aplicaci\u00f3n de las penas<br \/>\na) Sanciones personales<br \/>\nb) Apremios<br \/>\n&#8211; A quienes aplicarlos<br \/>\n&#8211; Revisi\u00f3n de la documentaci\u00f3n<br \/>\nc) Aplicaci\u00f3n de las sanciones<br \/>\nd) Sanciones pecuniarias<br \/>\n&#8211; Responsables<\/li>\n<li style=\"font-weight: 400;\">Tipos de sanciones<br \/>\na) El comiso<br \/>\nb) La cauci\u00f3n<br \/>\nc) Las multas<br \/>\nd) Presidio<br \/>\ne) Prisi\u00f3n<br \/>\nf) Reclusi\u00f3n<br \/>\ng) Relegaci\u00f3n<br \/>\nh) Tasaci\u00f3n de la base imponible<\/li>\n<li style=\"font-weight: 400;\">Clausura y destrucci\u00f3n de sellos. La sentencia<br \/>\na) Resumen de los hechos<br \/>\nb) Consideraciones<br \/>\nc) Sentencia<\/li>\n<li style=\"font-weight: 400;\">Detalle de las infracciones y las penas corporales asociadas<\/li>\n<li style=\"font-weight: 400;\">Duraci\u00f3n de las penas<\/li>\n<li style=\"font-weight: 400;\">Derechos de los contribuyentes<br \/>\na) En reclamaciones y sanciones<br \/>\nb) Defensor\u00eda del contribuyente<br \/>\nc) Presunci\u00f3n de inocencia<br \/>\nd) Actuaciones del SII y normas generales<\/li>\n<li style=\"font-weight: 400;\">Sentencias del Tribunal Tributario<\/li>\n<li style=\"font-weight: 400;\"><b><strong> INFRACCIONES Y SANCIONES<\/strong><\/b><\/li>\n<li style=\"font-weight: 400;\">Apremios<\/li>\n<li style=\"font-weight: 400;\">Clases de apremios<\/li>\n<li style=\"font-weight: 400;\">Sobre quien recae el apremio<\/li>\n<li style=\"font-weight: 400;\">Libros de contabilidad. Sanciones<\/li>\n<li style=\"font-weight: 400;\">Resumen<\/li>\n<li style=\"font-weight: 400;\">Art\u00edculo 97 del C\u00f3digo Tributario<\/li>\n<li style=\"font-weight: 400;\">Evasi\u00f3n y Elusi\u00f3n Tributaria<br \/>\na) Art\u00edculo 70 C\u00f3digo Tributario<br \/>\nb) Art\u00edculo 351 C\u00f3digo Procesal Penal<br \/>\nc) Art\u00edculo 100 C\u00f3digo Tributario<br \/>\nd) Art\u00edculo 100 bis C\u00f3digo Tributario<br \/>\ne) Art\u00edculo 98 C\u00f3digo Tributario<br \/>\nf) Art\u00edculo 99 C\u00f3digo Tributario<br \/>\ng) Art\u00edculo 160 bis C\u00f3digo Tributario<br \/>\nh) Atenuantes y agravantes<br \/>\ni) Abuso o simulaci\u00f3n<\/li>\n<li style=\"font-weight: 400;\">Clasificaci\u00f3n de las infracciones y aplicaci\u00f3n de sanciones<br \/>\na) Graves<br \/>\nb) Menos graves<br \/>\nc) Leves<br \/>\nd) Lev\u00edsimas<\/li>\n<li style=\"font-weight: 400;\">Defraudaci\u00f3n fiscal<\/li>\n<li style=\"font-weight: 400;\">Infracciones sin sanci\u00f3n espec\u00edfica<\/li>\n<li style=\"font-weight: 400;\">Infracciones castigadas con pena corporal<\/li>\n<li style=\"font-weight: 400;\"><b><strong> TRIBUNALES TRIBUTARIOS Y RECLAMACIONES<\/strong><\/b><\/li>\n<li style=\"font-weight: 400;\">A) Tribunales Tributarios (TTA)<br \/>\nConcepto2. Funciones de los Tribunales<\/p>\n<p>3. Generalidades<\/p>\n<p>4.Procedimiento<br \/>\na) Levantar un acta<br \/>\nb) Medidas Conservativas<br \/>\nc) Aposici\u00f3n de sellos e incautaci\u00f3n<br \/>\nd) Resoluci\u00f3n<br \/>\ne) Inicio de la querella<br \/>\nf) Patrocinio y poder<br \/>\ng) Recursos<br \/>\nh) Cuando no rige este procedimiento<\/li>\n<li style=\"font-weight: 400;\">Composici\u00f3n del Tribunal<\/li>\n<li style=\"font-weight: 400;\">B) Reclamaciones Tributarias<br \/>\nSecuencia de una reclamaci\u00f3n<\/li>\n<li style=\"font-weight: 400;\">No constituyen reclamaci\u00f3n<\/li>\n<li style=\"font-weight: 400;\">Proceso de una reclamaci\u00f3n<br \/>\na) Presentarse ante el Tribunal Tributario<br \/>\nb) Si no se cumplen requisitos<br \/>\nc) Patrocinio<br \/>\nd) Plazos<br \/>\ne) Conciliaci\u00f3n<br \/>\nf) T\u00e9rmino del proceso<\/li>\n<li style=\"font-weight: 400;\">Gastos necesarios para producir la renta<br \/>\na) Antecedentes de recurso de apelaci\u00f3n<br \/>\nb) Sentencia del TTA<br \/>\nc) P\u00e9rdida por disoluci\u00f3n de sociedad<\/li>\n<li style=\"font-weight: 400;\">Acreditaci\u00f3n de gastos mediante formato digital<\/li>\n<li style=\"font-weight: 400;\">C) Normas legales sobre los Tribunales Tributarios y Aduaneros<br \/>\nRefiere instrucciones sobre la materia<\/li>\n<\/ol>\n<p style=\"font-weight: 400;\"><b><strong>VII. PAGO DE LOS IMPUESTOS Y RECARGOS<\/strong><\/b><\/p>\n<ol>\n<li style=\"font-weight: 400;\">Generalidades<br \/>\n2. Pago de los impuestos<br \/>\n3. Donde pagar<br \/>\n4. Formas de pago<br \/>\n5. Impuesto Territorial<br \/>\n6. Reajustes<br \/>\n7. Intereses penales<br \/>\n8. Convenios de pago<br \/>\n9. Pago dentro del mes de vencimiento<br \/>\n10. Caso de pr\u00f3rroga<br \/>\n11. Complemento legal<br \/>\n12. Vencimiento en d\u00eda feriado<br \/>\n13. Instrucciones del Servicio de Impuestos internos<\/li>\n<\/ol>\n<p style=\"font-weight: 400;\"><b><strong>VIII. NORMAS DE DERECHO TRIBUTARIO<\/strong><\/b><\/p>\n<ol>\n<li style=\"font-weight: 400;\">Los tributos en la Historia<\/li>\n<li style=\"font-weight: 400;\">Generalidades nacionales<\/li>\n<li style=\"font-weight: 400;\">El Derecho<br \/>\na) Normas jur\u00eddicas<br \/>\nb) Normas morales o \u00e9ticas<br \/>\nc) Normas del trato social<\/li>\n<li style=\"font-weight: 400;\">Clasificaci\u00f3n del Derecho<\/li>\n<li style=\"font-weight: 400;\">Fuentes del Derecho<br \/>\na) La ley<br \/>\nb) Los decretos<br \/>\nc) Las resoluciones judiciales<br \/>\nd) Los tratados internacionales<br \/>\ne) Opiniones de tratadistas y juristas<br \/>\nf) La costumbre<\/li>\n<li style=\"font-weight: 400;\">An\u00e1lisis de la ley<br \/>\na) General<br \/>\nb) Abstracta<br \/>\nc) Permanente<br \/>\nd) Temporal<br \/>\ne) Normativa<br \/>\nf) P\u00fablica<br \/>\ng) Obligatoria<br \/>\nh) Verdadera<br \/>\ni) Justa<br \/>\nj) Inconstitucional<br \/>\nk) Retroactiva<br \/>\nl) Ignorada<\/li>\n<li style=\"font-weight: 400;\">Caracter\u00edsticas de la ley<br \/>\na) Una regla social<br \/>\nb) Obligatoria<br \/>\nc) Dictada<br \/>\nd) Cumplimiento<br \/>\ne) Gestaci\u00f3n<br \/>\nf) Conocimiento p\u00fablico<\/li>\n<li style=\"font-weight: 400;\">Formaci\u00f3n de la ley<\/li>\n<li style=\"font-weight: 400;\">Constitucionalidad de la ley<\/li>\n<li style=\"font-weight: 400;\">Interpretaci\u00f3n de la ley<br \/>\na) De autoridad<br \/>\nb) Legal o aut\u00e9ntica<br \/>\nc) Judicial<br \/>\nd) Administrativa<br \/>\ne) Gramatical<br \/>\nf) L\u00f3gica<br \/>\ng) Hist\u00f3rica<br \/>\nh) Sistem\u00e1tica<br \/>\ni) Por equidad<\/li>\n<li style=\"font-weight: 400;\">Efectos en el tiempo y en el territorio<br \/>\na) En el tiempo<br \/>\nb) En el territorio<\/li>\n<li style=\"font-weight: 400;\">Sujetos y Objetos del Derecho<br \/>\na) Sujetos del Derecho<br \/>\nb) Objetos del Derecho<br \/>\nc) Los bienes<br \/>\nCorporales<br \/>\nIncorporales<\/li>\n<li style=\"font-weight: 400;\">Los Hechos Jur\u00eddicos<\/li>\n<li style=\"font-weight: 400;\">Los Contratos<\/li>\n<li style=\"font-weight: 400;\">El Derecho Tributario<br \/>\na) El derecho<br \/>\nb) El Derecho Tributario<br \/>\nc) Independencia del Derecho Tributario<br \/>\nLa Hacienda P\u00fablica<\/li>\n<li style=\"font-weight: 400;\">Los impuestos<\/li>\n<li style=\"font-weight: 400;\">Ventajas y desventajas de los impuestos<br \/>\na) Ventajas de los impuestos directos<br \/>\nb) Inconvenientes de los impuestos directos<br \/>\nc) Ventajas de los impuestos indirectos<br \/>\nd) Desventajas de los impuestos indirectos<br \/>\ne) Efectos de los impuestos<br \/>\n&#8211; Econ\u00f3micos<br \/>\n&#8211; Incentivos<br \/>\n&#8211; Compensaciones<br \/>\n&#8211; Barreras<br \/>\n&#8211; Efectos sociales<\/li>\n<li style=\"font-weight: 400;\">El hecho gravado<br \/>\na) Algunos conceptos<br \/>\nb) Elementos objetivos<br \/>\n&#8211; Elemento material<br \/>\n&#8211; Elemento temporal<br \/>\n&#8211; Elemento espacial<br \/>\nc) Elementos subjetivos<br \/>\n&#8211; Sujeto activo<br \/>\n&#8211; Sujeto pasivo<br \/>\n&#8211; Deudor directo<br \/>\n&#8211; Sustituto<br \/>\n&#8211; Responsables<\/li>\n<li style=\"font-weight: 400;\">La obligaci\u00f3n Jur\u00eddica<br \/>\na) Concepto<br \/>\n&#8211; Sujeto activo<br \/>\n&#8211; Sujeto pasivo<br \/>\n&#8211; Objeto<br \/>\nb) Cumplimiento de la Obligaci\u00f3n Tributaria<br \/>\nc) Elementos de la Obligaci\u00f3n Tributaria<br \/>\nd) Objeto de la obligaci\u00f3n tributaria<br \/>\ne) Sostenibilidad tributaria<\/li>\n<li style=\"font-weight: 400;\">Funci\u00f3n Extrafiscal<br \/>\na) Criterios<br \/>\nb) Pacto social y bien com\u00fan<\/li>\n<li style=\"font-weight: 400;\"><b><strong> LA PRESCRIPCI\u00d3N TRIBUTARIA<\/strong><\/b><\/li>\n<li style=\"font-weight: 400;\">La prescripci\u00f3n en general<\/li>\n<li style=\"font-weight: 400;\">Requisitos de la prescripci\u00f3n extintiva<\/li>\n<li style=\"font-weight: 400;\">An\u00e1lisis de los requisitos<br \/>\n1\u00b0. Transcurso de cierto tiempo<br \/>\na) C\u00f3mputo del plazo<br \/>\nb) Modificaci\u00f3n del plazo<\/li>\n<\/ol>\n<p style=\"font-weight: 400;\">2\u00b0. No ejercicio de las acciones<\/p>\n<p style=\"font-weight: 400;\">3\u00b0. Que no se haya suspendido<\/p>\n<p style=\"font-weight: 400;\">4\u00b0. Que no se encuentre interrumpida<\/p>\n<p style=\"font-weight: 400;\">5\u00b0. Que o haya sido renunciada<\/p>\n<p style=\"font-weight: 400;\">6\u00b0. Que no haya sido alegada<\/p>\n<ol start=\"4\">\n<li style=\"font-weight: 400;\">Prescripci\u00f3n y caducidad<br \/>\na) La prescripci\u00f3n debe ser declarada<br \/>\nb) No existe interrupci\u00f3n en la caducidad<br \/>\nc) La caducidad no puede ser renunciada<\/li>\n<li style=\"font-weight: 400;\">La prescripci\u00f3n en materia tributaria<br \/>\nT\u00e9rminos prescriptivos<br \/>\na) Ordinarios<br \/>\nb) Extraordinarios<\/li>\n<li style=\"font-weight: 400;\">El dolo en el aumento de la prescripci\u00f3n<\/li>\n<li style=\"font-weight: 400;\">C\u00f3mputo de los plazos<\/li>\n<li style=\"font-weight: 400;\">Pago de los impuestos prescritos<\/li>\n<li style=\"font-weight: 400;\">Declaraci\u00f3n de la prescripci\u00f3n<\/li>\n<li style=\"font-weight: 400;\">Prescripci\u00f3n no declarada<br \/>\na) Aspectos generales<br \/>\nb) Solicitud de declaraci\u00f3n de la prescripci\u00f3n<\/li>\n<li style=\"font-weight: 400;\">Prescripci\u00f3n de la acci\u00f3n penal<\/li>\n<li style=\"font-weight: 400;\">Prescripci\u00f3n de las costas de un juicio tributario<\/li>\n<li style=\"font-weight: 400;\">Plazo del SII para revisar y girar impuestos<\/li>\n<li style=\"font-weight: 400;\">Impuesto a las herencias y donaciones<\/li>\n<li style=\"font-weight: 400;\">Prescripci\u00f3n de la acci\u00f3n penal<br \/>\na) Pronunciamiento<br \/>\nb) Sentencia de la Corte Suprema<\/li>\n<li style=\"font-weight: 400;\">Aplicaci\u00f3n de las normas de prescripci\u00f3n por el Servicio de Impuestos Internos<\/li>\n<li style=\"font-weight: 400;\">Inicio de actividades y t\u00e9rmino de giro<\/li>\n<li style=\"font-weight: 400;\">Suspensi\u00f3n temporal de la clave tributaria<\/li>\n<\/ol>\n<p style=\"font-weight: 400;\"><b><strong>EL DERECHO Y LA JUSTICIA<\/strong><\/b><\/p>\n<p style=\"font-weight: 400;\">Leslie van Rompaey<\/p>\n","protected":false},"excerpt":{"rendered":"<p>Buscas un libro Jur\u00eddico.? Lo puedes encontrar en nuestra tienda virtual.<br \/>\nContamos con prestigiosos autores y muchas alternativas en sus diferentes materias al igual que grandes descuentos.! Vis\u00edtanos en www.bibliotecajuridicavirtual.cl<br \/>\nEscr\u00edbenos al +56930565235 \/ <a class=\"owAIXAcDmluVEKTSbDTAoOJolzMjzDMzqSXI \" tabindex=\"0\" href=\"mailto:ventaslegallexglobal@gmail.com\" target=\"_self\" data-test-app-aware-link=\"\">ventaslegallexglobal@gmail.com<\/a><br \/>\nHacemos env\u00edos a todo Chile \u2013 Starken o Correos Chile \/ Te esperamos.<\/p>\n","protected":false},"featured_media":2152,"comment_status":"open","ping_status":"closed","template":"","meta":{"inline_featured_image":false,"_joinchat":[]},"product_brand":[],"product_cat":[45,28],"product_tag":[],"class_list":{"0":"post-2122","1":"product","2":"type-product","3":"status-publish","4":"has-post-thumbnail","6":"product_cat-administrativo","7":"product_cat-tributario","9":"first","10":"instock","11":"shipping-taxable","12":"purchasable","13":"product-type-simple"},"_links":{"self":[{"href":"https:\/\/bibliotecajuridicavirtual.cl\/index.php\/wp-json\/wp\/v2\/product\/2122","targetHints":{"allow":["GET"]}}],"collection":[{"href":"https:\/\/bibliotecajuridicavirtual.cl\/index.php\/wp-json\/wp\/v2\/product"}],"about":[{"href":"https:\/\/bibliotecajuridicavirtual.cl\/index.php\/wp-json\/wp\/v2\/types\/product"}],"replies":[{"embeddable":true,"href":"https:\/\/bibliotecajuridicavirtual.cl\/index.php\/wp-json\/wp\/v2\/comments?post=2122"}],"wp:featuredmedia":[{"embeddable":true,"href":"https:\/\/bibliotecajuridicavirtual.cl\/index.php\/wp-json\/wp\/v2\/media\/2152"}],"wp:attachment":[{"href":"https:\/\/bibliotecajuridicavirtual.cl\/index.php\/wp-json\/wp\/v2\/media?parent=2122"}],"wp:term":[{"taxonomy":"product_brand","embeddable":true,"href":"https:\/\/bibliotecajuridicavirtual.cl\/index.php\/wp-json\/wp\/v2\/product_brand?post=2122"},{"taxonomy":"product_cat","embeddable":true,"href":"https:\/\/bibliotecajuridicavirtual.cl\/index.php\/wp-json\/wp\/v2\/product_cat?post=2122"},{"taxonomy":"product_tag","embeddable":true,"href":"https:\/\/bibliotecajuridicavirtual.cl\/index.php\/wp-json\/wp\/v2\/product_tag?post=2122"}],"curies":[{"name":"wp","href":"https:\/\/api.w.org\/{rel}","templated":true}]}}