{"id":2126,"date":"2026-02-28T00:58:40","date_gmt":"2026-02-28T03:58:40","guid":{"rendered":"https:\/\/bibliotecajuridicavirtual.cl\/?post_type=product&#038;p=2126"},"modified":"2026-02-28T00:59:01","modified_gmt":"2026-02-28T03:59:01","slug":"el-contencioso-administrativo-ante-la-justicia-local-en-chile-rodrigo-henriquez-figueroa-ano-2025-140-pag","status":"publish","type":"product","link":"https:\/\/bibliotecajuridicavirtual.cl\/index.php\/product\/el-contencioso-administrativo-ante-la-justicia-local-en-chile-rodrigo-henriquez-figueroa-ano-2025-140-pag\/","title":{"rendered":"El Contencioso Administrativo Ante la Justicia Local en Chile &#8211; Rodrigo Henr\u00edquez Figueroa &#8211; a\u00f1o 2025 \/ 140 P\u00e1g."},"content":{"rendered":"<p style=\"font-weight: 400;\">El presente libro buscar contribuir al conocimiento y desarrollo dogm\u00e1tico de aquellas acciones contencioso administrativas, que el legislador a encargado su conocimiento y soluci\u00f3n a la judicatura local, a objeto de analizarlas y sistematizarlas, profundizando en los procedimientos y particularidades de las que, a juicio del autor, presentan mayor inter\u00e9s y relevancia.<\/p>\n<p style=\"font-weight: 400;\">En primer t\u00e9rmino, se aborda someramente el origen, naturaleza, estatuto y competencia de los juzgados de polic\u00eda local, con especial \u00e9nfasis en su labor como \u00f3rgano jurisdiccional garante de derechos de los particulares frente a la Administraci\u00f3n.<\/p>\n<p style=\"font-weight: 400;\">En segundo lugar, se elabora un listado taxativo y taxon\u00f3mico de todas las acciones judiciales que pueden dar origen a un conflicto de tipo contencioso administrativo de conocimiento, juzgamiento y resoluci\u00f3n de los juzgados de polic\u00eda local, para luego analizar en profundidad los elementos, requisitos y principales caracter\u00edsticas de aquellos que, a juicio del autor, resultan m\u00e1s interesantes.<\/p>\n<p style=\"font-weight: 400;\">A continuaci\u00f3n, en el tercer cap\u00edtulo se realiza un an\u00e1lisis jurisprudencial de sentencias dictadas por el Tribunal Constitucional en requerimientos de inaplicabilidad por inconstitucionalidad presentados por particulares en contra de alguna disposici\u00f3n legal cuya aplicaci\u00f3n al caso en concreto corresponde a los jueces de polic\u00eda local, analizando las posturas de los ministros y ministras para acoger o rechazar los requerimientos, seg\u00fan sea el caso y proponiendo comentarios al respecto.<\/p>\n<p style=\"font-weight: 400;\">Finalmente, y luego de analizados los distintos procedimientos contencioso administrativos que pueden ser resueltos ante la judicatura local, adem\u00e1s de estudiar en detalle aquellos que parezcan m\u00e1s relevantes, as\u00ed como los pronunciamientos de la magistratura constitucional al respecto, se proponen conclusiones y respuestas a las preguntas de investigaci\u00f3n<\/p>\n<p style=\"font-weight: 400;\"><b><strong>CAP\u00cdTULO I<\/strong><\/b><br \/>\n<b><strong>RESE\u00d1A HIST\u00d3RICA, ORIGEN, NATURALEZA, LEGISLACI\u00d3N APLICABLE Y ESCENARIO ACTUAL DE LOS JUZGADOS DE POLIC\u00cdA LOCAL EN CHILE<\/strong><\/b><\/p>\n<ol>\n<li style=\"font-weight: 400;\">Origen e historia de los Juzgados de Polic\u00eda Local<br \/>\n2. Legislaci\u00f3n y normativa aplicable a estos tribunales<br \/>\n3. Organizaci\u00f3n, atribuciones y competencia. Doble Dependencia<br \/>\n4. Panorama actual de la judicatura local en Chile<\/li>\n<\/ol>\n<p style=\"font-weight: 400;\"><b><strong>CAP\u00cdTULO II<\/strong><\/b><br \/>\n<b><strong>EL CONTENCIOSO ADMINISTRATIVO ANTE LA JUSTICIA LOCAL EN CHILE. LISTADO DE MATERIAS. AN\u00c1LISIS DE AQUELLOS PROCEDIMIENTOS M\u00c1S RELEVANTES<\/strong><\/b><\/p>\n<ol>\n<li style=\"font-weight: 400;\">Notas y comentarios sobre el control judicial de los actos de la Administraci\u00f3n. En particular sobre el control judicial de los actos municipales y una tutela judicial efectiva<\/li>\n<li style=\"font-weight: 400;\">Control de los actos administrativos ante los Juzgado de Polic\u00eda Local. En particular de las actuaciones u omisiones municipales<\/li>\n<li style=\"font-weight: 400;\">Listado taxon\u00f3mico de los procedimientos contenciosos administrativos que pueden llegar a conocer y resolver los juzgados de polic\u00eda local<\/li>\n<li style=\"font-weight: 400;\">An\u00e1lisis en particular de e los procedimientos contencioso administrativos de mayor relevancia, seg\u00fan parecer del autor<br \/>\na) Contencioso administrativo derivado de infracciones la Ley N\u00b019.496 de Protecci\u00f3n a los Derechos de los Consumides<br \/>\nb) Contencioso administrativo derivado de infracciones al DFL Minvu 458 de 1976, Ley General de Urbanismo y Construcci\u00f3n y su Ordenanza<br \/>\nc) Contenciosos administrativos derivados de la Ley N\u00b018.70 sobre Votaciones Populares y Escrutinios. (En adelante LVPE<br \/>\nd) Contenciosos administrativos derivados de la Ley N\u00b0 19.925 Sobre Expendio y Consumo de Bebidas Alcoh\u00f3licas. Clausuras de establecimientos y caducidad de e patentes de alcoholes<br \/>\ne) Contenciosos administrativos derivados de la Ley N.\u00b0 20.283 sobre Recuperaci\u00f3n de Bosque Nativo y Fomento Forestal<br \/>\nf) Contenciosos administrativos derivados del D.F.L N\u00b01 del 2009 que fija el texto refundido, coordinado y sistematizado de la Ley N\u00b0 18.290 de Tr\u00e1nsito. Calificaci\u00f3n de la idoneidad moral para obtener o renovar licencia de conducir.<\/li>\n<\/ol>\n<p style=\"font-weight: 400;\"><b><strong>CAP\u00cdTULO III<\/strong><\/b><br \/>\n<b><strong>AN\u00c1LISIS DE JURISPRUDENCIA CONSTITUCIONAL RESPECTO A SENTENCIAS DICTADAS EN PRIMERA INSTANCIA POR JUECES DE POLIC\u00cdA LOCAL SOBRE MATERIAS CONTENCIOSO ADMINISTRATIVAS RELEVANTES<\/strong><\/b><\/p>\n<ol>\n<li style=\"font-weight: 400;\">An\u00e1lisis de las sentencias del Tribunal Constitucional en requerimientos de inaplicabilidad por inconstitucionalidad, respecto a contenciosos administrativos derivados del Decreto con Fuerza de Ley N\u00b0458 que aprueba la Ley General de Urbanismo y Construcci\u00f3n y su Ordenanza. Legalidad, tipicidad y proporcionalidad de las sanciones<br \/>\na) Antecedentes preliminares. Cuesti\u00f3n de constitucionalidad<br \/>\nb) Por acoger los requerimientos de inaplicabilidad por inconstitucionalidad del art\u00edculo 20 de la LGUC (STC Roles 9129-2020, 9171-2020, 10922-2021)<br \/>\nc) Por rechazar el requerimiento (STC Roles 3099-2016, 12158-2021, 12795-2022, 12996-2022, 13.402-2022)<br \/>\nd) 1.d. An\u00e1lisis y comentarios<\/li>\n<li style=\"font-weight: 400;\">An\u00e1lisis de las sentencias del tribunal Constitucional dictadas en requerimientos de inaplicabilidad por inconstitucionalidad derivados del contencioso administrativo previsto en el art\u00edculo 207 letra b) Ley N\u00b0 18.290 de Tr\u00e1nsito<br \/>\na) Constitucionalidad del Art\u00edculo 207 letra b) Ley de Tr\u00e1nsito. Planteamiento<br \/>\nb) Por acoger el requerimiento de inaplicabilidad por inconstitucionalidad del Art\u00edculo 207 letra B) de la Ley de Tr\u00e1nsito. (STC Roles N\u00b0 3000-2016, 2896-2015, 2254-2012, 2045-2011)<br \/>\nc) Por rechazar el requerimiento de inaplicabilidad por inconstitucionalidad del art\u00edculo 207 letra b) de la Ley de Tr\u00e1nsito y en espec\u00edfico su relaci\u00f3n con el principio non bis in \u00eddem<\/li>\n<\/ol>\n<p style=\"font-weight: 400;\"><b><strong>CAP\u00cdTULO IV<\/strong><\/b><br \/>\n<b><strong>CONCLUSIONES Y RESPUESTAS A LAS PREGUNTAS DE INVESTIGACI\u00d3N<\/strong><\/b><\/p>\n","protected":false},"excerpt":{"rendered":"<p>Buscas un libro Jur\u00eddico.? Lo puedes encontrar en nuestra tienda virtual.<br \/>\nContamos con prestigiosos autores y muchas alternativas en sus diferentes materias al igual que grandes descuentos.! Vis\u00edtanos en <a class=\"bKitxDDAQqpwXZxDSIyHcsuFHqiIdTZqbQ \" tabindex=\"0\" href=\"https:\/\/lnkd.in\/eiAG7jdZ\" target=\"_blank\" rel=\"noopener\" data-test-app-aware-link=\"\">https:\/\/lnkd.in\/eiAG7jdZ<\/a><br \/>\nEscr\u00edbenos al +56930565235 \/ <a class=\"bKitxDDAQqpwXZxDSIyHcsuFHqiIdTZqbQ \" tabindex=\"0\" href=\"mailto:ventaslegallexglobal@gmail.com\" target=\"_self\" data-test-app-aware-link=\"\">ventaslegallexglobal@gmail.com<\/a><br \/>\nHacemos env\u00edos a todo Chile \u2013 Starken o Correos Chile \/ Te esperamos<\/p>\n","protected":false},"featured_media":2156,"comment_status":"open","ping_status":"closed","template":"","meta":{"inline_featured_image":false,"_joinchat":[]},"product_brand":[],"product_cat":[45,26],"product_tag":[],"class_list":{"0":"post-2126","1":"product","2":"type-product","3":"status-publish","4":"has-post-thumbnail","6":"product_cat-administrativo","7":"product_cat-derecho","9":"first","10":"instock","11":"shipping-taxable","12":"purchasable","13":"product-type-simple"},"_links":{"self":[{"href":"https:\/\/bibliotecajuridicavirtual.cl\/index.php\/wp-json\/wp\/v2\/product\/2126","targetHints":{"allow":["GET"]}}],"collection":[{"href":"https:\/\/bibliotecajuridicavirtual.cl\/index.php\/wp-json\/wp\/v2\/product"}],"about":[{"href":"https:\/\/bibliotecajuridicavirtual.cl\/index.php\/wp-json\/wp\/v2\/types\/product"}],"replies":[{"embeddable":true,"href":"https:\/\/bibliotecajuridicavirtual.cl\/index.php\/wp-json\/wp\/v2\/comments?post=2126"}],"wp:featuredmedia":[{"embeddable":true,"href":"https:\/\/bibliotecajuridicavirtual.cl\/index.php\/wp-json\/wp\/v2\/media\/2156"}],"wp:attachment":[{"href":"https:\/\/bibliotecajuridicavirtual.cl\/index.php\/wp-json\/wp\/v2\/media?parent=2126"}],"wp:term":[{"taxonomy":"product_brand","embeddable":true,"href":"https:\/\/bibliotecajuridicavirtual.cl\/index.php\/wp-json\/wp\/v2\/product_brand?post=2126"},{"taxonomy":"product_cat","embeddable":true,"href":"https:\/\/bibliotecajuridicavirtual.cl\/index.php\/wp-json\/wp\/v2\/product_cat?post=2126"},{"taxonomy":"product_tag","embeddable":true,"href":"https:\/\/bibliotecajuridicavirtual.cl\/index.php\/wp-json\/wp\/v2\/product_tag?post=2126"}],"curies":[{"name":"wp","href":"https:\/\/api.w.org\/{rel}","templated":true}]}}