{"id":2127,"date":"2026-02-28T00:58:40","date_gmt":"2026-02-28T03:58:40","guid":{"rendered":"https:\/\/bibliotecajuridicavirtual.cl\/?post_type=product&#038;p=2127"},"modified":"2026-02-28T00:59:06","modified_gmt":"2026-02-28T03:59:06","slug":"operacion-renta-at-guia-practica-gonzalo-araya-edicion-actualizada-ano-2025-400-paginas","status":"publish","type":"product","link":"https:\/\/bibliotecajuridicavirtual.cl\/index.php\/product\/operacion-renta-at-guia-practica-gonzalo-araya-edicion-actualizada-ano-2025-400-paginas\/","title":{"rendered":"Operaci\u00f3n Renta AT &#8211; Gu\u00eda Pr\u00e1ctica &#8211; Gonzalo Araya, edici\u00f3n actualizada a\u00f1o 2025 &#8211; 400 P\u00e1ginas"},"content":{"rendered":"<p class=\"thomsonreuterscl-dynamic-description-0-x-dynamicDescriptionItem\">Esta obra ofrece un enfoque pr\u00e1ctico y detallado sobre el proceso de Operaci\u00f3n Renta correspondiente al a\u00f1o tributario 2025.<\/p>\n<p class=\"thomsonreuterscl-dynamic-description-0-x-dynamicDescriptionItem\">Este proceso se compone de varias etapas, de las cuales dos son especialmente relevantes para los contribuyentes: la presentaci\u00f3n de las declaraciones juradas ante el Servicio de Impuestos Internos (SII) y la elaboraci\u00f3n del Formulario N\u00ba 22.<\/p>\n<p class=\"thomsonreuterscl-dynamic-description-0-x-dynamicDescriptionItem\">Este formulario es fundamental, ya que permite declarar y pagar los tributos establecidos por la ley de la renta, correspondientes a los ingresos y rentas obtenidas durante el a\u00f1o comercial 2024.<\/p>\n<p class=\"thomsonreuterscl-dynamic-description-0-x-dynamicDescriptionItem\">Las declaraciones juradas son obligaciones tributarias accesorias esenciales para el SII, ya que facilitan el cruce de informaci\u00f3n y la verificaci\u00f3n del cumplimiento tributario de los contribuyentes, adem\u00e1s de permitir la preparaci\u00f3n de las Propuestas de F22 para millones de ellos.<\/p>\n<p class=\"thomsonreuterscl-dynamic-description-0-x-dynamicDescriptionItem\">En esta obra, se analizan en profundidad varias de las declaraciones juradas m\u00e1s comunes que deben presentar los contribuyentes.<\/p>\n<p class=\"thomsonreuterscl-dynamic-description-0-x-dynamicDescriptionItem\">Asimismo, se examina el nuevo Formulario N\u00ba 22 AT 2025, proporcionando instrucciones claras sobre su correcta cumplimentaci\u00f3n, acompa\u00f1adas de numerosos ejemplos pr\u00e1cticos que ilustran la aplicaci\u00f3n de rebajas, franquicias y cr\u00e9ditos, en funci\u00f3n de los tributos que se declaran y los reg\u00edmenes tributarios aplicables en cada caso.<\/p>\n<p class=\"thomsonreuterscl-dynamic-description-0-x-dynamicDescriptionItem\">GONZALO ARAYA IB\u00c1\u00d1EZ<\/p>\n<p class=\"thomsonreuterscl-dynamic-description-0-x-dynamicDescriptionItem\">Ingeniero Civil Industrial de la U. de Chile, MBA, Mag\u00edster en Educaci\u00f3n Superior.<\/p>\n<p class=\"thomsonreuterscl-dynamic-description-0-x-dynamicDescriptionItem\">Docente de diversas instituciones de educaci\u00f3n superior en materias tributarias.<\/p>\n<p class=\"thomsonreuterscl-dynamic-description-0-x-dynamicDescriptionItem\">Fundador de la consultora Tributario360.<\/p>\n<p class=\"thomsonreuterscl-dynamic-description-0-x-dynamicDescriptionItem\">Cuenta con una larga trayectoria como asesor y gestor tributario en el \u00e1mbito empresarial privado, adem\u00e1s de gran experiencia en la recopilaci\u00f3n y an\u00e1lisis de estas materias.<\/p>\n<p class=\"thomsonreuterscl-dynamic-description-0-x-dynamicDescriptionItem\">Autor de m\u00e1s de una veintena de t\u00edtulos en el \u00e1mbito tributario.<\/p>\n<p class=\"thomsonreuterscl-dynamic-description-0-x-dynamicDescriptionItem\">Es, asimismo, colaborador permanente del Manual de Consultas Tributarias, una de las publicaciones especializadas m\u00e1s reconocidas en el \u00e1mbito tributario.<\/p>\n","protected":false},"excerpt":{"rendered":"<p>Buscas un libro Jur\u00eddico.? Lo puedes encontrar en nuestra tienda virtual.<br \/>\nContamos con prestigiosos autores y muchas alternativas en sus diferentes materias al igual que grandes descuentos.! Vis\u00edtanos en <a class=\"bKitxDDAQqpwXZxDSIyHcsuFHqiIdTZqbQ \" tabindex=\"0\" href=\"https:\/\/lnkd.in\/eiAG7jdZ\" target=\"_blank\" rel=\"noopener\" data-test-app-aware-link=\"\">https:\/\/lnkd.in\/eiAG7jdZ<\/a><br \/>\nEscr\u00edbenos al +56930565235 \/ <a class=\"bKitxDDAQqpwXZxDSIyHcsuFHqiIdTZqbQ \" tabindex=\"0\" href=\"mailto:ventaslegallexglobal@gmail.com\" target=\"_self\" data-test-app-aware-link=\"\">ventaslegallexglobal@gmail.com<\/a><br \/>\nHacemos env\u00edos a todo Chile \u2013 Starken o Correos Chile \/ Te esperamos<\/p>\n","protected":false},"featured_media":2179,"comment_status":"open","ping_status":"closed","template":"","meta":{"inline_featured_image":false,"_joinchat":[]},"product_brand":[],"product_cat":[26,28],"product_tag":[],"class_list":{"0":"post-2127","1":"product","2":"type-product","3":"status-publish","4":"has-post-thumbnail","6":"product_cat-derecho","7":"product_cat-tributario","9":"first","10":"instock","11":"shipping-taxable","12":"purchasable","13":"product-type-simple"},"_links":{"self":[{"href":"https:\/\/bibliotecajuridicavirtual.cl\/index.php\/wp-json\/wp\/v2\/product\/2127","targetHints":{"allow":["GET"]}}],"collection":[{"href":"https:\/\/bibliotecajuridicavirtual.cl\/index.php\/wp-json\/wp\/v2\/product"}],"about":[{"href":"https:\/\/bibliotecajuridicavirtual.cl\/index.php\/wp-json\/wp\/v2\/types\/product"}],"replies":[{"embeddable":true,"href":"https:\/\/bibliotecajuridicavirtual.cl\/index.php\/wp-json\/wp\/v2\/comments?post=2127"}],"wp:featuredmedia":[{"embeddable":true,"href":"https:\/\/bibliotecajuridicavirtual.cl\/index.php\/wp-json\/wp\/v2\/media\/2179"}],"wp:attachment":[{"href":"https:\/\/bibliotecajuridicavirtual.cl\/index.php\/wp-json\/wp\/v2\/media?parent=2127"}],"wp:term":[{"taxonomy":"product_brand","embeddable":true,"href":"https:\/\/bibliotecajuridicavirtual.cl\/index.php\/wp-json\/wp\/v2\/product_brand?post=2127"},{"taxonomy":"product_cat","embeddable":true,"href":"https:\/\/bibliotecajuridicavirtual.cl\/index.php\/wp-json\/wp\/v2\/product_cat?post=2127"},{"taxonomy":"product_tag","embeddable":true,"href":"https:\/\/bibliotecajuridicavirtual.cl\/index.php\/wp-json\/wp\/v2\/product_tag?post=2127"}],"curies":[{"name":"wp","href":"https:\/\/api.w.org\/{rel}","templated":true}]}}