{"id":2128,"date":"2026-02-28T00:58:40","date_gmt":"2026-02-28T03:58:40","guid":{"rendered":"https:\/\/bibliotecajuridicavirtual.cl\/?post_type=product&#038;p=2128"},"modified":"2026-02-28T00:59:09","modified_gmt":"2026-02-28T03:59:09","slug":"declaraciones-juradas-ano-2025-mct-ddjj-1-edicion-actualizada-1-020-paginas","status":"publish","type":"product","link":"https:\/\/bibliotecajuridicavirtual.cl\/index.php\/product\/declaraciones-juradas-ano-2025-mct-ddjj-1-edicion-actualizada-1-020-paginas\/","title":{"rendered":"Declaraciones Juradas a\u00f1o 2025 &#8211; MCT DDJJ \/ 1\u00b0 edici\u00f3n actualizada &#8211; 1.020 P\u00e1ginas"},"content":{"rendered":"<p class=\"thomsonreuterscl-dynamic-description-0-x-dynamicDescriptionItem\">ESTA EDICI\u00d3N INCLUYE:<\/p>\n<p class=\"thomsonreuterscl-dynamic-description-0-x-dynamicDescriptionItem\">2025<\/p>\n<p class=\"thomsonreuterscl-dynamic-description-0-x-dynamicDescriptionItem\">Todas las DDJJ y sus cambios para MiPymes, Grandes Empresas y Grandes Contribuyentes, destacando entre otros:<\/p>\n<p class=\"thomsonreuterscl-dynamic-description-0-x-dynamicDescriptionItem\">\u2022 R\u00e9gimen General 14 A) (F1847, F1926, y modificados L&amp;amp;O e instrucciones F1948 y su C70).<\/p>\n<p class=\"thomsonreuterscl-dynamic-description-0-x-dynamicDescriptionItem\">\u2022 R\u00e9gimen Pro Pyme General o 14 D) N\u00b0 3 (modificados L&amp;amp;O e instrucciones F1948 y su C70).<\/p>\n<p class=\"thomsonreuterscl-dynamic-description-0-x-dynamicDescriptionItem\">\u2022 R\u00e9gimen Pro Pyme Transparente o 14 D) N\u00b0 8 (F1947).<\/p>\n<p class=\"thomsonreuterscl-dynamic-description-0-x-dynamicDescriptionItem\">\u2022 R\u00e9gimen de empresas afectas al Impuesto de Primera Categor\u00eda que declaren rentas efectivas y que no las determinen sobre la base de un Balance General, seg\u00fan C. Completa o 14 B) N\u00b0 1 (modificados L&amp;amp;O e instrucciones F1943 y su C57).<\/p>\n<p class=\"thomsonreuterscl-dynamic-description-0-x-dynamicDescriptionItem\">\u2022 R\u00e9gimen Rentas Presuntas o 14 B) N\u00b0 2, y 34 (modificados L&amp;amp;O e instrucciones F1943 y su C58).<\/p>\n<p class=\"thomsonreuterscl-dynamic-description-0-x-dynamicDescriptionItem\">\u2022 DDJJ Comunes (modificado L&amp;amp;O e instrucciones F1835).<\/p>\n<p class=\"thomsonreuterscl-dynamic-description-0-x-dynamicDescriptionItem\">\u2022 DDJJ Financieras (modificados L&amp;amp;O e instrucciones F1922 y sus C43 y C44; F1949 y su C71; nuevos F1958 y F1959).<\/p>\n<p class=\"thomsonreuterscl-dynamic-description-0-x-dynamicDescriptionItem\">\u2022 DDJJ Previsionales.<\/p>\n<p class=\"thomsonreuterscl-dynamic-description-0-x-dynamicDescriptionItem\">\u2022 DDJJ Internacional (modificado L&amp;amp;O e instrucciones F1913).<\/p>\n<p class=\"thomsonreuterscl-dynamic-description-0-x-dynamicDescriptionItem\">\u2022 DDJJ Mensuales (se sum\u00f3 F1954).<\/p>\n","protected":false},"excerpt":{"rendered":"<p>Buscas un libro Jur\u00eddico.? Lo puedes encontrar en nuestra tienda virtual.<br \/>\nContamos con prestigiosos autores y muchas alternativas en sus diferentes materias al igual que grandes descuentos.! Vis\u00edtanos en <a class=\"bKitxDDAQqpwXZxDSIyHcsuFHqiIdTZqbQ \" tabindex=\"0\" href=\"https:\/\/lnkd.in\/eiAG7jdZ\" target=\"_blank\" rel=\"noopener\" data-test-app-aware-link=\"\">https:\/\/lnkd.in\/eiAG7jdZ<\/a><br \/>\nEscr\u00edbenos al +56930565235 \/ <a class=\"bKitxDDAQqpwXZxDSIyHcsuFHqiIdTZqbQ \" tabindex=\"0\" href=\"mailto:ventaslegallexglobal@gmail.com\" target=\"_self\" data-test-app-aware-link=\"\">ventaslegallexglobal@gmail.com<\/a><br \/>\nHacemos env\u00edos a todo Chile \u2013 Starken o Correos Chile \/ Te esperamos<\/p>\n","protected":false},"featured_media":2180,"comment_status":"open","ping_status":"closed","template":"","meta":{"inline_featured_image":false,"_joinchat":[]},"product_brand":[],"product_cat":[26,28],"product_tag":[],"class_list":{"0":"post-2128","1":"product","2":"type-product","3":"status-publish","4":"has-post-thumbnail","6":"product_cat-derecho","7":"product_cat-tributario","9":"first","10":"instock","11":"shipping-taxable","12":"purchasable","13":"product-type-simple"},"_links":{"self":[{"href":"https:\/\/bibliotecajuridicavirtual.cl\/index.php\/wp-json\/wp\/v2\/product\/2128","targetHints":{"allow":["GET"]}}],"collection":[{"href":"https:\/\/bibliotecajuridicavirtual.cl\/index.php\/wp-json\/wp\/v2\/product"}],"about":[{"href":"https:\/\/bibliotecajuridicavirtual.cl\/index.php\/wp-json\/wp\/v2\/types\/product"}],"replies":[{"embeddable":true,"href":"https:\/\/bibliotecajuridicavirtual.cl\/index.php\/wp-json\/wp\/v2\/comments?post=2128"}],"wp:featuredmedia":[{"embeddable":true,"href":"https:\/\/bibliotecajuridicavirtual.cl\/index.php\/wp-json\/wp\/v2\/media\/2180"}],"wp:attachment":[{"href":"https:\/\/bibliotecajuridicavirtual.cl\/index.php\/wp-json\/wp\/v2\/media?parent=2128"}],"wp:term":[{"taxonomy":"product_brand","embeddable":true,"href":"https:\/\/bibliotecajuridicavirtual.cl\/index.php\/wp-json\/wp\/v2\/product_brand?post=2128"},{"taxonomy":"product_cat","embeddable":true,"href":"https:\/\/bibliotecajuridicavirtual.cl\/index.php\/wp-json\/wp\/v2\/product_cat?post=2128"},{"taxonomy":"product_tag","embeddable":true,"href":"https:\/\/bibliotecajuridicavirtual.cl\/index.php\/wp-json\/wp\/v2\/product_tag?post=2128"}],"curies":[{"name":"wp","href":"https:\/\/api.w.org\/{rel}","templated":true}]}}