{"id":2130,"date":"2026-02-28T00:58:40","date_gmt":"2026-02-28T03:58:40","guid":{"rendered":"https:\/\/bibliotecajuridicavirtual.cl\/?post_type=product&#038;p=2130"},"modified":"2026-02-28T00:59:11","modified_gmt":"2026-02-28T03:59:11","slug":"derecho-penal-economico-chileno-tomo-iii-vol-i-delitos-tributarios-parte-especial-ignacio-ananias-zaror","status":"publish","type":"product","link":"https:\/\/bibliotecajuridicavirtual.cl\/index.php\/product\/derecho-penal-economico-chileno-tomo-iii-vol-i-delitos-tributarios-parte-especial-ignacio-ananias-zaror\/","title":{"rendered":"Derecho Penal Econ\u00f3mico Chileno &#8211; Tomo III &#8211; Vol. I &#8211; Delitos Tributarios. Parte Especial &#8211; Ignacio Anan\u00edas Zaror"},"content":{"rendered":"<p style=\"font-weight: 400;\">La presente obra constituye el tomo III, volumen I, de una importante serie de \u00fatiles comentarios a la legislaci\u00f3n chilena sobre Derecho Penal Econ\u00f3mico.<\/p>\n<p style=\"font-weight: 400;\">En este volumen se entrega una reconstrucci\u00f3n profunda y detallada, con orientaci\u00f3n pr\u00e1ctica, de los delitos previstos en el art\u00edculo 97 del C\u00f3digo Tributario establecidos bajo la categor\u00eda de los delitos econ\u00f3micos relativos de la Ley de Delitos Econ\u00f3micos.<\/p>\n<p style=\"font-weight: 400;\">La obra se proyecta como un est\u00e1ndar de referencia en la reconstrucci\u00f3n de la parte especial\u00a0de los delitos tributarios.<\/p>\n<ol>\n<li style=\"font-weight: 400;\"><b><strong> Descripci\u00f3n general de la regulaci\u00f3n tributaria<\/strong><\/b>a. Disposiciones que establecen incondicionalmente delitos tributarios<br \/>\nb. Delitos tributarios condicionados a una decisi\u00f3n discrecional del SII<\/li>\n<li style=\"font-weight: 400;\"><b><strong> Bien jur\u00eddico protegido<\/strong><\/b><\/li>\n<li style=\"font-weight: 400;\">Generalidades sobre bienes jur\u00eddicos<br \/>\nb. Patrimonio p\u00fablico como bien jur\u00eddico protegido<br \/>\nc. Modos de protecci\u00f3n penal del patrimonio p\u00fablico<\/li>\n<li style=\"font-weight: 400;\"><b><strong> Las consecuencias de la LDE en el derecho penal tributario<\/strong><\/b><\/li>\n<li style=\"font-weight: 400;\">Los delitos tributarios establecidos bajo la categor\u00eda de los delitos econ\u00f3micos relativos<br \/>\nb. Consecuencias del tratamiento diferenciado del delito del art\u00edculo 97 N\u00b0 10 CT<br \/>\nc. Consecuencias del tratamiento diferenciado de los delitos tributarios no establecidos bajo la categor\u00eda de los delitos econ\u00f3micos relativos que se sancionan en la forma prevista en el art\u00edculo 97 N\u00b0 4 CT<br \/>\nd. Especial incidencia del tratamiento diferenciado de las micro y peque\u00f1as empresas para los delitos tributarios establecidos bajo la categor\u00eda de los delitos econ\u00f3micos relativos<br \/>\ne. La multa en los delitos tributarios despu\u00e9s de la modificaci\u00f3n introducida por la LDE<br \/>\nf. Impuestos evitados mediante la perpetraci\u00f3n de un delito tributario como ganancias objeto de la consecuencia de comiso<br \/>\ng. Efectos de la LDE desde su entrada en vigor<\/li>\n<li style=\"font-weight: 400;\"><b><strong> Desarrollo del resto del comentario<\/strong><\/b><\/li>\n<\/ol>\n<p style=\"font-weight: 400;\"><em><b><strong>Comentario previo al art\u00edculo 97 N\u00b0 4 CT<\/strong><\/b><\/em><\/p>\n<ol>\n<li style=\"font-weight: 400;\">Los enunciados legales previstos en el art\u00edculo 97 N\u00b0 4 CT<br \/>\n2. Los delitos tributarios previstos en el art\u00edculo 97 N\u00b0 4 CT<br \/>\n3. Relaci\u00f3n (de concurso aparente) entre las diversas modalidades t\u00edpicas del art\u00edculo 97 N\u00b0 4 inciso primero CT<\/li>\n<\/ol>\n<p style=\"font-weight: 400;\"><em><b><strong>El delito de evasi\u00f3n tributaria<\/strong><\/b><\/em><\/p>\n<ol>\n<li style=\"font-weight: 400;\">Modalidades del delito de evasi\u00f3n tributaria<\/li>\n<li style=\"font-weight: 400;\">El problema de la modalidad de perpetraci\u00f3n establecida con la cl\u00e1usula general residual<br \/>\na. Argumentos de orden constitucional contrarios a la cl\u00e1usula general residual<br \/>\nb. Fundamentos para reconocer la idoneidad de la cl\u00e1usula general residual<br \/>\ni. Problemas en el argumento de Ugalde y Garc\u00eda<br \/>\nii. Mandato de interpretaci\u00f3n conforme a la Constituci\u00f3n<br \/>\niii. Interpretaci\u00f3n jurisprudencial<\/li>\n<li style=\"font-weight: 400;\">Formas de perpetraci\u00f3n del delito de evasi\u00f3n tributaria<\/li>\n<li style=\"font-weight: 400;\">Evoluci\u00f3n del delito de evasi\u00f3n tributaria. Estado del debate<br \/>\na. Concepci\u00f3n de Ortiz: la evasi\u00f3n tributaria como un tipo de estafa<br \/>\nb. Concepci\u00f3n de Van Weezel: interpretaci\u00f3n de la evasi\u00f3n tributaria conforme a un tipo de estafa<br \/>\nc. Concepci\u00f3n de Hern\u00e1ndez: improcedencia de una exigencia de enga\u00f1o calificado en el delito de evasi\u00f3n tributaria<\/li>\n<li style=\"font-weight: 400;\">Sujeto activo del delito de evasi\u00f3n tributaria: delito especial (propio)<\/li>\n<li style=\"font-weight: 400;\">La estructura t\u00edpica del delito de evasi\u00f3n tributaria. Planteamiento del autor<br \/>\na. Clase de declaraciones de impuestos exigidas por el delito de evasi\u00f3n tributaria<br \/>\nb. Sentido y alcance de las expresiones \u201cincompleta\u201d y \u201cfalsa\u201d en el art\u00edculo 97 N\u00b0 4 inciso primero CT<br \/>\nc. Realizaci\u00f3n del tipo de evasi\u00f3n tributaria<\/li>\n<li style=\"font-weight: 400;\">Dolo: sentido y alcance de la expresi\u00f3n \u201cmaliciosamente\u201d en el art\u00edculo 97 N\u00b0 4 inciso primero CT<br \/>\na. Sentido y alcance de la expresi\u00f3n \u201cmaliciosamente\u201d en el art\u00edculo 97 N\u00b0 4 inciso primero CT en la jurisprudencia<br \/>\nb. Concepci\u00f3n de Van Weezel: la expresi\u00f3n \u201cmaliciosamente\u201d en el art\u00edculo 97 N\u00b0 4 inciso primero CT como refuerzo sem\u00e1ntico de una exigencia de maquinaci\u00f3n fraudulenta<br \/>\nc. Concepci\u00f3n de Reyes: la expresi\u00f3n \u201cmaliciosamente\u201d en el art\u00edculo 97 N\u00b0 4 inciso primero CT como una exigencia de que el hechor conozca que su conducta infringe el ordenamiento jur\u00eddico<br \/>\nd. Toma de postura. Sentido y alcance de la expresi\u00f3n \u201cmaliciosamente\u201d en el art\u00edculo 97 N\u00b0 4 inciso primero CT<\/li>\n<li style=\"font-weight: 400;\">Excurso<\/li>\n<li style=\"font-weight: 400;\">Reforma al art\u00edculo 97 N\u00b0 4 inciso primero CT<br \/>\na. Fundamento del reemplazo de la formulaci\u00f3n \u201ctributo eludido\u201d por \u201ctributo defraudado\u201d en el art\u00edculo 97 N\u00b0 4 inciso primero CT<br \/>\nb. Sentido y alcance de la expresi\u00f3n \u201cdefraudaci\u00f3n\u201d en el art\u00edculo 97 N\u00b0 4 inciso primero CT<br \/>\nc. Consecuencias del reemplazo de la formulaci\u00f3n \u201ctributo eludido\u201d por \u201ctributo defraudado\u201d en el art\u00edculo 97 N\u00b0 4 inciso primero CT<\/li>\n<\/ol>\n<p style=\"font-weight: 400;\"><em><b><strong>Los delitos contables tributarios<\/strong><\/b><\/em><\/p>\n<ol>\n<li style=\"font-weight: 400;\">Formas de delitos contables tributarios y caracter\u00edsticas<\/li>\n<li style=\"font-weight: 400;\">Estructura t\u00edpica de los delitos contables tributarios de acci\u00f3n<br \/>\na. Relaci\u00f3n de concurso aparente entre los delitos contables tributarios de acci\u00f3n<br \/>\nb. Consumaci\u00f3n de los delitos contables tributarios de acci\u00f3n<br \/>\ni. Estado del debate<br \/>\nii. Problemas de la tesis de Massone y Van Weezel<br \/>\niii. Interpretaci\u00f3n del delito de falsedades contables como un delito de emprendimiento<br \/>\niv. Interpretaci\u00f3n del delito de falsedades contables conforme a la dogm\u00e1tica de las falsedades documentales<br \/>\nv. Interpretaci\u00f3n del delito de falsedades contables conforme a la propuesta de Roxin sobre tipos penales ambivalentes<br \/>\nvi. Interpretaci\u00f3n del delito de falsedades contables conforme a su fundamento. Toma de postura<\/li>\n<li style=\"font-weight: 400;\">El delito de falsedades contables<br \/>\na. Sentido y alcance de la expresi\u00f3n \u201cadulteraci\u00f3n\u201d en el art\u00edculo 97 N\u00b0 4 inciso primero CT<br \/>\nb. Sujeto activo del delito de falsedades contables: delito especial (propio)<br \/>\ni. Consecuencias penales de consignar datos falsos en la contabilidad sin tener obligaci\u00f3n de llevarla<br \/>\nii. Consecuencias penales de llevar una contabilidad simplificada<\/li>\n<li style=\"font-weight: 400;\">El delito de presentaci\u00f3n de balances o inventarios adulterados o fraudulentos<br \/>\na. Sujeto activo del delito de presentaci\u00f3n de balances o inventarios adulterados o fraudulentos: delito especial (propio)<br \/>\nb. L\u00edmite a la procedencia del delito de presentaci\u00f3n de balances o inventarios adulterados o fraudulentos<br \/>\nc. Sentido y alcance de la expresi\u00f3n \u201cpresentaci\u00f3n\u201d en el art\u00edculo 97 N\u00b0 4 inciso primero CT<br \/>\nd. Vigencia pr\u00e1ctica del delito de presentaci\u00f3n de balances o inventarios adulterados o fraudulentos<\/li>\n<li style=\"font-weight: 400;\">El delito de falsedades contables a trav\u00e9s de omisiones contables<br \/>\na. L\u00edmite a la procedencia del delito de falsedades contables a trav\u00e9s de omisiones contables<\/li>\n<li style=\"font-weight: 400;\">El delito de reutilizaci\u00f3n de documentaci\u00f3n tributaria previamente usada<br \/>\na. Formas de perpetraci\u00f3n del delito de reutilizaci\u00f3n de documentaci\u00f3n tributaria previamente usada<br \/>\nb. Relaci\u00f3n de concurso aparente con el delito del art\u00edculo 97 N\u00b0 10 CT<\/li>\n<\/ol>\n<p style=\"font-weight: 400;\"><em><b><strong>El delito de omisi\u00f3n de declaraciones<\/strong><\/b><\/em><\/p>\n<ol>\n<li style=\"font-weight: 400;\">Problemas interpretativos asociados al delito de omisi\u00f3n de declaraciones2. La estructura t\u00edpica del delito de omisi\u00f3n de declaraciones<br \/>\na. Declaraciones tributarias cuya presentaci\u00f3n es exigida por leyes tributarias<br \/>\nb. Declaraciones necesarias para la determinaci\u00f3n o liquidaci\u00f3n de un impuesto 66 i. Formas de perpetraci\u00f3n del delito de omisi\u00f3n de declaraciones<br \/>\nc. Que se hayan omitido dichas declaraciones<br \/>\nd. Sentido y alcance de la expresi\u00f3n \u201cmaliciosamente\u201d en el art\u00edculo 97 N\u00b0 5 CT<\/p>\n<p>3. L\u00edmite a la procedencia del delito de omisi\u00f3n de declaraciones<br \/>\na. La declaraci\u00f3n rectificatoria oportuna como excusa legal absolutoria<br \/>\nb. La declaraci\u00f3n rectificatoria oportuna como cumplimiento alternativo del deber de soportar la pena<\/li>\n<\/ol>\n<p style=\"font-weight: 400;\"><em><b><strong>El delito de aumento indebido de cr\u00e9ditos fiscales<\/strong><\/b><\/em><\/p>\n<ol>\n<li style=\"font-weight: 400;\">Consideraciones tributarias b\u00e1sicas<\/li>\n<li style=\"font-weight: 400;\">Formas de perpetraci\u00f3n del delito del delito de aumento indebido de cr\u00e9ditos fiscales<\/li>\n<li style=\"font-weight: 400;\">La estructura t\u00edpica del delito de aumento indebido de cr\u00e9ditos fiscales<\/li>\n<li style=\"font-weight: 400;\">L\u00edmite a la procedencia del delito de aumento indebido de cr\u00e9ditos fiscales<\/li>\n<li style=\"font-weight: 400;\">Concurso con el delito de evasi\u00f3n tributaria<br \/>\na. Estado del debate<br \/>\nb. Toma de postura. Relaci\u00f3n de concurso aparente entre el delito de evasi\u00f3n tributaria y el delito de aumento indebido de cr\u00e9ditos fiscales<\/li>\n<\/ol>\n<p style=\"font-weight: 400;\"><em><b><strong>El delito de obtenci\u00f3n injustificada de devoluciones de impuestos<\/strong><\/b><\/em><\/p>\n<ol>\n<li style=\"font-weight: 400;\">Las categor\u00edas t\u00edpicas propias del delito de obtenci\u00f3n injustificada de devoluciones de impuestos<br \/>\na. Concepci\u00f3n de Massone: el art\u00edculo 97 N\u00b0 4 inciso tercero CT como excepci\u00f3n a la regla general del art\u00edculo 7 CP<br \/>\nb. Argumentos de orden hist\u00f3rico para limitar la procedencia de la tentativa (lato sensu) en el delito de obtenci\u00f3n injustificada de devoluciones de impuestos<br \/>\nc. Procedencia de la frustraci\u00f3n y del desistimiento en el delito de obtenci\u00f3n injustificada de devoluciones de impuestos<\/li>\n<li style=\"font-weight: 400;\">Consideraciones especiales respecto a la estructura t\u00edpica del delito de obtenci\u00f3n injustificada de devoluciones de impuestos<\/li>\n<li style=\"font-weight: 400;\">Formas de perpetraci\u00f3n del delito del delito de obtenci\u00f3n injustificada de devoluciones de impuestos<\/li>\n<li style=\"font-weight: 400;\">Modalidades del delito de obtenci\u00f3n injustificada de devoluciones de impuestos<br \/>\na. Relaci\u00f3n causal entre la conducta prohibida y el resultado t\u00edpico<br \/>\nb. Improcedencia de una exigencia de error en el delito de obtenci\u00f3n injustificada de devoluciones de impuestos<br \/>\nc. Improcedencia de una exigencia de enga\u00f1o calificado en el delito de obtenci\u00f3n injustificada de devoluciones de impuestos<br \/>\nd. Consideraciones de pol\u00edtica-criminal<\/li>\n<li style=\"font-weight: 400;\">Sujeto activo del delito de obtenci\u00f3n injustificada de devoluciones de impuestos: delito com\u00fan<\/li>\n<li style=\"font-weight: 400;\">Pena pecuniaria del delito de obtenci\u00f3n injustificada de devoluciones de impuestos<\/li>\n<li style=\"font-weight: 400;\">Reforma al art\u00edculo 97 N\u00b0 4 inciso tercero CT<\/li>\n<\/ol>\n<p style=\"font-weight: 400;\"><em><b><strong>Los delitos de falsedad (documental) tributaria: art\u00edculo 97 N\u00b0 4 inciso quinto, N\u00b0 22 y N\u00b0 23 CT<\/strong><\/b><\/em><\/p>\n<ol>\n<li style=\"font-weight: 400;\">El delito del art\u00edculo 97 N\u00b0 4 inciso quinto CT<br \/>\na. El origen de los delitos del art\u00edculo 97 N\u00b0 4 inciso quinto, N\u00b0 22 y N\u00b0 23 CT<br \/>\nb. Consecuencias de la incorporaci\u00f3n del art\u00edculo 97 N\u00b0 4 inciso quinto CT<br \/>\nc. La estructura t\u00edpica del delito del art\u00edculo 97 N\u00b0 4 inciso quinto CT<br \/>\nd. Modalidades del delito del art\u00edculo 97 N\u00b0 4 inciso quinto CT<br \/>\ni. Acciones t\u00edpicas<br \/>\na) Confeccionar documentos tributarios falsos<br \/>\nb) Facilitar documentos tributarios falsos<br \/>\nc) Vender documentos tributarios falsos<br \/>\ne. Dolo: sentido y alcance de la expresi\u00f3n \u201cmaliciosamente\u201d en el art\u00edculo 97 N\u00b0 4 inciso quinto CT<br \/>\nf. Reforma al art\u00edculo 97 N\u00b0 4 inciso quinto CT<\/li>\n<li style=\"font-weight: 400;\">Los delitos del art\u00edculo 97 N\u00b0 23 CT<br \/>\na. Tipo penal b\u00e1sico del art\u00edculo 97 N\u00b0 23 inciso primero CT<br \/>\ni. Formas de perpetraci\u00f3n del delito del art\u00edculo 97 N\u00b0 23 CT<br \/>\nb. Tipo penal privilegiado del art\u00edculo 97 N\u00b0 23 inciso segundo CT<\/li>\n<li style=\"font-weight: 400;\">El delito del art\u00edculo 97 N\u00b0 22 CT<br \/>\na. Reforma al art\u00edculo 97 N\u00b0 22 CT<br \/>\ni. Dolo: sentido y alcance de la expresi\u00f3n \u201ca sabiendas\u201d en el art\u00edculo 97 N\u00b0 22 CT<\/li>\n<\/ol>\n<p style=\"font-weight: 400;\"><em><b><strong>Los delitos de comercio ilegal y clandestino: art\u00edculo 97 N\u00b0s. 8 y 9 CT<\/strong><\/b><\/em><\/p>\n<ol>\n<li style=\"font-weight: 400;\">Incidencia de la LDE en los delitos de comercio ilegal y clandestino<\/li>\n<li style=\"font-weight: 400;\">El delito de comercio ilegal<br \/>\na. La estructura t\u00edpica del delito de comercio ilegal<br \/>\nb. Elementos del tipo de comercio ilegal<br \/>\ni. Bienes cuya producci\u00f3n o comercio est\u00e9 gravada con alg\u00fan tributo<br \/>\nii. Incumplimiento de las obligaciones de declarar y pagar un tributo<br \/>\niii. Ejercer un comercio<br \/>\na) El delito de comercio ilegal como intervenci\u00f3n post-ejecutiva tipificada como delito aut\u00f3nomo<br \/>\nb) Toma de postura. Sentido y alcance de la frase \u201cejercer un comercio\u201d en el art\u00edculo 97 N\u00b0 8 CT<br \/>\niv. Dolo: sentido y alcance de la expresi\u00f3n \u201ca sabiendas\u201d en el art\u00edculo 97 N\u00b0 8 CT<br \/>\nc. Pena pecuniaria del delito de comercio ilegal<\/li>\n<li style=\"font-weight: 400;\">El delito de comercio clandestino<br \/>\na. El delito de comercio clandestino en la pr\u00e1ctica judicial<br \/>\ni. El delito de comercio clandestino en la pr\u00e1ctica judicial de los tribunales tributarios y aduaneros<br \/>\nii. El delito de comercio clandestino en la pr\u00e1ctica judicial de los tribunales con competencia penal<br \/>\nb. La estructura t\u00edpica del delito de comercio clandestino<br \/>\nc. Reforma al art\u00edculo 97 N\u00b0 9 CT<\/li>\n<\/ol>\n<p style=\"font-weight: 400;\"><em><b><strong>Los delitos de omisi\u00f3n reiterada de emisi\u00f3n de boletas, facturas y otros documentos tributarios y de incumplimiento de la sanci\u00f3n de clausura<\/strong><\/b><\/em><\/p>\n<ol>\n<li style=\"font-weight: 400;\">El delito de omisi\u00f3n reiterada de emisi\u00f3n de boletas, facturas y otros documentos tributarios<br \/>\na. Consideraciones tributarias b\u00e1sicas<br \/>\nb. Modalidades del delito de omisi\u00f3n reiterada de emisi\u00f3n de boletas, facturas y otros documentos tributarios<br \/>\nc. L\u00edmites al delito de omisi\u00f3n reiterada de emisi\u00f3n de boletas, facturas y otros documentos tributarios: el N\u00b0 17 y N\u00b0 19 del art\u00edculo 97 CT<br \/>\nd. Reforma al art\u00edculo 97 N\u00b0 10 CT<\/li>\n<li style=\"font-weight: 400;\">El delito de comercio irregular<br \/>\na. Consideraciones generales sobre la clausura<br \/>\nb. Sentido y alcance de la expresi\u00f3n \u201cclausura impuesta por el Servicio\u201d en el art\u00edculo 97 N\u00b0 12 CT<br \/>\nc. Sentido y alcance de la expresi\u00f3n \u201creapertura de un establecimiento\u201d en el art\u00edculo 97 N\u00b0 12 CT<\/li>\n<\/ol>\n<p style=\"font-weight: 400;\"><em><b><strong>El delito de abuso de franquicias tributarias asociadas a donaciones<\/strong><\/b><\/em><\/p>\n<ol>\n<li style=\"font-weight: 400;\">Delito de abuso de franquicias tributarias asociadas a donaciones cometido por donantes: art\u00edculo 97 N\u00b0 24 incisos primero y segundo CT<br \/>\na. Consideraciones tributarias b\u00e1sicas<br \/>\nb. Modalidades del delito de abuso de franquicias tributarias asociadas a donaciones cometido por donantes<br \/>\nc. L\u00edmite a la procedencia delito de abuso de franquicias tributarias asociadas a donaciones cometido por donantes<\/li>\n<li style=\"font-weight: 400;\">Delito de abuso de franquicias tributarias asociadas a donaciones cometido por donatarios: art\u00edculo 97 N\u00b0 24 inciso tercero CT<\/li>\n<\/ol>\n<p style=\"font-weight: 400;\"><em><b><strong>Los delitos de uso indebido de zona franca y de abuso de franquicias tributarias propias de zonas francas<\/strong><\/b><\/em><\/p>\n<ol>\n<li style=\"font-weight: 400;\">Consideraciones tributarias b\u00e1sicas<br \/>\n2. Modalidades t\u00edpicas sancionadas en el art\u00edculo 97 N\u00b0 25 CT<\/li>\n<\/ol>\n<p style=\"font-weight: 400;\"><em><b><strong>El art\u00edculo 97 N\u00b0 4 inciso cuarto CT<\/strong><\/b><\/em><\/p>\n<ol>\n<li style=\"font-weight: 400;\">Estado actual del debate en torno a la naturaleza del art\u00edculo 97 N\u00b0 4 inciso cuarto CT<br \/>\n2. En relaci\u00f3n con el delito del art\u00edculo 97 N\u00b0 4 inciso quinto CT<br \/>\n3. En relaci\u00f3n con el delito de uso de documentos falsos del art\u00edculo 198 CP<br \/>\n4. Regla de actuar por otro o en lugar de otro<\/li>\n<\/ol>\n<p><em><b><strong>Titularidad exclusiva de la acci\u00f3n penal por el SII<\/strong><\/b><\/em><\/p>\n<p>1. Contenido general<br \/>\n2. El art\u00edculo 162 CT en la historia de la LDE<br \/>\n3. Mecanismos para impugnar una investigaci\u00f3n fiscal iniciada de forma soberana 160 4. Requisitos de la denuncia o querella deducida por el SII<br \/>\n5. Reglas procesales relevantes<\/p>\n","protected":false},"excerpt":{"rendered":"<p>Edici\u00f3n Actualizada enero a\u00f1o 2025 \/ 196 P\u00e1ginas<\/p>\n<p>Buscas un libro Jur\u00eddico.? Lo puedes encontrar en nuestra tienda virtual.<br \/>\nContamos con prestigiosos autores y muchas alternativas en sus diferentes materias al igual que grandes descuentos.! Vis\u00edtanos en <a class=\"eLkeKfLANpCeIaaehlTorHkfbdUHqQFXesk \" tabindex=\"0\" href=\"https:\/\/lnkd.in\/eiAG7jdZ\" target=\"_blank\" rel=\"noopener\" data-test-app-aware-link=\"\">https:\/\/lnkd.in\/eiAG7jdZ<\/a><br \/>\nEscr\u00edbenos al +56930565235 \/ <a class=\"eLkeKfLANpCeIaaehlTorHkfbdUHqQFXesk \" tabindex=\"0\" href=\"mailto:ventaslegallexglobal@gmail.com\" target=\"_self\" data-test-app-aware-link=\"\">ventaslegallexglobal@gmail.com<\/a><br \/>\nHacemos env\u00edos a todo Chile \u2013 Starken o Correos Chile \/ Te esperamos<\/p>\n","protected":false},"featured_media":2182,"comment_status":"open","ping_status":"closed","template":"","meta":{"inline_featured_image":false,"_joinchat":[]},"product_brand":[],"product_cat":[26,30],"product_tag":[],"class_list":{"0":"post-2130","1":"product","2":"type-product","3":"status-publish","4":"has-post-thumbnail","6":"product_cat-derecho","7":"product_cat-penal","9":"first","10":"instock","11":"shipping-taxable","12":"purchasable","13":"product-type-simple"},"_links":{"self":[{"href":"https:\/\/bibliotecajuridicavirtual.cl\/index.php\/wp-json\/wp\/v2\/product\/2130","targetHints":{"allow":["GET"]}}],"collection":[{"href":"https:\/\/bibliotecajuridicavirtual.cl\/index.php\/wp-json\/wp\/v2\/product"}],"about":[{"href":"https:\/\/bibliotecajuridicavirtual.cl\/index.php\/wp-json\/wp\/v2\/types\/product"}],"replies":[{"embeddable":true,"href":"https:\/\/bibliotecajuridicavirtual.cl\/index.php\/wp-json\/wp\/v2\/comments?post=2130"}],"wp:featuredmedia":[{"embeddable":true,"href":"https:\/\/bibliotecajuridicavirtual.cl\/index.php\/wp-json\/wp\/v2\/media\/2182"}],"wp:attachment":[{"href":"https:\/\/bibliotecajuridicavirtual.cl\/index.php\/wp-json\/wp\/v2\/media?parent=2130"}],"wp:term":[{"taxonomy":"product_brand","embeddable":true,"href":"https:\/\/bibliotecajuridicavirtual.cl\/index.php\/wp-json\/wp\/v2\/product_brand?post=2130"},{"taxonomy":"product_cat","embeddable":true,"href":"https:\/\/bibliotecajuridicavirtual.cl\/index.php\/wp-json\/wp\/v2\/product_cat?post=2130"},{"taxonomy":"product_tag","embeddable":true,"href":"https:\/\/bibliotecajuridicavirtual.cl\/index.php\/wp-json\/wp\/v2\/product_tag?post=2130"}],"curies":[{"name":"wp","href":"https:\/\/api.w.org\/{rel}","templated":true}]}}