{"id":2158,"date":"2026-02-28T00:59:02","date_gmt":"2026-02-28T03:59:02","guid":{"rendered":"https:\/\/bibliotecajuridicavirtual.cl\/?post_type=product&#038;p=2158"},"modified":"2026-02-28T00:59:17","modified_gmt":"2026-02-28T03:59:17","slug":"cumplimiento-tributario-modificaciones-de-la-ley-n21-713-pablo-enriquez-arancibia-edicion-actualizada-marzo-2025-662-pag","status":"publish","type":"product","link":"https:\/\/bibliotecajuridicavirtual.cl\/index.php\/product\/cumplimiento-tributario-modificaciones-de-la-ley-n21-713-pablo-enriquez-arancibia-edicion-actualizada-marzo-2025-662-pag\/","title":{"rendered":"Cumplimiento Tributario &#8211; Modificaciones de la Ley N\u00b021.713 &#8211;  Pablo Enr\u00edquez Arancibia, edici\u00f3n actualizada marzo 2025 &#8211; 662 P\u00e1g."},"content":{"rendered":"<p style=\"font-weight: 400;\">Normas y art\u00edculos modificados por la Ley No 21.713 que Dicta normas para asegurar el cumplimiento de las obligaciones tributarias dentro del pacto por el crecimiento econ\u00f3mico, el progreso social y la responsabilidad fiscal.<\/p>\n<p style=\"font-weight: 400;\">Esta norma y otras similares se est\u00e1n tramitando por medio de un fast track legislativo que permite un proceso m\u00e1s r\u00e1pido y \u00e1gil.<\/p>\n<p style=\"font-weight: 400;\">La ley N\u00b0 21.713 modifica las siguientes normas incorporadas en este libro:<\/p>\n<ul>\n<li style=\"font-weight: 400;\">1. D.L. No 830, de 1974, del Ministerio de Hacienda, C\u00f3digo Tributario<br \/>\n\u00a7 2. D.L. No 824, de 1974, del Ministerio de Hacienda, Ley sobre Impuesto a la Renta<br \/>\n\u00a7 3. D.L. No 825, de 1974, del Ministerio de Hacienda, Ley sobre Impuesto a las Ventas y Servicios<br \/>\n\u00a7 4. D.F.L. No 30, de 2005, del Ministerio de Hacienda, Ordenanza de Aduanas<br \/>\n\u00a7 5. Ley No 21.420, que reduce o elimina exenciones tributarias que indica<br \/>\n\u00a7 6. D.L. No 3.063, de 1979, sobre Rentas Municipales, cuyo texto refundido y sistematizado fue fijado por el Decreto No 2.385, de 1996, del Ministerio del Interior<br \/>\n\u00a7 7. Ley No 21.210, que moderniza la legislaci\u00f3n tributaria<br \/>\n\u00a7 8. D.F.L. No 7, Ley Org\u00e1nica del Servicio de Impuestos Internos<br \/>\n\u00a7 9. D.F.L. No 329, del Ministerio de Hacienda, Ley Org\u00e1nica del Servicio Nacional de Aduanas<br \/>\n\u00a7 10. Ley No 20.322 que Fortalece y perfecciona la jurisdicci\u00f3n tributaria y aduanera<br \/>\n\u00a7 11. Ley No 20.853, que fortalece el Servicio de Impuestos Internos<br \/>\n\u00a7 12. Ley No 20.431, establece normas que incentivan la calidad de atenci\u00f3n al contribuyente por parte del Servicio de Impuestos Internos<br \/>\n\u00a7 13. Ley No 19.882, regula una nueva pol\u00edtica de personal a los funcionarios p\u00fablicos que indica<br \/>\n\u00a7 14. D.F.L. No 3, del Ministerio de Hacienda, de 1997, Ley General de Bancos<\/li>\n<\/ul>\n","protected":false},"excerpt":{"rendered":"<p>Buscas un libro Jur\u00eddico.? Lo puedes encontrar en nuestra tienda virtual.<br \/>\nContamos con prestigiosos autores y muchas alternativas en sus diferentes materias al igual que grandes descuentos.! Vis\u00edtanos en <a class=\"HwfnrGwzbVhgqrHJQnWsTubRGppSSZmI \" tabindex=\"0\" href=\"https:\/\/lnkd.in\/eiAG7jdZ\" target=\"_blank\" rel=\"noopener\" data-test-app-aware-link=\"\">https:\/\/lnkd.in\/eiAG7jdZ<\/a><br \/>\nEscr\u00edbenos al +56930565235 \/ <a class=\"HwfnrGwzbVhgqrHJQnWsTubRGppSSZmI \" tabindex=\"0\" href=\"mailto:ventaslegallexglobal@gmail.com\" target=\"_self\" data-test-app-aware-link=\"\">ventaslegallexglobal@gmail.com<\/a><br \/>\nHacemos env\u00edos a todo Chile \u2013 Starken o Correos Chile \/ Te esperamos<\/p>\n","protected":false},"featured_media":2188,"comment_status":"open","ping_status":"closed","template":"","meta":{"inline_featured_image":false,"_joinchat":[]},"product_brand":[],"product_cat":[26,28],"product_tag":[],"class_list":{"0":"post-2158","1":"product","2":"type-product","3":"status-publish","4":"has-post-thumbnail","6":"product_cat-derecho","7":"product_cat-tributario","9":"first","10":"instock","11":"shipping-taxable","12":"purchasable","13":"product-type-simple"},"_links":{"self":[{"href":"https:\/\/bibliotecajuridicavirtual.cl\/index.php\/wp-json\/wp\/v2\/product\/2158","targetHints":{"allow":["GET"]}}],"collection":[{"href":"https:\/\/bibliotecajuridicavirtual.cl\/index.php\/wp-json\/wp\/v2\/product"}],"about":[{"href":"https:\/\/bibliotecajuridicavirtual.cl\/index.php\/wp-json\/wp\/v2\/types\/product"}],"replies":[{"embeddable":true,"href":"https:\/\/bibliotecajuridicavirtual.cl\/index.php\/wp-json\/wp\/v2\/comments?post=2158"}],"wp:featuredmedia":[{"embeddable":true,"href":"https:\/\/bibliotecajuridicavirtual.cl\/index.php\/wp-json\/wp\/v2\/media\/2188"}],"wp:attachment":[{"href":"https:\/\/bibliotecajuridicavirtual.cl\/index.php\/wp-json\/wp\/v2\/media?parent=2158"}],"wp:term":[{"taxonomy":"product_brand","embeddable":true,"href":"https:\/\/bibliotecajuridicavirtual.cl\/index.php\/wp-json\/wp\/v2\/product_brand?post=2158"},{"taxonomy":"product_cat","embeddable":true,"href":"https:\/\/bibliotecajuridicavirtual.cl\/index.php\/wp-json\/wp\/v2\/product_cat?post=2158"},{"taxonomy":"product_tag","embeddable":true,"href":"https:\/\/bibliotecajuridicavirtual.cl\/index.php\/wp-json\/wp\/v2\/product_tag?post=2158"}],"curies":[{"name":"wp","href":"https:\/\/api.w.org\/{rel}","templated":true}]}}