{"id":2160,"date":"2026-02-28T00:59:02","date_gmt":"2026-02-28T03:59:02","guid":{"rendered":"https:\/\/bibliotecajuridicavirtual.cl\/?post_type=product&#038;p=2160"},"modified":"2026-02-28T00:59:19","modified_gmt":"2026-02-28T03:59:19","slug":"derecho-penal-parte-general-jesus-maria-silva-sanchez-1-edicion-ano-2025-2-300-paginas-tapa-dura-lujo","status":"publish","type":"product","link":"https:\/\/bibliotecajuridicavirtual.cl\/index.php\/product\/derecho-penal-parte-general-jesus-maria-silva-sanchez-1-edicion-ano-2025-2-300-paginas-tapa-dura-lujo\/","title":{"rendered":"Derecho Penal &#8211; Parte General * Jes\u00fas-Mar\u00eda Silva S\u00e1nchez * 1\u00b0 edici\u00f3n a\u00f1o 2025 &#8211; 2.300 P\u00e1ginas Tapa Dura &#8211; Lujo"},"content":{"rendered":"<p>Visi\u00f3n actualizada de la Parte General del Derecho penal, basada en la tradici\u00f3n dogm\u00e1tica alemana, integra aportes de la bibliograf\u00eda espa\u00f1ola, iberoamericana, italiana y angloamericana, destacando la dimensi\u00f3n filos\u00f3fica y jur\u00eddica del delito y la pena. Explora clasificaciones de delitos, principios de justicia penal y distinciones clave entre hechos y normas. La obra tambi\u00e9n refleja el fruto de la colaboraci\u00f3n acad\u00e9mica, consolid\u00e1ndose como una referencia en la teor\u00eda del delito.<\/p>\n<p>La obra &#8220;Derecho Penal. Parte General&#8221; ofrece:<\/p>\n<ul>\n<li>Perspectiva interdisciplinar sobre la teor\u00eda del delito.<\/li>\n<li>Integraci\u00f3n de tradiciones jur\u00eddicas alemana, iberoamericana y angloamericana.<\/li>\n<li>An\u00e1lisis de delitos y penas desde bases filos\u00f3ficas y normativas.<\/li>\n<li>\n<p style=\"font-weight: 400;\"><b><strong>CAP\u00cdTULO 1<\/strong><\/b><br \/>\n<b><strong>LA POTESTAD PUNITIVA DEL ESTADO<\/strong><\/b><\/p>\n<p>I. La potestad de castigar<br \/>\nII. La teor\u00eda de las normas<br \/>\nIII. La doble potestad penal del Estado<br \/>\nIV. La persona en la relaci\u00f3n jur\u00eddico-penal<br \/>\nV. Las condiciones pre-pol\u00edticas del derecho penal<br \/>\nVI. La comunidad pol\u00edtica \u2014el Estado\u2014 en la relaci\u00f3n jur\u00eddico-penal<\/p>\n<p style=\"font-weight: 400;\"><b><strong>CAP\u00cdTULO 2<\/strong><\/b><br \/>\n<b><strong>LA LEGITIMACI\u00d3N DEL CASTIGO ESTATAL (I). LAS TEOR\u00cdAS DE LA CRIMINALIZACI\u00d3N<\/strong><\/b><\/p>\n<ol>\n<li style=\"font-weight: 400;\">La instituci\u00f3n del castigo<br \/>\nII. El derecho penal como medio de protecci\u00f3n de bienes<br \/>\nIII. Las teor\u00edas de la criminalizaci\u00f3n<br \/>\nIV. Las bases de una aproximaci\u00f3n realista<br \/>\nV. Los elementos de una teor\u00eda normativa de la conducta criminal<\/li>\n<\/ol>\n<p style=\"font-weight: 400;\"><b><strong>CAP\u00cdTULO 3<\/strong><\/b><br \/>\n<b><strong>LA LEGITIMACI\u00d3N DEL CASTIGO ESTATAL (II). LAS TEOR\u00cdAS DE LA PENA<\/strong><\/b><\/p>\n<ol>\n<li style=\"font-weight: 400;\">El concepto de pena<br \/>\nII. Las teor\u00edas de la retribuci\u00f3n<br \/>\nIII. Las doctrinas preventivas<br \/>\nIV. La denominada prevenci\u00f3n general positiva<br \/>\nV. Una referencia a la legitimaci\u00f3n del castigo en el derecho penal internacional<br \/>\nVI. Una fundamentaci\u00f3n realista del castigo estatal<\/li>\n<\/ol>\n<p style=\"font-weight: 400;\"><b><strong>CAP\u00cdTULO 4<\/strong><\/b><br \/>\n<b><strong>LAS GARANT\u00cdAS DEL DERECHO PENAL (I). EL PRINCIPIO DE LEGALIDAD<\/strong><\/b><\/p>\n<ol>\n<li style=\"font-weight: 400;\">Consideraciones generales<br \/>\nII. El principio de legalidad como garant\u00eda constitucional formal<br \/>\nIII. La ley penal en el espacio: el alcance de la soberan\u00eda del Estado<\/li>\n<\/ol>\n<p style=\"font-weight: 400;\"><b><strong>CAP\u00cdTULO 5<\/strong><\/b><br \/>\n<b><strong>LAS GARANT\u00cdAS DEL DERECHO PENAL (II)<\/strong><\/b><\/p>\n<ol>\n<li style=\"font-weight: 400;\">El principio de proporcionalidad en sentido amplio \u2014la prohibici\u00f3n de exceso\u2014<br \/>\nII. El principio de culpabilidad en sentido amplio<br \/>\nIII. El derecho fundamental a la igualdad<br \/>\nIV. Los principios relacionales<br \/>\nV. Las garant\u00edas del derecho penal y sus flancos abiertos<br \/>\nVI. La distinci\u00f3n entre el derecho penal y el derecho administrativo sancionador en el siglo XXI<\/li>\n<\/ol>\n<p style=\"font-weight: 400;\"><b><strong>CAP\u00cdTULO 6<\/strong><\/b><br \/>\n<b><strong>LA APLICACI\u00d3N JUDICIAL<\/strong><\/b><\/p>\n<ol>\n<li style=\"font-weight: 400;\">La jurisdiccionalidad del derecho penal<br \/>\nII. El contexto de la obtenci\u00f3n y la aplicaci\u00f3n del derecho<br \/>\nIII. El m\u00e9todo de la aplicaci\u00f3n judicial de las leyes penales<br \/>\nIV. Los llamados \u00abc\u00e1nones de la interpretaci\u00f3n\u00bb<br \/>\nV. El marco general de la argumentaci\u00f3n jur\u00eddicopenal<\/li>\n<\/ol>\n<p style=\"font-weight: 400;\"><b><strong>CAP\u00cdTULO 7<\/strong><\/b><br \/>\n<b><strong>LA DOCTRINA DEL DERECHO PENAL<\/strong><\/b><\/p>\n<ol>\n<li style=\"font-weight: 400;\">La doctrina del derecho penal<br \/>\nII. La evoluci\u00f3n intelectual de la dogm\u00e1tica del derecho penal<br \/>\nIII. El m\u00e9todo en la actualidad<br \/>\nIV. El m\u00e9todo de la dogm\u00e1tica jur\u00eddico-penal<br \/>\nV. La labor de la dogm\u00e1tica<\/li>\n<\/ol>\n<p style=\"font-weight: 400;\"><b><strong>CAP\u00cdTULO 8<\/strong><\/b><br \/>\n<b><strong>EL SISTEMA DE LA TEOR\u00cdA DEL DELITO<\/strong><\/b><\/p>\n<ol>\n<li style=\"font-weight: 400;\">Generalidades<br \/>\nII. La evoluci\u00f3n hist\u00f3rica del sistema de la teor\u00eda del delito<br \/>\nIII. Presupuestos de una sistem\u00e1tica de la teor\u00eda del delito<br \/>\nIV. La norma de conducta y la norma de sanci\u00f3n<br \/>\nV. La sistem\u00e1tica de la teor\u00eda del hecho punible<br \/>\nVI. El significado de la provocaci\u00f3n en la teor\u00eda del delito<br \/>\nVII. El sistema del delito en la exposici\u00f3n de la obra (una gu\u00eda)<\/li>\n<\/ol>\n<p style=\"font-weight: 400;\"><b><strong>CAP\u00cdTULO 9<\/strong><\/b><br \/>\n<b><strong>LA CONDUCTA HUMANA T\u00cdPICA<\/strong><\/b><\/p>\n<ol>\n<li style=\"font-weight: 400;\">La acci\u00f3n como expresi\u00f3n de sentido imputada a un agente moral<br \/>\nII. El concepto de acci\u00f3n y el subnivel sistem\u00e1tico de la acci\u00f3n<br \/>\nIII. La atribuci\u00f3n de sentido y la imputaci\u00f3n en la acci\u00f3n<br \/>\nIV. Las llamadas causas de ausencia de acci\u00f3n<br \/>\nV. Los grupos de casos objeto de discusi\u00f3n<br \/>\nVI. La acci\u00f3n como conducta t\u00edpica<\/li>\n<\/ol>\n<p style=\"font-weight: 400;\"><b><strong>CAP\u00cdTULO 10<\/strong><\/b><br \/>\n<b><strong>LA TIPICIDAD EX ANTE (I). LA CONDUCTA DESAPROBADA DE COMISI\u00d3N ACTIVA<\/strong><\/b><\/p>\n<ol>\n<li style=\"font-weight: 400;\">El contenido del juicio de tipicidad objetiva en la comisi\u00f3n activa<br \/>\nII. La conducta penalmente desaprobada ex ante como conducta t\u00edpicamente relevante<br \/>\nIII. La valoraci\u00f3n del significado de la conducta: los riesgos penalmente desaprobados y no desaprobados<\/li>\n<\/ol>\n<p style=\"font-weight: 400;\"><b><strong>CAP\u00cdTULO 11<\/strong><\/b><br \/>\n<b><strong>LA TIPICIDAD EX ANTE (II). LA CONDUCTA DESAPROBADA DE OMISI\u00d3N. LA COMISI\u00d3N POR OMISI\u00d3N. LA INTERRUPCI\u00d3N DE CURSOS SALVADORES<\/strong><\/b><\/p>\n<ol>\n<li style=\"font-weight: 400;\">Introducci\u00f3n<br \/>\nII. Las clases de omisiones<br \/>\nIII. El concepto de comisi\u00f3n por omisi\u00f3n<br \/>\nIV. La estructura del tipo de comisi\u00f3n por omisi\u00f3n<br \/>\nV. Las omisiones de gravedad intermedia<br \/>\nVI. Los deberes positivos generales<br \/>\nVII. Los casos problem\u00e1ticos en la distinci\u00f3n entre comisi\u00f3n activa y omisi\u00f3n<br \/>\nVIII. La interrupci\u00f3n de cursos salvadores ajenos<\/li>\n<\/ol>\n<p style=\"font-weight: 400;\"><b><strong>CAP\u00cdTULO 12<\/strong><\/b><br \/>\n<b><strong>LA IMPUTACI\u00d3N SUBJETIVA A T\u00cdTULO DE DOLO<\/strong><\/b><\/p>\n<ol>\n<li style=\"font-weight: 400;\">El juicio de imputaci\u00f3n subjetiva<br \/>\nII. El dolo como criterio de imputaci\u00f3n subjetiva<br \/>\nIII. El fundamento del mayor castigo de la conducta imputada a t\u00edtulo de dolo<br \/>\nIV. El objeto y el contenido del dolo<br \/>\nV. Los m\u00e9todos de aproximaci\u00f3n a la noci\u00f3n de \u00abconocimiento\u00bb<br \/>\nVI. La reconstrucci\u00f3n del contenido del dolo<br \/>\nVII. La delimitaci\u00f3n de dolo e imprudencia<br \/>\nVIII. La imputaci\u00f3n subjetiva dolosa en los delitos de omisi\u00f3n<br \/>\nIX. El error excluyente del dolo<br \/>\nX. Los llamados \u00abelementos subjetivos del tipo\u00bb<\/li>\n<\/ol>\n<p style=\"font-weight: 400;\"><b><strong>CAP\u00cdTULO 13<\/strong><\/b><br \/>\n<b><strong>LA IMPUTACI\u00d3N SUBJETIVA A T\u00cdTULO DE IMPRUDENCIA<\/strong><\/b><\/p>\n<ol>\n<li style=\"font-weight: 400;\">El fundamento de la sanci\u00f3n penal de hechos no dolosos<br \/>\nII. La estructura de los modelos legales de incriminaci\u00f3n de la imprudencia<br \/>\nIII. La imprudencia en el sistema de la teor\u00eda del delito<br \/>\nIV. El tipo objetivo en el delito imprudente (remisi\u00f3n a los cap\u00edtulos 10, 11 y 14)<br \/>\nV. La imprudencia como criterio de imputaci\u00f3n subjetiva<br \/>\nVI. La preterintencionalidad y los delitos cualificados por el resultado<\/li>\n<\/ol>\n<p style=\"font-weight: 400;\"><b><strong>CAP\u00cdTULO 14<\/strong><\/b><br \/>\n<b><strong>LA TIPICIDAD EX POST. LA IMPUTACI\u00d3N OBJETIVA DEL RESULTADO<\/strong><\/b><\/p>\n<ol>\n<li style=\"font-weight: 400;\">La tipicidad como juicio ex post y la producci\u00f3n del resultado<br \/>\nII. La \u00abrealizaci\u00f3n del riesgo en el resultado\u00bb en los delitos de comisi\u00f3n activa (1): las cuestiones de causalidad<br \/>\nIII. La \u00abrealizaci\u00f3n del riesgo en el resultado\u00bb en los delitos de comisi\u00f3n activa (2): el plano jur\u00eddico<br \/>\nIV. La interacci\u00f3n entre el sujeto activo y el sujeto pasivo<br \/>\nV. La actuaci\u00f3n salvadora de un tercero socorrista<br \/>\nVI. El problema de los resultados diferidos en el tiempo<br \/>\nVII. La imputaci\u00f3n objetiva del resultado en los delitos de comisi\u00f3n por omisi\u00f3n y en la interrupci\u00f3n de cursos causales salvadores<\/li>\n<\/ol>\n<p style=\"font-weight: 400;\"><b><strong>CAP\u00cdTULO 15<\/strong><\/b><br \/>\n<b><strong>LAS CONDUCTAS DESAPROBADAS DE PREPARACI\u00d3N, TENTATIVA Y CONSUMACI\u00d3N. EL DESISTIMIENTO VOLUNTARIO<\/strong><\/b><\/p>\n<ol>\n<li style=\"font-weight: 400;\">Generalidades sobre el llamado iter criminis<br \/>\nII. Los actos preparatorios punibles<br \/>\nIII. La tentativa<br \/>\nIV. El iter criminis en los delitos de omisi\u00f3n y de imprudencia<br \/>\nV. El intento del autor en el contexto del delito provocado<br \/>\nVI. El desistimiento voluntario<br \/>\nVII. La consumaci\u00f3n<\/li>\n<\/ol>\n<p style=\"font-weight: 400;\"><b><strong>CAP\u00cdTULO 16<\/strong><\/b><br \/>\n<b><strong>LAS CONDUCTAS DESAPROBADAS DE AUTOR\u00cdA Y DE PARTICIPACI\u00d3N (I)<\/strong><\/b><\/p>\n<ol>\n<li style=\"font-weight: 400;\">La conjunci\u00f3n de conductas desaprobadas<br \/>\nII. La intervenci\u00f3n de varias personas en un hecho punible<br \/>\nIII. Generalidades sobre la autor\u00eda<br \/>\nIV. La coautor\u00eda<br \/>\nV. La autor\u00eda mediata<br \/>\nVI. La inducci\u00f3n<br \/>\nVII. La cooperaci\u00f3n necesaria y la complicidad<\/li>\n<\/ol>\n<p style=\"font-weight: 400;\"><b><strong>CAP\u00cdTULO 17<\/strong><\/b><br \/>\n<b><strong>LAS CONDUCTAS DESAPROBADAS DE AUTOR\u00cdA Y PARTICIPACI\u00d3N\u00a0(II)<\/strong><\/b><\/p>\n<ol>\n<li style=\"font-weight: 400;\">Introducci\u00f3n<br \/>\nII. La autor\u00eda y la participaci\u00f3n en los delitos especiales<br \/>\nIII. Los problemas de la participaci\u00f3n de extranei en delitos especiales<br \/>\nIV. Otras estructuras delictivas<br \/>\nV. La intervenci\u00f3n por omisi\u00f3n y por interrupci\u00f3n de cursos salvadores<br \/>\nVI. La autor\u00eda y la participaci\u00f3n por imprudencia activa u omisiva<br \/>\nVII. Otras estructuras especiales de autor\u00eda y participaci\u00f3n<br \/>\nVIII. La intervenci\u00f3n postejecutiva<\/li>\n<\/ol>\n<p style=\"font-weight: 400;\"><b><strong>CAP\u00cdTULO 18<\/strong><\/b><br \/>\n<b><strong>LA TEOR\u00cdA GENERAL DE LAS CAUSAS DE JUSTIFICACI\u00d3N<\/strong><\/b><\/p>\n<ol>\n<li style=\"font-weight: 400;\">Las eximentes de responsabilidad<br \/>\nII. La permisi\u00f3n<br \/>\nIII. El fundamento axiol\u00f3gico-material de la justificaci\u00f3n<br \/>\nIV. La cuesti\u00f3n dogm\u00e1tico-estructural<br \/>\nV. El principio de legalidad en las causas de justificaci\u00f3n<br \/>\nVI. Las eximentes no justificantes que excluyen la prohibici\u00f3n bajo pena de la conducta<\/li>\n<\/ol>\n<p style=\"font-weight: 400;\"><b><strong>CAP\u00cdTULO 19<\/strong><\/b><br \/>\n<b><strong>LA LEG\u00cdTIMA DEFENSA Y LA DEFENSA NECESARIA<\/strong><\/b><\/p>\n<ol start=\"20\">\n<li style=\"font-weight: 400;\">El fundamento del derecho a la propia defensa<br \/>\nII. Las dos figuras dogm\u00e1ticas contenidas en la eximente del art. 20.4.\u00b0 CP espa\u00f1ol<br \/>\nIII. La historia dogm\u00e1tica<br \/>\nIV. Los requisitos de la leg\u00edtima defensa: la agresi\u00f3n ileg\u00edtima<br \/>\nV. La defensa racionalmente necesaria<br \/>\nVI. La falta de provocaci\u00f3n suficiente<br \/>\nVII. La leg\u00edtima defensa de terceros<br \/>\nVIII. La leg\u00edtima defensa que recae sobre terceros<br \/>\nIX. La aplicaci\u00f3n de la dogm\u00e1tica de las causas de justificaci\u00f3n a la leg\u00edtima defensa<br \/>\nXI. Otras cuestiones<\/li>\n<\/ol>\n<p style=\"font-weight: 400;\"><b><strong>CAP\u00cdTULO 20<\/strong><\/b><br \/>\n<b><strong>EL ESTADO DE NECESIDAD JUSTIFICANTE<\/strong><\/b><\/p>\n<ol>\n<li style=\"font-weight: 400;\">Generalidades<br \/>\nII. Las clases de estado de necesidad justificante<br \/>\nIII. El estado de necesidad agresivo<br \/>\nIV. Los requisitos de la situaci\u00f3n de necesidad justificante<br \/>\nV. Los requisitos de ausencia de provocaci\u00f3n de la situaci\u00f3n de necesidad y de inexistencia de un deber de sacrificio<br \/>\nVI. Algunas situaciones de necesidad especiales<br \/>\nVII. La responsabilidad civil en casos de estado de necesidad<br \/>\nVIII. La llamada \u00abcolisi\u00f3n de deberes\u00bb: remisi\u00f3n<\/li>\n<\/ol>\n<p style=\"font-weight: 400;\"><b><strong>CAP\u00cdTULO 21<\/strong><\/b><br \/>\n<b><strong>EL CUMPLIMIENTO DE UN DEBER Y EL EJERCICIO LEG\u00cdTIMO DE UN DERECHO<\/strong><\/b><\/p>\n<ol>\n<li style=\"font-weight: 400;\">Consideraciones preliminares<br \/>\nII. El cumplimiento de un deber y el ejercicio de un derecho como causas de justificaci\u00f3n<br \/>\nIII. El cumplimiento de un deber<br \/>\nIV. El ejercicio leg\u00edtimo de un derecho<br \/>\nV. El ejercicio del derecho a la libertad religiosa e ideol\u00f3gica<br \/>\nVI. El derecho de los padres a la educaci\u00f3n de los hijos<br \/>\nVII. El ejercicio leg\u00edtimo de las libertades comunicativas<br \/>\nVIII. Los derechos procesales fundamentales<br \/>\nIX. Los derechos conferidos por el derecho p\u00fablico ordinario<br \/>\nX. Los derechos conferidos por el derecho privado<br \/>\nXI. En el l\u00edmite de los derechos pol\u00edticos: la protesta, la desobediencia civil, la resistencia, el tiranicidio, la guerra justa<\/li>\n<\/ol>\n<p style=\"font-weight: 400;\"><b><strong>CAP\u00cdTULO 22<\/strong><\/b><br \/>\n<b><strong>EL CONSENTIMIENTO DEL SUJETO PASIVO<\/strong><\/b><\/p>\n<ol>\n<li style=\"font-weight: 400;\">El consentimiento y su manifestaci\u00f3n<br \/>\nII. Los \u00e1mbitos de problemas jur\u00eddico-penales<br \/>\nIII. La ubicaci\u00f3n sistem\u00e1tica<br \/>\nIV. La doctrina de los bienes jur\u00eddicos disponibles e indisponibles<br \/>\nV. Los requisitos del consentimiento eficaz<br \/>\nVI. Las formas de expresi\u00f3n del consentimiento en el acto de disposici\u00f3n<br \/>\nVII. Otras cuestiones<\/li>\n<\/ol>\n<p style=\"font-weight: 400;\"><b><strong>CAP\u00cdTULO 23<\/strong><\/b><br \/>\n<b><strong>LA DOCTRINA GENERAL DE LA CULPABILIDAD. LA MINOR\u00cdA DE EDAD PENAL<\/strong><\/b><\/p>\n<ol>\n<li style=\"font-weight: 400;\">Introducci\u00f3n<br \/>\nII. La libertad de voluntad<br \/>\nIII. La evoluci\u00f3n de la categor\u00eda de la culpabilidad en la teor\u00eda del delito<br \/>\nIV. Las bases de un concepto realista-cr\u00edtico de culpabilidad<br \/>\nV. Los condicionantes de la libertad<\/li>\n<\/ol>\n<p style=\"font-weight: 400;\"><b><strong>CAP\u00cdTULO 24<\/strong><\/b><br \/>\n<b><strong>LA INIMPUTABILIDAD<\/strong><\/b><\/p>\n<p>I. Generalidades<br \/>\nII. La inimputabilidad de origen psicopatol\u00f3gico<br \/>\nIII. El trastorno mental transitorio<br \/>\nIV. La provocaci\u00f3n \u2014y la no evitaci\u00f3n\u2014 del trastorno. la doctrina de la actio libera in causa<br \/>\nV. Otras situaciones relevantes en cuanto a la imputabilidad del sujeto activo del delito<br \/>\nVI. Algunas cuestiones procesales relativas a la inimputabilidad<\/p>\n<p style=\"font-weight: 400;\"><b><strong>CAP\u00cdTULO 25<\/strong><\/b><br \/>\n<b><strong>EL CONOCIMIENTO DE LA ANTIJURIDICIDAD Y EL ERROR DE PROHIBICI\u00d3N<\/strong><\/b><\/p>\n<ol>\n<li style=\"font-weight: 400;\">Generalidades<br \/>\nII. El objeto del conocimiento de la antijuridicidad<br \/>\nIII. El contenido del \u00abconocimiento\u00bb de la antijuridicidad<br \/>\nIV. Las diferencias entre los errores invencibles, vencibles, burdos y provocados<br \/>\nV. Otros problemas dogm\u00e1ticos<br \/>\nVI. El conocimiento, la comprensi\u00f3n y la internalizaci\u00f3n de la norma<br \/>\nVII. Algunas cuestiones procesales<\/li>\n<\/ol>\n<p style=\"font-weight: 400;\"><b><strong>CAP\u00cdTULO 26<\/strong><\/b><br \/>\n<b><strong>LAS SITUACIONES DE NECESIDAD EXCULPANTE. EL MIEDO INSUPERABLE<\/strong><\/b><\/p>\n<p>I. Consideraciones preliminares<br \/>\nII. La historia dogm\u00e1tica<br \/>\nIII. El marco de la discusi\u00f3n actual: los sistemas legales y las fundamentaciones dogm\u00e1ticas<br \/>\nIV. El modelo mixto hisp\u00e1nico: estado de necesidad \u00abno justificante\u00bb y miedo insuperable<br \/>\nV. Los conflictos de conciencia no justificantes<br \/>\nVI. Los casos l\u00edmite y la confluencia de las tres tradiciones hist\u00f3ricas<br \/>\nVII. La ubicaci\u00f3n sistem\u00e1tica del llamado \u00abautoencubrimiento impune\u00bb y del encubrimiento impune de parientes<\/p>\n<p style=\"font-weight: 400;\"><b><strong>CAP\u00cdTULO 27<\/strong><\/b><br \/>\n<b><strong>LA PUNIBILIDAD<\/strong><\/b><\/p>\n<ol>\n<li style=\"font-weight: 400;\">Generalidades<br \/>\nII. Los t\u00e9rminos del debate doctrinal: el rechazo de la autonom\u00eda categorial<br \/>\nIII. La punibilidad como propiedad del hecho y como presupuesto de la imposici\u00f3n de la pena<br \/>\nIV. La formulaci\u00f3n legal y la aplicaci\u00f3n judicial de los elementos de la punibilidad<br \/>\nV. Los elementos integrados en el concepto de punibilidad en sentido estricto<br \/>\nVI. La afectaci\u00f3n de la punibilidad por el juicio emitido sobre el agente al margen de su hecho<br \/>\nVII. La afectaci\u00f3n de la punibilidad por d\u00e9ficits de legitimaci\u00f3n o criterios de conveniencia del estado<br \/>\nVIII. Las causas de exclusi\u00f3n de la ejecuci\u00f3n de la pena<\/li>\n<\/ol>\n<p style=\"font-weight: 400;\"><b><strong>CAP\u00cdTULO 28<\/strong><\/b><br \/>\n<b><strong>LA CONCRECI\u00d3N DEL HECHO PUNIBLE Y LA INDIVIDUALIZACI\u00d3N DE LA PENA<\/strong><\/b><\/p>\n<ol>\n<li style=\"font-weight: 400;\">Consideraciones preliminares<br \/>\nII. La determinaci\u00f3n legal y la individualizaci\u00f3n judicial<br \/>\nIII. La teor\u00eda de las circunstancias<br \/>\nIV. Un modelo de cuantificaci\u00f3n del hecho punible (i): el contenido de injusto t\u00edpico<br \/>\nV. La cuantificaci\u00f3n de la culpabilidad<br \/>\nVI. La cuantificaci\u00f3n de la punibilidad<\/li>\n<\/ol>\n<p style=\"font-weight: 400;\"><b><strong>EP\u00cdLOGO<\/strong><\/b><br \/>\n<b><strong>EL CASTIGO, ENTRE LA VENGANZA Y EL PERD\u00d3N<\/strong><\/b><\/p>\n<ol>\n<li style=\"font-weight: 400;\">El sentido de la imposici\u00f3n y de la ejecuci\u00f3n de la pena<br \/>\nII. \u00bfHacia la justicia restaurativa?<\/li>\n<\/ol>\n<\/li>\n<\/ul>\n<p>&nbsp;<\/p>\n<p>&nbsp;<\/p>\n","protected":false},"excerpt":{"rendered":"<p>Buscas un libro Jur\u00eddico.? Lo puedes encontrar en nuestra tienda virtual.<br \/>\nContamos con prestigiosos autores y muchas alternativas en sus diferentes materias al igual que grandes descuentos.! Vis\u00edtanos en <a class=\"HwfnrGwzbVhgqrHJQnWsTubRGppSSZmI \" tabindex=\"0\" href=\"https:\/\/lnkd.in\/eiAG7jdZ\" target=\"_blank\" rel=\"noopener\" data-test-app-aware-link=\"\">https:\/\/lnkd.in\/eiAG7jdZ<\/a><br \/>\nEscr\u00edbenos al +56930565235 \/ <a class=\"HwfnrGwzbVhgqrHJQnWsTubRGppSSZmI \" tabindex=\"0\" href=\"mailto:ventaslegallexglobal@gmail.com\" target=\"_self\" data-test-app-aware-link=\"\">ventaslegallexglobal@gmail.com<\/a><br \/>\nHacemos env\u00edos a todo Chile \u2013 Starken o Correos Chile \/ Te esperamos<\/p>\n<p>&nbsp;<\/p>\n","protected":false},"featured_media":2190,"comment_status":"open","ping_status":"closed","template":"","meta":{"inline_featured_image":false,"_joinchat":[]},"product_brand":[],"product_cat":[26,30],"product_tag":[],"class_list":{"0":"post-2160","1":"product","2":"type-product","3":"status-publish","4":"has-post-thumbnail","6":"product_cat-derecho","7":"product_cat-penal","9":"first","10":"instock","11":"shipping-taxable","12":"purchasable","13":"product-type-simple"},"_links":{"self":[{"href":"https:\/\/bibliotecajuridicavirtual.cl\/index.php\/wp-json\/wp\/v2\/product\/2160","targetHints":{"allow":["GET"]}}],"collection":[{"href":"https:\/\/bibliotecajuridicavirtual.cl\/index.php\/wp-json\/wp\/v2\/product"}],"about":[{"href":"https:\/\/bibliotecajuridicavirtual.cl\/index.php\/wp-json\/wp\/v2\/types\/product"}],"replies":[{"embeddable":true,"href":"https:\/\/bibliotecajuridicavirtual.cl\/index.php\/wp-json\/wp\/v2\/comments?post=2160"}],"wp:featuredmedia":[{"embeddable":true,"href":"https:\/\/bibliotecajuridicavirtual.cl\/index.php\/wp-json\/wp\/v2\/media\/2190"}],"wp:attachment":[{"href":"https:\/\/bibliotecajuridicavirtual.cl\/index.php\/wp-json\/wp\/v2\/media?parent=2160"}],"wp:term":[{"taxonomy":"product_brand","embeddable":true,"href":"https:\/\/bibliotecajuridicavirtual.cl\/index.php\/wp-json\/wp\/v2\/product_brand?post=2160"},{"taxonomy":"product_cat","embeddable":true,"href":"https:\/\/bibliotecajuridicavirtual.cl\/index.php\/wp-json\/wp\/v2\/product_cat?post=2160"},{"taxonomy":"product_tag","embeddable":true,"href":"https:\/\/bibliotecajuridicavirtual.cl\/index.php\/wp-json\/wp\/v2\/product_tag?post=2160"}],"curies":[{"name":"wp","href":"https:\/\/api.w.org\/{rel}","templated":true}]}}