{"id":2162,"date":"2026-02-28T00:59:02","date_gmt":"2026-02-28T03:59:02","guid":{"rendered":"https:\/\/bibliotecajuridicavirtual.cl\/?post_type=product&#038;p=2162"},"modified":"2026-02-28T00:59:21","modified_gmt":"2026-02-28T03:59:21","slug":"en-busca-del-derecho-penal-esbozos-de-una-teoria-realista-del-delito-y-de-la-pena-jesus-maria-silva-sanchez-edicion-ano-2015-285-paginas","status":"publish","type":"product","link":"https:\/\/bibliotecajuridicavirtual.cl\/index.php\/product\/en-busca-del-derecho-penal-esbozos-de-una-teoria-realista-del-delito-y-de-la-pena-jesus-maria-silva-sanchez-edicion-ano-2015-285-paginas\/","title":{"rendered":"En Busca del Derecho Penal * Esbozos de una Teor\u00eda Realista del Delito y de la Pena * Jes\u00fas-Mar\u00eda Silva S\u00e1nchez, edici\u00f3n a\u00f1o 2015 &#8211; 285 P\u00e1ginas"},"content":{"rendered":"<p style=\"font-weight: 400;\"><b><strong>PRIMERA PARTE<\/strong><\/b><b><strong><br \/>\nPRESUPUESTOS<\/strong><\/b><\/p>\n<p style=\"font-weight: 400;\">\n<p style=\"font-weight: 400;\"><b><strong>CAP\u00cdTULO I<\/strong><\/b><b><strong><br \/>\nDERECHO PENAL: IMPRESI\u00d3N\u00a0\u00a0<\/strong><\/b><\/p>\n<ol>\n<li style=\"font-weight: 400;\">Introducci\u00f3n<\/li>\n<li style=\"font-weight: 400;\">C\u00f3digos, leyes, Justicia<\/li>\n<li style=\"font-weight: 400;\">El \u00e9xito y el fracaso del Derecho Penal<\/li>\n<li style=\"font-weight: 400;\">El Derecho Pena en el conjunto de medios de prevenci\u00f3n<\/li>\n<\/ol>\n<p style=\"font-weight: 400;\">\n<p style=\"font-weight: 400;\"><b><strong>CAP\u00cdTULO II<\/strong><\/b><b><strong><br \/>\nVALORACIONES SOCIALES Y DERECHO PENAL<\/strong><\/b><\/p>\n<ol>\n<li style=\"font-weight: 400;\">Introducci\u00f3n<\/li>\n<li style=\"font-weight: 400;\">La influencia de las valoraciones sociales sobre el Derecho penal<\/li>\n<li style=\"font-weight: 400;\">La influencia del Derecho penal sobre las valoraciones sociales<\/li>\n<li style=\"font-weight: 400;\">El dif\u00edcil papel del Derecho penal sobre las valoraciones sociales<\/li>\n<li style=\"font-weight: 400;\">Valores sociales en alza y en baja. \u00c1mbitos de discusi\u00f3n<\/li>\n<li style=\"font-weight: 400;\">Consideraciones finales<\/li>\n<\/ol>\n<p style=\"font-weight: 400;\">\n<p style=\"font-weight: 400;\"><b><strong>CAP\u00cdTULO III<\/strong><\/b><b><strong><br \/>\nPREVENCI\u00d3N DEL DELITO Y REDUCCI\u00d3N DE LA VIOLENCIA<\/strong><\/b><\/p>\n<ol>\n<li style=\"font-weight: 400;\">Introducci\u00f3n<\/li>\n<li style=\"font-weight: 400;\">\u00bfPor qu\u00e9 prohibir y castigar cuando podr\u00edamos impedir?<\/li>\n<li style=\"font-weight: 400;\">\u00bfPor qu\u00e9 no basta con el Derecho civil?<\/li>\n<li style=\"font-weight: 400;\">\u00bfPreviene la mera incriminaci\u00f3n?<\/li>\n<li style=\"font-weight: 400;\">\u00bfPor qu\u00e9 es \u00fatil la distinci\u00f3n de normas primarias y normas secundarias?<\/li>\n<li style=\"font-weight: 400;\">\u00bfPodr\u00eda bastar con el proceso y el pronunciamiento de la condena?<\/li>\n<li style=\"font-weight: 400;\">\u00bfQu\u00e9 a\u00f1ade a lo anterior la efectiva imposici\u00f3n y ejecuci\u00f3n de la pena?<\/li>\n<li style=\"font-weight: 400;\">\u00bfHay que ejecutar siempre las penas privativas de libertad?<\/li>\n<\/ol>\n<p style=\"font-weight: 400;\">\n<p style=\"font-weight: 400;\"><b><strong>CAP\u00cdTULO IV<br \/>\n<\/strong><\/b><b><strong>\u201cLUCHA CONTRA LA INPUNIDAD\u201d Y \u201cDERECHO DE LA V\u00cdCTIMA DAL CASTIDO DEL AUTOR\u201d<\/strong><\/b><\/p>\n<ol>\n<li style=\"font-weight: 400;\">Introducci\u00f3n<\/li>\n<li style=\"font-weight: 400;\">La doctrina (o doctrinas) de la lucha contra la impunidad<\/li>\n<li style=\"font-weight: 400;\">Elementos permanentes<\/li>\n<li style=\"font-weight: 400;\">La doctrina del \u201cderecho de la v\u00edctima al castigo del autor\u201d<\/li>\n<\/ol>\n<p style=\"font-weight: 400;\"><b><strong>\u00a0<\/strong><\/b><\/p>\n<p style=\"font-weight: 400;\"><b><strong>CAP\u00cdTULO V<br \/>\n<\/strong><\/b><b><strong>\u00bfRESPONSABILIDAD INDIVIDUAL O RESPONSABILIDAD SOCIAL EN EL DELITO?<\/strong><\/b><\/p>\n<ol>\n<li style=\"font-weight: 400;\">La responsabilidad social en el delito y el Derecho penal<\/li>\n<li style=\"font-weight: 400;\">Responsabilidad individual y elementos de corresponsabilidad social<\/li>\n<li style=\"font-weight: 400;\">\u00bfHacia la (exclusiva) responsabilidad individual?<\/li>\n<\/ol>\n<p style=\"font-weight: 400;\">\n<p style=\"font-weight: 400;\"><b><strong>SEGUNDA PARTE<\/strong><\/b><b><strong><br \/>\nCONCRECIONES<\/strong><\/b><\/p>\n<p style=\"font-weight: 400;\">\n<p style=\"font-weight: 400;\"><b><strong>CAP\u00cdTULO<\/strong><\/b><b><strong>\u00a0I<\/strong><\/b><b><strong><br \/>\nLEGALIDAD PENAL CONTEMPOR\u00c1NEA<\/strong><\/b><\/p>\n<p style=\"font-weight: 400;\"><b><strong>\u00a0<\/strong><\/b><\/p>\n<p style=\"font-weight: 400;\"><b><strong>CAP\u00cdTULO II<\/strong><\/b><\/p>\n<p style=\"font-weight: 400;\"><b><strong>\u00bfDERECHO PENAL REGULATORIO?<\/strong><\/b><\/p>\n<p style=\"font-weight: 400;\"><b><strong>\u00a0<\/strong><\/b><\/p>\n<p style=\"font-weight: 400;\"><b><strong>CAP\u00cdTULO III<br \/>\n<\/strong><\/b><b><strong>NO S\u00d3LO BIENES JUR\u00cdDICOS<\/strong><\/b><\/p>\n<p style=\"font-weight: 400;\"><b><strong>\u00a0<\/strong><\/b><\/p>\n<p style=\"font-weight: 400;\"><b><strong>CAP\u00cdTULO IV<br \/>\n<\/strong><\/b><b><strong>DELITO Y DA\u00d1O: UNA PUNTUALIZACI\u00d3N<\/strong><\/b><\/p>\n<p style=\"font-weight: 400;\"><b><strong>\u00a0<\/strong><\/b><\/p>\n<p style=\"font-weight: 400;\"><b><strong>CAP\u00cdTULO V<br \/>\n<\/strong><\/b><b><strong>DOGM\u00c1TICA JUR\u00cdDICO-PENAL REVISITADA<\/strong><\/b><\/p>\n<p style=\"font-weight: 400;\"><b><strong>\u00a0<\/strong><\/b><\/p>\n<p style=\"font-weight: 400;\"><b><strong>CAP\u00cdTULO VI<br \/>\n<\/strong><\/b><b><strong>INSTITUCIONES Y DERECHO<\/strong><\/b><\/p>\n<p style=\"font-weight: 400;\"><b><strong>\u00a0<\/strong><\/b><\/p>\n<p style=\"font-weight: 400;\"><b><strong>CAP\u00cdTULO VII<br \/>\n<\/strong><\/b><b><strong>LA TEOR\u00cdA DEL ROL Y LA SUMA TEOL\u00d3GICA<\/strong><\/b><\/p>\n<p style=\"font-weight: 400;\"><b><strong>\u00a0<\/strong><\/b><\/p>\n<p style=\"font-weight: 400;\"><b><strong>CAP\u00cdTULO VIII<br \/>\n<\/strong><\/b><b><strong>SOBRE VERDADES Y MENTIRAS<\/strong><\/b><\/p>\n<p style=\"font-weight: 400;\"><b><strong>\u00a0<\/strong><\/b><\/p>\n<p style=\"font-weight: 400;\"><b><strong>CAP\u00cdTULO IX<br \/>\n<\/strong><\/b><b><strong>MANDATO DE DETERMINACI\u00d3N E IMPRUDENCIA<\/strong><\/b><\/p>\n<p style=\"font-weight: 400;\"><b><strong>\u00a0<\/strong><\/b><\/p>\n<p style=\"font-weight: 400;\"><b><strong>CAP\u00cdTULO X<br \/>\n<\/strong><\/b><b><strong>PROBLEMAS PARA LA TEOR\u00cdA DE LA IMPUTACI\u00d3N OBJETIVA<\/strong><\/b><\/p>\n<p style=\"font-weight: 400;\"><b><strong>\u00a0<\/strong><\/b><\/p>\n<p style=\"font-weight: 400;\"><b><strong>CAP\u00cdTULO XI<br \/>\n<\/strong><\/b><b><strong>EL RESULTADO, SIEMPRE EL RESULTADO<\/strong><\/b><\/p>\n<p style=\"font-weight: 400;\"><b><strong>\u00a0<\/strong><\/b><\/p>\n<p style=\"font-weight: 400;\"><b><strong>CAP\u00cdTULO XII<br \/>\n<\/strong><\/b><b><strong>EL ABOGADO ES GARANTE\u2026 \u00bfDE QU\u00c9?<\/strong><\/b><\/p>\n<p style=\"font-weight: 400;\"><b><strong>\u00a0<\/strong><\/b><\/p>\n<p style=\"font-weight: 400;\"><b><strong>CAP\u00cdTULO XIII<br \/>\n<\/strong><\/b><b><strong>EL MAL ABSOLUTO<\/strong><\/b><\/p>\n<p style=\"font-weight: 400;\"><b><strong>\u00a0<\/strong><\/b><\/p>\n<p style=\"font-weight: 400;\"><b><strong>CAP\u00cdTULO XIV<br \/>\n<\/strong><\/b><b><strong>KANT, EL DERECHO Y EL \u201cCASO DE LAS SIAMESAS\u201d<\/strong><\/b><\/p>\n<p style=\"font-weight: 400;\"><b><strong>\u00a0<\/strong><\/b><\/p>\n<p style=\"font-weight: 400;\"><b><strong>CAP\u00cdTULO XV<br \/>\n<\/strong><\/b><b><strong>CIRCUNCISI\u00d3N INFANTIL<\/strong><\/b><\/p>\n<p style=\"font-weight: 400;\"><b><strong>\u00a0<\/strong><\/b><\/p>\n<p style=\"font-weight: 400;\"><b><strong>CAP\u00cdTULO XVI<br \/>\n<\/strong><\/b><b><strong>DETERMINISMO, MOTIVACI\u00d3N Y PENA<\/strong><\/b><\/p>\n<p style=\"font-weight: 400;\"><b><strong>\u00a0<\/strong><\/b><\/p>\n<p style=\"font-weight: 400;\"><b><strong>CAP\u00cdTULO XVII<br \/>\n<\/strong><\/b><b><strong>HONESTE VIVERE<\/strong><\/b><\/p>\n<p style=\"font-weight: 400;\"><b><strong>\u00a0<\/strong><\/b><\/p>\n<p style=\"font-weight: 400;\"><b><strong>CAP\u00cdTULO XVIII<br \/>\n<\/strong><\/b><b><strong>\u00bfRESPONSABILIDAD PERSONAL Y\/O RESPONSABILIDAD ESTRUCTURAL?<\/strong><\/b><\/p>\n<p style=\"font-weight: 400;\"><b><strong>\u00a0<\/strong><\/b><\/p>\n<p style=\"font-weight: 400;\"><b><strong>CAP\u00cdTULO XIX<br \/>\n<\/strong><\/b><b><strong>PELIGROSIDAD<\/p>\n<p><\/strong><\/b><\/p>\n<p style=\"font-weight: 400;\"><b><strong>CAP\u00cdTULO XX<br \/>\n<\/strong><\/b><b><strong>A DURAS PENAS<\/strong><\/b><\/p>\n<p style=\"font-weight: 400;\"><b><strong>\u00a0<\/strong><\/b><\/p>\n<p style=\"font-weight: 400;\"><b><strong>CAP\u00cdTULO XXI<br \/>\n<\/strong><\/b><b><strong>\u00bfES LA CUSTODIA DE SEGURIDAD UNA PENA?<\/strong><\/b><\/p>\n<p style=\"font-weight: 400;\"><b><strong>\u00a0<\/strong><\/b><\/p>\n<p style=\"font-weight: 400;\"><b><strong>CAP\u00cdTULO XXII<br \/>\n<\/strong><\/b><b><strong>PATOLOG\u00cdAS DEL DOLOR PENAL<\/strong><\/b><\/p>\n<p style=\"font-weight: 400;\"><b><strong>\u00a0<\/strong><\/b><\/p>\n<p style=\"font-weight: 400;\"><b><strong>CAP\u00cdTULO XXIII<br \/>\n<\/strong><\/b><b><strong>\u00bfPUEDE CONSIDERARSE EL REMORDIMIENTO UNA POENA NATURALIS?<\/strong><\/b><\/p>\n<p style=\"font-weight: 400;\"><b><strong>\u00a0<\/strong><\/b><\/p>\n<p style=\"font-weight: 400;\"><b><strong>CAP\u00cdTULO XXIV<br \/>\n<\/strong><\/b><b><strong>PERDONAR (I)<\/strong><\/b><\/p>\n<p style=\"font-weight: 400;\"><b><strong>\u00a0<\/strong><\/b><\/p>\n<p style=\"font-weight: 400;\"><b><strong>CAP\u00cdTULO XXV<br \/>\n<\/strong><\/b><b><strong>DE NUEVO, EL PERD\u00d3N (II)<\/strong><\/b><\/p>\n<p style=\"font-weight: 400;\"><b><strong>\u00a0<\/strong><\/b><\/p>\n<p style=\"font-weight: 400;\"><b><strong>CAP\u00cdTULO XXVI<br \/>\n<\/strong><\/b><b><strong>ACUERDOS: \u00bfPROCESO SIN DERECHO?<\/strong><\/b><\/p>\n","protected":false},"excerpt":{"rendered":"<p>Buscas un libro Jur\u00eddico.? Lo puedes encontrar en nuestra tienda virtual.<br \/>\nContamos con prestigiosos autores y muchas alternativas en sus diferentes materias al igual que grandes descuentos.! Vis\u00edtanos en <a class=\"addDXsGnLlDHDGCHDlrQdmrqhmwleElB \" tabindex=\"0\" href=\"https:\/\/lnkd.in\/eiAG7jdZ\" target=\"_blank\" rel=\"noopener\" data-test-app-aware-link=\"\">https:\/\/lnkd.in\/eiAG7jdZ<\/a><br \/>\nEscr\u00edbenos al +56930565235 \/ <a class=\"addDXsGnLlDHDGCHDlrQdmrqhmwleElB \" tabindex=\"0\" href=\"mailto:ventaslegallexglobal@gmail.com\" target=\"_self\" data-test-app-aware-link=\"\">ventaslegallexglobal@gmail.com<\/a><br \/>\nHacemos env\u00edos a todo Chile \u2013 Starken o Correos Chile \/ Te esperamos<\/p>\n","protected":false},"featured_media":2192,"comment_status":"open","ping_status":"closed","template":"","meta":{"inline_featured_image":false,"_joinchat":[]},"product_brand":[],"product_cat":[26,30],"product_tag":[],"class_list":{"0":"post-2162","1":"product","2":"type-product","3":"status-publish","4":"has-post-thumbnail","6":"product_cat-derecho","7":"product_cat-penal","9":"first","10":"instock","11":"shipping-taxable","12":"purchasable","13":"product-type-simple"},"_links":{"self":[{"href":"https:\/\/bibliotecajuridicavirtual.cl\/index.php\/wp-json\/wp\/v2\/product\/2162","targetHints":{"allow":["GET"]}}],"collection":[{"href":"https:\/\/bibliotecajuridicavirtual.cl\/index.php\/wp-json\/wp\/v2\/product"}],"about":[{"href":"https:\/\/bibliotecajuridicavirtual.cl\/index.php\/wp-json\/wp\/v2\/types\/product"}],"replies":[{"embeddable":true,"href":"https:\/\/bibliotecajuridicavirtual.cl\/index.php\/wp-json\/wp\/v2\/comments?post=2162"}],"wp:featuredmedia":[{"embeddable":true,"href":"https:\/\/bibliotecajuridicavirtual.cl\/index.php\/wp-json\/wp\/v2\/media\/2192"}],"wp:attachment":[{"href":"https:\/\/bibliotecajuridicavirtual.cl\/index.php\/wp-json\/wp\/v2\/media?parent=2162"}],"wp:term":[{"taxonomy":"product_brand","embeddable":true,"href":"https:\/\/bibliotecajuridicavirtual.cl\/index.php\/wp-json\/wp\/v2\/product_brand?post=2162"},{"taxonomy":"product_cat","embeddable":true,"href":"https:\/\/bibliotecajuridicavirtual.cl\/index.php\/wp-json\/wp\/v2\/product_cat?post=2162"},{"taxonomy":"product_tag","embeddable":true,"href":"https:\/\/bibliotecajuridicavirtual.cl\/index.php\/wp-json\/wp\/v2\/product_tag?post=2162"}],"curies":[{"name":"wp","href":"https:\/\/api.w.org\/{rel}","templated":true}]}}